{"id":4866,"date":"2017-09-28T15:39:04","date_gmt":"2017-09-28T11:39:04","guid":{"rendered":"http:\/\/lycee-amiral-bouvet.ac-reunion.fr\/?page_id=4866"},"modified":"2018-02-07T23:19:22","modified_gmt":"2018-02-07T19:19:22","slug":"section-theatre","status":"publish","type":"page","link":"https:\/\/etab.ac-reunion.fr\/lyc-amiral-bouvet\/section-theatre\/","title":{"rendered":"SECTION TH\u00c9\u00c2TRE"},"content":{"rendered":"<h2>Apr\u00e8s la classe de troisi\u00e8me<\/h2>\n<p>Tous les e\u0301le\u0300ves be\u0301ne\u0301ficient d\u2019une de\u0301cision d\u2019orientation et doivent donc faire l\u2019objet d\u2019une saisie de v\u0153ux d\u2019affectation dans l\u2019application AFFELNET <em>(AFFectation des \u00c9L\u00e8ves par le NET)<\/em>.\u00a0En arrivant au lyc\u00e9e, un \u00e9l\u00e8ve peut suivre un enseignement facultatif de th\u00e9\u00e2tre, si son lyc\u00e9e de secteur le propose. Cet enseignement n&rsquo;est pas d\u00e9rogatoire.<\/p>\n<p>Cette option est offerte \u00e0 tous les \u00e9l\u00e8ves. Une exp\u00e9rience de plateau n\u2019est pas requise. Il s\u2019agit d\u2019un enseignement de d\u00e9couverte permettant de faire un choix v\u00e9ritable pour la classe de premi\u00e8re.<\/p>\n<p><em> \u00ab\u00a0En seconde, on privil\u00e9giera l&rsquo;appr\u00e9hension de l&rsquo;espace sc\u00e9nique et th\u00e9\u00e2tral, le d\u00e9chiffrage des codes de la repr\u00e9sentation, le d\u00e9veloppement de l&rsquo;imaginaire et on commencera \u00e0 rep\u00e9rer des moments importants de l\u2019histoire du th\u00e9\u00e2tre occidental.\u00a0\u00bb<\/em><\/p>\n<h2>Apr\u00e8s la classe de seconde<\/h2>\n<p>A l&rsquo;issue de la classe de seconde, la proc\u00e9dure AFFELNET reste identique.<\/p>\n<p>En premi\u00e8re et en terminale, deux choix sont possibles : l&rsquo;option facultative et l&rsquo;option de sp\u00e9cialit\u00e9, r\u00e9serv\u00e9e \u00e0 la s\u00e9rie L.<\/p>\n<p>L&rsquo;option de sp\u00e9cialit\u00e9 th\u00e9\u00e2tre de la s\u00e9rie L devient d\u00e9rogatoire et peut entra\u00eener un changement d&rsquo;\u00e9tablissement \u00e0 partir de la premi\u00e8re.<\/p>\n<h3>L\u2019option facultative<\/h3>\n<p>Elle est propos\u00e9e \u00e0 tous les \u00e9l\u00e8ves afin de leur offrir\u00a0une plus grande ouverture culturelle.\u00a0Un \u00e9l\u00e8ve, qui n\u2019a pas suivi l\u2019option en seconde, peut commencer le th\u00e9\u00e2tre en premi\u00e8re, en se rapprochant des enseignants.<\/p>\n<h3>L\u2019option de sp\u00e9cialit\u00e9<\/h3>\n<p>Elle est r\u00e9serv\u00e9e aux \u00e9l\u00e8ves des s\u00e9ries litt\u00e9raires (qui peuvent \u00e9galement suivre l\u2019option facultative). L\u2019enseignement y est plus d\u00e9velopp\u00e9.\u00a0La premi\u00e8re est une classe d\u2019approfondissement, la terminale une classe d\u2019engagement.<\/p>\n<p><strong>En premi\u00e8re\u00a0: classe d\u2019approfondissement<\/strong><\/p>\n<p><strong>\u00ab\u00a0<\/strong><em>En premi\u00e8re, pour l&rsquo;enseignement obligatoire, on s\u2019attachera plus particuli\u00e8rement \u00e0 d\u00e9velopper l&rsquo;autonomie et l&rsquo;engagement de l&rsquo;\u00e9l\u00e8ve, ainsi que l\u2019\u00e9tude de textes fondateurs.\u00a0\u00bb<\/em><\/p>\n<p><strong>En terminale\u00a0: classe d\u2019engagement<\/strong><\/p>\n<p><em>En terminale, prenant appui sur un programme limitatif, l\u2019enseignement visera une compr\u00e9hension approfondie des processus de cr\u00e9ation et de repr\u00e9sentation. Pour l&rsquo;enseignement facultatif, on privil\u00e9giera en premi\u00e8re le plaisir du jeu et les exigences de la mise en sc\u00e8ne, et, en terminale, l&rsquo;approche de la construction d&rsquo;un spectacle.\u00a0\u00bb<\/em><\/p>\n<p>NB: un \u00e9l\u00e8ve de la s\u00e9rie L peut cumuler option de sp\u00e9cialit\u00e9 et option facultative.<\/p>\n<p>source : <a href=\"http:\/\/eduscol.education.fr\/theatre\/sinformer\/options-theatre\/integrer-une-option-theatre-dans-un-lycee\">http:\/\/eduscol.education.fr\/theatre\/sinformer\/options-theatre\/integrer-une-option-theatre-dans-un-lycee<\/a><\/p>\n","protected":false},"excerpt":{"rendered":"<p>Apr\u00e8s la classe de troisi\u00e8me Tous les e\u0301le\u0300ves be\u0301ne\u0301ficient d\u2019une de\u0301cision d\u2019orientation et doivent donc faire l\u2019objet d\u2019une saisie de v\u0153ux d\u2019affectation dans l\u2019application AFFELNET (AFFectation des \u00c9L\u00e8ves par le NET).\u00a0En arrivant au lyc\u00e9e, un \u00e9l\u00e8ve peut suivre un enseignement facultatif de th\u00e9\u00e2tre, si son lyc\u00e9e de secteur le propose. Cet enseignement n&rsquo;est pas d\u00e9rogatoire. [&hellip;]<\/p>\n","protected":false},"author":3308,"featured_media":0,"parent":0,"menu_order":0,"comment_status":"closed","ping_status":"closed","template":"","meta":{"_et_pb_use_builder":"","_et_pb_old_content":"","_et_gb_content_width":"","footnotes":"","_links_to":"","_links_to_target":""},"class_list":["post-4866","page","type-page","status-publish","hentry"],"_links":{"self":[{"href":"https:\/\/etab.ac-reunion.fr\/lyc-amiral-bouvet\/wp-json\/wp\/v2\/pages\/4866","targetHints":{"allow":["GET"]}}],"collection":[{"href":"https:\/\/etab.ac-reunion.fr\/lyc-amiral-bouvet\/wp-json\/wp\/v2\/pages"}],"about":[{"href":"https:\/\/etab.ac-reunion.fr\/lyc-amiral-bouvet\/wp-json\/wp\/v2\/types\/page"}],"author":[{"embeddable":true,"href":"https:\/\/etab.ac-reunion.fr\/lyc-amiral-bouvet\/wp-json\/wp\/v2\/users\/3308"}],"replies":[{"embeddable":true,"href":"https:\/\/etab.ac-reunion.fr\/lyc-amiral-bouvet\/wp-json\/wp\/v2\/comments?post=4866"}],"version-history":[{"count":6,"href":"https:\/\/etab.ac-reunion.fr\/lyc-amiral-bouvet\/wp-json\/wp\/v2\/pages\/4866\/revisions"}],"predecessor-version":[{"id":5810,"href":"https:\/\/etab.ac-reunion.fr\/lyc-amiral-bouvet\/wp-json\/wp\/v2\/pages\/4866\/revisions\/5810"}],"wp:attachment":[{"href":"https:\/\/etab.ac-reunion.fr\/lyc-amiral-bouvet\/wp-json\/wp\/v2\/media?parent=4866"}],"curies":[{"name":"wp","href":"https:\/\/api.w.org\/{rel}","templated":true}]}}