{"id":57,"date":"2013-07-24T13:42:02","date_gmt":"2013-07-24T12:42:02","guid":{"rendered":"http:\/\/lycee-amiral-bouvet.ac-reunion.fr\/?page_id=57"},"modified":"2017-09-21T20:44:58","modified_gmt":"2017-09-21T16:44:58","slug":"amiral-pierre-bouvet","status":"publish","type":"page","link":"https:\/\/etab.ac-reunion.fr\/lyc-amiral-bouvet\/amiral-pierre-bouvet\/","title":{"rendered":"Amiral Pierre BOUVET"},"content":{"rendered":"<p><img loading=\"lazy\" decoding=\"async\" class=\"aligncenter\" title=\"Pierre Bouvet\" src=\"http:\/\/www.mi-aime-a-ou.com\/personnages_celebres\/pierre_bouvet.jpg\" alt=\"Pierre Bouvet\" width=\"320\" height=\"362\" border=\"0\" \/><\/p>\n<table style=\"width: 800px;height: 4px\" border=\"0\" cellspacing=\"0\" cellpadding=\"0\" align=\"left\" bgcolor=\"#FFFFFF\">\n<tbody>\n<tr>\n<td colspan=\"3\" width=\"770\" height=\"240\">\n<p align=\"center\"><span style=\"color: #008080;font-family: Georgia,Times New Roman,Times,serif;font-size: x-large\"><strong>Pierre Henri Fran\u00e7ois Etienne Bouvet Contre-Amiral.<\/strong><\/span><\/p>\n<p align=\"center\"><strong><span style=\"color: #008080;font-family: Arial;font-size: large\">Militaire, Contre-Amiral et homme politique.<\/span><\/strong><\/p>\n<p>&nbsp;<\/p>\n<p align=\"center\"><span style=\"font-family: Arial;font-size: small\"><strong>N\u00e9 le\u00a028 novembre 1775 \u00e0 Saint-Beno\u00eet, La R\u00e9union. D\u00e9c\u00e8de le 16 juillet 1860 \u00e0 Saint-Servan.<\/strong><\/span><\/p>\n<\/td>\n<td width=\"10\" height=\"240\"><\/td>\n<\/tr>\n<tr>\n<td width=\"20\" height=\"60\"><\/td>\n<td colspan=\"3\" width=\"770\" height=\"60\"><\/td>\n<td width=\"10\" height=\"60\"><\/td>\n<\/tr>\n<tr>\n<td width=\"20\" height=\"20\"><\/td>\n<td width=\"440\" height=\"20\">\n<p align=\"justify\"><span style=\"font-family: Arial;font-size: small\"><strong>Pierre Henri Fran\u00e7ois Etienne Bouvet<\/strong> est n\u00e9 le <\/span><span style=\"font-family: Arial;font-size: small\">28 novembre <a title=\"Ann\u00e9e 1775 histoire de La R\u00e9union\" href=\"http:\/\/www.mi-aime-a-ou.com\/histoire_annee_1775.php\" target=\"_blank\" rel=\"noopener\">1775<\/a> \u00e0 Saint-Beno\u00eet \u00eele de La R\u00e9union.<\/span><\/p>\n<p align=\"justify\"><span style=\"font-family: Arial;font-size: small\">Pierre Bouvet est le fils du capitaine de vaisseau Pierre Ren\u00e9 Servais, breton, et de Marie Etiennette Claudine P\u00e9rier d&rsquo;Hauterive, cr\u00e9ole.<\/span><\/p>\n<p align=\"justify\"><span style=\"font-family: Arial;font-size: small\">A douze ans, il embarque avec son p\u00e8re sur le \u00ab\u00a0N\u00e9cessaire\u00a0\u00bb, pour une campagne en Indes. Il est alors volontaire et a d\u00e9j\u00e0 l&rsquo;infime honneur de rapporter, par l&rsquo;interm\u00e9diaire de son p\u00e8re, le premier ch\u00e2le des Indes import\u00e9 en France \u00e0 la reine Marie-Antoinette.<\/span><\/p>\n<p align=\"justify\"><span style=\"font-family: Arial;font-size: small\">Rentr\u00e9 en France, il embarqua comme timonier sur la corvette le Go\u00e9land, puis sur le vaisseau le Tourville.<\/span><\/p>\n<\/td>\n<\/tr>\n<\/tbody>\n<\/table>\n","protected":false},"excerpt":{"rendered":"<p>Pierre Henri Fran\u00e7ois Etienne Bouvet Contre-Amiral. Militaire, Contre-Amiral et homme politique. &nbsp; N\u00e9 le\u00a028 novembre 1775 \u00e0 Saint-Beno\u00eet, La R\u00e9union. D\u00e9c\u00e8de le 16 juillet 1860 \u00e0 Saint-Servan. Pierre Henri Fran\u00e7ois Etienne Bouvet est n\u00e9 le 28 novembre 1775 \u00e0 Saint-Beno\u00eet \u00eele de La R\u00e9union. Pierre Bouvet est le fils du capitaine de vaisseau Pierre Ren\u00e9 [&hellip;]<\/p>\n","protected":false},"author":26,"featured_media":0,"parent":0,"menu_order":0,"comment_status":"closed","ping_status":"closed","template":"","meta":{"_et_pb_use_builder":"","_et_pb_old_content":"","_et_gb_content_width":"","footnotes":"","_links_to":"","_links_to_target":""},"class_list":["post-57","page","type-page","status-publish","hentry"],"_links":{"self":[{"href":"https:\/\/etab.ac-reunion.fr\/lyc-amiral-bouvet\/wp-json\/wp\/v2\/pages\/57","targetHints":{"allow":["GET"]}}],"collection":[{"href":"https:\/\/etab.ac-reunion.fr\/lyc-amiral-bouvet\/wp-json\/wp\/v2\/pages"}],"about":[{"href":"https:\/\/etab.ac-reunion.fr\/lyc-amiral-bouvet\/wp-json\/wp\/v2\/types\/page"}],"author":[{"embeddable":true,"href":"https:\/\/etab.ac-reunion.fr\/lyc-amiral-bouvet\/wp-json\/wp\/v2\/users\/26"}],"replies":[{"embeddable":true,"href":"https:\/\/etab.ac-reunion.fr\/lyc-amiral-bouvet\/wp-json\/wp\/v2\/comments?post=57"}],"version-history":[{"count":6,"href":"https:\/\/etab.ac-reunion.fr\/lyc-amiral-bouvet\/wp-json\/wp\/v2\/pages\/57\/revisions"}],"predecessor-version":[{"id":4782,"href":"https:\/\/etab.ac-reunion.fr\/lyc-amiral-bouvet\/wp-json\/wp\/v2\/pages\/57\/revisions\/4782"}],"wp:attachment":[{"href":"https:\/\/etab.ac-reunion.fr\/lyc-amiral-bouvet\/wp-json\/wp\/v2\/media?parent=57"}],"curies":[{"name":"wp","href":"https:\/\/api.w.org\/{rel}","templated":true}]}}