{"id":5849,"date":"2018-02-14T22:04:02","date_gmt":"2018-02-14T18:04:02","guid":{"rendered":"http:\/\/lycee-amiral-bouvet.ac-reunion.fr\/?page_id=5849"},"modified":"2018-09-27T16:48:46","modified_gmt":"2018-09-27T12:48:46","slug":"femmes-de-sciences-4","status":"publish","type":"page","link":"https:\/\/etab.ac-reunion.fr\/lyc-amiral-bouvet\/femmes-de-sciences-4\/","title":{"rendered":"Lise Meitner"},"content":{"rendered":"[et_pb_section bb_built=\u00a0\u00bb1&Prime; background_color=\u00a0\u00bb#ffffff\u00a0\u00bb _builder_version=\u00a0\u00bb3.15&Prime; background_position=\u00a0\u00bbtop_left\u00a0\u00bb custom_padding=\u00a0\u00bb100px|0px|100px|0px\u00a0\u00bb collapsed=\u00a0\u00bboff\u00a0\u00bb prev_background_color=\u00a0\u00bb#000000&Prime;][et_pb_row custom_padding=\u00a0\u00bb|||\u00a0\u00bb custom_margin=\u00a0\u00bb|||\u00a0\u00bb padding_top_1=\u00a0\u00bb60px\u00a0\u00bb background_position_1=\u00a0\u00bbtop_left\u00a0\u00bb background_position_2=\u00a0\u00bbtop_left\u00a0\u00bb background_repeat_1=\u00a0\u00bbno-repeat\u00a0\u00bb background_repeat_2=\u00a0\u00bbno-repeat\u00a0\u00bb _builder_version=\u00a0\u00bb3.0.77&Prime; background_size=\u00a0\u00bbinitial\u00a0\u00bb background_position=\u00a0\u00bbtop_left\u00a0\u00bb background_repeat=\u00a0\u00bbrepeat\u00a0\u00bb][et_pb_column type=\u00a0\u00bb1_2&Prime;][et_pb_image src=\u00a0\u00bbhttps:\/\/etab.ac-reunion.fr\/lyc-amiral-bouvet\/wp-content\/uploads\/sites\/15\/2018\/09\/LISE-MEITNER.jpg\u00a0\u00bb force_fullwidth=\u00a0\u00bbon\u00a0\u00bb always_center_on_mobile=\u00a0\u00bboff\u00a0\u00bb _builder_version=\u00a0\u00bb3.15&Prime; animation_style=\u00a0\u00bbslide\u00a0\u00bb animation_direction=\u00a0\u00bbleft\u00a0\u00bb animation_intensity_slide=\u00a0\u00bb10%\u00a0\u00bb \/][et_pb_text disabled_on=\u00a0\u00bbon|on|off\u00a0\u00bb _builder_version=\u00a0\u00bb3.15&Prime; text_font=\u00a0\u00bb||||\u00a0\u00bb text_text_color=\u00a0\u00bb#1f1f1f\u00a0\u00bb header_font=\u00a0\u00bbPlayfair Display||||\u00a0\u00bb header_font_size=\u00a0\u00bb48px\u00a0\u00bb header_text_color=\u00a0\u00bb#1f1f1f\u00a0\u00bb header_line_height=\u00a0\u00bb1.3em\u00a0\u00bb background_size=\u00a0\u00bbinitial\u00a0\u00bb background_position=\u00a0\u00bbtop_left\u00a0\u00bb background_repeat=\u00a0\u00bbrepeat\u00a0\u00bb]\n<p>Lise Meitner est n\u00e9e dans une famille juive \u00e0 Vienne, Autriche, le 7 novembre 1878. Le couple Meitner, aux id\u00e9es lib\u00e9rales, \u00e9l\u00e8ve ses enfants dans une atmosph\u00e8re intellectuelle stimulante, et les encourage \u00e0 poursuivre des \u00e9tudes avanc\u00e9es. C&rsquo;est ainsi que les filles Meitner b\u00e9n\u00e9ficient d\u2019une scolarit\u00e9 plus avanc\u00e9e que la moyenne des jeunes filles autrichiennes de l\u2019\u00e9poque.<\/p>\n[\/et_pb_text][et_pb_text disabled_on=\u00a0\u00bbon|on|off\u00a0\u00bb _builder_version=\u00a0\u00bb3.15&Prime; text_font=\u00a0\u00bb||||\u00a0\u00bb text_text_color=\u00a0\u00bb#1f1f1f\u00a0\u00bb header_font=\u00a0\u00bbPlayfair Display||||\u00a0\u00bb header_font_size=\u00a0\u00bb48px\u00a0\u00bb header_text_color=\u00a0\u00bb#1f1f1f\u00a0\u00bb header_line_height=\u00a0\u00bb1.3em\u00a0\u00bb background_size=\u00a0\u00bbinitial\u00a0\u00bb background_position=\u00a0\u00bbtop_left\u00a0\u00bb background_repeat=\u00a0\u00bbrepeat\u00a0\u00bb]\n<p>L\u2019universit\u00e9 autrichienne s\u2019ouvre aux femmes en 1897 ; pour y \u00eatre admises, les candidates doivent \u00eatre re\u00e7ues \u00e0 la Matura (\u00e9quivalent du baccalaur\u00e9at) en tant que candidates libres, le lyc\u00e9e leur \u00e9tant ferm\u00e9 jusqu\u2019alors. Apr\u00e8s deux ans de pr\u00e9paration dans un petit groupe de femmes, Lise est re\u00e7ue en 1901 \u00e0 l\u2019\u00e2ge de 22 ans. Elle y apprend la physique, la chimie, les math\u00e9matiques et la botanique avant de se sp\u00e9cialiser en physique en deuxi\u00e8me ann\u00e9e. Elle suit avec assiduit\u00e9 les cours donn\u00e9s par Ludwig Boltzmann, un grand physicien th\u00e9oricien qui fascine ses \u00e9l\u00e8ves et d\u00e9veloppe des liens intellectuels mais aussi personnels.<\/p>\n<p>&nbsp;<\/p>\n<p>En d\u00e9cembre 1905, Lise Meitner effectue un doctorat sur la conduction de la chaleur dans les solides inhomog\u00e8nes. Elle\u00a0 obtient son dipl\u00f4me de doctorat avec la plus haute mention en f\u00e9vrier 1906. Ce qui fait alors d\u2019elle la 2\u00e8me femme \u00e0 obtenir un doctorat.<\/p>\n<p>En tant que femme, il est impossible d\u2019esp\u00e9rer une carri\u00e8re acad\u00e9mique mais elle poursuit ses \u00e9tudes, avec le soutien de son p\u00e8re, sur la radioactivit\u00e9 et l\u2019absorption de rayonnement dans les m\u00e9taux.<\/p>\n[\/et_pb_text][et_pb_text disabled_on=\u00a0\u00bbon|on|off\u00a0\u00bb _builder_version=\u00a0\u00bb3.15&Prime; text_font=\u00a0\u00bb||||\u00a0\u00bb text_text_color=\u00a0\u00bb#1f1f1f\u00a0\u00bb header_font=\u00a0\u00bbPlayfair Display||||\u00a0\u00bb header_font_size=\u00a0\u00bb48px\u00a0\u00bb header_text_color=\u00a0\u00bb#1f1f1f\u00a0\u00bb header_line_height=\u00a0\u00bb1.3em\u00a0\u00bb background_size=\u00a0\u00bbinitial\u00a0\u00bb background_position=\u00a0\u00bbtop_left\u00a0\u00bb background_repeat=\u00a0\u00bbrepeat\u00a0\u00bb]\n<p>En 1907, elle part \u00e0 l\u2019universit\u00e9 de Berlin avec l\u2019accord du professeur Max Planck (l\u2019universit\u00e9 n\u2019est alors pas ouverte aux femmes).<\/p>\n<p>Lise re\u00e7oit plusieurs offres d\u2019emploi et finit par accepter la collaboration du chimiste Otto Hahn sur la radioactivit\u00e9, dans un institut dirig\u00e9 par Emil Fischer. Ils sont rel\u00e9gu\u00e9s au sous-sol par Fischer qui voyait d\u2019un mauvais \u0153il l\u2019arriv\u00e9e d\u2019une femme dans son institut.<\/p>\n<p>En 1912, l\u2019Institut Kaiser Wilhelm de Chimie embauche Otto Hahn dans le domaine de la radiochimie o\u00f9 Lise l\u2019y rejoint avec seulement le statut d\u2019invit\u00e9e, sans salaire. Peu apr\u00e8s elle finit enfin par avoir son premier salaire en tant qu\u2019assistante de Max Planck. Et c\u2019est seulement apr\u00e8s avoir re\u00e7u une offre d\u2019emploi \u00e0 Prague pour un poste de professeur que l\u2019institut finit enfin par la promouvoir associ\u00e9e.<\/p>\n<p>Au d\u00e9but de la Premi\u00e8re Guerre Mondiale, la scientifique s\u2019engage comme infirmi\u00e8re en manipulant les \u00e9quipements \u00e0 rayon X.<\/p>\n<p>Cependant en 1917, elle retourne \u00e0 Berlin pour poursuivre ses recherches, malgr\u00e9 un sentiment de culpabilit\u00e9 pour l\u2019abandon de son service d\u2019infirmi\u00e8re. Elle devient la directrice du d\u00e9partement de physique au sein de l\u2019institut tout en poursuivant sa collaboration avec Otto. Ils d\u00e9couvrent ensemble plusieurs isotopes tel que le protactinium en 1918.<\/p>\n[\/et_pb_text][\/et_pb_column][et_pb_column type=\u00a0\u00bb1_2&Prime;][et_pb_text disabled_on=\u00a0\u00bbon|on|off\u00a0\u00bb _builder_version=\u00a0\u00bb3.15&Prime; text_font=\u00a0\u00bb||||\u00a0\u00bb text_text_color=\u00a0\u00bb#1f1f1f\u00a0\u00bb header_font=\u00a0\u00bbPlayfair Display||||\u00a0\u00bb header_text_align=\u00a0\u00bbcenter\u00a0\u00bb header_font_size=\u00a0\u00bb48px\u00a0\u00bb header_text_color=\u00a0\u00bb#1f1f1f\u00a0\u00bb header_line_height=\u00a0\u00bb1.3em\u00a0\u00bb background_size=\u00a0\u00bbinitial\u00a0\u00bb background_position=\u00a0\u00bbtop_left\u00a0\u00bb background_repeat=\u00a0\u00bbrepeat\u00a0\u00bb module_alignment=\u00a0\u00bbcenter\u00a0\u00bb]\n<p>Elle d\u00e9couvre \u00e9galement l&rsquo;\u00e9mission de paires \u00e9lectron-positron lors de la d\u00e9sint\u00e9gration b\u00eata plus. Elle effectue diff\u00e9rentes mesures de la masse du neutron.<\/p>\n<p>Le \u201cprojet uranium\u201d est lanc\u00e9 en 1934, avec Otto Hahn et Fritz Strassmann. Ils d\u00e9couvrent avec la planification de Lise les effets du bombardement de l\u2019uranium avec des neutrons, la fission. Pendant toute la Seconde Guerre mondiale, son r\u00f4le majeur dans la d\u00e9couverte est \u00e9cart\u00e9\u2026 La communaut\u00e9 scientifique veut utiliser la fission nucl\u00e9aire pour la cr\u00e9ation d\u2019une bombe mais Lise refuse d\u2019y participer.<\/p>\n[\/et_pb_text][et_pb_text disabled_on=\u00a0\u00bbon|on|off\u00a0\u00bb _builder_version=\u00a0\u00bb3.15&Prime; text_font=\u00a0\u00bb||||\u00a0\u00bb text_text_color=\u00a0\u00bb#1f1f1f\u00a0\u00bb header_font=\u00a0\u00bbPlayfair Display||||\u00a0\u00bb header_text_align=\u00a0\u00bbcenter\u00a0\u00bb header_font_size=\u00a0\u00bb48px\u00a0\u00bb header_text_color=\u00a0\u00bb#1f1f1f\u00a0\u00bb header_line_height=\u00a0\u00bb1.3em\u00a0\u00bb background_size=\u00a0\u00bbinitial\u00a0\u00bb background_position=\u00a0\u00bbtop_left\u00a0\u00bb background_repeat=\u00a0\u00bbrepeat\u00a0\u00bb module_alignment=\u00a0\u00bbcenter\u00a0\u00bb]\n<p>Lise Meitner est connue pour avoir d\u00e9couvert la fission nucl\u00e9aire, mais surtout pour avoir \u00e9t\u00e9 non reconnue pour sa d\u00e9couverte majeure. En effet, elle est propos\u00e9e 3 fois au prix Nobel mais elle est toujours rejet\u00e9e. C&rsquo;est Otto Hahn, avec qui elle collaborait, qui a re\u00e7u, seul, le Prix Nobel de chimie 1944 pour la d\u00e9couverte de la fission. Meitner est r\u00e9compens\u00e9e par d\u2019autre prix et est reconnue par ses pairs, elle reste cependant l&rsquo;un des plus c\u00e9l\u00e8bres rat\u00e9s du comit\u00e9 Nobel avec Rosalind Franklind.<\/p>\n[\/et_pb_text][et_pb_image _builder_version=\u00a0\u00bb3.15&Prime; src=\u00a0\u00bbhttps:\/\/etab.ac-reunion.fr\/lyc-amiral-bouvet\/wp-content\/uploads\/sites\/15\/2018\/09\/lise-meitner.jpg\u00a0\u00bb \/][et_pb_text disabled_on=\u00a0\u00bbon|on|off\u00a0\u00bb _builder_version=\u00a0\u00bb3.15&Prime; text_font=\u00a0\u00bb||||\u00a0\u00bb text_text_color=\u00a0\u00bb#1f1f1f\u00a0\u00bb header_font=\u00a0\u00bbPlayfair Display||||\u00a0\u00bb header_text_align=\u00a0\u00bbcenter\u00a0\u00bb header_font_size=\u00a0\u00bb48px\u00a0\u00bb header_text_color=\u00a0\u00bb#1f1f1f\u00a0\u00bb header_line_height=\u00a0\u00bb1.3em\u00a0\u00bb background_size=\u00a0\u00bbinitial\u00a0\u00bb background_position=\u00a0\u00bbtop_left\u00a0\u00bb background_repeat=\u00a0\u00bbrepeat\u00a0\u00bb module_alignment=\u00a0\u00bbcenter\u00a0\u00bb]\n<p>Par la suite, Le meitnerium, 109\u00e8me \u00e9l\u00e9ment du tableau p\u00e9riodique, est nomm\u00e9 en l&rsquo;honneur de Lise Meitner.<\/p>\n<p>Elle prend la nationalit\u00e9 su\u00e9doise et s\u2019installe en Angleterre en 1960, puis meurt le 27 octobre 1968.<\/p>\n<p>Cette grande femme a inspir\u00e9 beaucoup d\u2019artistes tels que : Rachel Ignotofsky<\/p>\n[\/et_pb_text][et_pb_image _builder_version=\u00a0\u00bb3.15&Prime; src=\u00a0\u00bbhttps:\/\/etab.ac-reunion.fr\/lyc-amiral-bouvet\/wp-content\/uploads\/sites\/15\/2018\/09\/lise-meitner-2.jpg\u00a0\u00bb \/][et_pb_text _builder_version=\u00a0\u00bb3.15&Prime;]\n<p>Illustration de Lise Meitner dans le livre <u>Women in Science: 50 Fearless Pioneers Who Changed the World<\/u><\/p>\n<p>&nbsp;<\/p>\n<p>Sources (sitographie non exhaustive)<\/p>\n<ul>\n<li><a href=\"https:\/\/fr.wikipedia.org\/wiki\/Lise_Meitner\">https:\/\/fr.wikipedia.org\/wiki\/Lise_Meitner<\/a><\/li>\n<li><a href=\"https:\/\/www.futura-sciences.com\/sciences\/personnalites\/physique-lise-meitner-871\">https:\/\/www.futura-sciences.com\/sciences\/personnalites\/physique-lise-meitner-871<\/a><\/li>\n<li><a href=\"http:\/\/www.photoniques.com\/articles\/photon\/pdf\/2014\/03\/photon201471p22.pdf\">photoniques.com\/articles\/photon\/pdf\/2014\/03\/photon201471p22.pdf<\/a><\/li>\n<li><a href=\"https:\/\/www.franceculture.fr\/sciences\/lise-meitner-et-la-fission-fut\">https:\/\/www.franceculture.fr\/sciences\/lise-meitner-et-la-fission-fut<\/a><\/li>\n<li><a href=\"https:\/\/www.femherbier.hypotheses.org\/339\">https:\/\/www.femherbier.hypotheses.org\/339<\/a><\/li>\n<li><a href=\"https:\/\/www.histoireparlesfemmes.com\/2015\/03\/19\/lise-meitner-oubli\u00e9e-du-prix-nobel\/\">https:\/\/www.histoireparlesfemmes.com\/2015\/03\/19\/lise-meitner-oubli\u00e9e-du-prix-nobel\/<\/a><\/li>\n<li><a href=\"https:\/\/fresque.ina.fr\/jalons\/fiche-media\/InaEdi05601\/lise-meitner-une-aventuriere-de-l-atome-htm\">https:\/\/fresque.ina.fr\/jalons\/fiche-media\/InaEdi05601\/lise-meitner-une-aventuriere-de-l-atome-htm<\/a><\/li>\n<li><a href=\"https:\/\/refletdelaphysique.fr\/articles\/refdp\/pdf\/2010\/refdp201018p23.pdf\">https:\/\/refletdelaphysique.fr\/articles\/refdp\/pdf\/2010\/refdp201018p23.pdf<\/a><\/li>\n<\/ul>\n<p>&nbsp;<\/p>\n[\/et_pb_text][\/et_pb_column][\/et_pb_row][\/et_pb_section]\n","protected":false},"excerpt":{"rendered":"<p>Lise Meitner est n\u00e9e dans une famille juive \u00e0 Vienne, Autriche, le 7 novembre 1878. Le couple Meitner, aux id\u00e9es lib\u00e9rales, \u00e9l\u00e8ve ses enfants dans une atmosph\u00e8re intellectuelle stimulante, et les encourage \u00e0 poursuivre des \u00e9tudes avanc\u00e9es. C&rsquo;est ainsi que les filles Meitner b\u00e9n\u00e9ficient d\u2019une scolarit\u00e9 plus avanc\u00e9e que la moyenne des jeunes filles autrichiennes [&hellip;]<\/p>\n","protected":false},"author":3308,"featured_media":0,"parent":0,"menu_order":0,"comment_status":"closed","ping_status":"closed","template":"","meta":{"_et_pb_use_builder":"on","_et_pb_old_content":"","_et_gb_content_width":"","footnotes":"","_links_to":"","_links_to_target":""},"class_list":["post-5849","page","type-page","status-publish","hentry"],"_links":{"self":[{"href":"https:\/\/etab.ac-reunion.fr\/lyc-amiral-bouvet\/wp-json\/wp\/v2\/pages\/5849","targetHints":{"allow":["GET"]}}],"collection":[{"href":"https:\/\/etab.ac-reunion.fr\/lyc-amiral-bouvet\/wp-json\/wp\/v2\/pages"}],"about":[{"href":"https:\/\/etab.ac-reunion.fr\/lyc-amiral-bouvet\/wp-json\/wp\/v2\/types\/page"}],"author":[{"embeddable":true,"href":"https:\/\/etab.ac-reunion.fr\/lyc-amiral-bouvet\/wp-json\/wp\/v2\/users\/3308"}],"replies":[{"embeddable":true,"href":"https:\/\/etab.ac-reunion.fr\/lyc-amiral-bouvet\/wp-json\/wp\/v2\/comments?post=5849"}],"version-history":[{"count":23,"href":"https:\/\/etab.ac-reunion.fr\/lyc-amiral-bouvet\/wp-json\/wp\/v2\/pages\/5849\/revisions"}],"predecessor-version":[{"id":6971,"href":"https:\/\/etab.ac-reunion.fr\/lyc-amiral-bouvet\/wp-json\/wp\/v2\/pages\/5849\/revisions\/6971"}],"wp:attachment":[{"href":"https:\/\/etab.ac-reunion.fr\/lyc-amiral-bouvet\/wp-json\/wp\/v2\/media?parent=5849"}],"curies":[{"name":"wp","href":"https:\/\/api.w.org\/{rel}","templated":true}]}}