{"id":7090,"date":"2018-11-10T08:00:06","date_gmt":"2018-11-10T04:00:06","guid":{"rendered":"http:\/\/lycee-amiral-bouvet.ac-reunion.fr\/?page_id=7090"},"modified":"2023-05-06T15:59:21","modified_gmt":"2023-05-06T11:59:21","slug":"filieres-et-formations_","status":"publish","type":"page","link":"https:\/\/etab.ac-reunion.fr\/lyc-amiral-bouvet\/filieres-et-formations_\/","title":{"rendered":"BAC TECHNOLOGIQUE : STI2D"},"content":{"rendered":"[et_pb_section fb_built=\u00a0\u00bb1&Prime; _builder_version=\u00a0\u00bb4.16&Prime; global_colors_info=\u00a0\u00bb{}\u00a0\u00bb][et_pb_row _builder_version=\u00a0\u00bb4.16&Prime; background_size=\u00a0\u00bbinitial\u00a0\u00bb background_position=\u00a0\u00bbtop_left\u00a0\u00bb background_repeat=\u00a0\u00bbrepeat\u00a0\u00bb global_colors_info=\u00a0\u00bb{}\u00a0\u00bb][et_pb_column type=\u00a0\u00bb4_4&Prime; _builder_version=\u00a0\u00bb4.16&Prime; custom_padding=\u00a0\u00bb|||\u00a0\u00bb global_colors_info=\u00a0\u00bb{}\u00a0\u00bb custom_padding__hover=\u00a0\u00bb|||\u00a0\u00bb][et_pb_text admin_label=\u00a0\u00bbBAC TECHNOLOGIQUE\u00a0\u00bb module_id=\u00a0\u00bbBAC TECHNOLOGIQUE\u00a0\u00bb _builder_version=\u00a0\u00bb4.16&Prime; global_colors_info=\u00a0\u00bb{}\u00a0\u00bb]\n<h1 style=\"text-align: center\"><span style=\"text-decoration: underline\"><strong><span style=\"color: #ff0000;text-decoration: underline\">BAC TECHNOLOGIQUE<\/span><\/strong><\/span><\/h1>\n<h1 style=\"text-align: center\"><span style=\"color: #ff0000\"><strong><br \/><\/strong> <\/span><\/h1>\n[\/et_pb_text][\/et_pb_column][\/et_pb_row][et_pb_row column_structure=\u00a0\u00bb1_2,1_2&Prime; _builder_version=\u00a0\u00bb4.16&Prime; global_colors_info=\u00a0\u00bb{}\u00a0\u00bb][et_pb_column type=\u00a0\u00bb1_2&Prime; _builder_version=\u00a0\u00bb4.16&Prime; custom_padding=\u00a0\u00bb|||\u00a0\u00bb global_colors_info=\u00a0\u00bb{}\u00a0\u00bb custom_padding__hover=\u00a0\u00bb|||\u00a0\u00bb][et_pb_text _builder_version=\u00a0\u00bb4.16&Prime; header_text_align=\u00a0\u00bbcenter\u00a0\u00bb global_colors_info=\u00a0\u00bb{}\u00a0\u00bb]\n<h4 style=\"text-align: left\"><strong><span style=\"color: #000000\">Le bac technologique STI2D (Sciences et Technologies de l&rsquo;Industrie et du D\u00e9veloppement Durable) s&rsquo;adresse \u00e0 ceux qui s&rsquo;int\u00e9ressent \u00e0 l&rsquo;ing\u00e9nierie industrielle, \u00e0 l&rsquo;innovation technologique et \u00e0 la pr\u00e9servation de l&rsquo;environnement.<\/span><\/strong><\/h4>\n[\/et_pb_text][et_pb_video src=\u00a0\u00bbhttps:\/\/etab.ac-reunion.fr\/lyc-amiral-bouvet\/wp-content\/uploads\/sites\/15\/2021\/05\/STI2D-Film-Promotion-SD-V2.mp4&Prime; image_src=\u00a0\u00bbhttps:\/\/etab.ac-reunion.fr\/lyc-amiral-bouvet\/wp-content\/uploads\/sites\/15\/2021\/05\/orientation-sti2d.jpg\u00a0\u00bb _builder_version=\u00a0\u00bb4.16&Prime; _module_preset=\u00a0\u00bbdefault\u00a0\u00bb global_colors_info=\u00a0\u00bb{}\u00a0\u00bb][\/et_pb_video][\/et_pb_column][et_pb_column type=\u00a0\u00bb1_2&Prime; _builder_version=\u00a0\u00bb4.16&Prime; custom_padding=\u00a0\u00bb|||\u00a0\u00bb global_colors_info=\u00a0\u00bb{}\u00a0\u00bb custom_padding__hover=\u00a0\u00bb|||\u00a0\u00bb][et_pb_text _builder_version=\u00a0\u00bb4.16&Prime; global_colors_info=\u00a0\u00bb{}\u00a0\u00bb]\n<h4><strong><span style=\"text-decoration: underline\">Le lyc\u00e9e <\/span><\/strong><strong><span style=\"text-decoration: underline\">propose les 4 sp\u00e9cialit\u00e9s : <\/span><\/strong><\/h4>\n[\/et_pb_text][et_pb_image src=\u00a0\u00bbhttps:\/\/etab.ac-reunion.fr\/lyc-amiral-bouvet\/wp-content\/uploads\/sites\/15\/2018\/11\/sp\u00e9cialit\u00e9s.png\u00a0\u00bb align=\u00a0\u00bbcenter\u00a0\u00bb align_tablet=\u00a0\u00bbcenter\u00a0\u00bb align_phone=\u00a0\u00bb\u00a0\u00bb align_last_edited=\u00a0\u00bbon|desktop\u00a0\u00bb admin_label=\u00a0\u00bbLES 4 SPECIALITES\u00a0\u00bb _builder_version=\u00a0\u00bb4.16&Prime; global_colors_info=\u00a0\u00bb{}\u00a0\u00bb][\/et_pb_image][\/et_pb_column][\/et_pb_row][et_pb_row column_structure=\u00a0\u00bb1_2,1_2&Prime; _builder_version=\u00a0\u00bb4.16&Prime; _module_preset=\u00a0\u00bbdefault\u00a0\u00bb global_colors_info=\u00a0\u00bb{}\u00a0\u00bb][et_pb_column type=\u00a0\u00bb1_2&Prime; _builder_version=\u00a0\u00bb4.16&Prime; _module_preset=\u00a0\u00bbdefault\u00a0\u00bb global_colors_info=\u00a0\u00bb{}\u00a0\u00bb][et_pb_text _builder_version=\u00a0\u00bb4.16&Prime; global_colors_info=\u00a0\u00bb{}\u00a0\u00bb]\n<h4><span style=\"text-decoration: underline\"><strong>Les horaires :<br \/>\n<\/strong><\/span><\/h4>\n[\/et_pb_text][et_pb_image src=\u00a0\u00bbhttps:\/\/etab.ac-reunion.fr\/lyc-amiral-bouvet\/wp-content\/uploads\/sites\/15\/2021\/04\/horaires-sti2d.jpg\u00a0\u00bb title_text=\u00a0\u00bbhoraires sti2d\u00a0\u00bb url=\u00a0\u00bbhttps:\/\/etab.ac-reunion.fr\/lyc-amiral-bouvet\/wp-content\/uploads\/sites\/15\/2021\/04\/horaires-sti2d.jpg\u00a0\u00bb align=\u00a0\u00bbcenter\u00a0\u00bb align_tablet=\u00a0\u00bbcenter\u00a0\u00bb align_phone=\u00a0\u00bb\u00a0\u00bb align_last_edited=\u00a0\u00bbon|desktop\u00a0\u00bb _builder_version=\u00a0\u00bb4.16&Prime; global_colors_info=\u00a0\u00bb{}\u00a0\u00bb][\/et_pb_image][\/et_pb_column][et_pb_column type=\u00a0\u00bb1_2&Prime; _builder_version=\u00a0\u00bb4.16&Prime; _module_preset=\u00a0\u00bbdefault\u00a0\u00bb global_colors_info=\u00a0\u00bb{}\u00a0\u00bb][et_pb_image src=\u00a0\u00bbhttps:\/\/etab.ac-reunion.fr\/lyc-amiral-bouvet\/wp-content\/uploads\/sites\/15\/2021\/09\/coefficients-bac-techno-700&#215;1188-1.jpg\u00a0\u00bb title_text=\u00a0\u00bbcoefficients-bac-techno-700&#215;1188&Prime; show_in_lightbox=\u00a0\u00bbon\u00a0\u00bb _builder_version=\u00a0\u00bb4.16&Prime; _module_preset=\u00a0\u00bbdefault\u00a0\u00bb global_colors_info=\u00a0\u00bb{}\u00a0\u00bb][\/et_pb_image][\/et_pb_column][\/et_pb_row][et_pb_row _builder_version=\u00a0\u00bb4.16&Prime; background_size=\u00a0\u00bbinitial\u00a0\u00bb background_position=\u00a0\u00bbtop_left\u00a0\u00bb background_repeat=\u00a0\u00bbrepeat\u00a0\u00bb global_colors_info=\u00a0\u00bb{}\u00a0\u00bb][et_pb_column type=\u00a0\u00bb4_4&Prime; _builder_version=\u00a0\u00bb4.16&Prime; custom_padding=\u00a0\u00bb|||\u00a0\u00bb global_colors_info=\u00a0\u00bb{}\u00a0\u00bb custom_padding__hover=\u00a0\u00bb|||\u00a0\u00bb][et_pb_text _builder_version=\u00a0\u00bb4.16&Prime; global_colors_info=\u00a0\u00bb{}\u00a0\u00bb]\n<h4><span style=\"text-decoration: underline;color: #000000\"><strong>Les 4 sp\u00e9cialit\u00e9s propos\u00e9es :\u00a0<\/strong> <\/span><\/h4>\n[\/et_pb_text][\/et_pb_column][\/et_pb_row][et_pb_row column_structure=\u00a0\u00bb1_4,1_4,1_4,1_4&Prime; _builder_version=\u00a0\u00bb4.16&Prime; background_size=\u00a0\u00bbinitial\u00a0\u00bb background_position=\u00a0\u00bbtop_left\u00a0\u00bb background_repeat=\u00a0\u00bbrepeat\u00a0\u00bb global_colors_info=\u00a0\u00bb{}\u00a0\u00bb][et_pb_column type=\u00a0\u00bb1_4&Prime; _builder_version=\u00a0\u00bb4.16&Prime; custom_padding=\u00a0\u00bb|||\u00a0\u00bb global_colors_info=\u00a0\u00bb{}\u00a0\u00bb custom_padding__hover=\u00a0\u00bb|||\u00a0\u00bb][et_pb_image src=\u00a0\u00bbhttps:\/\/etab.ac-reunion.fr\/lyc-amiral-bouvet\/wp-content\/uploads\/sites\/15\/2018\/11\/EE.jpg\u00a0\u00bb url=\u00a0\u00bbhttps:\/\/etab.ac-reunion.fr\/lyc-amiral-bouvet\/e-e-energie-environnement\/\u00a0\u00bb url_new_window=\u00a0\u00bbon\u00a0\u00bb use_overlay=\u00a0\u00bbon\u00a0\u00bb align_tablet=\u00a0\u00bbcenter\u00a0\u00bb align_phone=\u00a0\u00bb\u00a0\u00bb align_last_edited=\u00a0\u00bbon|desktop\u00a0\u00bb admin_label=\u00a0\u00bbEE\u00a0\u00bb _builder_version=\u00a0\u00bb4.20.4&Prime; animation_style=\u00a0\u00bbfade\u00a0\u00bb hover_enabled=\u00a0\u00bb0&Prime; global_colors_info=\u00a0\u00bb{}\u00a0\u00bb sticky_enabled=\u00a0\u00bb0&Prime;][\/et_pb_image][\/et_pb_column][et_pb_column type=\u00a0\u00bb1_4&Prime; _builder_version=\u00a0\u00bb4.16&Prime; custom_padding=\u00a0\u00bb|||\u00a0\u00bb global_colors_info=\u00a0\u00bb{}\u00a0\u00bb custom_padding__hover=\u00a0\u00bb|||\u00a0\u00bb][et_pb_image src=\u00a0\u00bbhttps:\/\/etab.ac-reunion.fr\/lyc-amiral-bouvet\/wp-content\/uploads\/sites\/15\/2018\/11\/ITEC.jpg\u00a0\u00bb url=\u00a0\u00bbhttps:\/\/etab.ac-reunion.fr\/lyc-amiral-bouvet\/i-t-e-c\/\u00a0\u00bb url_new_window=\u00a0\u00bbon\u00a0\u00bb use_overlay=\u00a0\u00bbon\u00a0\u00bb align_tablet=\u00a0\u00bbcenter\u00a0\u00bb align_phone=\u00a0\u00bb\u00a0\u00bb align_last_edited=\u00a0\u00bbon|desktop\u00a0\u00bb admin_label=\u00a0\u00bbITEC\u00a0\u00bb _builder_version=\u00a0\u00bb4.16&Prime; global_colors_info=\u00a0\u00bb{}\u00a0\u00bb][\/et_pb_image][\/et_pb_column][et_pb_column type=\u00a0\u00bb1_4&Prime; _builder_version=\u00a0\u00bb4.16&Prime; custom_padding=\u00a0\u00bb|||\u00a0\u00bb global_colors_info=\u00a0\u00bb{}\u00a0\u00bb custom_padding__hover=\u00a0\u00bb|||\u00a0\u00bb][et_pb_image src=\u00a0\u00bbhttps:\/\/etab.ac-reunion.fr\/lyc-amiral-bouvet\/wp-content\/uploads\/sites\/15\/2018\/11\/SIN.jpg\u00a0\u00bb url=\u00a0\u00bbhttps:\/\/etab.ac-reunion.fr\/lyc-amiral-bouvet\/s-i-n\/\u00a0\u00bb url_new_window=\u00a0\u00bbon\u00a0\u00bb use_overlay=\u00a0\u00bbon\u00a0\u00bb align_tablet=\u00a0\u00bbcenter\u00a0\u00bb align_phone=\u00a0\u00bb\u00a0\u00bb align_last_edited=\u00a0\u00bbon|desktop\u00a0\u00bb admin_label=\u00a0\u00bbSIN\u00a0\u00bb _builder_version=\u00a0\u00bb4.16&Prime; global_colors_info=\u00a0\u00bb{}\u00a0\u00bb][\/et_pb_image][\/et_pb_column][et_pb_column type=\u00a0\u00bb1_4&Prime; _builder_version=\u00a0\u00bb4.16&Prime; custom_padding=\u00a0\u00bb|||\u00a0\u00bb global_colors_info=\u00a0\u00bb{}\u00a0\u00bb custom_padding__hover=\u00a0\u00bb|||\u00a0\u00bb][et_pb_image src=\u00a0\u00bbhttps:\/\/etab.ac-reunion.fr\/lyc-amiral-bouvet\/wp-content\/uploads\/sites\/15\/2020\/10\/logo-sti2d-2.jpg\u00a0\u00bb title_text=\u00a0\u00bblogo sti2d 2&Prime; url_new_window=\u00a0\u00bbon\u00a0\u00bb align_tablet=\u00a0\u00bbcenter\u00a0\u00bb align_phone=\u00a0\u00bb\u00a0\u00bb align_last_edited=\u00a0\u00bbon|desktop\u00a0\u00bb admin_label=\u00a0\u00bbSIN\u00a0\u00bb _builder_version=\u00a0\u00bb4.16&Prime; global_colors_info=\u00a0\u00bb{}\u00a0\u00bb][\/et_pb_image][\/et_pb_column][\/et_pb_row][\/et_pb_section]\n","protected":false},"excerpt":{"rendered":"<p>BAC TECHNOLOGIQUE Le bac technologique STI2D (Sciences et Technologies de l&rsquo;Industrie et du D\u00e9veloppement Durable) s&rsquo;adresse \u00e0 ceux qui s&rsquo;int\u00e9ressent \u00e0 l&rsquo;ing\u00e9nierie industrielle, \u00e0 l&rsquo;innovation technologique et \u00e0 la pr\u00e9servation de l&rsquo;environnement.Le lyc\u00e9e propose les 4 sp\u00e9cialit\u00e9s : Les horaires : Les 4 sp\u00e9cialit\u00e9s propos\u00e9es :\u00a0<\/p>\n","protected":false},"author":3308,"featured_media":0,"parent":0,"menu_order":0,"comment_status":"closed","ping_status":"closed","template":"","meta":{"_et_pb_use_builder":"on","_et_pb_old_content":"","_et_gb_content_width":"","footnotes":"","_links_to":"","_links_to_target":""},"class_list":["post-7090","page","type-page","status-publish","hentry"],"_links":{"self":[{"href":"https:\/\/etab.ac-reunion.fr\/lyc-amiral-bouvet\/wp-json\/wp\/v2\/pages\/7090","targetHints":{"allow":["GET"]}}],"collection":[{"href":"https:\/\/etab.ac-reunion.fr\/lyc-amiral-bouvet\/wp-json\/wp\/v2\/pages"}],"about":[{"href":"https:\/\/etab.ac-reunion.fr\/lyc-amiral-bouvet\/wp-json\/wp\/v2\/types\/page"}],"author":[{"embeddable":true,"href":"https:\/\/etab.ac-reunion.fr\/lyc-amiral-bouvet\/wp-json\/wp\/v2\/users\/3308"}],"replies":[{"embeddable":true,"href":"https:\/\/etab.ac-reunion.fr\/lyc-amiral-bouvet\/wp-json\/wp\/v2\/comments?post=7090"}],"version-history":[{"count":45,"href":"https:\/\/etab.ac-reunion.fr\/lyc-amiral-bouvet\/wp-json\/wp\/v2\/pages\/7090\/revisions"}],"predecessor-version":[{"id":14705,"href":"https:\/\/etab.ac-reunion.fr\/lyc-amiral-bouvet\/wp-json\/wp\/v2\/pages\/7090\/revisions\/14705"}],"wp:attachment":[{"href":"https:\/\/etab.ac-reunion.fr\/lyc-amiral-bouvet\/wp-json\/wp\/v2\/media?parent=7090"}],"curies":[{"name":"wp","href":"https:\/\/api.w.org\/{rel}","templated":true}]}}