{"id":7109,"date":"2018-11-11T08:53:06","date_gmt":"2018-11-11T04:53:06","guid":{"rendered":"http:\/\/lycee-amiral-bouvet.ac-reunion.fr\/?page_id=7109"},"modified":"2018-11-11T09:15:14","modified_gmt":"2018-11-11T05:15:14","slug":"e-e-energie-environnement","status":"publish","type":"page","link":"https:\/\/etab.ac-reunion.fr\/lyc-amiral-bouvet\/e-e-energie-environnement\/","title":{"rendered":"E.E : \u00c9nergie Environnement"},"content":{"rendered":"[et_pb_section bb_built=\u00a0\u00bb1&Prime;][et_pb_row][et_pb_column type=\u00a0\u00bb4_4&Prime;][et_pb_text _builder_version=\u00a0\u00bb3.17.6&Prime;]\n<h1 style=\"text-align: center\"><span style=\"color: #ff0000\"><strong>E.E : \u00c9nergie Environnement<\/strong> <\/span><\/h1>\n[\/et_pb_text][et_pb_text _builder_version=\u00a0\u00bb3.17.6&Prime;]\n<h3><span style=\"font-family: arial,sans-serif;font-size: medium\"><strong><span style=\"color: #000000\">La<\/span> sp\u00e9cialit\u00e9 Energie et Environnement explore la gestion, le transport, la distribution et l\u2019utilisation de l\u2019\u00e9nergie. Elle apporte les comp\u00e9tences n\u00e9cessaires pour appr\u00e9hender l\u2019efficacit\u00e9 \u00e9nerg\u00e9tique de tous les syst\u00e8mes ainsi que leur impact sur l\u2019environnement et l\u2019optimisation du cycle de vie :<\/strong><br \/><\/span><\/h3>\n[\/et_pb_text][\/et_pb_column][\/et_pb_row][et_pb_row][et_pb_column type=\u00a0\u00bb4_4&Prime;][et_pb_text _builder_version=\u00a0\u00bb3.17.6&Prime;]\n<h4 style=\"text-align: center\"><span style=\"color: #000000\">Les \u00e9nergies renouvelables : solaire, hydraulique, \u00e9olien, g\u00e9othermique, etc..<\/span><\/h4>\n[\/et_pb_text][et_pb_image _builder_version=\u00a0\u00bb3.17.6&Prime; src=\u00a0\u00bbhttps:\/\/etab.ac-reunion.fr\/lyc-amiral-bouvet\/wp-content\/uploads\/sites\/15\/2018\/11\/EE-01.jpg\u00a0\u00bb align=\u00a0\u00bbcenter\u00a0\u00bb \/][\/et_pb_column][\/et_pb_row][et_pb_row][et_pb_column type=\u00a0\u00bb1_2&Prime;][et_pb_image _builder_version=\u00a0\u00bb3.17.6&Prime; src=\u00a0\u00bbhttps:\/\/etab.ac-reunion.fr\/lyc-amiral-bouvet\/wp-content\/uploads\/sites\/15\/2018\/11\/EE02.jpg\u00a0\u00bb \/][\/et_pb_column][et_pb_column type=\u00a0\u00bb1_2&Prime;][et_pb_image _builder_version=\u00a0\u00bb3.17.6&Prime; src=\u00a0\u00bbhttps:\/\/etab.ac-reunion.fr\/lyc-amiral-bouvet\/wp-content\/uploads\/sites\/15\/2018\/11\/EE03.jpg\u00a0\u00bb \/][\/et_pb_column][\/et_pb_row][et_pb_row][et_pb_column type=\u00a0\u00bb4_4&Prime;][et_pb_text _builder_version=\u00a0\u00bb3.17.6&Prime;]\n<h4 style=\"text-align: center\"><span style=\"color: #000000\">L\u2019efficacit\u00e9 \u00e9nerg\u00e9tique dans les transports :<\/span><\/h4>\n[\/et_pb_text][et_pb_image _builder_version=\u00a0\u00bb3.17.6&Prime; src=\u00a0\u00bbhttps:\/\/etab.ac-reunion.fr\/lyc-amiral-bouvet\/wp-content\/uploads\/sites\/15\/2018\/11\/EE04.jpg\u00a0\u00bb align=\u00a0\u00bbcenter\u00a0\u00bb \/][\/et_pb_column][\/et_pb_row][et_pb_row][et_pb_column type=\u00a0\u00bb1_2&Prime;][et_pb_image _builder_version=\u00a0\u00bb3.17.6&Prime; src=\u00a0\u00bbhttps:\/\/etab.ac-reunion.fr\/lyc-amiral-bouvet\/wp-content\/uploads\/sites\/15\/2018\/11\/EE05.jpg\u00a0\u00bb \/][\/et_pb_column][et_pb_column type=\u00a0\u00bb1_2&Prime;][et_pb_image _builder_version=\u00a0\u00bb3.17.6&Prime; src=\u00a0\u00bbhttps:\/\/etab.ac-reunion.fr\/lyc-amiral-bouvet\/wp-content\/uploads\/sites\/15\/2018\/11\/EE06.jpg\u00a0\u00bb \/][\/et_pb_column][\/et_pb_row][\/et_pb_section]\n","protected":false},"excerpt":{"rendered":"<p><div class=\"et_pb_row et_pb_row_0 et_pb_row_empty\">\n\t\t\t\t\n\t\t\t\t\n\t\t\t\t\n\t\t\t\t\n\t\t\t\t\n\t\t\t<\/div> E.E : \u00c9nergie Environnement La sp\u00e9cialit\u00e9 Energie et Environnement explore la gestion, le transport, la distribution et l\u2019utilisation de l\u2019\u00e9nergie. Elle apporte les comp\u00e9tences n\u00e9cessaires pour appr\u00e9hender l\u2019efficacit\u00e9 \u00e9nerg\u00e9tique de tous les syst\u00e8mes ainsi que leur impact sur l\u2019environnement et l\u2019optimisation du cycle de vie : <div class=\"et_pb_row et_pb_row_1 et_pb_row_empty\">\n\t\t\t\t\n\t\t\t\t\n\t\t\t\t\n\t\t\t\t\n\t\t\t\t\n\t\t\t<\/div> Les \u00e9nergies renouvelables : solaire, hydraulique, \u00e9olien, [&hellip;]<\/p>\n","protected":false},"author":3308,"featured_media":0,"parent":0,"menu_order":0,"comment_status":"closed","ping_status":"closed","template":"","meta":{"_et_pb_use_builder":"on","_et_pb_old_content":"","_et_gb_content_width":"","footnotes":"","_links_to":"","_links_to_target":""},"class_list":["post-7109","page","type-page","status-publish","hentry"],"_links":{"self":[{"href":"https:\/\/etab.ac-reunion.fr\/lyc-amiral-bouvet\/wp-json\/wp\/v2\/pages\/7109","targetHints":{"allow":["GET"]}}],"collection":[{"href":"https:\/\/etab.ac-reunion.fr\/lyc-amiral-bouvet\/wp-json\/wp\/v2\/pages"}],"about":[{"href":"https:\/\/etab.ac-reunion.fr\/lyc-amiral-bouvet\/wp-json\/wp\/v2\/types\/page"}],"author":[{"embeddable":true,"href":"https:\/\/etab.ac-reunion.fr\/lyc-amiral-bouvet\/wp-json\/wp\/v2\/users\/3308"}],"replies":[{"embeddable":true,"href":"https:\/\/etab.ac-reunion.fr\/lyc-amiral-bouvet\/wp-json\/wp\/v2\/comments?post=7109"}],"version-history":[{"count":7,"href":"https:\/\/etab.ac-reunion.fr\/lyc-amiral-bouvet\/wp-json\/wp\/v2\/pages\/7109\/revisions"}],"predecessor-version":[{"id":7126,"href":"https:\/\/etab.ac-reunion.fr\/lyc-amiral-bouvet\/wp-json\/wp\/v2\/pages\/7109\/revisions\/7126"}],"wp:attachment":[{"href":"https:\/\/etab.ac-reunion.fr\/lyc-amiral-bouvet\/wp-json\/wp\/v2\/media?parent=7109"}],"curies":[{"name":"wp","href":"https:\/\/api.w.org\/{rel}","templated":true}]}}