{"id":7124,"date":"2018-11-11T09:19:45","date_gmt":"2018-11-11T05:19:45","guid":{"rendered":"http:\/\/lycee-amiral-bouvet.ac-reunion.fr\/?page_id=7124"},"modified":"2018-11-11T10:22:53","modified_gmt":"2018-11-11T06:22:53","slug":"i-t-e-c","status":"publish","type":"page","link":"https:\/\/etab.ac-reunion.fr\/lyc-amiral-bouvet\/i-t-e-c\/","title":{"rendered":"I.T.E.C"},"content":{"rendered":"[et_pb_section bb_built=\u00a0\u00bb1&Prime;][et_pb_row][et_pb_column type=\u00a0\u00bb4_4&Prime;][et_pb_text _builder_version=\u00a0\u00bb3.17.6&Prime;]\n<h1 style=\"text-align: center\"><span style=\"text-decoration: underline;color: #ff0000\"><span><strong>I.T.E.C : Innovation Technologie et Eco -Conception<\/strong> <\/span><\/span><\/h1>\n[\/et_pb_text][et_pb_text _builder_version=\u00a0\u00bb3.17.6&Prime;]\n<h4 style=\"text-align: left\"><span style=\"color: #000000\"><strong>Cette sp\u00e9cialit\u00e9 explore l&rsquo;\u00e9tude et la recherche de solutions techniques innovantes relatives aux produits manufactur\u00e9s en int\u00e9grant la dimension design et ergonomie.<\/strong><\/span><\/h4>\n<h4 style=\"text-align: left\"><span style=\"color: #000000\"><strong>Elle apporte les comp\u00e9tences n\u00e9cessaires \u00e0 l&rsquo;analyse, l&rsquo;\u00e9co conception et l&rsquo;int\u00e9gration dans son environnement d&rsquo;un syst\u00e8me dans une d\u00e9marche de d\u00e9veloppement durable.<\/strong><\/span><\/h4>\n[\/et_pb_text][\/et_pb_column][\/et_pb_row][et_pb_row][et_pb_column type=\u00a0\u00bb1_3&Prime;][et_pb_text _builder_version=\u00a0\u00bb3.17.6&Prime;]\n<h4 style=\"text-align: center\"><span style=\"color: #000000\"><strong>Mod\u00e9lisation 3d<\/strong><\/span><\/h4>\n[\/et_pb_text][et_pb_image _builder_version=\u00a0\u00bb3.17.6&Prime; src=\u00a0\u00bbhttps:\/\/etab.ac-reunion.fr\/lyc-amiral-bouvet\/wp-content\/uploads\/sites\/15\/2018\/11\/itec-01.jpg\u00a0\u00bb align=\u00a0\u00bbcenter\u00a0\u00bb \/][et_pb_text _builder_version=\u00a0\u00bb3.17.6&Prime;]\n<h4 style=\"text-align: center\"><span style=\"color: #000000\"><strong>D\u00e9sign et ergonomie<br \/><\/strong><\/span><\/h4>\n[\/et_pb_text][et_pb_image _builder_version=\u00a0\u00bb3.17.6&Prime; src=\u00a0\u00bbhttps:\/\/etab.ac-reunion.fr\/lyc-amiral-bouvet\/wp-content\/uploads\/sites\/15\/2018\/11\/ITEC-05.jpg\u00a0\u00bb align=\u00a0\u00bbcenter\u00a0\u00bb \/][et_pb_text _builder_version=\u00a0\u00bb3.17.6&Prime;]\n<h4 style=\"text-align: center\"><span style=\"color: #000000\"><strong>Cr\u00e9ation \/ Innovation<br \/><\/strong><\/span><\/h4>\n[\/et_pb_text][et_pb_image _builder_version=\u00a0\u00bb3.17.6&Prime; src=\u00a0\u00bbhttps:\/\/etab.ac-reunion.fr\/lyc-amiral-bouvet\/wp-content\/uploads\/sites\/15\/2018\/11\/ITEC-10.jpg\u00a0\u00bb align=\u00a0\u00bbcenter\u00a0\u00bb \/][\/et_pb_column][et_pb_column type=\u00a0\u00bb1_3&Prime;][et_pb_text _builder_version=\u00a0\u00bb3.17.6&Prime;]\n<h4 style=\"text-align: center\"><span style=\"color: #000000\"><strong>Analyse comportementale <\/strong><\/span><\/h4>\n[\/et_pb_text][et_pb_image _builder_version=\u00a0\u00bb3.17.6&Prime; src=\u00a0\u00bbhttps:\/\/etab.ac-reunion.fr\/lyc-amiral-bouvet\/wp-content\/uploads\/sites\/15\/2018\/11\/ITEC-03.jpg\u00a0\u00bb align=\u00a0\u00bbcenter\u00a0\u00bb \/][et_pb_text _builder_version=\u00a0\u00bb3.17.6&Prime;]\n<h4 style=\"text-align: center\"><span style=\"color: #000000\"><strong>R\u00e9alisation \/ Prototypage <br \/><\/strong><\/span><\/h4>\n[\/et_pb_text][et_pb_image _builder_version=\u00a0\u00bb3.17.6&Prime; src=\u00a0\u00bbhttps:\/\/etab.ac-reunion.fr\/lyc-amiral-bouvet\/wp-content\/uploads\/sites\/15\/2018\/11\/ITEC-04.jpg\u00a0\u00bb align=\u00a0\u00bbcenter\u00a0\u00bb \/][et_pb_text _builder_version=\u00a0\u00bb3.17.6&Prime;]\n<h4 style=\"text-align: center\"><span style=\"color: #000000\"><strong>\u00c9tude des proc\u00e9d\u00e9s des mat\u00e9riaux <br \/><\/strong><\/span><\/h4>\n[\/et_pb_text][et_pb_image _builder_version=\u00a0\u00bb3.17.6&Prime; src=\u00a0\u00bbhttps:\/\/etab.ac-reunion.fr\/lyc-amiral-bouvet\/wp-content\/uploads\/sites\/15\/2018\/11\/itec-12.jpg\u00a0\u00bb align=\u00a0\u00bbcenter\u00a0\u00bb \/][\/et_pb_column][et_pb_column type=\u00a0\u00bb1_3&Prime;][et_pb_text _builder_version=\u00a0\u00bb3.17.6&Prime;]\n<h4 style=\"text-align: center\"><span style=\"color: #000000\"><strong>\u00c9tude des syst\u00e8mes <br \/><\/strong><\/span><\/h4>\n[\/et_pb_text][et_pb_image _builder_version=\u00a0\u00bb3.17.6&Prime; src=\u00a0\u00bbhttps:\/\/etab.ac-reunion.fr\/lyc-amiral-bouvet\/wp-content\/uploads\/sites\/15\/2018\/11\/ITEC-08.png\u00a0\u00bb align=\u00a0\u00bbcenter\u00a0\u00bb \/][et_pb_text _builder_version=\u00a0\u00bb3.17.6&Prime;]\n<h4 style=\"text-align: center\"><span style=\"color: #000000\"><strong>\u00c9tude des mat\u00e9riaux<br \/><\/strong><\/span><\/h4>\n[\/et_pb_text][et_pb_image _builder_version=\u00a0\u00bb3.17.6&Prime; src=\u00a0\u00bbhttps:\/\/etab.ac-reunion.fr\/lyc-amiral-bouvet\/wp-content\/uploads\/sites\/15\/2018\/11\/ITEC-11.png\u00a0\u00bb align=\u00a0\u00bbcenter\u00a0\u00bb \/][et_pb_text _builder_version=\u00a0\u00bb3.17.6&Prime;]\n<h4 style=\"text-align: center\"><span style=\"color: #000000\"><strong>Eco-Conception<br \/><\/strong><\/span><\/h4>\n[\/et_pb_text][et_pb_image _builder_version=\u00a0\u00bb3.17.6&Prime; src=\u00a0\u00bbhttps:\/\/etab.ac-reunion.fr\/lyc-amiral-bouvet\/wp-content\/uploads\/sites\/15\/2018\/11\/ITEC-13.jpg\u00a0\u00bb align=\u00a0\u00bbcenter\u00a0\u00bb \/][\/et_pb_column][\/et_pb_row][\/et_pb_section]\n","protected":false},"excerpt":{"rendered":"<p><div class=\"et_pb_row et_pb_row_0 et_pb_row_empty\">\n\t\t\t\t\n\t\t\t\t\n\t\t\t\t\n\t\t\t\t\n\t\t\t\t\n\t\t\t<\/div> I.T.E.C : Innovation Technologie et Eco -Conception Cette sp\u00e9cialit\u00e9 explore l&rsquo;\u00e9tude et la recherche de solutions techniques innovantes relatives aux produits manufactur\u00e9s en int\u00e9grant la dimension design et ergonomie. Elle apporte les comp\u00e9tences n\u00e9cessaires \u00e0 l&rsquo;analyse, l&rsquo;\u00e9co conception et l&rsquo;int\u00e9gration dans son environnement d&rsquo;un syst\u00e8me dans une d\u00e9marche de d\u00e9veloppement durable. <div class=\"et_pb_row et_pb_row_1 et_pb_row_empty\">\n\t\t\t\t\n\t\t\t\t\n\t\t\t\t\n\t\t\t\t\n\t\t\t\t\n\t\t\t<\/div> Mod\u00e9lisation 3d [&hellip;]<\/p>\n","protected":false},"author":3308,"featured_media":0,"parent":0,"menu_order":0,"comment_status":"closed","ping_status":"closed","template":"","meta":{"_et_pb_use_builder":"on","_et_pb_old_content":"","_et_gb_content_width":"","footnotes":"","_links_to":"","_links_to_target":""},"class_list":["post-7124","page","type-page","status-publish","hentry"],"_links":{"self":[{"href":"https:\/\/etab.ac-reunion.fr\/lyc-amiral-bouvet\/wp-json\/wp\/v2\/pages\/7124","targetHints":{"allow":["GET"]}}],"collection":[{"href":"https:\/\/etab.ac-reunion.fr\/lyc-amiral-bouvet\/wp-json\/wp\/v2\/pages"}],"about":[{"href":"https:\/\/etab.ac-reunion.fr\/lyc-amiral-bouvet\/wp-json\/wp\/v2\/types\/page"}],"author":[{"embeddable":true,"href":"https:\/\/etab.ac-reunion.fr\/lyc-amiral-bouvet\/wp-json\/wp\/v2\/users\/3308"}],"replies":[{"embeddable":true,"href":"https:\/\/etab.ac-reunion.fr\/lyc-amiral-bouvet\/wp-json\/wp\/v2\/comments?post=7124"}],"version-history":[{"count":5,"href":"https:\/\/etab.ac-reunion.fr\/lyc-amiral-bouvet\/wp-json\/wp\/v2\/pages\/7124\/revisions"}],"predecessor-version":[{"id":7144,"href":"https:\/\/etab.ac-reunion.fr\/lyc-amiral-bouvet\/wp-json\/wp\/v2\/pages\/7124\/revisions\/7144"}],"wp:attachment":[{"href":"https:\/\/etab.ac-reunion.fr\/lyc-amiral-bouvet\/wp-json\/wp\/v2\/media?parent=7124"}],"curies":[{"name":"wp","href":"https:\/\/api.w.org\/{rel}","templated":true}]}}