{"id":7147,"date":"2018-11-11T10:28:16","date_gmt":"2018-11-11T06:28:16","guid":{"rendered":"http:\/\/lycee-amiral-bouvet.ac-reunion.fr\/?page_id=7147"},"modified":"2018-11-11T10:55:39","modified_gmt":"2018-11-11T06:55:39","slug":"s-i-n","status":"publish","type":"page","link":"https:\/\/etab.ac-reunion.fr\/lyc-amiral-bouvet\/s-i-n\/","title":{"rendered":"S.I.N"},"content":{"rendered":"[et_pb_section bb_built=\u00a0\u00bb1&Prime;][et_pb_row][et_pb_column type=\u00a0\u00bb4_4&Prime;][et_pb_text _builder_version=\u00a0\u00bb3.17.6&Prime;]\n<h1 style=\"text-align: center\"><span style=\"text-decoration: underline\"><strong><span style=\"color: #ff0000;text-decoration: underline\">S.I.N : Syst\u00e8me d&rsquo;Informations et du Num\u00e9rique<\/span><\/strong><\/span><\/h1>\n[\/et_pb_text][et_pb_text _builder_version=\u00a0\u00bb3.17.6&Prime;]\n<h4><span style=\"color: #000000\"><strong>Cette sp\u00e9cialit\u00e9 porte sur l\u2019analyse et la cr\u00e9ation de solutions techniques relatives au traitement des flux d\u2019information (voix, donn\u00e9es, images) dans les syst\u00e8mes pluri-techniques actuels qui comportent \u00e0 la fois une gestion locale et \u00e0 distance de l\u2019information. Les supports privil\u00e9gi\u00e9s sont les syst\u00e8mes de t\u00e9l\u00e9communication, les r\u00e9seaux informatiques, les produits pluri-techniques et en particulier les produits multim\u00e9dia.<\/strong><\/span><\/h4>\n[\/et_pb_text][\/et_pb_column][\/et_pb_row][et_pb_row][et_pb_column type=\u00a0\u00bb1_3&Prime;][et_pb_text _builder_version=\u00a0\u00bb3.17.6&Prime;]\n<h4 style=\"text-align: center\"><span style=\"color: #000000\"><strong>Les informations Voix \/ Donn\u00e9es \/ Images<\/strong><\/span><\/h4>\n[\/et_pb_text][et_pb_image _builder_version=\u00a0\u00bb3.17.6&Prime; src=\u00a0\u00bbhttps:\/\/etab.ac-reunion.fr\/lyc-amiral-bouvet\/wp-content\/uploads\/sites\/15\/2018\/11\/SIN-01.png\u00a0\u00bb align=\u00a0\u00bbcenter\u00a0\u00bb \/][et_pb_text _builder_version=\u00a0\u00bb3.17.6&Prime;]\n<h4 style=\"text-align: center\">Programmation et simulation<\/h4>\n[\/et_pb_text][et_pb_image _builder_version=\u00a0\u00bb3.17.6&Prime; src=\u00a0\u00bbhttps:\/\/etab.ac-reunion.fr\/lyc-amiral-bouvet\/wp-content\/uploads\/sites\/15\/2018\/11\/sin-04.jpg\u00a0\u00bb align=\u00a0\u00bbcenter\u00a0\u00bb \/][et_pb_text _builder_version=\u00a0\u00bb3.17.6&Prime;]\n<h4 style=\"text-align: center\"><strong>R\u00e9seaux et t\u00e9l\u00e9communications <\/strong><\/h4>\n[\/et_pb_text][et_pb_image _builder_version=\u00a0\u00bb3.17.6&Prime; src=\u00a0\u00bbhttps:\/\/etab.ac-reunion.fr\/lyc-amiral-bouvet\/wp-content\/uploads\/sites\/15\/2018\/11\/sin-06.png\u00a0\u00bb align=\u00a0\u00bbcenter\u00a0\u00bb \/][\/et_pb_column][et_pb_column type=\u00a0\u00bb1_3&Prime;][et_pb_text _builder_version=\u00a0\u00bb3.17.6&Prime;]\n<h4 style=\"text-align: center\"><span style=\"color: #000000\"><strong>Transmissions des donn\u00e9es<\/strong><\/span><\/h4>\n[\/et_pb_text][et_pb_image _builder_version=\u00a0\u00bb3.17.6&Prime; src=\u00a0\u00bbhttps:\/\/etab.ac-reunion.fr\/lyc-amiral-bouvet\/wp-content\/uploads\/sites\/15\/2018\/11\/SIN-02.jpg\u00a0\u00bb align=\u00a0\u00bbcenter\u00a0\u00bb \/][et_pb_text _builder_version=\u00a0\u00bb3.17.6&Prime;]\n<h4 style=\"text-align: center\"><span style=\"color: #000000\"><strong>Prototypage \/ test <\/strong><\/span><\/h4>\n[\/et_pb_text][et_pb_image _builder_version=\u00a0\u00bb3.17.6&Prime; src=\u00a0\u00bbhttps:\/\/etab.ac-reunion.fr\/lyc-amiral-bouvet\/wp-content\/uploads\/sites\/15\/2018\/11\/sin-05.jpg\u00a0\u00bb align=\u00a0\u00bbcenter\u00a0\u00bb \/][\/et_pb_column][et_pb_column type=\u00a0\u00bb1_3&Prime;][et_pb_text _builder_version=\u00a0\u00bb3.17.6&Prime;]\n<h4 style=\"text-align: center\"><span style=\"color: #000000\"><strong>Electronique<\/strong><\/span><\/h4>\n[\/et_pb_text][et_pb_image _builder_version=\u00a0\u00bb3.17.6&Prime; src=\u00a0\u00bbhttps:\/\/etab.ac-reunion.fr\/lyc-amiral-bouvet\/wp-content\/uploads\/sites\/15\/2018\/11\/sin-03.jpg\u00a0\u00bb align=\u00a0\u00bbcenter\u00a0\u00bb \/][et_pb_text _builder_version=\u00a0\u00bb3.17.6&Prime;]\n<h4 style=\"text-align: center\"><span style=\"color: #000000\"><strong>Cr\u00e9ation \/ innovation<\/strong><\/span><\/h4>\n[\/et_pb_text][et_pb_image _builder_version=\u00a0\u00bb3.17.6&Prime; src=\u00a0\u00bbhttps:\/\/etab.ac-reunion.fr\/lyc-amiral-bouvet\/wp-content\/uploads\/sites\/15\/2018\/11\/ITEC-10.jpg\u00a0\u00bb align=\u00a0\u00bbcenter\u00a0\u00bb \/][\/et_pb_column][\/et_pb_row][\/et_pb_section]\n","protected":false},"excerpt":{"rendered":"<p><div class=\"et_pb_row et_pb_row_0 et_pb_row_empty\">\n\t\t\t\t\n\t\t\t\t\n\t\t\t\t\n\t\t\t\t\n\t\t\t\t\n\t\t\t<\/div> S.I.N : Syst\u00e8me d&rsquo;Informations et du Num\u00e9rique Cette sp\u00e9cialit\u00e9 porte sur l\u2019analyse et la cr\u00e9ation de solutions techniques relatives au traitement des flux d\u2019information (voix, donn\u00e9es, images) dans les syst\u00e8mes pluri-techniques actuels qui comportent \u00e0 la fois une gestion locale et \u00e0 distance de l\u2019information. Les supports privil\u00e9gi\u00e9s sont les syst\u00e8mes de t\u00e9l\u00e9communication, les [&hellip;]<\/p>\n","protected":false},"author":3308,"featured_media":0,"parent":0,"menu_order":0,"comment_status":"closed","ping_status":"closed","template":"","meta":{"_et_pb_use_builder":"on","_et_pb_old_content":"","_et_gb_content_width":"","footnotes":"","_links_to":"","_links_to_target":""},"class_list":["post-7147","page","type-page","status-publish","hentry"],"_links":{"self":[{"href":"https:\/\/etab.ac-reunion.fr\/lyc-amiral-bouvet\/wp-json\/wp\/v2\/pages\/7147","targetHints":{"allow":["GET"]}}],"collection":[{"href":"https:\/\/etab.ac-reunion.fr\/lyc-amiral-bouvet\/wp-json\/wp\/v2\/pages"}],"about":[{"href":"https:\/\/etab.ac-reunion.fr\/lyc-amiral-bouvet\/wp-json\/wp\/v2\/types\/page"}],"author":[{"embeddable":true,"href":"https:\/\/etab.ac-reunion.fr\/lyc-amiral-bouvet\/wp-json\/wp\/v2\/users\/3308"}],"replies":[{"embeddable":true,"href":"https:\/\/etab.ac-reunion.fr\/lyc-amiral-bouvet\/wp-json\/wp\/v2\/comments?post=7147"}],"version-history":[{"count":5,"href":"https:\/\/etab.ac-reunion.fr\/lyc-amiral-bouvet\/wp-json\/wp\/v2\/pages\/7147\/revisions"}],"predecessor-version":[{"id":7160,"href":"https:\/\/etab.ac-reunion.fr\/lyc-amiral-bouvet\/wp-json\/wp\/v2\/pages\/7147\/revisions\/7160"}],"wp:attachment":[{"href":"https:\/\/etab.ac-reunion.fr\/lyc-amiral-bouvet\/wp-json\/wp\/v2\/media?parent=7147"}],"curies":[{"name":"wp","href":"https:\/\/api.w.org\/{rel}","templated":true}]}}