{"id":7195,"date":"2018-11-11T18:32:26","date_gmt":"2018-11-11T14:32:26","guid":{"rendered":"http:\/\/lycee-amiral-bouvet.ac-reunion.fr\/?page_id=7195"},"modified":"2023-09-13T18:36:36","modified_gmt":"2023-09-13T14:36:36","slug":"enseignement-superieur","status":"publish","type":"page","link":"https:\/\/etab.ac-reunion.fr\/lyc-amiral-bouvet\/enseignement-superieur\/","title":{"rendered":"Enseignement sup\u00e9rieur"},"content":{"rendered":"[et_pb_section fb_built=\u00a0\u00bb1&Prime; _builder_version=\u00a0\u00bb4.16&Prime; global_colors_info=\u00a0\u00bb{}\u00a0\u00bb][et_pb_row _builder_version=\u00a0\u00bb4.16&Prime; background_size=\u00a0\u00bbinitial\u00a0\u00bb background_position=\u00a0\u00bbtop_left\u00a0\u00bb background_repeat=\u00a0\u00bbrepeat\u00a0\u00bb global_colors_info=\u00a0\u00bb{}\u00a0\u00bb][et_pb_column type=\u00a0\u00bb4_4&Prime; _builder_version=\u00a0\u00bb4.16&Prime; custom_padding=\u00a0\u00bb|||\u00a0\u00bb global_colors_info=\u00a0\u00bb{}\u00a0\u00bb custom_padding__hover=\u00a0\u00bb|||\u00a0\u00bb][et_pb_text _builder_version=\u00a0\u00bb4.16&Prime; global_colors_info=\u00a0\u00bb{}\u00a0\u00bb]\n<h1 style=\"text-align: center\"><span style=\"text-decoration: underline\"><span style=\"color: #ff0000;text-decoration: underline\"><strong>ENSEIGNEMENTS SUP\u00c9RIEURS<\/strong> <\/span><\/span><\/h1>\n[\/et_pb_text][\/et_pb_column][\/et_pb_row][et_pb_row column_structure=\u00a0\u00bb1_2,1_2&Prime; _builder_version=\u00a0\u00bb4.16&Prime; background_size=\u00a0\u00bbinitial\u00a0\u00bb background_position=\u00a0\u00bbtop_left\u00a0\u00bb background_repeat=\u00a0\u00bbrepeat\u00a0\u00bb global_colors_info=\u00a0\u00bb{}\u00a0\u00bb][et_pb_column type=\u00a0\u00bb1_2&Prime; _builder_version=\u00a0\u00bb4.16&Prime; custom_padding=\u00a0\u00bb|||\u00a0\u00bb global_colors_info=\u00a0\u00bb{}\u00a0\u00bb custom_padding__hover=\u00a0\u00bb|||\u00a0\u00bb][et_pb_image src=\u00a0\u00bbhttps:\/\/etab.ac-reunion.fr\/lyc-amiral-bouvet\/wp-content\/uploads\/sites\/15\/2018\/11\/BTS-CIRA.jpg\u00a0\u00bb url=\u00a0\u00bbhttps:\/\/etab.ac-reunion.fr\/lyc-amiral-bouvet\/bts-cira-3\/\u00a0\u00bb url_new_window=\u00a0\u00bbon\u00a0\u00bb use_overlay=\u00a0\u00bbon\u00a0\u00bb align=\u00a0\u00bbcenter\u00a0\u00bb align_tablet=\u00a0\u00bbcenter\u00a0\u00bb align_phone=\u00a0\u00bb\u00a0\u00bb align_last_edited=\u00a0\u00bbon|desktop\u00a0\u00bb _builder_version=\u00a0\u00bb4.16&Prime; global_colors_info=\u00a0\u00bb{}\u00a0\u00bb][\/et_pb_image][et_pb_text _builder_version=\u00a0\u00bb4.22.1&Prime; _module_preset=\u00a0\u00bbdefault\u00a0\u00bb hover_enabled=\u00a0\u00bb0&Prime; global_colors_info=\u00a0\u00bb{}\u00a0\u00bb sticky_enabled=\u00a0\u00bb0&Prime;]\n<p style=\"text-align: center\"><a href=\"https:\/\/etab.ac-reunion.fr\/lyc-amiral-bouvet\/wp-content\/uploads\/sites\/15\/2021\/04\/maquette_BTS_CIRA_Bouvet_.pdf\" target=\"_blank\" rel=\"noopener\">T\u00e9l\u00e9charger la plaquette ici<\/a><\/p>\n[\/et_pb_text][et_pb_image src=\u00a0\u00bbhttps:\/\/etab.ac-reunion.fr\/lyc-amiral-bouvet\/wp-content\/uploads\/sites\/15\/2023\/09\/plaquette-cira.png\u00a0\u00bb title_text=\u00a0\u00bbplaquette cira\u00a0\u00bb show_in_lightbox=\u00a0\u00bbon\u00a0\u00bb _builder_version=\u00a0\u00bb4.22.1&Prime; _module_preset=\u00a0\u00bbdefault\u00a0\u00bb global_colors_info=\u00a0\u00bb{}\u00a0\u00bb][\/et_pb_image][\/et_pb_column][et_pb_column type=\u00a0\u00bb1_2&Prime; _builder_version=\u00a0\u00bb4.16&Prime; custom_padding=\u00a0\u00bb|||\u00a0\u00bb global_colors_info=\u00a0\u00bb{}\u00a0\u00bb custom_padding__hover=\u00a0\u00bb|||\u00a0\u00bb][et_pb_image src=\u00a0\u00bbhttps:\/\/etab.ac-reunion.fr\/lyc-amiral-bouvet\/wp-content\/uploads\/sites\/15\/2018\/11\/CPGE.jpg\u00a0\u00bb url=\u00a0\u00bbhttps:\/\/etab.ac-reunion.fr\/lyc-amiral-bouvet\/wp-content\/uploads\/sites\/15\/2023\/09\/PLAQUETTE_A4_V6.pdf\u00a0\u00bb url_new_window=\u00a0\u00bbon\u00a0\u00bb use_overlay=\u00a0\u00bbon\u00a0\u00bb align=\u00a0\u00bbcenter\u00a0\u00bb align_tablet=\u00a0\u00bbcenter\u00a0\u00bb align_phone=\u00a0\u00bb\u00a0\u00bb align_last_edited=\u00a0\u00bbon|desktop\u00a0\u00bb _builder_version=\u00a0\u00bb4.22.1&Prime; global_colors_info=\u00a0\u00bb{}\u00a0\u00bb][\/et_pb_image][et_pb_text _builder_version=\u00a0\u00bb4.22.1&Prime; _module_preset=\u00a0\u00bbdefault\u00a0\u00bb global_colors_info=\u00a0\u00bb{}\u00a0\u00bb]\n<p style=\"text-align: center\"><a href=\"https:\/\/etab.ac-reunion.fr\/lyc-amiral-bouvet\/wp-content\/uploads\/sites\/15\/2023\/09\/PLAQUETTE_A4_V6.pdf\" target=\"_blank\" rel=\"noopener\">T\u00e9l\u00e9charger la plaquette ici<\/a><\/p>\n[\/et_pb_text][et_pb_image src=\u00a0\u00bbhttps:\/\/etab.ac-reunion.fr\/lyc-amiral-bouvet\/wp-content\/uploads\/sites\/15\/2023\/09\/plaquette-cpge-01.png\u00a0\u00bb title_text=\u00a0\u00bbplaquette cpge 01&Prime; show_in_lightbox=\u00a0\u00bbon\u00a0\u00bb _builder_version=\u00a0\u00bb4.22.1&Prime; _module_preset=\u00a0\u00bbdefault\u00a0\u00bb global_colors_info=\u00a0\u00bb{}\u00a0\u00bb][\/et_pb_image][et_pb_image src=\u00a0\u00bbhttps:\/\/etab.ac-reunion.fr\/lyc-amiral-bouvet\/wp-content\/uploads\/sites\/15\/2023\/09\/plaquette-cpge-02.png\u00a0\u00bb title_text=\u00a0\u00bbplaquette cpge 02&Prime; show_in_lightbox=\u00a0\u00bbon\u00a0\u00bb _builder_version=\u00a0\u00bb4.22.1&Prime; _module_preset=\u00a0\u00bbdefault\u00a0\u00bb global_colors_info=\u00a0\u00bb{}\u00a0\u00bb][\/et_pb_image][\/et_pb_column][\/et_pb_row][\/et_pb_section]\n","protected":false},"excerpt":{"rendered":"<p>ENSEIGNEMENTS SUP\u00c9RIEURS T\u00e9l\u00e9charger la plaquette iciT\u00e9l\u00e9charger la plaquette ici<\/p>\n","protected":false},"author":3308,"featured_media":0,"parent":0,"menu_order":0,"comment_status":"closed","ping_status":"closed","template":"","meta":{"_et_pb_use_builder":"on","_et_pb_old_content":"","_et_gb_content_width":"","footnotes":"","_links_to":"","_links_to_target":""},"class_list":["post-7195","page","type-page","status-publish","hentry"],"_links":{"self":[{"href":"https:\/\/etab.ac-reunion.fr\/lyc-amiral-bouvet\/wp-json\/wp\/v2\/pages\/7195","targetHints":{"allow":["GET"]}}],"collection":[{"href":"https:\/\/etab.ac-reunion.fr\/lyc-amiral-bouvet\/wp-json\/wp\/v2\/pages"}],"about":[{"href":"https:\/\/etab.ac-reunion.fr\/lyc-amiral-bouvet\/wp-json\/wp\/v2\/types\/page"}],"author":[{"embeddable":true,"href":"https:\/\/etab.ac-reunion.fr\/lyc-amiral-bouvet\/wp-json\/wp\/v2\/users\/3308"}],"replies":[{"embeddable":true,"href":"https:\/\/etab.ac-reunion.fr\/lyc-amiral-bouvet\/wp-json\/wp\/v2\/comments?post=7195"}],"version-history":[{"count":13,"href":"https:\/\/etab.ac-reunion.fr\/lyc-amiral-bouvet\/wp-json\/wp\/v2\/pages\/7195\/revisions"}],"predecessor-version":[{"id":14888,"href":"https:\/\/etab.ac-reunion.fr\/lyc-amiral-bouvet\/wp-json\/wp\/v2\/pages\/7195\/revisions\/14888"}],"wp:attachment":[{"href":"https:\/\/etab.ac-reunion.fr\/lyc-amiral-bouvet\/wp-json\/wp\/v2\/media?parent=7195"}],"curies":[{"name":"wp","href":"https:\/\/api.w.org\/{rel}","templated":true}]}}