{"id":7595,"date":"2019-02-03T21:39:43","date_gmt":"2019-02-03T17:39:43","guid":{"rendered":"http:\/\/lycee-amiral-bouvet.ac-reunion.fr\/?page_id=7595"},"modified":"2019-02-03T21:52:49","modified_gmt":"2019-02-03T17:52:49","slug":"cross-academique","status":"publish","type":"page","link":"https:\/\/etab.ac-reunion.fr\/lyc-amiral-bouvet\/cross-academique\/","title":{"rendered":"Cross acad\u00e9mique"},"content":{"rendered":"[et_pb_section bb_built=\u00a0\u00bb1&Prime;][et_pb_row][et_pb_column type=\u00a0\u00bb1_2&Prime;][et_pb_text _builder_version=\u00a0\u00bb3.19.11&Prime;]\n<h2><span style=\"color: #ff0000\"><strong>RESULTATS <\/strong><\/span><span style=\"color: #ff0000\"><strong>DU 30 JANVIER 2019 :<\/strong><\/span><\/h2>\n<div><strong>Ihona Eboue: 30\u00e8me minime<\/strong><\/div>\n<div><strong>A\u00e9ryne Lafosse: 19\u00e8me cadette<\/strong><\/div>\n<div><strong>Perrine Jourdy: 24\u00e8me cadette<\/strong><\/div>\n<div><strong>Ma\u00ebl Payet: 35\u00e8me junior<\/strong><\/div>\n<div><strong>Simon Klenkle: 40\u00e8me junior<\/strong><\/div>\n<div><strong>Korvin Barot: 57\u00e8me junior<\/strong><\/div>\n<div>\u00a0<\/div>\n[\/et_pb_text][et_pb_image _builder_version=\u00a0\u00bb3.19.11&Prime; src=\u00a0\u00bbhttps:\/\/etab.ac-reunion.fr\/lyc-amiral-bouvet\/wp-content\/uploads\/sites\/15\/2019\/02\/IMG_9688-e1549215521868.jpg\u00a0\u00bb show_in_lightbox=\u00a0\u00bbon\u00a0\u00bb \/][\/et_pb_column][et_pb_column type=\u00a0\u00bb1_2&Prime;][et_pb_image _builder_version=\u00a0\u00bb3.19.11&Prime; src=\u00a0\u00bbhttps:\/\/etab.ac-reunion.fr\/lyc-amiral-bouvet\/wp-content\/uploads\/sites\/15\/2019\/02\/IMG_9695-e1549215501906.jpg\u00a0\u00bb show_in_lightbox=\u00a0\u00bbon\u00a0\u00bb \/][et_pb_image _builder_version=\u00a0\u00bb3.19.11&Prime; src=\u00a0\u00bbhttps:\/\/etab.ac-reunion.fr\/lyc-amiral-bouvet\/wp-content\/uploads\/sites\/15\/2019\/02\/IMG_9679.jpg\u00a0\u00bb show_in_lightbox=\u00a0\u00bbon\u00a0\u00bb \/][\/et_pb_column][\/et_pb_row][\/et_pb_section]\n","protected":false},"excerpt":{"rendered":"<p><div class=\"et_pb_row et_pb_row_0 et_pb_row_empty\">\n\t\t\t\t\n\t\t\t\t\n\t\t\t\t\n\t\t\t\t\n\t\t\t\t\n\t\t\t<\/div> RESULTATS DU 30 JANVIER 2019 :Ihona Eboue: 30\u00e8me minimeA\u00e9ryne Lafosse: 19\u00e8me cadettePerrine Jourdy: 24\u00e8me cadetteMa\u00ebl Payet: 35\u00e8me juniorSimon Klenkle: 40\u00e8me juniorKorvin Barot: 57\u00e8me junior\u00a0<\/p>\n","protected":false},"author":3308,"featured_media":0,"parent":0,"menu_order":0,"comment_status":"closed","ping_status":"closed","template":"","meta":{"_et_pb_use_builder":"on","_et_pb_old_content":"<h2><span style=\"color: #ff0000;\"><strong>RESULTATS <\/strong><\/span><span style=\"color: #ff0000;\"><strong>DU 30 JANVIER 2019 :<\/strong><\/span><\/h2><div><strong>Ihona Eboue: 30\u00e8me minime<\/strong><\/div><div><strong>A\u00e9ryne Lafosse: 19\u00e8me cadette<\/strong><\/div><div><strong>Perrine Jourdy: 24\u00e8me cadette<\/strong><\/div><div><strong>Ma\u00ebl Payet: 35\u00e8me junior<\/strong><\/div><div><strong>Simon Klenkle: 40\u00e8me junior<\/strong><\/div><div><strong>Korvin Barot: 57\u00e8me junior<\/strong><\/div><div>\u00a0<\/div><div>[su_custom_gallery source=\"media: 7599,7598,7597,7596\" limit=\"3\" link=\"image\" width=\"400\" height=\"300\"]<\/div>","_et_gb_content_width":"","footnotes":"","_links_to":"","_links_to_target":""},"class_list":["post-7595","page","type-page","status-publish","hentry"],"_links":{"self":[{"href":"https:\/\/etab.ac-reunion.fr\/lyc-amiral-bouvet\/wp-json\/wp\/v2\/pages\/7595","targetHints":{"allow":["GET"]}}],"collection":[{"href":"https:\/\/etab.ac-reunion.fr\/lyc-amiral-bouvet\/wp-json\/wp\/v2\/pages"}],"about":[{"href":"https:\/\/etab.ac-reunion.fr\/lyc-amiral-bouvet\/wp-json\/wp\/v2\/types\/page"}],"author":[{"embeddable":true,"href":"https:\/\/etab.ac-reunion.fr\/lyc-amiral-bouvet\/wp-json\/wp\/v2\/users\/3308"}],"replies":[{"embeddable":true,"href":"https:\/\/etab.ac-reunion.fr\/lyc-amiral-bouvet\/wp-json\/wp\/v2\/comments?post=7595"}],"version-history":[{"count":8,"href":"https:\/\/etab.ac-reunion.fr\/lyc-amiral-bouvet\/wp-json\/wp\/v2\/pages\/7595\/revisions"}],"predecessor-version":[{"id":7609,"href":"https:\/\/etab.ac-reunion.fr\/lyc-amiral-bouvet\/wp-json\/wp\/v2\/pages\/7595\/revisions\/7609"}],"wp:attachment":[{"href":"https:\/\/etab.ac-reunion.fr\/lyc-amiral-bouvet\/wp-json\/wp\/v2\/media?parent=7595"}],"curies":[{"name":"wp","href":"https:\/\/api.w.org\/{rel}","templated":true}]}}