{"id":7996,"date":"2019-03-08T07:22:11","date_gmt":"2019-03-08T03:22:11","guid":{"rendered":"http:\/\/lycee-amiral-bouvet.ac-reunion.fr\/?page_id=7996"},"modified":"2019-05-05T10:43:07","modified_gmt":"2019-05-05T06:43:07","slug":"bienvenue-sur-le-projet-detak-baro","status":"publish","type":"page","link":"https:\/\/etab.ac-reunion.fr\/lyc-amiral-bouvet\/bienvenue-sur-le-projet-detak-baro\/","title":{"rendered":"Bienvenue sur le site D\u00e9tak Baro"},"content":{"rendered":"[et_pb_section fb_built=\u00a0\u00bb1&Prime; admin_label=\u00a0\u00bbPage Title Section\u00a0\u00bb _builder_version=\u00a0\u00bb3.22.3&Prime; background_color=\u00a0\u00bb#000000&Prime; background_image=\u00a0\u00bbhttps:\/\/etab.ac-reunion.fr\/lyc-amiral-bouvet\/wp-content\/uploads\/sites\/15\/2019\/03\/detak-baro-banderole-2.jpg\u00a0\u00bb background_size=\u00a0\u00bbcontain\u00a0\u00bb background_position=\u00a0\u00bbbottom_center\u00a0\u00bb custom_padding=\u00a0\u00bb110px||110px|\u00a0\u00bb][et_pb_row _builder_version=\u00a0\u00bb3.22.3&Prime; background_size=\u00a0\u00bbcontain\u00a0\u00bb background_blend=\u00a0\u00bbdarken\u00a0\u00bb][et_pb_column type=\u00a0\u00bb4_4&Prime; _builder_version=\u00a0\u00bb3.0.47&Prime;][et_pb_text admin_label=\u00a0\u00bbTitle\u00a0\u00bb _builder_version=\u00a0\u00bb3.21&Prime; header_font=\u00a0\u00bbPoppins|600|||||||\u00a0\u00bb header_font_size=\u00a0\u00bb60px\u00a0\u00bb header_font_size_phone=\u00a0\u00bb40px\u00a0\u00bb header_font_size_last_edited=\u00a0\u00bbon|phone\u00a0\u00bb header_line_height=\u00a0\u00bb1.2em\u00a0\u00bb header_2_font_size=\u00a0\u00bb60px\u00a0\u00bb background_layout=\u00a0\u00bbdark\u00a0\u00bb custom_margin=\u00a0\u00bb||20px|\u00a0\u00bb custom_padding=\u00a0\u00bb|||\u00a0\u00bb animation_style=\u00a0\u00bbfade\u00a0\u00bb]\n<h1>Bienvenue sur le site D\u00e9tak Baro<\/h1>\n[\/et_pb_text][et_pb_text admin_label=\u00a0\u00bbPage Subtitle\u00a0\u00bb _builder_version=\u00a0\u00bb3.21&Prime; text_font=\u00a0\u00bbPoppins||||||||\u00a0\u00bb text_font_size=\u00a0\u00bb18px\u00a0\u00bb text_line_height=\u00a0\u00bb1.8em\u00a0\u00bb background_layout=\u00a0\u00bbdark\u00a0\u00bb animation_style=\u00a0\u00bbfade\u00a0\u00bb]\n<p>Action solidaire en faveur des personnes \u00e2g\u00e9es, organis\u00e9e par les \u00e9l\u00e8ves de la s\u00e9rie E.S du lyc\u00e9e Amiral Bouvet.<\/p>\n[\/et_pb_text][\/et_pb_column][\/et_pb_row][\/et_pb_section][et_pb_section fb_built=\u00a0\u00bb1&Prime; _builder_version=\u00a0\u00bb3.22.3&Prime; use_background_color_gradient=\u00a0\u00bbon\u00a0\u00bb background_color_gradient_start=\u00a0\u00bb#e02b20&Prime; background_color_gradient_end=\u00a0\u00bb#000000&Prime; background_color_gradient_type=\u00a0\u00bbradial\u00a0\u00bb][et_pb_row background_color_gradient_start_1=\u00a0\u00bb#e02b20&Prime; background_color_gradient_end_1=\u00a0\u00bb#000000&Prime; background_color_gradient_type_1=\u00a0\u00bbradial\u00a0\u00bb _builder_version=\u00a0\u00bb3.22.3&Prime;][et_pb_column type=\u00a0\u00bb3_5&Prime; _builder_version=\u00a0\u00bb3.0.47&Prime;][et_pb_gallery gallery_ids=\u00a0\u00bb8085,8083,8082,8091&Prime; show_title_and_caption=\u00a0\u00bboff\u00a0\u00bb show_pagination=\u00a0\u00bboff\u00a0\u00bb hover_icon=\u00a0\u00bb%%51%%\u00a0\u00bb _builder_version=\u00a0\u00bb3.20.1&Prime;][\/et_pb_gallery][\/et_pb_column][et_pb_column type=\u00a0\u00bb1_5&Prime; _builder_version=\u00a0\u00bb3.0.47&Prime;][et_pb_image src=\u00a0\u00bbhttps:\/\/etab.ac-reunion.fr\/lyc-amiral-bouvet\/wp-content\/uploads\/sites\/15\/2019\/03\/concert-spectacle-1.jpg\u00a0\u00bb url=\u00a0\u00bbhttps:\/\/www.clicanoo.re\/Societe\/Article\/2018\/10\/13\/Saint-Benoit-le-lycee-Bouvet-i-detak-baro-pour-nos-anciens_553505&Prime; url_new_window=\u00a0\u00bbon\u00a0\u00bb use_overlay=\u00a0\u00bbon\u00a0\u00bb force_fullwidth=\u00a0\u00bbon\u00a0\u00bb admin_label=\u00a0\u00bbJardinot\u00a0\u00bb _builder_version=\u00a0\u00bb3.20.1&Prime; custom_margin=\u00a0\u00bb||0px|\u00a0\u00bb][\/et_pb_image][et_pb_blurb title=\u00a0\u00bbLe parrain du projet : Thierry Jardinot\u00a0\u00bb url_new_window=\u00a0\u00bbon\u00a0\u00bb image_max_width=\u00a0\u00bb280px\u00a0\u00bb admin_label=\u00a0\u00bbLe parrain du projet : Thierry Jardinot\u00a0\u00bb _builder_version=\u00a0\u00bb3.20.1&Prime; header_font=\u00a0\u00bbOswald|||on|\u00a0\u00bb header_text_align=\u00a0\u00bbcenter\u00a0\u00bb header_font_size=\u00a0\u00bb20px\u00a0\u00bb header_letter_spacing=\u00a0\u00bb1px\u00a0\u00bb header_line_height=\u00a0\u00bb1.7em\u00a0\u00bb body_font=\u00a0\u00bbNunito||||\u00a0\u00bb body_text_align=\u00a0\u00bbcenter\u00a0\u00bb body_font_size=\u00a0\u00bb18px\u00a0\u00bb body_line_height=\u00a0\u00bb1.8em\u00a0\u00bb text_orientation=\u00a0\u00bbcenter\u00a0\u00bb background_layout=\u00a0\u00bbdark\u00a0\u00bb animation=\u00a0\u00bboff\u00a0\u00bb]\n<p>&nbsp;<\/p>\n<p>&nbsp;<\/p>\n[\/et_pb_blurb][\/et_pb_column][et_pb_column type=\u00a0\u00bb1_5&Prime; _builder_version=\u00a0\u00bb3.0.47&Prime;][et_pb_image src=\u00a0\u00bbhttps:\/\/etab.ac-reunion.fr\/lyc-amiral-bouvet\/wp-content\/uploads\/sites\/15\/2019\/03\/misty-1.png\u00a0\u00bb url=\u00a0\u00bbhttps:\/\/www.clicanoo.re\/Societe\/Article\/2018\/10\/13\/Saint-Benoit-le-lycee-Bouvet-i-detak-baro-pour-nos-anciens_553505&Prime; url_new_window=\u00a0\u00bbon\u00a0\u00bb use_overlay=\u00a0\u00bbon\u00a0\u00bb force_fullwidth=\u00a0\u00bbon\u00a0\u00bb admin_label=\u00a0\u00bbLa marraine du projet  : Misty \u00a0\u00bb _builder_version=\u00a0\u00bb3.20.1&Prime; custom_margin=\u00a0\u00bb||0px|\u00a0\u00bb][\/et_pb_image][et_pb_blurb title=\u00a0\u00bbLa marraine du projet  : Misty \u00a0\u00bb url_new_window=\u00a0\u00bbon\u00a0\u00bb image_max_width=\u00a0\u00bb280px\u00a0\u00bb admin_label=\u00a0\u00bbLa marraine du projet  : Misty \u00a0\u00bb _builder_version=\u00a0\u00bb3.20.1&Prime; header_font=\u00a0\u00bbOswald|||on|\u00a0\u00bb header_text_align=\u00a0\u00bbcenter\u00a0\u00bb header_font_size=\u00a0\u00bb20px\u00a0\u00bb header_letter_spacing=\u00a0\u00bb1px\u00a0\u00bb header_line_height=\u00a0\u00bb1.7em\u00a0\u00bb body_font=\u00a0\u00bbNunito||||\u00a0\u00bb body_text_align=\u00a0\u00bbcenter\u00a0\u00bb body_font_size=\u00a0\u00bb18px\u00a0\u00bb body_line_height=\u00a0\u00bb1.8em\u00a0\u00bb text_orientation=\u00a0\u00bbcenter\u00a0\u00bb background_layout=\u00a0\u00bbdark\u00a0\u00bb animation=\u00a0\u00bboff\u00a0\u00bb]\n<p>&nbsp;<\/p>\n[\/et_pb_blurb][\/et_pb_column][\/et_pb_row][\/et_pb_section][et_pb_section fb_built=\u00a0\u00bb1&Prime; admin_label=\u00a0\u00bbDivider Section\u00a0\u00bb _builder_version=\u00a0\u00bb3.22.3&Prime; background_color=\u00a0\u00bb#1e1d1c\u00a0\u00bb custom_padding=\u00a0\u00bb0px||0px|\u00a0\u00bb][et_pb_row _builder_version=\u00a0\u00bb3.22.3&Prime; background_size=\u00a0\u00bbinitial\u00a0\u00bb background_position=\u00a0\u00bbtop_left\u00a0\u00bb background_repeat=\u00a0\u00bbrepeat\u00a0\u00bb][et_pb_column type=\u00a0\u00bb4_4&Prime; _builder_version=\u00a0\u00bb3.0.47&Prime;][et_pb_divider color=\u00a0\u00bbrgba(255,255,255,0.12)\u00a0\u00bb divider_position=\u00a0\u00bbcenter\u00a0\u00bb _builder_version=\u00a0\u00bb3.0.93&Prime;][\/et_pb_divider][et_pb_blurb title=\u00a0\u00bbLes diff\u00e9rentes actions&#8230;\u00a0\u00bb url_new_window=\u00a0\u00bbon\u00a0\u00bb image_max_width=\u00a0\u00bb280px\u00a0\u00bb admin_label=\u00a0\u00bbLes diff\u00e9rentes actions du projet&#8230;\u00a0\u00bb _builder_version=\u00a0\u00bb3.21&Prime; header_font=\u00a0\u00bbOswald|||on|\u00a0\u00bb header_text_align=\u00a0\u00bbcenter\u00a0\u00bb header_font_size=\u00a0\u00bb20px\u00a0\u00bb header_letter_spacing=\u00a0\u00bb1px\u00a0\u00bb header_line_height=\u00a0\u00bb1.7em\u00a0\u00bb body_font=\u00a0\u00bbNunito||||\u00a0\u00bb body_text_align=\u00a0\u00bbcenter\u00a0\u00bb body_font_size=\u00a0\u00bb18px\u00a0\u00bb body_line_height=\u00a0\u00bb1.8em\u00a0\u00bb text_orientation=\u00a0\u00bbcenter\u00a0\u00bb background_layout=\u00a0\u00bbdark\u00a0\u00bb animation=\u00a0\u00bboff\u00a0\u00bb]\n<p>&nbsp;<\/p>\n<p>&nbsp;<\/p>\n[\/et_pb_blurb][\/et_pb_column][\/et_pb_row][et_pb_row _builder_version=\u00a0\u00bb3.22.3&Prime; background_size=\u00a0\u00bbinitial\u00a0\u00bb background_position=\u00a0\u00bbtop_left\u00a0\u00bb background_repeat=\u00a0\u00bbrepeat\u00a0\u00bb][et_pb_column type=\u00a0\u00bb1_2&Prime; _builder_version=\u00a0\u00bb3.0.47&Prime;][et_pb_image src=\u00a0\u00bbhttps:\/\/etab.ac-reunion.fr\/lyc-amiral-bouvet\/wp-content\/uploads\/sites\/15\/2019\/02\/AFFICHE.jpg\u00a0\u00bb show_in_lightbox=\u00a0\u00bbon\u00a0\u00bb use_overlay=\u00a0\u00bbon\u00a0\u00bb force_fullwidth=\u00a0\u00bbon\u00a0\u00bb admin_label=\u00a0\u00bbAffiche d\u00e9tak baro\u00a0\u00bb _builder_version=\u00a0\u00bb3.20.1&Prime; custom_margin=\u00a0\u00bb||0px|\u00a0\u00bb][\/et_pb_image][et_pb_text admin_label=\u00a0\u00bbAFFICHE DE PROMOTION DU SPECTACLE\u00a0\u00bb _builder_version=\u00a0\u00bb3.21&Prime;]\n<h3>\u00a0<\/h3>\n<h3 style=\"text-align: center\"><span style=\"color: #ffffff\"><strong>Affiche de promotion du spectacle\u00a0<\/strong><\/span><\/h3>\n[\/et_pb_text][\/et_pb_column][et_pb_column type=\u00a0\u00bb1_2&Prime; _builder_version=\u00a0\u00bb3.0.47&Prime;][et_pb_video src=\u00a0\u00bbhttps:\/\/etab.ac-reunion.fr\/lyc-amiral-bouvet\/wp-content\/uploads\/sites\/15\/2019\/02\/CLIP-DETAK-BARO.mp4&Prime; image_src=\u00a0\u00bbhttps:\/\/etab.ac-reunion.fr\/lyc-amiral-bouvet\/wp-content\/uploads\/sites\/15\/2019\/03\/image-clip.png\u00a0\u00bb play_icon_color=\u00a0\u00bb#e02b20&Prime; admin_label=\u00a0\u00bbVid\u00e9o clip tous coupable\u00a0\u00bb _builder_version=\u00a0\u00bb3.21&Prime;][\/et_pb_video][et_pb_text admin_label=\u00a0\u00bbVid\u00e9o clip tous solidaire \u00a0\u00bb _builder_version=\u00a0\u00bb3.21&Prime;]\n<h3 style=\"text-align: center\"><strong><span style=\"color: #ffffff\">Vid\u00e9o clip \u00ab\u00a0Tous coupables\u00a0\u00bb<br \/><\/span><\/strong><\/h3>\n[\/et_pb_text][\/et_pb_column][\/et_pb_row][et_pb_row make_equal=\u00a0\u00bbon\u00a0\u00bb background_color_1=\u00a0\u00bb#282624&Prime; background_color_2=\u00a0\u00bb#282624&Prime; background_color_3=\u00a0\u00bb#282624&Prime; admin_label=\u00a0\u00bbClasses Area\u00a0\u00bb _builder_version=\u00a0\u00bb3.22.3&Prime; max_width=\u00a0\u00bb1440px\u00a0\u00bb use_custom_width=\u00a0\u00bbon\u00a0\u00bb custom_width_px=\u00a0\u00bb1440px\u00a0\u00bb][et_pb_column type=\u00a0\u00bb1_3&Prime; _builder_version=\u00a0\u00bb3.0.47&Prime;][et_pb_image src=\u00a0\u00bbhttps:\/\/etab.ac-reunion.fr\/lyc-amiral-bouvet\/wp-content\/uploads\/sites\/15\/2019\/03\/bg-direct-voir-revoir.jpg\u00a0\u00bb url=\u00a0\u00bbhttps:\/\/etab.ac-reunion.fr\/lyc-amiral-bouvet\/wp-content\/uploads\/sites\/15\/2019\/03\/Reunion1ere_07-02_court.mp3&Prime; url_new_window=\u00a0\u00bbon\u00a0\u00bb use_overlay=\u00a0\u00bbon\u00a0\u00bb hover_icon=\u00a0\u00bb%%89%%\u00a0\u00bb force_fullwidth=\u00a0\u00bbon\u00a0\u00bb admin_label=\u00a0\u00bbIntervention radio\u00a0\u00bb _builder_version=\u00a0\u00bb3.21&Prime; custom_margin=\u00a0\u00bb||0px|\u00a0\u00bb][\/et_pb_image][et_pb_blurb title=\u00a0\u00bbIntervention radio avec Thierry Jardinot\u00a0\u00bb url_new_window=\u00a0\u00bbon\u00a0\u00bb image_max_width=\u00a0\u00bb280px\u00a0\u00bb admin_label=\u00a0\u00bbIntervention radio \u00a0\u00bb _builder_version=\u00a0\u00bb3.21&Prime; header_font=\u00a0\u00bbOswald|||on|\u00a0\u00bb header_text_align=\u00a0\u00bbcenter\u00a0\u00bb header_font_size=\u00a0\u00bb20px\u00a0\u00bb header_letter_spacing=\u00a0\u00bb1px\u00a0\u00bb header_line_height=\u00a0\u00bb1.7em\u00a0\u00bb body_font=\u00a0\u00bbNunito||||\u00a0\u00bb body_text_align=\u00a0\u00bbcenter\u00a0\u00bb body_font_size=\u00a0\u00bb18px\u00a0\u00bb body_line_height=\u00a0\u00bb1.8em\u00a0\u00bb text_orientation=\u00a0\u00bbcenter\u00a0\u00bb background_layout=\u00a0\u00bbdark\u00a0\u00bb animation=\u00a0\u00bboff\u00a0\u00bb]\n<p>&nbsp;<\/p>\n<p>&nbsp;<\/p>\n[\/et_pb_blurb][et_pb_video src=\u00a0\u00bbhttps:\/\/www.youtube.com\/watch?v=8Wvcgifa0H4&amp;t=85s&amp;fbclid=IwAR2xx_MmldicKJnDD4QErp3INd0MsBkKc9otkIpEpYzG5Sy777SYeZ6OB3w\u00a0\u00bb image_src=\u00a0\u00bbhttps:\/\/etab.ac-reunion.fr\/lyc-amiral-bouvet\/wp-content\/uploads\/sites\/15\/2019\/03\/tv-kreol.png\u00a0\u00bb play_icon_color=\u00a0\u00bb#e02b20&Prime; admin_label=\u00a0\u00bbVid\u00e9o reportage T\u00e9l\u00e9 Kr\u00e9ol 1&Prime; _builder_version=\u00a0\u00bb3.21&Prime;][\/et_pb_video][et_pb_blurb title=\u00a0\u00bbVid\u00e9o reportage T\u00e9l\u00e9 Kr\u00e9ol\u00a0\u00bb url_new_window=\u00a0\u00bbon\u00a0\u00bb image_max_width=\u00a0\u00bb280px\u00a0\u00bb admin_label=\u00a0\u00bbVid\u00e9o reportage T\u00e9l\u00e9 Kr\u00e9ol\u00a0\u00bb _builder_version=\u00a0\u00bb3.20.1&Prime; header_font=\u00a0\u00bbOswald|||on|\u00a0\u00bb header_text_align=\u00a0\u00bbcenter\u00a0\u00bb header_font_size=\u00a0\u00bb20px\u00a0\u00bb header_letter_spacing=\u00a0\u00bb1px\u00a0\u00bb header_line_height=\u00a0\u00bb1.7em\u00a0\u00bb body_font=\u00a0\u00bbNunito||||\u00a0\u00bb body_text_align=\u00a0\u00bbcenter\u00a0\u00bb body_font_size=\u00a0\u00bb18px\u00a0\u00bb body_line_height=\u00a0\u00bb1.8em\u00a0\u00bb text_orientation=\u00a0\u00bbcenter\u00a0\u00bb background_layout=\u00a0\u00bbdark\u00a0\u00bb animation=\u00a0\u00bboff\u00a0\u00bb][\/et_pb_blurb][\/et_pb_column][et_pb_column type=\u00a0\u00bb1_3&Prime; _builder_version=\u00a0\u00bb3.0.47&Prime;][et_pb_image src=\u00a0\u00bbhttps:\/\/etab.ac-reunion.fr\/lyc-amiral-bouvet\/wp-content\/uploads\/sites\/15\/2019\/03\/detab-brao-usl.png\u00a0\u00bb url=\u00a0\u00bbhttps:\/\/www.clicanoo.re\/Societe\/Article\/2018\/10\/13\/Saint-Benoit-le-lycee-Bouvet-i-detak-baro-pour-nos-anciens_553505&Prime; url_new_window=\u00a0\u00bbon\u00a0\u00bb use_overlay=\u00a0\u00bbon\u00a0\u00bb force_fullwidth=\u00a0\u00bbon\u00a0\u00bb admin_label=\u00a0\u00bbArticle de presse : Visite USLD\u00a0\u00bb _builder_version=\u00a0\u00bb3.20.1&Prime; custom_margin=\u00a0\u00bb||0px|\u00a0\u00bb][\/et_pb_image][et_pb_blurb title=\u00a0\u00bbArticle de presse : Visite USLD\u00a0\u00bb url_new_window=\u00a0\u00bbon\u00a0\u00bb image_max_width=\u00a0\u00bb280px\u00a0\u00bb admin_label=\u00a0\u00bbArticle de presse : Visite USLD\u00a0\u00bb _builder_version=\u00a0\u00bb3.20.1&Prime; header_font=\u00a0\u00bbOswald|||on|\u00a0\u00bb header_text_align=\u00a0\u00bbcenter\u00a0\u00bb header_font_size=\u00a0\u00bb20px\u00a0\u00bb header_letter_spacing=\u00a0\u00bb1px\u00a0\u00bb header_line_height=\u00a0\u00bb1.7em\u00a0\u00bb body_font=\u00a0\u00bbNunito||||\u00a0\u00bb body_text_align=\u00a0\u00bbcenter\u00a0\u00bb body_font_size=\u00a0\u00bb18px\u00a0\u00bb body_line_height=\u00a0\u00bb1.8em\u00a0\u00bb text_orientation=\u00a0\u00bbcenter\u00a0\u00bb background_layout=\u00a0\u00bbdark\u00a0\u00bb animation=\u00a0\u00bboff\u00a0\u00bb]\n<p>&nbsp;<\/p>\n[\/et_pb_blurb][et_pb_video src=\u00a0\u00bbhttps:\/\/www.youtube.com\/watch?v=LVmHXT5SLNA&amp;t=953s&amp;fbclid=IwAR0OTqEYyPAhVhoqTZOiaQxWCS7E5RcAN2zW6ekvvj1jx-rry7bn7X7TOq8&Prime; image_src=\u00a0\u00bbhttps:\/\/etab.ac-reunion.fr\/lyc-amiral-bouvet\/wp-content\/uploads\/sites\/15\/2019\/03\/la-reunion-l\u00e9-la.png\u00a0\u00bb play_icon_color=\u00a0\u00bb#e02b20&Prime; admin_label=\u00a0\u00bbVid\u00e9o reportage T\u00e9l\u00e9 Kr\u00e9ol 2&Prime; _builder_version=\u00a0\u00bb3.21&Prime;][\/et_pb_video][et_pb_blurb title=\u00a0\u00bbVid\u00e9o reportage T\u00e9l\u00e9 Kr\u00e9ol\u00a0\u00bb url_new_window=\u00a0\u00bbon\u00a0\u00bb image_max_width=\u00a0\u00bb280px\u00a0\u00bb admin_label=\u00a0\u00bbVid\u00e9o reportage T\u00e9l\u00e9 Kr\u00e9ol\u00a0\u00bb _builder_version=\u00a0\u00bb3.20.1&Prime; header_font=\u00a0\u00bbOswald|||on|\u00a0\u00bb header_text_align=\u00a0\u00bbcenter\u00a0\u00bb header_font_size=\u00a0\u00bb20px\u00a0\u00bb header_letter_spacing=\u00a0\u00bb1px\u00a0\u00bb header_line_height=\u00a0\u00bb1.7em\u00a0\u00bb body_font=\u00a0\u00bbNunito||||\u00a0\u00bb body_text_align=\u00a0\u00bbcenter\u00a0\u00bb body_font_size=\u00a0\u00bb18px\u00a0\u00bb body_line_height=\u00a0\u00bb1.8em\u00a0\u00bb text_orientation=\u00a0\u00bbcenter\u00a0\u00bb background_layout=\u00a0\u00bbdark\u00a0\u00bb animation=\u00a0\u00bboff\u00a0\u00bb][\/et_pb_blurb][\/et_pb_column][et_pb_column type=\u00a0\u00bb1_3&Prime; _builder_version=\u00a0\u00bb3.0.47&Prime;][et_pb_image src=\u00a0\u00bbhttps:\/\/etab.ac-reunion.fr\/lyc-amiral-bouvet\/wp-content\/uploads\/sites\/15\/2019\/02\/20190209_192906.jpg\u00a0\u00bb url=\u00a0\u00bbhttps:\/\/etab.ac-reunion.fr\/lyc-amiral-bouvet\/photos-et-videos-du-spectacle-detak-baro\/\u00a0\u00bb use_overlay=\u00a0\u00bbon\u00a0\u00bb force_fullwidth=\u00a0\u00bbon\u00a0\u00bb admin_label=\u00a0\u00bbles photos et vid\u00e9os du spectacle 9 f\u00e9vrier\u00a0\u00bb _builder_version=\u00a0\u00bb3.21&Prime; custom_margin=\u00a0\u00bb||0px|\u00a0\u00bb locked=\u00a0\u00bboff\u00a0\u00bb][\/et_pb_image][et_pb_blurb title=\u00a0\u00bbles photos et vid\u00e9os du spectacle 9 f\u00e9vrier\u00a0\u00bb url_new_window=\u00a0\u00bbon\u00a0\u00bb image_max_width=\u00a0\u00bb280px\u00a0\u00bb admin_label=\u00a0\u00bbles photos et vid\u00e9os du spectacle 9 janvier\u00a0\u00bb _builder_version=\u00a0\u00bb3.21&Prime; header_font=\u00a0\u00bbOswald|||on|\u00a0\u00bb header_text_align=\u00a0\u00bbcenter\u00a0\u00bb header_font_size=\u00a0\u00bb20px\u00a0\u00bb header_letter_spacing=\u00a0\u00bb1px\u00a0\u00bb header_line_height=\u00a0\u00bb1.7em\u00a0\u00bb body_font=\u00a0\u00bbNunito||||\u00a0\u00bb body_text_align=\u00a0\u00bbcenter\u00a0\u00bb body_font_size=\u00a0\u00bb18px\u00a0\u00bb body_line_height=\u00a0\u00bb1.8em\u00a0\u00bb text_orientation=\u00a0\u00bbcenter\u00a0\u00bb background_layout=\u00a0\u00bbdark\u00a0\u00bb animation=\u00a0\u00bboff\u00a0\u00bb][\/et_pb_blurb][et_pb_image src=\u00a0\u00bbhttps:\/\/etab.ac-reunion.fr\/lyc-amiral-bouvet\/wp-content\/uploads\/sites\/15\/2019\/02\/IMG-20190225-WA0006-1.jpg\u00a0\u00bb url=\u00a0\u00bbhttps:\/\/etab.ac-reunion.fr\/lyc-amiral-bouvet\/photos-et-videos-du-bal-la-poussier\/\u00a0\u00bb url_new_window=\u00a0\u00bbon\u00a0\u00bb use_overlay=\u00a0\u00bbon\u00a0\u00bb force_fullwidth=\u00a0\u00bbon\u00a0\u00bb admin_label=\u00a0\u00bbles photos et vid\u00e9os du bal la poussi\u00e8r \u00a0\u00bb _builder_version=\u00a0\u00bb3.21&Prime; custom_margin=\u00a0\u00bb||0px|\u00a0\u00bb][\/et_pb_image][et_pb_blurb title=\u00a0\u00bbles photos et vid\u00e9os du bal la poussi\u00e8r \u00a0\u00bb url_new_window=\u00a0\u00bbon\u00a0\u00bb image_max_width=\u00a0\u00bb280px\u00a0\u00bb admin_label=\u00a0\u00bbles photos et vid\u00e9os du bal la poussi\u00e8r \u00a0\u00bb _builder_version=\u00a0\u00bb3.20.1&Prime; header_font=\u00a0\u00bbOswald|||on|\u00a0\u00bb header_text_align=\u00a0\u00bbcenter\u00a0\u00bb header_font_size=\u00a0\u00bb20px\u00a0\u00bb header_letter_spacing=\u00a0\u00bb1px\u00a0\u00bb header_line_height=\u00a0\u00bb1.7em\u00a0\u00bb body_font=\u00a0\u00bbNunito||||\u00a0\u00bb body_text_align=\u00a0\u00bbcenter\u00a0\u00bb body_font_size=\u00a0\u00bb18px\u00a0\u00bb body_line_height=\u00a0\u00bb1.8em\u00a0\u00bb text_orientation=\u00a0\u00bbcenter\u00a0\u00bb background_layout=\u00a0\u00bbdark\u00a0\u00bb animation=\u00a0\u00bboff\u00a0\u00bb][\/et_pb_blurb][\/et_pb_column][\/et_pb_row][et_pb_row _builder_version=\u00a0\u00bb3.22.3&Prime; background_size=\u00a0\u00bbinitial\u00a0\u00bb background_position=\u00a0\u00bbtop_left\u00a0\u00bb background_repeat=\u00a0\u00bbrepeat\u00a0\u00bb][et_pb_column type=\u00a0\u00bb1_2&Prime; _builder_version=\u00a0\u00bb3.0.47&Prime;][et_pb_image src=\u00a0\u00bbhttps:\/\/etab.ac-reunion.fr\/lyc-amiral-bouvet\/wp-content\/uploads\/sites\/15\/2019\/03\/facebook-live.png\u00a0\u00bb show_in_lightbox=\u00a0\u00bbon\u00a0\u00bb use_overlay=\u00a0\u00bbon\u00a0\u00bb force_fullwidth=\u00a0\u00bbon\u00a0\u00bb admin_label=\u00a0\u00bbFacebook live\u00a0\u00bb _builder_version=\u00a0\u00bb3.21&Prime; custom_margin=\u00a0\u00bb||0px|\u00a0\u00bb][\/et_pb_image][et_pb_blurb title=\u00a0\u00bbFacebook live avec plus de 11 000 vues\u00a0\u00bb url_new_window=\u00a0\u00bbon\u00a0\u00bb image_max_width=\u00a0\u00bb280px\u00a0\u00bb admin_label=\u00a0\u00bbFacebook live\u00a0\u00bb _builder_version=\u00a0\u00bb3.20.1&Prime; header_font=\u00a0\u00bbOswald|||on|\u00a0\u00bb header_text_align=\u00a0\u00bbcenter\u00a0\u00bb header_font_size=\u00a0\u00bb20px\u00a0\u00bb header_letter_spacing=\u00a0\u00bb1px\u00a0\u00bb header_line_height=\u00a0\u00bb1.7em\u00a0\u00bb body_font=\u00a0\u00bbNunito||||\u00a0\u00bb body_text_align=\u00a0\u00bbcenter\u00a0\u00bb body_font_size=\u00a0\u00bb18px\u00a0\u00bb body_line_height=\u00a0\u00bb1.8em\u00a0\u00bb text_orientation=\u00a0\u00bbcenter\u00a0\u00bb background_layout=\u00a0\u00bbdark\u00a0\u00bb animation=\u00a0\u00bboff\u00a0\u00bb]\n<p>&nbsp;<\/p>\n[\/et_pb_blurb][\/et_pb_column][et_pb_column type=\u00a0\u00bb1_2&Prime; _builder_version=\u00a0\u00bb3.0.47&Prime;][et_pb_video src=\u00a0\u00bbhttps:\/\/www.youtube.com\/watch?v=LAJuhhfFjUE\u00a0\u00bb play_icon_color=\u00a0\u00bb#e02b20&Prime; admin_label=\u00a0\u00bbVid\u00e9o reportage R\u00e9union Premi\u00e8re\u00a0\u00bb _builder_version=\u00a0\u00bb3.21&Prime;][\/et_pb_video][et_pb_blurb title=\u00a0\u00bbVid\u00e9o reportage R\u00e9union Premi\u00e8re\u00a0\u00bb url_new_window=\u00a0\u00bbon\u00a0\u00bb image_max_width=\u00a0\u00bb280px\u00a0\u00bb admin_label=\u00a0\u00bbVid\u00e9o reportage R\u00e9union Premi\u00e8re\u00a0\u00bb _builder_version=\u00a0\u00bb3.20.1&Prime; header_font=\u00a0\u00bbOswald|||on|\u00a0\u00bb header_text_align=\u00a0\u00bbcenter\u00a0\u00bb header_font_size=\u00a0\u00bb20px\u00a0\u00bb header_letter_spacing=\u00a0\u00bb1px\u00a0\u00bb header_line_height=\u00a0\u00bb1.7em\u00a0\u00bb body_font=\u00a0\u00bbNunito||||\u00a0\u00bb body_text_align=\u00a0\u00bbcenter\u00a0\u00bb body_font_size=\u00a0\u00bb18px\u00a0\u00bb body_line_height=\u00a0\u00bb1.8em\u00a0\u00bb text_orientation=\u00a0\u00bbcenter\u00a0\u00bb background_layout=\u00a0\u00bbdark\u00a0\u00bb animation=\u00a0\u00bboff\u00a0\u00bb]\n<p>&nbsp;<\/p>\n[\/et_pb_blurb][\/et_pb_column][\/et_pb_row][et_pb_row _builder_version=\u00a0\u00bb3.22.3&Prime; background_size=\u00a0\u00bbinitial\u00a0\u00bb background_position=\u00a0\u00bbtop_left\u00a0\u00bb background_repeat=\u00a0\u00bbrepeat\u00a0\u00bb][et_pb_column type=\u00a0\u00bb4_4&Prime; _builder_version=\u00a0\u00bb3.0.47&Prime;][et_pb_divider color=\u00a0\u00bb#e02b20&Prime; divider_position=\u00a0\u00bbcenter\u00a0\u00bb divider_weight=\u00a0\u00bb3px\u00a0\u00bb _builder_version=\u00a0\u00bb3.20.1&Prime; max_width=\u00a0\u00bb50px\u00a0\u00bb module_alignment=\u00a0\u00bbcenter\u00a0\u00bb animation_style=\u00a0\u00bbslide\u00a0\u00bb animation_direction=\u00a0\u00bbtop\u00a0\u00bb animation_intensity_slide=\u00a0\u00bb10%\u00a0\u00bb animation_starting_opacity=\u00a0\u00bb100%\u00a0\u00bb][\/et_pb_divider][\/et_pb_column][\/et_pb_row][\/et_pb_section]\n","protected":false},"excerpt":{"rendered":"<p>Bienvenue sur le site D\u00e9tak Baro Action solidaire en faveur des personnes \u00e2g\u00e9es, organis\u00e9e par les \u00e9l\u00e8ves de la s\u00e9rie E.S du lyc\u00e9e Amiral Bouvet. &nbsp; &nbsp; &nbsp; &nbsp; &nbsp; \u00a0 Affiche de promotion du spectacle\u00a0 Vid\u00e9o clip \u00ab\u00a0Tous coupables\u00a0\u00bb&nbsp; &nbsp; &nbsp; &nbsp; &nbsp;<\/p>\n","protected":false},"author":3308,"featured_media":0,"parent":0,"menu_order":0,"comment_status":"closed","ping_status":"closed","template":"","meta":{"_et_pb_use_builder":"on","_et_pb_old_content":"","_et_gb_content_width":"","footnotes":"","_links_to":"","_links_to_target":""},"class_list":["post-7996","page","type-page","status-publish","hentry"],"_links":{"self":[{"href":"https:\/\/etab.ac-reunion.fr\/lyc-amiral-bouvet\/wp-json\/wp\/v2\/pages\/7996","targetHints":{"allow":["GET"]}}],"collection":[{"href":"https:\/\/etab.ac-reunion.fr\/lyc-amiral-bouvet\/wp-json\/wp\/v2\/pages"}],"about":[{"href":"https:\/\/etab.ac-reunion.fr\/lyc-amiral-bouvet\/wp-json\/wp\/v2\/types\/page"}],"author":[{"embeddable":true,"href":"https:\/\/etab.ac-reunion.fr\/lyc-amiral-bouvet\/wp-json\/wp\/v2\/users\/3308"}],"replies":[{"embeddable":true,"href":"https:\/\/etab.ac-reunion.fr\/lyc-amiral-bouvet\/wp-json\/wp\/v2\/comments?post=7996"}],"version-history":[{"count":84,"href":"https:\/\/etab.ac-reunion.fr\/lyc-amiral-bouvet\/wp-json\/wp\/v2\/pages\/7996\/revisions"}],"predecessor-version":[{"id":8504,"href":"https:\/\/etab.ac-reunion.fr\/lyc-amiral-bouvet\/wp-json\/wp\/v2\/pages\/7996\/revisions\/8504"}],"wp:attachment":[{"href":"https:\/\/etab.ac-reunion.fr\/lyc-amiral-bouvet\/wp-json\/wp\/v2\/media?parent=7996"}],"curies":[{"name":"wp","href":"https:\/\/api.w.org\/{rel}","templated":true}]}}