{"id":1901,"date":"2021-08-24T13:30:23","date_gmt":"2021-08-24T09:30:23","guid":{"rendered":"http:\/\/lycee-amiral-lacaze.ac-reunion.fr\/?page_id=1901"},"modified":"2026-04-24T09:54:16","modified_gmt":"2026-04-24T05:54:16","slug":"bienvenue-2","status":"publish","type":"page","link":"https:\/\/etab.ac-reunion.fr\/lyc-amiral-lacaze\/bienvenue-2\/","title":{"rendered":"Bienvenue sur le site du Lyc\u00e9e Amiral Lacaze!"},"content":{"rendered":"\n<h2 class=\"wp-block-heading has-text-align-center\">Actualit\u00e9s<\/h2>\n\n\n\n<pre class=\"wp-block-code\"><code><\/code><\/pre>\n\n\n\n\n\n\n<hr class=\"wp-block-separator has-alpha-channel-opacity\" \/>\n\n\n\n<h2 class=\"wp-block-heading has-text-align-center\">Bienvenue ! <\/h2>\n\n\n\n<p class=\"has-text-align-center\">\u00c9l\u00e8ves, \u00c9tudiants, Parents, Professionnels de l&rsquo;\u00e9ducation et de l&rsquo;industrie, nous esp\u00e9rons que vous trouverez sur notre site toutes les informations que vous d\u00e9sirez sur le lyc\u00e9e et les formations que nous proposons.<\/p>\n\n\n\n<div class=\"wp-block-columns is-layout-flex wp-container-core-columns-is-layout-9d6595d7 wp-block-columns-is-layout-flex\">\n<div class=\"wp-block-column is-layout-flow wp-block-column-is-layout-flow\"><\/div>\n\n\n\n<div class=\"wp-block-column is-layout-flow wp-block-column-is-layout-flow\" style=\"flex-basis:600px\"><div class=\"su-youtube su-u-responsive-media-no\"><iframe loading=\"lazy\" width=\"600\" height=\"400\" src=\"https:\/\/www.youtube.com\/embed\/OWvXcLzY0x8?autoplay=1\" frameborder=\"0\" allowfullscreen allow=\"autoplay; encrypted-media; picture-in-picture\" title=\"\"><\/iframe><\/div>\n<\/div>\n\n\n\n<div class=\"wp-block-column is-layout-flow wp-block-column-is-layout-flow\"><\/div>\n<\/div>\n\n\n\n<p class=\"has-text-align-center\">Si vous avez des questions, n&rsquo;h\u00e9sitez pas \u00e0 nous contacter gr\u00e2ce au <a href=\"https:\/\/etab.ac-reunion.fr\/lyc-amiral-lacaze\/contact\/page-test-formulaire-2-1\/\" data-type=\"link\" data-id=\"https:\/\/etab.ac-reunion.fr\/lyc-amiral-lacaze\/contact\/page-test-formulaire-2-1\/\">formulaire de contact<\/a>.<br>Bonne navigation !<\/p>\n\n\n\n<hr class=\"wp-block-separator has-alpha-channel-opacity\" \/>\n\n\n\n<h2 class=\"wp-block-heading has-text-align-center\">Galerie photo du lyc\u00e9e<\/h2>\n\n\n<div class=\"su-image-carousel  su-image-carousel-columns-5 su-image-carousel-has-spacing su-image-carousel-crop su-image-carousel-crop-4-3 su-image-carousel-has-lightbox su-image-carousel-has-outline su-image-carousel-adaptive su-image-carousel-slides-style-default su-image-carousel-controls-style-dark su-image-carousel-align-center\" style=\"\" data-flickity-options='{\"groupCells\":true,\"cellSelector\":\".su-image-carousel-item\",\"adaptiveHeight\":false,\"cellAlign\":\"left\",\"prevNextButtons\":true,\"pageDots\":true,\"autoPlay\":10000,\"imagesLoaded\":true,\"contain\":true,\"selectedAttraction\":0.007,\"friction\":0.25}' id=\"su_image_carousel_6a0757a22058b\"><div class=\"su-image-carousel-item\"><div class=\"su-image-carousel-item-content\"><a href=\"https:\/\/etab.ac-reunion.fr\/lyc-amiral-lacaze\/wp-content\/uploads\/sites\/52\/2021\/09\/5EF68146-A645-4292-A5A0-525ABD0341E9-scaled.jpeg\" data-caption=\"\"><img loading=\"lazy\" decoding=\"async\" width=\"768\" height=\"576\" src=\"https:\/\/etab.ac-reunion.fr\/lyc-amiral-lacaze\/wp-content\/uploads\/sites\/52\/2021\/09\/5EF68146-A645-4292-A5A0-525ABD0341E9-768x576.jpeg\" class=\"\" alt=\"\" srcset=\"https:\/\/etab.ac-reunion.fr\/lyc-amiral-lacaze\/wp-content\/uploads\/sites\/52\/2021\/09\/5EF68146-A645-4292-A5A0-525ABD0341E9-768x576.jpeg 768w, https:\/\/etab.ac-reunion.fr\/lyc-amiral-lacaze\/wp-content\/uploads\/sites\/52\/2021\/09\/5EF68146-A645-4292-A5A0-525ABD0341E9-300x225.jpeg 300w, https:\/\/etab.ac-reunion.fr\/lyc-amiral-lacaze\/wp-content\/uploads\/sites\/52\/2021\/09\/5EF68146-A645-4292-A5A0-525ABD0341E9-400x300.jpeg 400w, https:\/\/etab.ac-reunion.fr\/lyc-amiral-lacaze\/wp-content\/uploads\/sites\/52\/2021\/09\/5EF68146-A645-4292-A5A0-525ABD0341E9-1536x1152.jpeg 1536w, https:\/\/etab.ac-reunion.fr\/lyc-amiral-lacaze\/wp-content\/uploads\/sites\/52\/2021\/09\/5EF68146-A645-4292-A5A0-525ABD0341E9-2048x1536.jpeg 2048w, https:\/\/etab.ac-reunion.fr\/lyc-amiral-lacaze\/wp-content\/uploads\/sites\/52\/2021\/09\/5EF68146-A645-4292-A5A0-525ABD0341E9-150x113.jpeg 150w\" sizes=\"auto, (max-width: 768px) 100vw, 768px\" \/><span><\/span><\/a><\/div><\/div><div class=\"su-image-carousel-item\"><div class=\"su-image-carousel-item-content\"><a href=\"https:\/\/etab.ac-reunion.fr\/lyc-amiral-lacaze\/wp-content\/uploads\/sites\/52\/2021\/09\/6BE0954E-E1EF-4398-A291-E7A66AC6B437-scaled.jpeg\" data-caption=\"\"><img loading=\"lazy\" decoding=\"async\" width=\"768\" height=\"576\" src=\"https:\/\/etab.ac-reunion.fr\/lyc-amiral-lacaze\/wp-content\/uploads\/sites\/52\/2021\/09\/6BE0954E-E1EF-4398-A291-E7A66AC6B437-768x576.jpeg\" class=\"\" alt=\"\" srcset=\"https:\/\/etab.ac-reunion.fr\/lyc-amiral-lacaze\/wp-content\/uploads\/sites\/52\/2021\/09\/6BE0954E-E1EF-4398-A291-E7A66AC6B437-768x576.jpeg 768w, https:\/\/etab.ac-reunion.fr\/lyc-amiral-lacaze\/wp-content\/uploads\/sites\/52\/2021\/09\/6BE0954E-E1EF-4398-A291-E7A66AC6B437-300x225.jpeg 300w, https:\/\/etab.ac-reunion.fr\/lyc-amiral-lacaze\/wp-content\/uploads\/sites\/52\/2021\/09\/6BE0954E-E1EF-4398-A291-E7A66AC6B437-400x300.jpeg 400w, https:\/\/etab.ac-reunion.fr\/lyc-amiral-lacaze\/wp-content\/uploads\/sites\/52\/2021\/09\/6BE0954E-E1EF-4398-A291-E7A66AC6B437-1536x1152.jpeg 1536w, https:\/\/etab.ac-reunion.fr\/lyc-amiral-lacaze\/wp-content\/uploads\/sites\/52\/2021\/09\/6BE0954E-E1EF-4398-A291-E7A66AC6B437-2048x1536.jpeg 2048w, https:\/\/etab.ac-reunion.fr\/lyc-amiral-lacaze\/wp-content\/uploads\/sites\/52\/2021\/09\/6BE0954E-E1EF-4398-A291-E7A66AC6B437-150x113.jpeg 150w\" sizes=\"auto, (max-width: 768px) 100vw, 768px\" \/><span><\/span><\/a><\/div><\/div><div class=\"su-image-carousel-item\"><div class=\"su-image-carousel-item-content\"><a href=\"https:\/\/etab.ac-reunion.fr\/lyc-amiral-lacaze\/wp-content\/uploads\/sites\/52\/2021\/09\/B175AFEB-D4AC-4D1D-910D-17F1354B9FBA-scaled.jpeg\" data-caption=\"\"><img loading=\"lazy\" decoding=\"async\" width=\"768\" height=\"576\" src=\"https:\/\/etab.ac-reunion.fr\/lyc-amiral-lacaze\/wp-content\/uploads\/sites\/52\/2021\/09\/B175AFEB-D4AC-4D1D-910D-17F1354B9FBA-768x576.jpeg\" class=\"\" alt=\"\" srcset=\"https:\/\/etab.ac-reunion.fr\/lyc-amiral-lacaze\/wp-content\/uploads\/sites\/52\/2021\/09\/B175AFEB-D4AC-4D1D-910D-17F1354B9FBA-768x576.jpeg 768w, https:\/\/etab.ac-reunion.fr\/lyc-amiral-lacaze\/wp-content\/uploads\/sites\/52\/2021\/09\/B175AFEB-D4AC-4D1D-910D-17F1354B9FBA-300x225.jpeg 300w, https:\/\/etab.ac-reunion.fr\/lyc-amiral-lacaze\/wp-content\/uploads\/sites\/52\/2021\/09\/B175AFEB-D4AC-4D1D-910D-17F1354B9FBA-400x300.jpeg 400w, https:\/\/etab.ac-reunion.fr\/lyc-amiral-lacaze\/wp-content\/uploads\/sites\/52\/2021\/09\/B175AFEB-D4AC-4D1D-910D-17F1354B9FBA-1536x1152.jpeg 1536w, https:\/\/etab.ac-reunion.fr\/lyc-amiral-lacaze\/wp-content\/uploads\/sites\/52\/2021\/09\/B175AFEB-D4AC-4D1D-910D-17F1354B9FBA-2048x1536.jpeg 2048w, https:\/\/etab.ac-reunion.fr\/lyc-amiral-lacaze\/wp-content\/uploads\/sites\/52\/2021\/09\/B175AFEB-D4AC-4D1D-910D-17F1354B9FBA-150x113.jpeg 150w\" sizes=\"auto, (max-width: 768px) 100vw, 768px\" \/><span><\/span><\/a><\/div><\/div><div class=\"su-image-carousel-item\"><div class=\"su-image-carousel-item-content\"><a href=\"https:\/\/etab.ac-reunion.fr\/lyc-amiral-lacaze\/wp-content\/uploads\/sites\/52\/2021\/09\/56544ED8-BA5D-49A6-88EB-D0EE154F4C09-scaled.jpeg\" data-caption=\"\"><img loading=\"lazy\" decoding=\"async\" width=\"768\" height=\"576\" src=\"https:\/\/etab.ac-reunion.fr\/lyc-amiral-lacaze\/wp-content\/uploads\/sites\/52\/2021\/09\/56544ED8-BA5D-49A6-88EB-D0EE154F4C09-768x576.jpeg\" class=\"\" alt=\"\" srcset=\"https:\/\/etab.ac-reunion.fr\/lyc-amiral-lacaze\/wp-content\/uploads\/sites\/52\/2021\/09\/56544ED8-BA5D-49A6-88EB-D0EE154F4C09-768x576.jpeg 768w, https:\/\/etab.ac-reunion.fr\/lyc-amiral-lacaze\/wp-content\/uploads\/sites\/52\/2021\/09\/56544ED8-BA5D-49A6-88EB-D0EE154F4C09-300x225.jpeg 300w, https:\/\/etab.ac-reunion.fr\/lyc-amiral-lacaze\/wp-content\/uploads\/sites\/52\/2021\/09\/56544ED8-BA5D-49A6-88EB-D0EE154F4C09-400x300.jpeg 400w, https:\/\/etab.ac-reunion.fr\/lyc-amiral-lacaze\/wp-content\/uploads\/sites\/52\/2021\/09\/56544ED8-BA5D-49A6-88EB-D0EE154F4C09-1536x1152.jpeg 1536w, https:\/\/etab.ac-reunion.fr\/lyc-amiral-lacaze\/wp-content\/uploads\/sites\/52\/2021\/09\/56544ED8-BA5D-49A6-88EB-D0EE154F4C09-2048x1536.jpeg 2048w, https:\/\/etab.ac-reunion.fr\/lyc-amiral-lacaze\/wp-content\/uploads\/sites\/52\/2021\/09\/56544ED8-BA5D-49A6-88EB-D0EE154F4C09-150x113.jpeg 150w\" sizes=\"auto, (max-width: 768px) 100vw, 768px\" \/><span><\/span><\/a><\/div><\/div><div class=\"su-image-carousel-item\"><div class=\"su-image-carousel-item-content\"><a href=\"https:\/\/etab.ac-reunion.fr\/lyc-amiral-lacaze\/wp-content\/uploads\/sites\/52\/2021\/09\/8D696085-213F-44B3-A2F2-9A35A3BB497D-scaled.jpeg\" data-caption=\"\"><img loading=\"lazy\" decoding=\"async\" width=\"768\" height=\"576\" src=\"https:\/\/etab.ac-reunion.fr\/lyc-amiral-lacaze\/wp-content\/uploads\/sites\/52\/2021\/09\/8D696085-213F-44B3-A2F2-9A35A3BB497D-768x576.jpeg\" class=\"\" alt=\"\" srcset=\"https:\/\/etab.ac-reunion.fr\/lyc-amiral-lacaze\/wp-content\/uploads\/sites\/52\/2021\/09\/8D696085-213F-44B3-A2F2-9A35A3BB497D-768x576.jpeg 768w, https:\/\/etab.ac-reunion.fr\/lyc-amiral-lacaze\/wp-content\/uploads\/sites\/52\/2021\/09\/8D696085-213F-44B3-A2F2-9A35A3BB497D-300x225.jpeg 300w, https:\/\/etab.ac-reunion.fr\/lyc-amiral-lacaze\/wp-content\/uploads\/sites\/52\/2021\/09\/8D696085-213F-44B3-A2F2-9A35A3BB497D-400x300.jpeg 400w, https:\/\/etab.ac-reunion.fr\/lyc-amiral-lacaze\/wp-content\/uploads\/sites\/52\/2021\/09\/8D696085-213F-44B3-A2F2-9A35A3BB497D-1536x1152.jpeg 1536w, https:\/\/etab.ac-reunion.fr\/lyc-amiral-lacaze\/wp-content\/uploads\/sites\/52\/2021\/09\/8D696085-213F-44B3-A2F2-9A35A3BB497D-2048x1536.jpeg 2048w, https:\/\/etab.ac-reunion.fr\/lyc-amiral-lacaze\/wp-content\/uploads\/sites\/52\/2021\/09\/8D696085-213F-44B3-A2F2-9A35A3BB497D-150x113.jpeg 150w\" sizes=\"auto, (max-width: 768px) 100vw, 768px\" \/><span><\/span><\/a><\/div><\/div><div class=\"su-image-carousel-item\"><div class=\"su-image-carousel-item-content\"><a href=\"https:\/\/etab.ac-reunion.fr\/lyc-amiral-lacaze\/wp-content\/uploads\/sites\/52\/2021\/09\/8218E50B-30EB-4E8B-8396-8BE59DE9EBB0-scaled.jpeg\" data-caption=\"\"><img loading=\"lazy\" decoding=\"async\" width=\"768\" height=\"576\" src=\"https:\/\/etab.ac-reunion.fr\/lyc-amiral-lacaze\/wp-content\/uploads\/sites\/52\/2021\/09\/8218E50B-30EB-4E8B-8396-8BE59DE9EBB0-768x576.jpeg\" class=\"\" alt=\"\" srcset=\"https:\/\/etab.ac-reunion.fr\/lyc-amiral-lacaze\/wp-content\/uploads\/sites\/52\/2021\/09\/8218E50B-30EB-4E8B-8396-8BE59DE9EBB0-768x576.jpeg 768w, https:\/\/etab.ac-reunion.fr\/lyc-amiral-lacaze\/wp-content\/uploads\/sites\/52\/2021\/09\/8218E50B-30EB-4E8B-8396-8BE59DE9EBB0-300x225.jpeg 300w, https:\/\/etab.ac-reunion.fr\/lyc-amiral-lacaze\/wp-content\/uploads\/sites\/52\/2021\/09\/8218E50B-30EB-4E8B-8396-8BE59DE9EBB0-400x300.jpeg 400w, https:\/\/etab.ac-reunion.fr\/lyc-amiral-lacaze\/wp-content\/uploads\/sites\/52\/2021\/09\/8218E50B-30EB-4E8B-8396-8BE59DE9EBB0-1536x1152.jpeg 1536w, https:\/\/etab.ac-reunion.fr\/lyc-amiral-lacaze\/wp-content\/uploads\/sites\/52\/2021\/09\/8218E50B-30EB-4E8B-8396-8BE59DE9EBB0-2048x1536.jpeg 2048w, https:\/\/etab.ac-reunion.fr\/lyc-amiral-lacaze\/wp-content\/uploads\/sites\/52\/2021\/09\/8218E50B-30EB-4E8B-8396-8BE59DE9EBB0-150x113.jpeg 150w\" sizes=\"auto, (max-width: 768px) 100vw, 768px\" \/><span><\/span><\/a><\/div><\/div><div class=\"su-image-carousel-item\"><div class=\"su-image-carousel-item-content\"><a href=\"https:\/\/etab.ac-reunion.fr\/lyc-amiral-lacaze\/wp-content\/uploads\/sites\/52\/2021\/09\/99C4103D-FAD1-43E9-846C-AA24A14C2172-scaled.jpeg\" data-caption=\"\"><img loading=\"lazy\" decoding=\"async\" width=\"768\" height=\"576\" src=\"https:\/\/etab.ac-reunion.fr\/lyc-amiral-lacaze\/wp-content\/uploads\/sites\/52\/2021\/09\/99C4103D-FAD1-43E9-846C-AA24A14C2172-768x576.jpeg\" class=\"\" alt=\"\" srcset=\"https:\/\/etab.ac-reunion.fr\/lyc-amiral-lacaze\/wp-content\/uploads\/sites\/52\/2021\/09\/99C4103D-FAD1-43E9-846C-AA24A14C2172-768x576.jpeg 768w, https:\/\/etab.ac-reunion.fr\/lyc-amiral-lacaze\/wp-content\/uploads\/sites\/52\/2021\/09\/99C4103D-FAD1-43E9-846C-AA24A14C2172-300x225.jpeg 300w, https:\/\/etab.ac-reunion.fr\/lyc-amiral-lacaze\/wp-content\/uploads\/sites\/52\/2021\/09\/99C4103D-FAD1-43E9-846C-AA24A14C2172-400x300.jpeg 400w, https:\/\/etab.ac-reunion.fr\/lyc-amiral-lacaze\/wp-content\/uploads\/sites\/52\/2021\/09\/99C4103D-FAD1-43E9-846C-AA24A14C2172-1536x1152.jpeg 1536w, https:\/\/etab.ac-reunion.fr\/lyc-amiral-lacaze\/wp-content\/uploads\/sites\/52\/2021\/09\/99C4103D-FAD1-43E9-846C-AA24A14C2172-2048x1536.jpeg 2048w, https:\/\/etab.ac-reunion.fr\/lyc-amiral-lacaze\/wp-content\/uploads\/sites\/52\/2021\/09\/99C4103D-FAD1-43E9-846C-AA24A14C2172-150x113.jpeg 150w\" sizes=\"auto, (max-width: 768px) 100vw, 768px\" \/><span><\/span><\/a><\/div><\/div><div class=\"su-image-carousel-item\"><div class=\"su-image-carousel-item-content\"><a href=\"https:\/\/etab.ac-reunion.fr\/lyc-amiral-lacaze\/wp-content\/uploads\/sites\/52\/2021\/09\/E3144597-BEAD-49DD-89FC-8C392D0929AE-scaled.jpeg\" data-caption=\"\"><img loading=\"lazy\" decoding=\"async\" width=\"768\" height=\"576\" src=\"https:\/\/etab.ac-reunion.fr\/lyc-amiral-lacaze\/wp-content\/uploads\/sites\/52\/2021\/09\/E3144597-BEAD-49DD-89FC-8C392D0929AE-768x576.jpeg\" class=\"\" alt=\"\" srcset=\"https:\/\/etab.ac-reunion.fr\/lyc-amiral-lacaze\/wp-content\/uploads\/sites\/52\/2021\/09\/E3144597-BEAD-49DD-89FC-8C392D0929AE-768x576.jpeg 768w, https:\/\/etab.ac-reunion.fr\/lyc-amiral-lacaze\/wp-content\/uploads\/sites\/52\/2021\/09\/E3144597-BEAD-49DD-89FC-8C392D0929AE-300x225.jpeg 300w, https:\/\/etab.ac-reunion.fr\/lyc-amiral-lacaze\/wp-content\/uploads\/sites\/52\/2021\/09\/E3144597-BEAD-49DD-89FC-8C392D0929AE-400x300.jpeg 400w, https:\/\/etab.ac-reunion.fr\/lyc-amiral-lacaze\/wp-content\/uploads\/sites\/52\/2021\/09\/E3144597-BEAD-49DD-89FC-8C392D0929AE-1536x1152.jpeg 1536w, https:\/\/etab.ac-reunion.fr\/lyc-amiral-lacaze\/wp-content\/uploads\/sites\/52\/2021\/09\/E3144597-BEAD-49DD-89FC-8C392D0929AE-2048x1536.jpeg 2048w, https:\/\/etab.ac-reunion.fr\/lyc-amiral-lacaze\/wp-content\/uploads\/sites\/52\/2021\/09\/E3144597-BEAD-49DD-89FC-8C392D0929AE-150x113.jpeg 150w\" sizes=\"auto, (max-width: 768px) 100vw, 768px\" \/><span><\/span><\/a><\/div><\/div><div class=\"su-image-carousel-item\"><div class=\"su-image-carousel-item-content\"><a href=\"https:\/\/etab.ac-reunion.fr\/lyc-amiral-lacaze\/wp-content\/uploads\/sites\/52\/2021\/09\/7B34AA59-31D0-4C37-BC5F-61E33ADFCC1B-scaled.jpeg\" data-caption=\"\"><img loading=\"lazy\" decoding=\"async\" width=\"768\" height=\"576\" src=\"https:\/\/etab.ac-reunion.fr\/lyc-amiral-lacaze\/wp-content\/uploads\/sites\/52\/2021\/09\/7B34AA59-31D0-4C37-BC5F-61E33ADFCC1B-768x576.jpeg\" class=\"\" alt=\"\" srcset=\"https:\/\/etab.ac-reunion.fr\/lyc-amiral-lacaze\/wp-content\/uploads\/sites\/52\/2021\/09\/7B34AA59-31D0-4C37-BC5F-61E33ADFCC1B-768x576.jpeg 768w, https:\/\/etab.ac-reunion.fr\/lyc-amiral-lacaze\/wp-content\/uploads\/sites\/52\/2021\/09\/7B34AA59-31D0-4C37-BC5F-61E33ADFCC1B-300x225.jpeg 300w, https:\/\/etab.ac-reunion.fr\/lyc-amiral-lacaze\/wp-content\/uploads\/sites\/52\/2021\/09\/7B34AA59-31D0-4C37-BC5F-61E33ADFCC1B-400x300.jpeg 400w, https:\/\/etab.ac-reunion.fr\/lyc-amiral-lacaze\/wp-content\/uploads\/sites\/52\/2021\/09\/7B34AA59-31D0-4C37-BC5F-61E33ADFCC1B-1536x1152.jpeg 1536w, https:\/\/etab.ac-reunion.fr\/lyc-amiral-lacaze\/wp-content\/uploads\/sites\/52\/2021\/09\/7B34AA59-31D0-4C37-BC5F-61E33ADFCC1B-2048x1536.jpeg 2048w, https:\/\/etab.ac-reunion.fr\/lyc-amiral-lacaze\/wp-content\/uploads\/sites\/52\/2021\/09\/7B34AA59-31D0-4C37-BC5F-61E33ADFCC1B-150x113.jpeg 150w\" sizes=\"auto, (max-width: 768px) 100vw, 768px\" \/><span><\/span><\/a><\/div><\/div><div class=\"su-image-carousel-item\"><div class=\"su-image-carousel-item-content\"><a href=\"https:\/\/etab.ac-reunion.fr\/lyc-amiral-lacaze\/wp-content\/uploads\/sites\/52\/2021\/09\/C92EF1E7-9C7C-46C9-8903-23E0398D1250-scaled.jpeg\" data-caption=\"\"><img loading=\"lazy\" decoding=\"async\" width=\"768\" height=\"576\" src=\"https:\/\/etab.ac-reunion.fr\/lyc-amiral-lacaze\/wp-content\/uploads\/sites\/52\/2021\/09\/C92EF1E7-9C7C-46C9-8903-23E0398D1250-768x576.jpeg\" class=\"\" alt=\"\" srcset=\"https:\/\/etab.ac-reunion.fr\/lyc-amiral-lacaze\/wp-content\/uploads\/sites\/52\/2021\/09\/C92EF1E7-9C7C-46C9-8903-23E0398D1250-768x576.jpeg 768w, https:\/\/etab.ac-reunion.fr\/lyc-amiral-lacaze\/wp-content\/uploads\/sites\/52\/2021\/09\/C92EF1E7-9C7C-46C9-8903-23E0398D1250-300x225.jpeg 300w, https:\/\/etab.ac-reunion.fr\/lyc-amiral-lacaze\/wp-content\/uploads\/sites\/52\/2021\/09\/C92EF1E7-9C7C-46C9-8903-23E0398D1250-400x300.jpeg 400w, https:\/\/etab.ac-reunion.fr\/lyc-amiral-lacaze\/wp-content\/uploads\/sites\/52\/2021\/09\/C92EF1E7-9C7C-46C9-8903-23E0398D1250-1536x1152.jpeg 1536w, https:\/\/etab.ac-reunion.fr\/lyc-amiral-lacaze\/wp-content\/uploads\/sites\/52\/2021\/09\/C92EF1E7-9C7C-46C9-8903-23E0398D1250-2048x1536.jpeg 2048w, https:\/\/etab.ac-reunion.fr\/lyc-amiral-lacaze\/wp-content\/uploads\/sites\/52\/2021\/09\/C92EF1E7-9C7C-46C9-8903-23E0398D1250-150x113.jpeg 150w\" sizes=\"auto, (max-width: 768px) 100vw, 768px\" \/><span><\/span><\/a><\/div><\/div><div class=\"su-image-carousel-item\"><div class=\"su-image-carousel-item-content\"><a href=\"https:\/\/etab.ac-reunion.fr\/lyc-amiral-lacaze\/wp-content\/uploads\/sites\/52\/2021\/09\/16311338-0608-47C3-8C9D-94BBFB20D1F2-scaled.jpeg\" data-caption=\"\"><img loading=\"lazy\" decoding=\"async\" width=\"768\" height=\"576\" src=\"https:\/\/etab.ac-reunion.fr\/lyc-amiral-lacaze\/wp-content\/uploads\/sites\/52\/2021\/09\/16311338-0608-47C3-8C9D-94BBFB20D1F2-768x576.jpeg\" class=\"\" alt=\"\" srcset=\"https:\/\/etab.ac-reunion.fr\/lyc-amiral-lacaze\/wp-content\/uploads\/sites\/52\/2021\/09\/16311338-0608-47C3-8C9D-94BBFB20D1F2-768x576.jpeg 768w, https:\/\/etab.ac-reunion.fr\/lyc-amiral-lacaze\/wp-content\/uploads\/sites\/52\/2021\/09\/16311338-0608-47C3-8C9D-94BBFB20D1F2-300x225.jpeg 300w, https:\/\/etab.ac-reunion.fr\/lyc-amiral-lacaze\/wp-content\/uploads\/sites\/52\/2021\/09\/16311338-0608-47C3-8C9D-94BBFB20D1F2-400x300.jpeg 400w, https:\/\/etab.ac-reunion.fr\/lyc-amiral-lacaze\/wp-content\/uploads\/sites\/52\/2021\/09\/16311338-0608-47C3-8C9D-94BBFB20D1F2-1536x1152.jpeg 1536w, https:\/\/etab.ac-reunion.fr\/lyc-amiral-lacaze\/wp-content\/uploads\/sites\/52\/2021\/09\/16311338-0608-47C3-8C9D-94BBFB20D1F2-2048x1536.jpeg 2048w, https:\/\/etab.ac-reunion.fr\/lyc-amiral-lacaze\/wp-content\/uploads\/sites\/52\/2021\/09\/16311338-0608-47C3-8C9D-94BBFB20D1F2-150x113.jpeg 150w\" sizes=\"auto, (max-width: 768px) 100vw, 768px\" \/><span><\/span><\/a><\/div><\/div><div class=\"su-image-carousel-item\"><div class=\"su-image-carousel-item-content\"><a href=\"https:\/\/etab.ac-reunion.fr\/lyc-amiral-lacaze\/wp-content\/uploads\/sites\/52\/2021\/09\/BB71FBA7-D337-4008-B389-46002C5ABDA7-scaled.jpeg\" data-caption=\"\"><img loading=\"lazy\" decoding=\"async\" width=\"768\" height=\"576\" src=\"https:\/\/etab.ac-reunion.fr\/lyc-amiral-lacaze\/wp-content\/uploads\/sites\/52\/2021\/09\/BB71FBA7-D337-4008-B389-46002C5ABDA7-768x576.jpeg\" class=\"\" alt=\"\" srcset=\"https:\/\/etab.ac-reunion.fr\/lyc-amiral-lacaze\/wp-content\/uploads\/sites\/52\/2021\/09\/BB71FBA7-D337-4008-B389-46002C5ABDA7-768x576.jpeg 768w, https:\/\/etab.ac-reunion.fr\/lyc-amiral-lacaze\/wp-content\/uploads\/sites\/52\/2021\/09\/BB71FBA7-D337-4008-B389-46002C5ABDA7-300x225.jpeg 300w, https:\/\/etab.ac-reunion.fr\/lyc-amiral-lacaze\/wp-content\/uploads\/sites\/52\/2021\/09\/BB71FBA7-D337-4008-B389-46002C5ABDA7-400x300.jpeg 400w, https:\/\/etab.ac-reunion.fr\/lyc-amiral-lacaze\/wp-content\/uploads\/sites\/52\/2021\/09\/BB71FBA7-D337-4008-B389-46002C5ABDA7-1536x1152.jpeg 1536w, https:\/\/etab.ac-reunion.fr\/lyc-amiral-lacaze\/wp-content\/uploads\/sites\/52\/2021\/09\/BB71FBA7-D337-4008-B389-46002C5ABDA7-2048x1536.jpeg 2048w, https:\/\/etab.ac-reunion.fr\/lyc-amiral-lacaze\/wp-content\/uploads\/sites\/52\/2021\/09\/BB71FBA7-D337-4008-B389-46002C5ABDA7-150x113.jpeg 150w\" sizes=\"auto, (max-width: 768px) 100vw, 768px\" \/><span><\/span><\/a><\/div><\/div><div class=\"su-image-carousel-item\"><div class=\"su-image-carousel-item-content\"><a href=\"https:\/\/etab.ac-reunion.fr\/lyc-amiral-lacaze\/wp-content\/uploads\/sites\/52\/2021\/09\/F4EBDDB6-D03F-4C58-BD50-A82BFEDFD283-scaled.jpeg\" data-caption=\"\"><img loading=\"lazy\" decoding=\"async\" width=\"768\" height=\"576\" src=\"https:\/\/etab.ac-reunion.fr\/lyc-amiral-lacaze\/wp-content\/uploads\/sites\/52\/2021\/09\/F4EBDDB6-D03F-4C58-BD50-A82BFEDFD283-768x576.jpeg\" class=\"\" alt=\"\" srcset=\"https:\/\/etab.ac-reunion.fr\/lyc-amiral-lacaze\/wp-content\/uploads\/sites\/52\/2021\/09\/F4EBDDB6-D03F-4C58-BD50-A82BFEDFD283-768x576.jpeg 768w, https:\/\/etab.ac-reunion.fr\/lyc-amiral-lacaze\/wp-content\/uploads\/sites\/52\/2021\/09\/F4EBDDB6-D03F-4C58-BD50-A82BFEDFD283-300x225.jpeg 300w, https:\/\/etab.ac-reunion.fr\/lyc-amiral-lacaze\/wp-content\/uploads\/sites\/52\/2021\/09\/F4EBDDB6-D03F-4C58-BD50-A82BFEDFD283-400x300.jpeg 400w, https:\/\/etab.ac-reunion.fr\/lyc-amiral-lacaze\/wp-content\/uploads\/sites\/52\/2021\/09\/F4EBDDB6-D03F-4C58-BD50-A82BFEDFD283-1536x1152.jpeg 1536w, https:\/\/etab.ac-reunion.fr\/lyc-amiral-lacaze\/wp-content\/uploads\/sites\/52\/2021\/09\/F4EBDDB6-D03F-4C58-BD50-A82BFEDFD283-2048x1536.jpeg 2048w, https:\/\/etab.ac-reunion.fr\/lyc-amiral-lacaze\/wp-content\/uploads\/sites\/52\/2021\/09\/F4EBDDB6-D03F-4C58-BD50-A82BFEDFD283-150x113.jpeg 150w\" sizes=\"auto, (max-width: 768px) 100vw, 768px\" \/><span><\/span><\/a><\/div><\/div><\/div><script id=\"su_image_carousel_6a0757a22058b_script\">if(window.SUImageCarousel){setTimeout(function() {window.SUImageCarousel.initGallery(document.getElementById(\"su_image_carousel_6a0757a22058b\"))}, 0);}var su_image_carousel_6a0757a22058b_script=document.getElementById(\"su_image_carousel_6a0757a22058b_script\");if(su_image_carousel_6a0757a22058b_script){su_image_carousel_6a0757a22058b_script.parentNode.removeChild(su_image_carousel_6a0757a22058b_script);}<\/script>\n","protected":false},"excerpt":{"rendered":"<p>Actualit\u00e9s Bienvenue ! \u00c9l\u00e8ves, \u00c9tudiants, Parents, Professionnels de l&rsquo;\u00e9ducation et de l&rsquo;industrie, nous esp\u00e9rons que vous trouverez sur notre site<\/p>\n<p> <a class=\"continue-reading-link\" href=\"https:\/\/etab.ac-reunion.fr\/lyc-amiral-lacaze\/bienvenue-2\/\"><span>Lire la suite<\/span><i class=\"crycon-right-dir\"><\/i><\/a> <\/p>\n","protected":false},"author":30060,"featured_media":0,"parent":0,"menu_order":0,"comment_status":"closed","ping_status":"closed","template":"","meta":{"footnotes":""},"class_list":["post-1901","page","type-page","status-publish","hentry"],"_links":{"self":[{"href":"https:\/\/etab.ac-reunion.fr\/lyc-amiral-lacaze\/wp-json\/wp\/v2\/pages\/1901","targetHints":{"allow":["GET"]}}],"collection":[{"href":"https:\/\/etab.ac-reunion.fr\/lyc-amiral-lacaze\/wp-json\/wp\/v2\/pages"}],"about":[{"href":"https:\/\/etab.ac-reunion.fr\/lyc-amiral-lacaze\/wp-json\/wp\/v2\/types\/page"}],"author":[{"embeddable":true,"href":"https:\/\/etab.ac-reunion.fr\/lyc-amiral-lacaze\/wp-json\/wp\/v2\/users\/30060"}],"replies":[{"embeddable":true,"href":"https:\/\/etab.ac-reunion.fr\/lyc-amiral-lacaze\/wp-json\/wp\/v2\/comments?post=1901"}],"version-history":[{"count":89,"href":"https:\/\/etab.ac-reunion.fr\/lyc-amiral-lacaze\/wp-json\/wp\/v2\/pages\/1901\/revisions"}],"predecessor-version":[{"id":9832,"href":"https:\/\/etab.ac-reunion.fr\/lyc-amiral-lacaze\/wp-json\/wp\/v2\/pages\/1901\/revisions\/9832"}],"wp:attachment":[{"href":"https:\/\/etab.ac-reunion.fr\/lyc-amiral-lacaze\/wp-json\/wp\/v2\/media?parent=1901"}],"curies":[{"name":"wp","href":"https:\/\/api.w.org\/{rel}","templated":true}]}}