{"id":2138,"date":"2021-08-25T10:12:04","date_gmt":"2021-08-25T06:12:04","guid":{"rendered":"http:\/\/lycee-amiral-lacaze.ac-reunion.fr\/?page_id=2138"},"modified":"2025-12-05T13:38:52","modified_gmt":"2025-12-05T09:38:52","slug":"contact","status":"publish","type":"page","link":"https:\/\/etab.ac-reunion.fr\/lyc-amiral-lacaze\/contact\/","title":{"rendered":"\ud83d\udcecContactez-nous !"},"content":{"rendered":"\n<p>Nous sommes \u00e0 votre \u00e9coute pour r\u00e9pondre \u00e0 vos questions, demandes d\u2019information ou suggestions.<\/p>\n\n\n\n<div class=\"wp-block-columns is-layout-flex wp-container-core-columns-is-layout-9d6595d7 wp-block-columns-is-layout-flex\">\n<div class=\"wp-block-column is-layout-flow wp-block-column-is-layout-flow\">\n<h2 class=\"wp-block-heading\">\ud83d\udccd Coordonn\u00e9es<\/h2>\n\n\n\n<ul class=\"wp-block-list\">\n<li><strong>Lyc\u00e9e :<\/strong> Lyc\u00e9e Professionnel Amiral Lacaze<\/li>\n\n\n\n<li><strong>Adresse :<\/strong> 1, Avenue Stanislas Gimart &#8211; BP 192 -97493 Sainte Clotilde cedex<\/li>\n\n\n\n<li><strong>T\u00e9l\u00e9phone :<\/strong> 02 62 28 37 75<\/li>\n\n\n\n<li><strong>Email :<\/strong> \n<ul class=\"wp-block-list\">\n<li>Secr\u00e9tariat : ce.9740479c@ac-reunion.fr<\/li>\n<\/ul>\n<\/li>\n<\/ul>\n\n\n\n<h2 class=\"wp-block-heading\">\u23f0 Horaires d\u2019ouverture<\/h2>\n\n\n\n<ul class=\"wp-block-list\">\n<li>Lundi \u2013 Vendredi : 7h15 \u2013 17h10<\/li>\n\n\n\n<li>Mercredi : 7h15 -11h20<\/li>\n\n\n\n<li>Samedi &#8211; Dimanche : Ferm\u00e9<\/li>\n<\/ul>\n\n\n\n<h2 class=\"wp-block-heading\">\ud83d\uddfa\ufe0f Plan d\u2019acc\u00e8s<\/h2>\n\n\n\n<p>Retrouvez notre lyc\u00e9e sur la carte : <\/p>\n\n\n<p>\/<style>\n       .errordiv { padding:10px; margin:10px; border: 1px solid #555555;color: #000000;background-color: #f8f8f8; width:500px; }#advanced_iframe {visibility:visible;opacity:1;vertical-align:top;}.ai-info-bottom-iframe { position: fixed; z-index: 10000; bottom:0; left: 0; margin: 0px; text-align: center; width: 100%; background-color: #ff9999; padding-left: 5px;padding-bottom: 5px; border-top: 1px solid #aaa } a.ai-bold {font-weight: bold;}#ai-layer-div-advanced_iframe p {height:100%;margin:0;padding:0}<\/style><script type=\"text\/javascript\">var ai_iframe_width_advanced_iframe = 0;var ai_iframe_height_advanced_iframe = 0;var aiOnloadScrollTop=\"true\";var aiShowDebug=false;\n\t\tif (typeof aiReadyCallbacks === 'undefined') {\n\t\t\tvar aiReadyCallbacks = [];\n\t\t} else if (!(aiReadyCallbacks instanceof Array)) {\n\t\t\tvar aiReadyCallbacks = [];\n\t\t}    function aiShowIframeId(id_iframe) { jQuery(\"#\"+id_iframe).css(\"visibility\", \"visible\");    }    function aiResizeIframeHeight(height) { aiResizeIframeHeight(height,advanced_iframe); }    function aiResizeIframeHeightId(height,width,id) {aiResizeIframeHeightById(id,height);}<\/script><iframe id=\"advanced_iframe\"  name=\"advanced_iframe\"  src=\"https:\/\/www.openstreetmap.org\/export\/embed.html?bbox=55.473843812942505%2C-20.89284259912896%2C55.477247536182404%2C-20.89065748100184&#038;layer=mapnik&#038;marker=-20.891750044041494%2C55.475545674562454\"  width=\"425\"  height=\"350\"  frameborder=\"0\"  border=\"0\"  allowtransparency=\"true\"  loading=\"lazy\"  style=\";border-width: 0px;;border: none;border:1px solid black;;width:425px;;height:350px;\" ><\/iframe><script type=\"text\/javascript\">var ifrm_advanced_iframe = document.getElementById(\"advanced_iframe\");var hiddenTabsDoneadvanced_iframe = false;\nfunction resizeCallbackadvanced_iframe() {}<\/script><script type=\"text\/javascript\"><\/script><\/p>\n\n\n\n<p class=\"has-text-align-left\"><small><a href=\"https:\/\/www.openstreetmap.org\/?mlat=-20.891750&amp;mlon=55.475546#map=19\/-20.891750\/55.475546&quot;\">Afficher une carte plus grande<\/a><\/small><\/p>\n<\/div>\n\n\n\n<div class=\"wp-block-column is-layout-flow wp-block-column-is-layout-flow\">\n<h2 class=\"wp-block-heading\">\u2709\ufe0f Formulaire de contact<\/h2>\n\n\n\n<div class=\"wp-block-contact-form-7-contact-form-selector\">\n<div class=\"wpcf7 no-js\" id=\"wpcf7-f4784-o1\" lang=\"fr-FR\" dir=\"ltr\" data-wpcf7-id=\"4784\">\n<div class=\"screen-reader-response\"><p role=\"status\" aria-live=\"polite\" aria-atomic=\"true\"><\/p> <ul><\/ul><\/div>\n<form action=\"\/lyc-amiral-lacaze\/wp-json\/wp\/v2\/pages\/2138#wpcf7-f4784-o1\" method=\"post\" class=\"wpcf7-form init\" aria-label=\"Formulaire de contact\" enctype=\"multipart\/form-data\" novalidate=\"novalidate\" data-status=\"init\">\n<fieldset class=\"hidden-fields-container\"><input type=\"hidden\" name=\"_wpcf7\" value=\"4784\" \/><input type=\"hidden\" name=\"_wpcf7_version\" value=\"6.1.5\" \/><input type=\"hidden\" name=\"_wpcf7_locale\" value=\"fr_FR\" \/><input type=\"hidden\" name=\"_wpcf7_unit_tag\" value=\"wpcf7-f4784-o1\" \/><input type=\"hidden\" name=\"_wpcf7_container_post\" value=\"0\" \/><input type=\"hidden\" name=\"_wpcf7_posted_data_hash\" value=\"\" \/>\n<\/fieldset>\n<p><span id=\"wpcf7-69dc7ea5262aa-wrapper\" class=\"wpcf7-form-control-wrap honeypot-37-wrap\" style=\"display:none !important; visibility:hidden !important;\"><label for=\"wpcf7-69dc7ea5262aa-field\" class=\"hp-message\">veuillez laisser ce champ vide<\/label><input id=\"wpcf7-69dc7ea5262aa-field\"  placeholder=\"date\"  class=\"wpcf7-form-control wpcf7-text\" type=\"text\" name=\"honeypot-37\" value=\"\" size=\"40\" tabindex=\"-1\" autocomplete=\"off\" \/><\/span>\n<\/p>\n<p><label> Nom , Pr\u00e9nom (obligatoire)<br \/>\n<span class=\"wpcf7-form-control-wrap\" data-name=\"your-name\"><input size=\"40\" maxlength=\"400\" class=\"wpcf7-form-control wpcf7-text wpcf7-validates-as-required\" aria-required=\"true\" aria-invalid=\"false\" value=\"\" type=\"text\" name=\"your-name\" \/><\/span> <\/label>\n<\/p>\n<p><label> E-mail (obligatoire)<br \/>\n<span class=\"wpcf7-form-control-wrap\" data-name=\"your-email\"><input size=\"40\" maxlength=\"400\" class=\"wpcf7-form-control wpcf7-email wpcf7-validates-as-required wpcf7-text wpcf7-validates-as-email\" aria-required=\"true\" aria-invalid=\"false\" value=\"\" type=\"email\" name=\"your-email\" \/><\/span> <\/label>\n<\/p>\n<p><label> \u00c0 propos de : (obligatoire)<br \/>\n<span class=\"wpcf7-form-control-wrap\" data-name=\"sujet-choix\"><select class=\"wpcf7-form-control wpcf7-select wpcf7-validates-as-required\" aria-required=\"true\" aria-invalid=\"false\" name=\"sujet-choix\"><option value=\"\">&#8212;Veuillez choisir une option&#8212;<\/option><option value=\"Mme La proviseure\">Mme La proviseure<\/option><option value=\"MmeLa proviseure adjointe\">MmeLa proviseure adjointe<\/option><option value=\"M. Le DDFPT\">M. Le DDFPT<\/option><option value=\"M. Le R.B.D.E.\">M. Le R.B.D.E.<\/option><\/select><\/span><\/label>\n<\/p>\n<p><label> Objet (obligatoire)<br \/>\n<span class=\"wpcf7-form-control-wrap\" data-name=\"your-subject\"><input size=\"40\" maxlength=\"400\" class=\"wpcf7-form-control wpcf7-text wpcf7-validates-as-required\" aria-required=\"true\" aria-invalid=\"false\" value=\"\" type=\"text\" name=\"your-subject\" \/><\/span> <\/label>\n<\/p>\n<p><label> Message:<br \/>\n<span class=\"wpcf7-form-control-wrap\" data-name=\"your-message\"><textarea cols=\"40\" rows=\"10\" maxlength=\"2000\" class=\"wpcf7-form-control wpcf7-textarea wpcf7-validates-as-required\" aria-required=\"true\" aria-invalid=\"false\" name=\"your-message\"><\/textarea><\/span> <\/label>\n<\/p>\n<p><span class=\"wpcf7-form-control-wrap\" data-name=\"file-195\"><input size=\"40\" class=\"wpcf7-form-control wpcf7-file\" accept=\".pdf\" aria-invalid=\"false\" type=\"file\" name=\"file-195\" \/><\/span>\n<\/p>\n<p><span id=\"wpcf7-69dc7ea52657d-wrapper\" class=\"wpcf7-form-control-wrap email-wrap\" style=\"display:none !important; visibility:hidden !important;\"><label for=\"wpcf7-69dc7ea52657d-field\" class=\"hp-message\">veuillez laisser ce champ vide<\/label><input id=\"wpcf7-69dc7ea52657d-field\"  placeholder=\"date\"  class=\"wpcf7-form-control wpcf7-text\" type=\"text\" name=\"email\" value=\"\" size=\"40\" tabindex=\"-1\" autocomplete=\"off\" \/><\/span>\n<\/p>\n<p><span class=\"wpcf7-form-control-wrap\" data-name=\"acceptance-488\"><span class=\"wpcf7-form-control wpcf7-acceptance\"><span class=\"wpcf7-list-item\"><label><input type=\"checkbox\" name=\"acceptance-488\" value=\"1\" aria-invalid=\"false\" \/><span class=\"wpcf7-list-item-label\">J\u2019ai lu et accepte la <a href=\"\/\/lycee-amiral-lacaze.ac-reunion.fr\/mentions-legales\/\">politique de confidentialit\u00e9<\/a><\/span><\/label><\/span><\/span><\/span>\n<\/p>\n<p><input class=\"wpcf7-form-control wpcf7-submit has-spinner\" type=\"submit\" value=\"Envoyer\" \/>\n<\/p><div class=\"wpcf7-response-output\" aria-hidden=\"true\"><\/div>\n<\/form>\n<\/div>\n<\/div>\n<\/div>\n<\/div>\n","protected":false},"excerpt":{"rendered":"<p>Nous sommes \u00e0 votre \u00e9coute pour r\u00e9pondre \u00e0 vos questions, demandes d\u2019information ou suggestions. \ud83d\udccd Coordonn\u00e9es \u23f0 Horaires d\u2019ouverture \ud83d\uddfa\ufe0f<\/p>\n<p> <a class=\"continue-reading-link\" href=\"https:\/\/etab.ac-reunion.fr\/lyc-amiral-lacaze\/contact\/\"><span>Lire la suite<\/span><i class=\"crycon-right-dir\"><\/i><\/a> <\/p>\n","protected":false},"author":30060,"featured_media":0,"parent":0,"menu_order":0,"comment_status":"closed","ping_status":"closed","template":"templates\/template-onecolumn.php","meta":{"footnotes":""},"class_list":["post-2138","page","type-page","status-publish","hentry"],"_links":{"self":[{"href":"https:\/\/etab.ac-reunion.fr\/lyc-amiral-lacaze\/wp-json\/wp\/v2\/pages\/2138","targetHints":{"allow":["GET"]}}],"collection":[{"href":"https:\/\/etab.ac-reunion.fr\/lyc-amiral-lacaze\/wp-json\/wp\/v2\/pages"}],"about":[{"href":"https:\/\/etab.ac-reunion.fr\/lyc-amiral-lacaze\/wp-json\/wp\/v2\/types\/page"}],"author":[{"embeddable":true,"href":"https:\/\/etab.ac-reunion.fr\/lyc-amiral-lacaze\/wp-json\/wp\/v2\/users\/30060"}],"replies":[{"embeddable":true,"href":"https:\/\/etab.ac-reunion.fr\/lyc-amiral-lacaze\/wp-json\/wp\/v2\/comments?post=2138"}],"version-history":[{"count":60,"href":"https:\/\/etab.ac-reunion.fr\/lyc-amiral-lacaze\/wp-json\/wp\/v2\/pages\/2138\/revisions"}],"predecessor-version":[{"id":9175,"href":"https:\/\/etab.ac-reunion.fr\/lyc-amiral-lacaze\/wp-json\/wp\/v2\/pages\/2138\/revisions\/9175"}],"wp:attachment":[{"href":"https:\/\/etab.ac-reunion.fr\/lyc-amiral-lacaze\/wp-json\/wp\/v2\/media?parent=2138"}],"curies":[{"name":"wp","href":"https:\/\/api.w.org\/{rel}","templated":true}]}}