{"id":2153,"date":"2021-08-25T11:44:44","date_gmt":"2021-08-25T07:44:44","guid":{"rendered":"http:\/\/lycee-amiral-lacaze.ac-reunion.fr\/?page_id=2153"},"modified":"2022-09-06T09:31:38","modified_gmt":"2022-09-06T05:31:38","slug":"le-reglement-interieur","status":"publish","type":"page","link":"https:\/\/etab.ac-reunion.fr\/lyc-amiral-lacaze\/le-reglement-interieur\/","title":{"rendered":"Le r\u00e8glement int\u00e9rieur"},"content":{"rendered":"<div class=\"su-row\"> <div class=\"su-column su-column-size-1-3\"><div class=\"su-column-inner su-u-clearfix su-u-trim\"><div class=\"su-custom-gallery su-custom-gallery-align-left su-custom-gallery-title-hover\"><div class=\"su-custom-gallery-slide\" style=\"width:190px;height:280px\"><a><img loading=\"lazy\" decoding=\"async\" src=\"https:\/\/etab.ac-reunion.fr\/lyc-amiral-lacaze\/wp-content\/uploads\/sites\/52\/2021\/09\/carnet-2021-2022.jpg\" alt=\"carnet 2021-2022\" width=\"190\" height=\"280\" \/><span class=\"su-custom-gallery-title\">carnet 2021-2022<\/span><\/a><\/div><div class=\"su-clear\"><\/div><\/div><\/div><\/div><div class=\"su-column su-column-size-2-3\"><div class=\"su-column-inner su-u-clearfix su-u-trim\"><\/div><\/div>Retrouvez le contenu du r\u00e8glement int\u00e9rieur 2021-2022 du Lyc\u00e9e Amiral Lacaze en cliquant sur le bouton ci-dessous.<br \/>\n<a href=\"https:\/\/etab.ac-reunion.fr\/lyc-amiral-lacaze\/wp-content\/uploads\/sites\/52\/2021\/08\/Reglement-interieur.pdf\" class=\"su-button su-button-style-3d\" style=\"color:#FFFFFF;background-color:#0085b2;border-color:#006b8f;border-radius:5px\" target=\"_blank\" rel=\"lightbox\"><span style=\"color:#FFFFFF;padding:0px 20px;font-size:16px;line-height:32px;border-color:#4daaca;border-radius:5px;text-shadow:2px 2px 2px #000000\"> R\u00e8glement int\u00e9rieur<\/span><\/a> <\/div>\n","protected":false},"excerpt":{"rendered":"<p> <a class=\"continue-reading-link\" href=\"https:\/\/etab.ac-reunion.fr\/lyc-amiral-lacaze\/le-reglement-interieur\/\"><span>Lire la suite<\/span><i class=\"crycon-right-dir\"><\/i><\/a> <\/p>\n","protected":false},"author":30060,"featured_media":0,"parent":0,"menu_order":0,"comment_status":"closed","ping_status":"closed","template":"","meta":{"footnotes":""},"class_list":["post-2153","page","type-page","status-publish","hentry"],"_links":{"self":[{"href":"https:\/\/etab.ac-reunion.fr\/lyc-amiral-lacaze\/wp-json\/wp\/v2\/pages\/2153","targetHints":{"allow":["GET"]}}],"collection":[{"href":"https:\/\/etab.ac-reunion.fr\/lyc-amiral-lacaze\/wp-json\/wp\/v2\/pages"}],"about":[{"href":"https:\/\/etab.ac-reunion.fr\/lyc-amiral-lacaze\/wp-json\/wp\/v2\/types\/page"}],"author":[{"embeddable":true,"href":"https:\/\/etab.ac-reunion.fr\/lyc-amiral-lacaze\/wp-json\/wp\/v2\/users\/30060"}],"replies":[{"embeddable":true,"href":"https:\/\/etab.ac-reunion.fr\/lyc-amiral-lacaze\/wp-json\/wp\/v2\/comments?post=2153"}],"version-history":[{"count":15,"href":"https:\/\/etab.ac-reunion.fr\/lyc-amiral-lacaze\/wp-json\/wp\/v2\/pages\/2153\/revisions"}],"predecessor-version":[{"id":5074,"href":"https:\/\/etab.ac-reunion.fr\/lyc-amiral-lacaze\/wp-json\/wp\/v2\/pages\/2153\/revisions\/5074"}],"wp:attachment":[{"href":"https:\/\/etab.ac-reunion.fr\/lyc-amiral-lacaze\/wp-json\/wp\/v2\/media?parent=2153"}],"curies":[{"name":"wp","href":"https:\/\/api.w.org\/{rel}","templated":true}]}}