{"id":8209,"date":"2025-09-10T09:40:14","date_gmt":"2025-09-10T05:40:14","guid":{"rendered":"https:\/\/etab.ac-reunion.fr\/lyc-amiral-lacaze\/?page_id=8209"},"modified":"2026-01-28T09:05:03","modified_gmt":"2026-01-28T05:05:03","slug":"nos-formations","status":"publish","type":"page","link":"https:\/\/etab.ac-reunion.fr\/lyc-amiral-lacaze\/nos-formations\/","title":{"rendered":"Nos formations"},"content":{"rendered":"\n<p>Le lyc\u00e9e Amiral Lacaze propose un large \u00e9ventail de formations, du <strong>CAP<\/strong> au <strong>post-bac<\/strong>, afin de pr\u00e9parer les \u00e9l\u00e8ves aux m\u00e9tiers techniques et industriels et de leur offrir des opportunit\u00e9s de poursuites d\u2019\u00e9tudes.<\/p>\n\n\n\n<p class=\"has-text-align-center\">\n  <a href=\"#cap\">\ud83e\uddf0 CAP<\/a> | \n  <a href=\"#bacpro\">\ud83d\udee0\ufe0f Bac Professionnel<\/a> | \n  <a href=\"#postbac\">\ud83c\udf93 Post-bac<\/a>\n<\/p>\n\n\n\n<hr class=\"wp-block-separator has-alpha-channel-opacity is-style-wide\" \/>\n\n\n\n<h1 class=\"wp-block-heading has-text-color has-link-color wp-elements-d307c3442184c7fe6f599b7229796756\" id=\"cap\" style=\"color:#1a4c9a\">\ud83e\uddf0 Formations en CAP<\/h1>\n\n\n\n<div class=\"wp-block-media-text is-stacked-on-mobile is-image-fill-element\"><figure class=\"wp-block-media-text__media\"><img loading=\"lazy\" decoding=\"async\" width=\"1024\" height=\"768\" src=\"https:\/\/etab.ac-reunion.fr\/lyc-amiral-lacaze\/wp-content\/uploads\/sites\/52\/2021\/09\/IMG_3731-1024x768.jpg\" alt=\"\" class=\"wp-image-2714 size-full\" style=\"object-position:50% 50%\" srcset=\"https:\/\/etab.ac-reunion.fr\/lyc-amiral-lacaze\/wp-content\/uploads\/sites\/52\/2021\/09\/IMG_3731-1024x768.jpg 1024w, https:\/\/etab.ac-reunion.fr\/lyc-amiral-lacaze\/wp-content\/uploads\/sites\/52\/2021\/09\/IMG_3731-300x225.jpg 300w, https:\/\/etab.ac-reunion.fr\/lyc-amiral-lacaze\/wp-content\/uploads\/sites\/52\/2021\/09\/IMG_3731-768x576.jpg 768w, https:\/\/etab.ac-reunion.fr\/lyc-amiral-lacaze\/wp-content\/uploads\/sites\/52\/2021\/09\/IMG_3731-1536x1152.jpg 1536w, https:\/\/etab.ac-reunion.fr\/lyc-amiral-lacaze\/wp-content\/uploads\/sites\/52\/2021\/09\/IMG_3731-2048x1536.jpg 2048w, https:\/\/etab.ac-reunion.fr\/lyc-amiral-lacaze\/wp-content\/uploads\/sites\/52\/2021\/09\/IMG_3731-267x200.jpg 267w\" sizes=\"auto, (max-width: 1024px) 100vw, 1024px\" \/><\/figure><div class=\"wp-block-media-text__content\">\n<h2 class=\"wp-block-heading\">\u26a1 CAP Conducteur d\u2019Installation de Production (CIP)<\/h2>\n\n\n\n<p>Dur\u00e9e : 2 ans<br>Objectifs : Former aux m\u00e9tiers de la conduite de lignes de production et \u00e0 la gestion des machines industrielles.<br>M\u00e9tiers vis\u00e9s : Conducteur de ligne, op\u00e9rateur de production, technicien de maintenance.<\/p>\n\n\n\n<p><a href=\"https:\/\/etab.ac-reunion.fr\/lyc-amiral-lacaze\/nos-formations\/cap-cip\/\" data-type=\"page\" data-id=\"8488\">En savoir plus<\/a><\/p>\n\n\n\n<p class=\"has-text-align-right\"><a href=\"https:\/\/etab.ac-reunion.fr\/lyc-amiral-lacaze\/wp-content\/uploads\/sites\/52\/2026\/01\/Flyers-finaux-CAP-CIP.pdf\" data-type=\"attachment\" data-id=\"7599\" target=\"_blank\" rel=\"noreferrer noopener\">\ud83d\udce5 T\u00e9l\u00e9charger la brochure<\/a><\/p>\n<\/div><\/div>\n\n\n\n<hr class=\"wp-block-separator has-alpha-channel-opacity\" \/>\n\n\n\n<div class=\"wp-block-media-text has-media-on-the-right is-stacked-on-mobile is-image-fill-element\"><div class=\"wp-block-media-text__content\">\n<h2 class=\"wp-block-heading\">\ud83d\udca1 CAP \u00c9lectricien (ELEC)<\/h2>\n\n\n\n<p>Dur\u00e9e : 2 ans<br>Objectifs : Pr\u00e9parer aux m\u00e9tiers de l\u2019\u00e9lectricit\u00e9 dans le b\u00e2timent et l\u2019industrie.<br>M\u00e9tiers vis\u00e9s : \u00c9lectricien, technicien en \u00e9lectricit\u00e9 industrielle, installateur \u00e9lectrique.<\/p>\n\n\n\n<p><a href=\"https:\/\/etab.ac-reunion.fr\/lyc-amiral-lacaze\/nos-formations\/cap-elec\/\" data-type=\"page\" data-id=\"8504\">En savoir plus<\/a><\/p>\n\n\n\n<p class=\"has-text-align-right\"><a href=\"https:\/\/etab.ac-reunion.fr\/lyc-amiral-lacaze\/wp-content\/uploads\/sites\/52\/2026\/01\/Flyers-finaux-CAP-ELEC.pdf\" data-type=\"attachment\" data-id=\"3484\" target=\"_blank\" rel=\"noreferrer noopener\">\ud83d\udce5 T\u00e9l\u00e9charger la brochure<\/a><\/p>\n<\/div><figure class=\"wp-block-media-text__media\"><img loading=\"lazy\" decoding=\"async\" width=\"960\" height=\"600\" src=\"https:\/\/etab.ac-reunion.fr\/lyc-amiral-lacaze\/wp-content\/uploads\/sites\/52\/2014\/12\/CAP-PROELEC-Fille-2.jpg\" alt=\"\" class=\"wp-image-1069 size-full\" style=\"object-position:50% 50%\" srcset=\"https:\/\/etab.ac-reunion.fr\/lyc-amiral-lacaze\/wp-content\/uploads\/sites\/52\/2014\/12\/CAP-PROELEC-Fille-2.jpg 960w, https:\/\/etab.ac-reunion.fr\/lyc-amiral-lacaze\/wp-content\/uploads\/sites\/52\/2014\/12\/CAP-PROELEC-Fille-2-300x187.jpg 300w\" sizes=\"auto, (max-width: 960px) 100vw, 960px\" \/><\/figure><\/div>\n\n\n\n<hr class=\"wp-block-separator has-alpha-channel-opacity\" \/>\n\n\n\n<div class=\"wp-block-media-text is-stacked-on-mobile is-image-fill-element\"><figure class=\"wp-block-media-text__media\"><img loading=\"lazy\" decoding=\"async\" width=\"1024\" height=\"683\" src=\"https:\/\/etab.ac-reunion.fr\/lyc-amiral-lacaze\/wp-content\/uploads\/sites\/52\/2025\/09\/agent-de-securtie-1024x683.png\" alt=\"\" class=\"wp-image-8237 size-full\" style=\"object-position:50% 50%\" srcset=\"https:\/\/etab.ac-reunion.fr\/lyc-amiral-lacaze\/wp-content\/uploads\/sites\/52\/2025\/09\/agent-de-securtie-1024x683.png 1024w, https:\/\/etab.ac-reunion.fr\/lyc-amiral-lacaze\/wp-content\/uploads\/sites\/52\/2025\/09\/agent-de-securtie-300x200.png 300w, https:\/\/etab.ac-reunion.fr\/lyc-amiral-lacaze\/wp-content\/uploads\/sites\/52\/2025\/09\/agent-de-securtie-768x512.png 768w, https:\/\/etab.ac-reunion.fr\/lyc-amiral-lacaze\/wp-content\/uploads\/sites\/52\/2025\/09\/agent-de-securtie-150x100.png 150w, https:\/\/etab.ac-reunion.fr\/lyc-amiral-lacaze\/wp-content\/uploads\/sites\/52\/2025\/09\/agent-de-securtie.png 1536w\" sizes=\"auto, (max-width: 1024px) 100vw, 1024px\" \/><\/figure><div class=\"wp-block-media-text__content\">\n<h2 class=\"wp-block-heading\">\ud83d\udee1\ufe0f CAP Agent de S\u00e9curit\u00e9 (AS)<\/h2>\n\n\n\n<p>Dur\u00e9e : 2 ans<br>Objectifs : Former aux m\u00e9tiers de la s\u00e9curit\u00e9 priv\u00e9e et publique.<br>M\u00e9tiers vis\u00e9s : Agent de s\u00e9curit\u00e9, op\u00e9rateur en t\u00e9l\u00e9surveillance.<\/p>\n\n\n\n<p><a href=\"https:\/\/etab.ac-reunion.fr\/lyc-amiral-lacaze\/nos-formations\/cap-as\/\" data-type=\"page\" data-id=\"8509\">En savoir plus<\/a><\/p>\n\n\n\n<p><a href=\"https:\/\/etab.ac-reunion.fr\/lyc-amiral-lacaze\/wp-content\/uploads\/sites\/52\/2026\/01\/Flyers-finaux-CAP-AS.pdf\" data-type=\"attachment\" data-id=\"7602\" target=\"_blank\" rel=\"noreferrer noopener\">\ud83d\udce5 T\u00e9l\u00e9charger la brochure<\/a><\/p>\n<\/div><\/div>\n\n\n\n<hr class=\"wp-block-separator has-alpha-channel-opacity is-style-wide\" \/>\n\n\n\n<h1 class=\"wp-block-heading has-text-color has-link-color wp-elements-b5b24dce42306b2ed336d1d5cfe9b914\" id=\"bacpro\" style=\"color:#1a4c9a\">\ud83d\udee0\ufe0f Formations en Bac Professionnel<\/h1>\n\n\n\n<div class=\"wp-block-media-text is-stacked-on-mobile is-image-fill-element\"><figure class=\"wp-block-media-text__media\"><img loading=\"lazy\" decoding=\"async\" width=\"1024\" height=\"768\" src=\"https:\/\/etab.ac-reunion.fr\/lyc-amiral-lacaze\/wp-content\/uploads\/sites\/52\/2025\/09\/bed5d541-c997-4ba9-b9c6-7949d853163c.jpg\" alt=\"\" class=\"wp-image-8403 size-full\" style=\"object-position:50% 50%\" srcset=\"https:\/\/etab.ac-reunion.fr\/lyc-amiral-lacaze\/wp-content\/uploads\/sites\/52\/2025\/09\/bed5d541-c997-4ba9-b9c6-7949d853163c.jpg 1024w, https:\/\/etab.ac-reunion.fr\/lyc-amiral-lacaze\/wp-content\/uploads\/sites\/52\/2025\/09\/bed5d541-c997-4ba9-b9c6-7949d853163c-300x225.jpg 300w, https:\/\/etab.ac-reunion.fr\/lyc-amiral-lacaze\/wp-content\/uploads\/sites\/52\/2025\/09\/bed5d541-c997-4ba9-b9c6-7949d853163c-768x576.jpg 768w, https:\/\/etab.ac-reunion.fr\/lyc-amiral-lacaze\/wp-content\/uploads\/sites\/52\/2025\/09\/bed5d541-c997-4ba9-b9c6-7949d853163c-150x113.jpg 150w\" sizes=\"auto, (max-width: 1024px) 100vw, 1024px\" \/><\/figure><div class=\"wp-block-media-text__content\">\n<h2 class=\"wp-block-heading\">\ud83d\udd27 Bac Pro TRPM (Technicien en R\u00e9alisation de Produits M\u00e9caniques)<\/h2>\n\n\n\n<p>Dur\u00e9e : 3 ans<br>Objectifs : Former des techniciens capables de r\u00e9aliser des pi\u00e8ces m\u00e9caniques, d\u2019assurer leur maintenance et de g\u00e9rer des lignes de production.<br>M\u00e9tiers vis\u00e9s : Technicien de production, op\u00e9rateur sur machine \u00e0 commande num\u00e9rique, dessinateur industriel, assistant technique de l\u2019ing\u00e9nieur.<br>PFMP : 22 semaines sur 3 ans<\/p>\n\n\n\n<p><a href=\"https:\/\/etab.ac-reunion.fr\/lyc-amiral-lacaze\/2025\/09\/19\/bacpro-trpm\/\" data-type=\"post\" data-id=\"8451\">En savoir plus<\/a><\/p>\n\n\n\n<p class=\"has-text-align-right\"><a href=\"https:\/\/etab.ac-reunion.fr\/lyc-amiral-lacaze\/wp-content\/uploads\/sites\/52\/2026\/01\/Flyers-finaux-BAC-TRPM-2.pdf\" target=\"_blank\" rel=\"noreferrer noopener\">\ud83d\udce5 T\u00e9l\u00e9charger la brochure<\/a><\/p>\n<\/div><\/div>\n\n\n\n<hr class=\"wp-block-separator has-alpha-channel-opacity\" \/>\n\n\n\n<div class=\"wp-block-media-text has-media-on-the-right is-stacked-on-mobile is-image-fill-element\"><div class=\"wp-block-media-text__content\">\n<h2 class=\"wp-block-heading\">\ud83d\udda5\ufe0f Bac Pro MP3D (Mod\u00e9lisation et Prototypage 3D)<\/h2>\n\n\n\n<p>Dur\u00e9e : 3 ans<br>Objectifs : Former des techniciens sp\u00e9cialis\u00e9s dans la mod\u00e9lisation 3D et le prototypage.<br>M\u00e9tiers vis\u00e9s : Technicien de bureau d\u2019\u00e9tudes, dessinateur industriel, op\u00e9rateur de machines de prototypage rapide.<br>PFMP : P\u00e9riodes de formation en entreprise incluses<\/p>\n\n\n\n<p><a href=\"https:\/\/etab.ac-reunion.fr\/lyc-amiral-lacaze\/nos-formations\/bac-pro-mp3d\/\" data-type=\"page\" data-id=\"8516\">En savoir plus<\/a><\/p>\n\n\n\n<p class=\"has-text-align-right\">\ud83d\udce5 <a href=\"https:\/\/etab.ac-reunion.fr\/lyc-amiral-lacaze\/wp-content\/uploads\/sites\/52\/2026\/01\/Flyers-finaux-BAC-MP3D.pdf\" target=\"_blank\" rel=\"noreferrer noopener\">T\u00e9l\u00e9charger la brochure<\/a><\/p>\n<\/div><figure class=\"wp-block-media-text__media\"><img loading=\"lazy\" decoding=\"async\" width=\"1024\" height=\"683\" src=\"https:\/\/etab.ac-reunion.fr\/lyc-amiral-lacaze\/wp-content\/uploads\/sites\/52\/2025\/09\/ChatGPT-Image-19-sept.-2025-14_23_27-1024x683.png\" alt=\"\" class=\"wp-image-8438 size-full\" style=\"object-position:50% 50%\" srcset=\"https:\/\/etab.ac-reunion.fr\/lyc-amiral-lacaze\/wp-content\/uploads\/sites\/52\/2025\/09\/ChatGPT-Image-19-sept.-2025-14_23_27-1024x683.png 1024w, https:\/\/etab.ac-reunion.fr\/lyc-amiral-lacaze\/wp-content\/uploads\/sites\/52\/2025\/09\/ChatGPT-Image-19-sept.-2025-14_23_27-300x200.png 300w, https:\/\/etab.ac-reunion.fr\/lyc-amiral-lacaze\/wp-content\/uploads\/sites\/52\/2025\/09\/ChatGPT-Image-19-sept.-2025-14_23_27-768x512.png 768w, https:\/\/etab.ac-reunion.fr\/lyc-amiral-lacaze\/wp-content\/uploads\/sites\/52\/2025\/09\/ChatGPT-Image-19-sept.-2025-14_23_27-150x100.png 150w, https:\/\/etab.ac-reunion.fr\/lyc-amiral-lacaze\/wp-content\/uploads\/sites\/52\/2025\/09\/ChatGPT-Image-19-sept.-2025-14_23_27.png 1536w\" sizes=\"auto, (max-width: 1024px) 100vw, 1024px\" \/><\/figure><\/div>\n\n\n\n<hr class=\"wp-block-separator has-alpha-channel-opacity\" \/>\n\n\n\n<div class=\"wp-block-media-text is-stacked-on-mobile is-image-fill-element\"><figure class=\"wp-block-media-text__media\"><img loading=\"lazy\" decoding=\"async\" width=\"1024\" height=\"683\" src=\"https:\/\/etab.ac-reunion.fr\/lyc-amiral-lacaze\/wp-content\/uploads\/sites\/52\/2025\/09\/ChatGPT-Image-19-sept.-2025-14_28_44-1024x683.png\" alt=\"\" class=\"wp-image-8441 size-full\" style=\"object-position:50% 50%\" srcset=\"https:\/\/etab.ac-reunion.fr\/lyc-amiral-lacaze\/wp-content\/uploads\/sites\/52\/2025\/09\/ChatGPT-Image-19-sept.-2025-14_28_44-1024x683.png 1024w, https:\/\/etab.ac-reunion.fr\/lyc-amiral-lacaze\/wp-content\/uploads\/sites\/52\/2025\/09\/ChatGPT-Image-19-sept.-2025-14_28_44-300x200.png 300w, https:\/\/etab.ac-reunion.fr\/lyc-amiral-lacaze\/wp-content\/uploads\/sites\/52\/2025\/09\/ChatGPT-Image-19-sept.-2025-14_28_44-768x512.png 768w, https:\/\/etab.ac-reunion.fr\/lyc-amiral-lacaze\/wp-content\/uploads\/sites\/52\/2025\/09\/ChatGPT-Image-19-sept.-2025-14_28_44-150x100.png 150w, https:\/\/etab.ac-reunion.fr\/lyc-amiral-lacaze\/wp-content\/uploads\/sites\/52\/2025\/09\/ChatGPT-Image-19-sept.-2025-14_28_44.png 1536w\" sizes=\"auto, (max-width: 1024px) 100vw, 1024px\" \/><\/figure><div class=\"wp-block-media-text__content\">\n<h2 class=\"wp-block-heading\">\ud83d\udd87\ufe0f Bac Pro CIEL (cybers\u00e9curit\u00e9, informatique et r\u00e9seaux, \u00e9lectronique)<\/h2>\n\n\n\n<p>Dur\u00e9e : 3 ans<br>Objectifs : Former aux r\u00e9seaux, \u00e0 l\u2019informatique et \u00e0 la cybers\u00e9curit\u00e9.<br>M\u00e9tiers vis\u00e9s : Technicien r\u00e9seaux, assistant informatique, technicien en cybers\u00e9curit\u00e9.<\/p>\n\n\n\n<p><a href=\"https:\/\/etab.ac-reunion.fr\/lyc-amiral-lacaze\/bac-pro-ciel\/\" data-type=\"page\" data-id=\"8522\">En savoir plus<\/a><\/p>\n\n\n\n<p class=\"has-text-align-right\"><a href=\"https:\/\/etab.ac-reunion.fr\/lyc-amiral-lacaze\/wp-content\/uploads\/sites\/52\/2026\/01\/Flyers-finaux-BAC-CIEL.pdf\" data-type=\"attachment\" data-id=\"7611\" target=\"_blank\" rel=\"noreferrer noopener\">\ud83d\udce5 T\u00e9l\u00e9charger la brochure<\/a><\/p>\n<\/div><\/div>\n\n\n\n<hr class=\"wp-block-separator has-alpha-channel-opacity\" \/>\n\n\n\n<div class=\"wp-block-media-text has-media-on-the-right is-stacked-on-mobile is-image-fill-element\"><div class=\"wp-block-media-text__content\">\n<h2 class=\"wp-block-heading\">\ud83c\udfd7\ufe0fBac Pro PLP (Pilote de Ligne de Production)<\/h2>\n\n\n\n<p>Dur\u00e9e : 3 ans<br>Objectifs : Pr\u00e9parer aux m\u00e9tiers de la conduite de lignes automatis\u00e9es.<br>M\u00e9tiers vis\u00e9s : Pilote de ligne, technicien de production, op\u00e9rateur industriel.<\/p>\n\n\n\n<p><a href=\"https:\/\/etab.ac-reunion.fr\/lyc-amiral-lacaze\/nos-formations\/bac-pro-plp\/\" data-type=\"page\" data-id=\"8526\">En savoir plus<\/a><\/p>\n\n\n\n<p class=\"has-text-align-right\"><a href=\"https:\/\/etab.ac-reunion.fr\/lyc-amiral-lacaze\/wp-content\/uploads\/sites\/52\/2026\/01\/Flyers-finaux-BAC-PLP.pdf\" data-type=\"attachment\" data-id=\"7610\" target=\"_blank\" rel=\"noreferrer noopener\">\ud83d\udce5 T\u00e9l\u00e9charger la brochure<\/a><\/p>\n<\/div><figure class=\"wp-block-media-text__media\"><img loading=\"lazy\" decoding=\"async\" width=\"1024\" height=\"683\" src=\"https:\/\/etab.ac-reunion.fr\/lyc-amiral-lacaze\/wp-content\/uploads\/sites\/52\/2025\/09\/ChatGPT-Image-19-sept.-2025-14_35_51-1024x683.png\" alt=\"\" class=\"wp-image-8444 size-full\" style=\"object-position:50% 50%\" srcset=\"https:\/\/etab.ac-reunion.fr\/lyc-amiral-lacaze\/wp-content\/uploads\/sites\/52\/2025\/09\/ChatGPT-Image-19-sept.-2025-14_35_51-1024x683.png 1024w, https:\/\/etab.ac-reunion.fr\/lyc-amiral-lacaze\/wp-content\/uploads\/sites\/52\/2025\/09\/ChatGPT-Image-19-sept.-2025-14_35_51-300x200.png 300w, https:\/\/etab.ac-reunion.fr\/lyc-amiral-lacaze\/wp-content\/uploads\/sites\/52\/2025\/09\/ChatGPT-Image-19-sept.-2025-14_35_51-768x512.png 768w, https:\/\/etab.ac-reunion.fr\/lyc-amiral-lacaze\/wp-content\/uploads\/sites\/52\/2025\/09\/ChatGPT-Image-19-sept.-2025-14_35_51-150x100.png 150w, https:\/\/etab.ac-reunion.fr\/lyc-amiral-lacaze\/wp-content\/uploads\/sites\/52\/2025\/09\/ChatGPT-Image-19-sept.-2025-14_35_51.png 1536w\" sizes=\"auto, (max-width: 1024px) 100vw, 1024px\" \/><\/figure><\/div>\n\n\n\n<hr class=\"wp-block-separator has-alpha-channel-opacity\" \/>\n\n\n\n<div class=\"wp-block-media-text is-stacked-on-mobile is-image-fill-element\"><figure class=\"wp-block-media-text__media\"><img loading=\"lazy\" decoding=\"async\" width=\"1024\" height=\"683\" src=\"https:\/\/etab.ac-reunion.fr\/lyc-amiral-lacaze\/wp-content\/uploads\/sites\/52\/2025\/09\/7bcb7334-fb0d-4165-a030-9538136ca0a9-1024x683.png\" alt=\"\" class=\"wp-image-8624 size-full\" style=\"object-position:50% 50%\" srcset=\"https:\/\/etab.ac-reunion.fr\/lyc-amiral-lacaze\/wp-content\/uploads\/sites\/52\/2025\/09\/7bcb7334-fb0d-4165-a030-9538136ca0a9-1024x683.png 1024w, https:\/\/etab.ac-reunion.fr\/lyc-amiral-lacaze\/wp-content\/uploads\/sites\/52\/2025\/09\/7bcb7334-fb0d-4165-a030-9538136ca0a9-300x200.png 300w, https:\/\/etab.ac-reunion.fr\/lyc-amiral-lacaze\/wp-content\/uploads\/sites\/52\/2025\/09\/7bcb7334-fb0d-4165-a030-9538136ca0a9-768x512.png 768w, https:\/\/etab.ac-reunion.fr\/lyc-amiral-lacaze\/wp-content\/uploads\/sites\/52\/2025\/09\/7bcb7334-fb0d-4165-a030-9538136ca0a9-150x100.png 150w, https:\/\/etab.ac-reunion.fr\/lyc-amiral-lacaze\/wp-content\/uploads\/sites\/52\/2025\/09\/7bcb7334-fb0d-4165-a030-9538136ca0a9.png 1536w\" sizes=\"auto, (max-width: 1024px) 100vw, 1024px\" \/><\/figure><div class=\"wp-block-media-text__content\">\n<h2 class=\"wp-block-heading\">\ud83d\udfe2 Bac Pro PC (Plastiques et Composites)<\/h2>\n\n\n\n<p>Dur\u00e9e : 3 ans<br>Objectifs : Former aux techniques de transformation des plastiques et composites.<br>M\u00e9tiers vis\u00e9s : Op\u00e9rateur en plasturgie, technicien industriel, technicien mat\u00e9riaux composites.<\/p>\n\n\n\n<p><a href=\"https:\/\/etab.ac-reunion.fr\/lyc-amiral-lacaze\/bac-pro-pc-2\/\" data-type=\"page\" data-id=\"8533\">En savoir plus<\/a><\/p>\n\n\n\n<p class=\"has-text-align-right\"><a href=\"https:\/\/etab.ac-reunion.fr\/lyc-amiral-lacaze\/wp-content\/uploads\/sites\/52\/2026\/01\/Flyers-finaux-BAC-PC.pdf\" data-type=\"attachment\" data-id=\"7609\" target=\"_blank\" rel=\"noreferrer noopener\">\ud83d\udce5 T\u00e9l\u00e9charger la brochure<\/a><\/p>\n<\/div><\/div>\n\n\n\n<hr class=\"wp-block-separator has-alpha-channel-opacity\" \/>\n\n\n\n<div class=\"wp-block-media-text has-media-on-the-right is-stacked-on-mobile\"><div class=\"wp-block-media-text__content\">\n<h2 class=\"wp-block-heading\">\ud83d\udd39 Bac Pro MSPC (Maintenance des Syst\u00e8mes de Production Connect\u00e9s)<\/h2>\n\n\n\n<p>Dur\u00e9e : 3 ans<br>Objectifs : Former \u00e0 la maintenance et l\u2019automatisation des syst\u00e8mes de production.<br>M\u00e9tiers vis\u00e9s : Technicien de maintenance, technicien automatisme, op\u00e9rateur industriel.<\/p>\n\n\n\n<p><a href=\"https:\/\/etab.ac-reunion.fr\/lyc-amiral-lacaze\/nos-formations\/bac-pro-mspc\/\" data-type=\"page\" data-id=\"8538\">En savoir plus<\/a><\/p>\n\n\n\n<p class=\"has-text-align-right\"><a href=\"https:\/\/etab.ac-reunion.fr\/lyc-amiral-lacaze\/wp-content\/uploads\/sites\/52\/2026\/01\/Flyers-finaux-BAC-MSPC.pdf\" data-type=\"attachment\" data-id=\"7608\" target=\"_blank\" rel=\"noreferrer noopener\">\ud83d\udce5 T\u00e9l\u00e9charger la brochure<\/a><\/p>\n<\/div><figure class=\"wp-block-media-text__media\"><img loading=\"lazy\" decoding=\"async\" width=\"1024\" height=\"768\" src=\"https:\/\/etab.ac-reunion.fr\/lyc-amiral-lacaze\/wp-content\/uploads\/sites\/52\/2022\/04\/MSPC-1024x768.png\" alt=\"\" class=\"wp-image-4098 size-full\" srcset=\"https:\/\/etab.ac-reunion.fr\/lyc-amiral-lacaze\/wp-content\/uploads\/sites\/52\/2022\/04\/MSPC-1024x768.png 1024w, https:\/\/etab.ac-reunion.fr\/lyc-amiral-lacaze\/wp-content\/uploads\/sites\/52\/2022\/04\/MSPC-300x225.png 300w, https:\/\/etab.ac-reunion.fr\/lyc-amiral-lacaze\/wp-content\/uploads\/sites\/52\/2022\/04\/MSPC-768x576.png 768w, https:\/\/etab.ac-reunion.fr\/lyc-amiral-lacaze\/wp-content\/uploads\/sites\/52\/2022\/04\/MSPC-1536x1152.png 1536w, https:\/\/etab.ac-reunion.fr\/lyc-amiral-lacaze\/wp-content\/uploads\/sites\/52\/2022\/04\/MSPC-267x200.png 267w, https:\/\/etab.ac-reunion.fr\/lyc-amiral-lacaze\/wp-content\/uploads\/sites\/52\/2022\/04\/MSPC.png 1760w\" sizes=\"auto, (max-width: 1024px) 100vw, 1024px\" \/><\/figure><\/div>\n\n\n\n<hr class=\"wp-block-separator has-alpha-channel-opacity\" \/>\n\n\n\n<div class=\"wp-block-media-text is-stacked-on-mobile\"><figure class=\"wp-block-media-text__media\"><img loading=\"lazy\" decoding=\"async\" width=\"261\" height=\"193\" src=\"https:\/\/etab.ac-reunion.fr\/lyc-amiral-lacaze\/wp-content\/uploads\/sites\/52\/2021\/08\/MELEC.jpg\" alt=\"\" class=\"wp-image-2012 size-full\" \/><\/figure><div class=\"wp-block-media-text__content\">\n<h2 class=\"wp-block-heading\">\ud83d\udca1 Bac Pro MELEC (M\u00e9tiers de l\u2019\u00c9lectricit\u00e9 et de ses Environnements Connect\u00e9s)<\/h2>\n\n\n\n<p>Dur\u00e9e : 3 ans<br>Objectifs : Former aux installations \u00e9lectriques et r\u00e9seaux connect\u00e9s.<br>M\u00e9tiers vis\u00e9s : \u00c9lectricien, technicien d\u2019installations \u00e9lectriques, technicien r\u00e9seaux.<\/p>\n\n\n\n<p><a href=\"https:\/\/etab.ac-reunion.fr\/lyc-amiral-lacaze\/bac-pro-melec\/\" data-type=\"page\" data-id=\"8542\">En savoir plus<\/a><\/p>\n\n\n\n<p class=\"has-text-align-right\"><a href=\"https:\/\/etab.ac-reunion.fr\/lyc-amiral-lacaze\/wp-content\/uploads\/sites\/52\/2026\/01\/Flyers-finaux-BAC-MELEC.pdf\" data-type=\"attachment\" data-id=\"7606\" target=\"_blank\" rel=\"noreferrer noopener\">\ud83d\udce5 T\u00e9l\u00e9charger la brochure<\/a><\/p>\n<\/div><\/div>\n\n\n\n<hr class=\"wp-block-separator has-alpha-channel-opacity is-style-wide\" \/>\n\n\n\n<h1 class=\"wp-block-heading has-text-color has-link-color wp-elements-3ec14fdcbf1fd9efbc4abedef833e005\" id=\"postbac\" style=\"color:#1a4c9a\">\ud83c\udf93 Formations post-bac<\/h1>\n\n\n\n<div class=\"wp-block-media-text is-stacked-on-mobile is-image-fill-element\"><figure class=\"wp-block-media-text__media\"><img loading=\"lazy\" decoding=\"async\" width=\"1024\" height=\"683\" src=\"https:\/\/etab.ac-reunion.fr\/lyc-amiral-lacaze\/wp-content\/uploads\/sites\/52\/2025\/09\/BTS-ATI-de-LEA-CFI-1024x683-1.jpg\" alt=\"\" class=\"wp-image-8549 size-full\" style=\"object-position:50% 50%\" srcset=\"https:\/\/etab.ac-reunion.fr\/lyc-amiral-lacaze\/wp-content\/uploads\/sites\/52\/2025\/09\/BTS-ATI-de-LEA-CFI-1024x683-1.jpg 1024w, https:\/\/etab.ac-reunion.fr\/lyc-amiral-lacaze\/wp-content\/uploads\/sites\/52\/2025\/09\/BTS-ATI-de-LEA-CFI-1024x683-1-300x200.jpg 300w, https:\/\/etab.ac-reunion.fr\/lyc-amiral-lacaze\/wp-content\/uploads\/sites\/52\/2025\/09\/BTS-ATI-de-LEA-CFI-1024x683-1-768x512.jpg 768w, https:\/\/etab.ac-reunion.fr\/lyc-amiral-lacaze\/wp-content\/uploads\/sites\/52\/2025\/09\/BTS-ATI-de-LEA-CFI-1024x683-1-150x100.jpg 150w\" sizes=\"auto, (max-width: 1024px) 100vw, 1024px\" \/><\/figure><div class=\"wp-block-media-text__content\">\n<h2 class=\"wp-block-heading\">\ud83e\uddd1\u200d\ud83d\udcbb BTS ATI (Assistance Technique d\u2019Ing\u00e9nieur)<\/h2>\n\n\n\n<p>Dur\u00e9e : 2 ans<br>Objectifs : Former des assistants techniques capables de soutenir des ing\u00e9nieurs dans les projets industriels et techniques.<br>M\u00e9tiers vis\u00e9s : Technicien assistant ing\u00e9nieur, charg\u00e9 d\u2019\u00e9tudes, technicien bureau d\u2019\u00e9tudes.<\/p>\n\n\n\n<p><a href=\"https:\/\/etab.ac-reunion.fr\/lyc-amiral-lacaze\/bts-ati\/\" data-type=\"page\" data-id=\"8546\">En savoir plus<\/a><\/p>\n\n\n\n<p class=\"has-text-align-right\"><a href=\"https:\/\/etab.ac-reunion.fr\/lyc-amiral-lacaze\/wp-content\/uploads\/sites\/52\/2024\/11\/BTS-ATI-15_04_2022.pdf\" data-type=\"attachment\" data-id=\"7661\">\ud83d\udce5 T\u00e9l\u00e9charger la brochure<\/a><\/p>\n<\/div><\/div>\n\n\n\n<hr class=\"wp-block-separator has-alpha-channel-opacity\" \/>\n\n\n\n<div class=\"wp-block-media-text has-media-on-the-right is-stacked-on-mobile is-image-fill-element\"><div class=\"wp-block-media-text__content\">\n<h2 class=\"wp-block-heading\">\ud83d\udca1 Certificat de sp\u00e9cialit\u00e9 Technicien R\u00e9seau \u00c9lectrique<\/h2>\n\n\n\n<p>Dur\u00e9e : 1 an<br>Objectifs : Former des techniciens sp\u00e9cialis\u00e9s dans l\u2019installation et la maintenance des r\u00e9seaux \u00e9lectriques.<br>M\u00e9tiers vis\u00e9s : Technicien \u00e9lectricien, technicien de r\u00e9seaux \u00e9lectriques.<\/p>\n\n\n\n<p><a href=\"https:\/\/etab.ac-reunion.fr\/lyc-amiral-lacaze\/cs-tre\/\" data-type=\"page\" data-id=\"8556\">En savoir plus<\/a><\/p>\n\n\n\n<p class=\"has-text-align-right\"><a href=\"https:\/\/etab.ac-reunion.fr\/lyc-amiral-lacaze\/wp-content\/uploads\/sites\/52\/2024\/11\/CS-TRE-flyer.pdf\" data-type=\"attachment\" data-id=\"7670\">\ud83d\udce5 T\u00e9l\u00e9charger la brochure<\/a><\/p>\n<\/div><figure class=\"wp-block-media-text__media\"><img loading=\"lazy\" decoding=\"async\" width=\"750\" height=\"500\" src=\"https:\/\/etab.ac-reunion.fr\/lyc-amiral-lacaze\/wp-content\/uploads\/sites\/52\/2025\/09\/Mention-Complementaire-TRE.jpg\" alt=\"\" class=\"wp-image-8559 size-full\" style=\"object-position:50% 50%\" srcset=\"https:\/\/etab.ac-reunion.fr\/lyc-amiral-lacaze\/wp-content\/uploads\/sites\/52\/2025\/09\/Mention-Complementaire-TRE.jpg 750w, https:\/\/etab.ac-reunion.fr\/lyc-amiral-lacaze\/wp-content\/uploads\/sites\/52\/2025\/09\/Mention-Complementaire-TRE-300x200.jpg 300w, https:\/\/etab.ac-reunion.fr\/lyc-amiral-lacaze\/wp-content\/uploads\/sites\/52\/2025\/09\/Mention-Complementaire-TRE-150x100.jpg 150w\" sizes=\"auto, (max-width: 750px) 100vw, 750px\" \/><\/figure><\/div>\n","protected":false},"excerpt":{"rendered":"<p>Le lyc\u00e9e Amiral Lacaze propose un large \u00e9ventail de formations, du CAP au post-bac, afin de pr\u00e9parer les \u00e9l\u00e8ves aux<\/p>\n<p> <a class=\"continue-reading-link\" href=\"https:\/\/etab.ac-reunion.fr\/lyc-amiral-lacaze\/nos-formations\/\"><span>Lire la suite<\/span><i class=\"crycon-right-dir\"><\/i><\/a> <\/p>\n","protected":false},"author":30060,"featured_media":0,"parent":0,"menu_order":0,"comment_status":"closed","ping_status":"closed","template":"","meta":{"footnotes":""},"class_list":["post-8209","page","type-page","status-publish","hentry"],"_links":{"self":[{"href":"https:\/\/etab.ac-reunion.fr\/lyc-amiral-lacaze\/wp-json\/wp\/v2\/pages\/8209","targetHints":{"allow":["GET"]}}],"collection":[{"href":"https:\/\/etab.ac-reunion.fr\/lyc-amiral-lacaze\/wp-json\/wp\/v2\/pages"}],"about":[{"href":"https:\/\/etab.ac-reunion.fr\/lyc-amiral-lacaze\/wp-json\/wp\/v2\/types\/page"}],"author":[{"embeddable":true,"href":"https:\/\/etab.ac-reunion.fr\/lyc-amiral-lacaze\/wp-json\/wp\/v2\/users\/30060"}],"replies":[{"embeddable":true,"href":"https:\/\/etab.ac-reunion.fr\/lyc-amiral-lacaze\/wp-json\/wp\/v2\/comments?post=8209"}],"version-history":[{"count":63,"href":"https:\/\/etab.ac-reunion.fr\/lyc-amiral-lacaze\/wp-json\/wp\/v2\/pages\/8209\/revisions"}],"predecessor-version":[{"id":9385,"href":"https:\/\/etab.ac-reunion.fr\/lyc-amiral-lacaze\/wp-json\/wp\/v2\/pages\/8209\/revisions\/9385"}],"wp:attachment":[{"href":"https:\/\/etab.ac-reunion.fr\/lyc-amiral-lacaze\/wp-json\/wp\/v2\/media?parent=8209"}],"curies":[{"name":"wp","href":"https:\/\/api.w.org\/{rel}","templated":true}]}}