{"id":8274,"date":"2025-09-11T16:05:02","date_gmt":"2025-09-11T12:05:02","guid":{"rendered":"https:\/\/etab.ac-reunion.fr\/lyc-amiral-lacaze\/?page_id=8274"},"modified":"2025-09-16T11:08:35","modified_gmt":"2025-09-16T07:08:35","slug":"presentation-du-lycee","status":"publish","type":"page","link":"https:\/\/etab.ac-reunion.fr\/lyc-amiral-lacaze\/presentation-du-lycee\/","title":{"rendered":"Pr\u00e9sentation du Lyc\u00e9e"},"content":{"rendered":"\n<p class=\"has-text-align-center\"><a href=\"#intro\">Introduction<\/a> &#8211; <a href=\"#histoire\" data-type=\"internal\" data-id=\"#histoire\">A Propos<\/a> &#8211; <a href=\"#Photos\">Photos<\/a><\/p>\n\n\n\n<hr class=\"wp-block-separator has-alpha-channel-opacity\" \/>\n\n\n\n<h2 class=\"wp-block-heading\" id=\"intro\">Introduction<\/h2>\n\n\n\n<p>Bienvenue au <strong>Lyc\u00e9e professionnel Amiral Lacaze<\/strong>, un \u00e9tablissement public situ\u00e9 \u00e0 Saint-Denis, \u00e0 La R\u00e9union, qui se consacre \u00e0 la formation professionnelle de qualit\u00e9.<\/p>\n\n\n\n<p>Ouvert depuis plusieurs d\u00e9cennies, Amiral Lacaze offre un large choix de fili\u00e8res professionnelles, allant des CAP aux baccalaur\u00e9ats professionnels, ainsi que des formations post-bac.<\/p>\n\n\n\n<p>\u00c9tablissement labellis\u00e9 \u00ab Campus des m\u00e9tiers et des qualifications \u00bb dans les secteurs du g\u00e9nie civil et de l\u2019\u00e9co-construction en milieu tropical, il se donne pour mission d\u2019accompagner chaque \u00e9l\u00e8ve vers l\u2019acquisition de comp\u00e9tences techniques, mais aussi vers un engagement responsable au sein de la communaut\u00e9.<\/p>\n\n\n\n<hr class=\"wp-block-separator has-alpha-channel-opacity is-style-wide\" \/>\n\n\n\n<h2 class=\"wp-block-heading\" id=\"histoire\"><strong>A propos de L\u2019Amiral LACAZE<\/strong><\/h2>\n\n\n<div class=\"wp-block-image\">\n<figure class=\"alignleft\"><img loading=\"lazy\" decoding=\"async\" width=\"152\" height=\"155\" src=\"https:\/\/etab.ac-reunion.fr\/lyc-amiral-lacaze\/wp-content\/uploads\/sites\/52\/2021\/08\/lacaze.png\" alt=\"\" class=\"wp-image-2281\" \/><\/figure>\n<\/div>\n\n\n<p>Juillet 1860 \/ 23 mars 1955.<\/p>\n\n\n\n<p>Lucien LACAZE a connu une existence exceptionnelle en raison de son parcours professionnel, et aussi, compte-tenu de la long\u00e9vit\u00e9 remarquable de sa vie : n\u00e9 en juillet 1860, il mourra, couvert d\u2019honneurs, le 23 mars 1955.<\/p>\n\n\n\n<p>N\u00e9 exceptionnellement en France lors d\u2019un s\u00e9jour de ses parents, il vivra \u00e0 la R\u00e9union d\u00e8s l\u2019\u00e2ge de 6 mois, o\u00f9, la famille de son p\u00e8re m\u00e9decin y est install\u00e9e depuis 1774.<\/p>\n\n\n\n<p>El\u00e8ve dou\u00e9 et brillant on lui trouve cependant un caract\u00e8re difficile. Sa scolarit\u00e9 au lyc\u00e9e Leconte de Lisle de Saint-Denis de la R\u00e9union est ponctu\u00e9e de retenues si bien que son p\u00e8re se r\u00e9sout \u00e0 le mettre en pension \u00e0 l\u2019\u00e2ge de 14 ans \u00e0 Sarlat. L\u00e0, son comportement et sa scolarit\u00e9 s\u2019am\u00e9liorent ; il y r\u00e9ussit le concours g\u00e9n\u00e9ral et est admis \u00e0 l\u2019\u00e9cole navale.<\/p>\n\n\n\n<p>D\u00e8s 28 ans, il commande des navires de guerre. Il montre des talents d\u2019administrateur dans les ambassades comme attach\u00e9 naval et dans les minist\u00e8res. Il est nomm\u00e9 chef de cabinet du Ministre de la guerre Delcass\u00e9. Excellent organisateur, il devient, \u00e0 son tour, Ministre de la Marine dans le gouvernement Luciani.<\/p>\n\n\n\n<p>Promis en 1915, \u00e0 une longue carri\u00e8re politique, il d\u00e9missionne cependant de son poste de ministre \u00e0 la suite d\u2019une accusation port\u00e9e contre l\u2019un de ses amis l\u2019Amiral Dartige. Cette d\u00e9mission met en exergue le sens de l\u2019amiti\u00e9 et de la loyaut\u00e9 de l\u2019homme qui aimait \u00e0 dire que \u00ab les grandes choses ne sont faites que par des hommes en qui l\u2019affection des coeurs double la qualit\u00e9 des esprits \u00bb.<\/p>\n\n\n\n<p>Apr\u00e8s la Grande Guerre, l\u2019Amiral LACAZE est un homme connu. Il est \u00e9lu \u00e0 l\u2019acad\u00e9mie des Beaux-Arts puis \u00e0 l\u2019Acad\u00e9mie Fran\u00e7aise en 1937. Il fit un bref retour au pays de son enfance et sa premi\u00e8re adolescence lors d\u2019un voyage officiel.<\/p>\n\n\n\n<p>Pour conclure ce sch\u00e9matique rappel historique, donnons la parole \u00e0 M. Delcass\u00e9 sous les ordres duquel Lucien LACAZE montra : \u00ab autorit\u00e9, d\u00e9cision, tact, culture g\u00e9n\u00e9rale, libert\u00e9 d\u2019esprit, haute conscience, grande puissance de travail, inqui\u00e9tude du d\u00e9tail qui ne d\u00e9robe pas \u00e0 la vue de l\u2019ensemble \u00bb \u2026et en qui il per\u00e7ut \u00ab toutes les qualit\u00e9s o\u00f9 se reconna\u00eet un chef\u2026 \u00bb<\/p>\n\n\n\n<hr class=\"wp-block-separator has-alpha-channel-opacity is-style-wide\" \/>\n\n\n\n<h2 class=\"wp-block-heading\" id=\"Photos\">Photos du lyc\u00e9e<\/h2>\n\n\n\n<figure class=\"wp-block-gallery has-nested-images columns-default is-cropped wp-block-gallery-1 is-layout-flex wp-block-gallery-is-layout-flex\">\n<figure class=\"wp-block-image size-large\"><img loading=\"lazy\" decoding=\"async\" width=\"667\" height=\"736\" data-id=\"7528\" src=\"https:\/\/etab.ac-reunion.fr\/lyc-amiral-lacaze\/wp-content\/uploads\/sites\/52\/2024\/08\/IMG_3834-1.jpg\" alt=\"\" class=\"wp-image-7528\" srcset=\"https:\/\/etab.ac-reunion.fr\/lyc-amiral-lacaze\/wp-content\/uploads\/sites\/52\/2024\/08\/IMG_3834-1.jpg 667w, https:\/\/etab.ac-reunion.fr\/lyc-amiral-lacaze\/wp-content\/uploads\/sites\/52\/2024\/08\/IMG_3834-1-272x300.jpg 272w, https:\/\/etab.ac-reunion.fr\/lyc-amiral-lacaze\/wp-content\/uploads\/sites\/52\/2024\/08\/IMG_3834-1-136x150.jpg 136w\" sizes=\"auto, (max-width: 667px) 100vw, 667px\" \/><\/figure>\n\n\n\n<figure class=\"wp-block-image size-large\"><img loading=\"lazy\" decoding=\"async\" width=\"1024\" height=\"768\" data-id=\"7511\" src=\"https:\/\/etab.ac-reunion.fr\/lyc-amiral-lacaze\/wp-content\/uploads\/sites\/52\/2024\/08\/11-1-1024x768.jpg\" alt=\"\" class=\"wp-image-7511\" srcset=\"https:\/\/etab.ac-reunion.fr\/lyc-amiral-lacaze\/wp-content\/uploads\/sites\/52\/2024\/08\/11-1-1024x768.jpg 1024w, https:\/\/etab.ac-reunion.fr\/lyc-amiral-lacaze\/wp-content\/uploads\/sites\/52\/2024\/08\/11-1-300x225.jpg 300w, https:\/\/etab.ac-reunion.fr\/lyc-amiral-lacaze\/wp-content\/uploads\/sites\/52\/2024\/08\/11-1-768x576.jpg 768w, https:\/\/etab.ac-reunion.fr\/lyc-amiral-lacaze\/wp-content\/uploads\/sites\/52\/2024\/08\/11-1-150x113.jpg 150w, https:\/\/etab.ac-reunion.fr\/lyc-amiral-lacaze\/wp-content\/uploads\/sites\/52\/2024\/08\/11-1-800x600.jpg 800w, https:\/\/etab.ac-reunion.fr\/lyc-amiral-lacaze\/wp-content\/uploads\/sites\/52\/2024\/08\/11-1.jpg 1280w\" sizes=\"auto, (max-width: 1024px) 100vw, 1024px\" \/><\/figure>\n\n\n\n<figure class=\"wp-block-image size-large\"><img loading=\"lazy\" decoding=\"async\" width=\"768\" height=\"1024\" data-id=\"7510\" src=\"https:\/\/etab.ac-reunion.fr\/lyc-amiral-lacaze\/wp-content\/uploads\/sites\/52\/2024\/08\/lycee1-768x1024.jpg\" alt=\"\" class=\"wp-image-7510\" srcset=\"https:\/\/etab.ac-reunion.fr\/lyc-amiral-lacaze\/wp-content\/uploads\/sites\/52\/2024\/08\/lycee1-768x1024.jpg 768w, https:\/\/etab.ac-reunion.fr\/lyc-amiral-lacaze\/wp-content\/uploads\/sites\/52\/2024\/08\/lycee1-225x300.jpg 225w, https:\/\/etab.ac-reunion.fr\/lyc-amiral-lacaze\/wp-content\/uploads\/sites\/52\/2024\/08\/lycee1-113x150.jpg 113w, https:\/\/etab.ac-reunion.fr\/lyc-amiral-lacaze\/wp-content\/uploads\/sites\/52\/2024\/08\/lycee1.jpg 960w\" sizes=\"auto, (max-width: 768px) 100vw, 768px\" \/><\/figure>\n\n\n\n<figure class=\"wp-block-image size-large\"><img loading=\"lazy\" decoding=\"async\" width=\"1024\" height=\"768\" data-id=\"7509\" src=\"https:\/\/etab.ac-reunion.fr\/lyc-amiral-lacaze\/wp-content\/uploads\/sites\/52\/2024\/08\/13-1024x768.jpg\" alt=\"\" class=\"wp-image-7509\" srcset=\"https:\/\/etab.ac-reunion.fr\/lyc-amiral-lacaze\/wp-content\/uploads\/sites\/52\/2024\/08\/13-1024x768.jpg 1024w, https:\/\/etab.ac-reunion.fr\/lyc-amiral-lacaze\/wp-content\/uploads\/sites\/52\/2024\/08\/13-300x225.jpg 300w, https:\/\/etab.ac-reunion.fr\/lyc-amiral-lacaze\/wp-content\/uploads\/sites\/52\/2024\/08\/13-768x576.jpg 768w, https:\/\/etab.ac-reunion.fr\/lyc-amiral-lacaze\/wp-content\/uploads\/sites\/52\/2024\/08\/13-150x113.jpg 150w, https:\/\/etab.ac-reunion.fr\/lyc-amiral-lacaze\/wp-content\/uploads\/sites\/52\/2024\/08\/13-800x600.jpg 800w, https:\/\/etab.ac-reunion.fr\/lyc-amiral-lacaze\/wp-content\/uploads\/sites\/52\/2024\/08\/13.jpg 1280w\" sizes=\"auto, (max-width: 1024px) 100vw, 1024px\" \/><\/figure>\n\n\n\n<figure class=\"wp-block-image size-large\"><img loading=\"lazy\" decoding=\"async\" width=\"1024\" height=\"768\" data-id=\"7506\" src=\"https:\/\/etab.ac-reunion.fr\/lyc-amiral-lacaze\/wp-content\/uploads\/sites\/52\/2024\/08\/10-1024x768.jpg\" alt=\"\" class=\"wp-image-7506\" srcset=\"https:\/\/etab.ac-reunion.fr\/lyc-amiral-lacaze\/wp-content\/uploads\/sites\/52\/2024\/08\/10-1024x768.jpg 1024w, https:\/\/etab.ac-reunion.fr\/lyc-amiral-lacaze\/wp-content\/uploads\/sites\/52\/2024\/08\/10-300x225.jpg 300w, https:\/\/etab.ac-reunion.fr\/lyc-amiral-lacaze\/wp-content\/uploads\/sites\/52\/2024\/08\/10-768x576.jpg 768w, https:\/\/etab.ac-reunion.fr\/lyc-amiral-lacaze\/wp-content\/uploads\/sites\/52\/2024\/08\/10-150x113.jpg 150w, https:\/\/etab.ac-reunion.fr\/lyc-amiral-lacaze\/wp-content\/uploads\/sites\/52\/2024\/08\/10-800x600.jpg 800w, https:\/\/etab.ac-reunion.fr\/lyc-amiral-lacaze\/wp-content\/uploads\/sites\/52\/2024\/08\/10.jpg 1280w\" sizes=\"auto, (max-width: 1024px) 100vw, 1024px\" \/><\/figure>\n\n\n\n<figure class=\"wp-block-image size-large\"><img loading=\"lazy\" decoding=\"async\" width=\"768\" height=\"1024\" data-id=\"7504\" src=\"https:\/\/etab.ac-reunion.fr\/lyc-amiral-lacaze\/wp-content\/uploads\/sites\/52\/2024\/08\/8-768x1024.jpg\" alt=\"\" class=\"wp-image-7504\" srcset=\"https:\/\/etab.ac-reunion.fr\/lyc-amiral-lacaze\/wp-content\/uploads\/sites\/52\/2024\/08\/8-768x1024.jpg 768w, https:\/\/etab.ac-reunion.fr\/lyc-amiral-lacaze\/wp-content\/uploads\/sites\/52\/2024\/08\/8-225x300.jpg 225w, https:\/\/etab.ac-reunion.fr\/lyc-amiral-lacaze\/wp-content\/uploads\/sites\/52\/2024\/08\/8-113x150.jpg 113w, https:\/\/etab.ac-reunion.fr\/lyc-amiral-lacaze\/wp-content\/uploads\/sites\/52\/2024\/08\/8.jpg 960w\" sizes=\"auto, (max-width: 768px) 100vw, 768px\" \/><\/figure>\n\n\n\n<figure class=\"wp-block-image size-large\"><img loading=\"lazy\" decoding=\"async\" width=\"1024\" height=\"768\" data-id=\"7505\" src=\"https:\/\/etab.ac-reunion.fr\/lyc-amiral-lacaze\/wp-content\/uploads\/sites\/52\/2024\/08\/9-1024x768.jpg\" alt=\"\" class=\"wp-image-7505\" srcset=\"https:\/\/etab.ac-reunion.fr\/lyc-amiral-lacaze\/wp-content\/uploads\/sites\/52\/2024\/08\/9-1024x768.jpg 1024w, https:\/\/etab.ac-reunion.fr\/lyc-amiral-lacaze\/wp-content\/uploads\/sites\/52\/2024\/08\/9-300x225.jpg 300w, https:\/\/etab.ac-reunion.fr\/lyc-amiral-lacaze\/wp-content\/uploads\/sites\/52\/2024\/08\/9-768x576.jpg 768w, https:\/\/etab.ac-reunion.fr\/lyc-amiral-lacaze\/wp-content\/uploads\/sites\/52\/2024\/08\/9-150x113.jpg 150w, https:\/\/etab.ac-reunion.fr\/lyc-amiral-lacaze\/wp-content\/uploads\/sites\/52\/2024\/08\/9-800x600.jpg 800w, https:\/\/etab.ac-reunion.fr\/lyc-amiral-lacaze\/wp-content\/uploads\/sites\/52\/2024\/08\/9.jpg 1280w\" sizes=\"auto, (max-width: 1024px) 100vw, 1024px\" \/><\/figure>\n\n\n\n<figure class=\"wp-block-image size-large\"><img loading=\"lazy\" decoding=\"async\" width=\"1024\" height=\"768\" data-id=\"7500\" src=\"https:\/\/etab.ac-reunion.fr\/lyc-amiral-lacaze\/wp-content\/uploads\/sites\/52\/2024\/08\/5-1024x768.jpg\" alt=\"\" class=\"wp-image-7500\" srcset=\"https:\/\/etab.ac-reunion.fr\/lyc-amiral-lacaze\/wp-content\/uploads\/sites\/52\/2024\/08\/5-1024x768.jpg 1024w, https:\/\/etab.ac-reunion.fr\/lyc-amiral-lacaze\/wp-content\/uploads\/sites\/52\/2024\/08\/5-300x225.jpg 300w, https:\/\/etab.ac-reunion.fr\/lyc-amiral-lacaze\/wp-content\/uploads\/sites\/52\/2024\/08\/5-768x576.jpg 768w, https:\/\/etab.ac-reunion.fr\/lyc-amiral-lacaze\/wp-content\/uploads\/sites\/52\/2024\/08\/5-150x113.jpg 150w, https:\/\/etab.ac-reunion.fr\/lyc-amiral-lacaze\/wp-content\/uploads\/sites\/52\/2024\/08\/5-800x600.jpg 800w, https:\/\/etab.ac-reunion.fr\/lyc-amiral-lacaze\/wp-content\/uploads\/sites\/52\/2024\/08\/5.jpg 1280w\" sizes=\"auto, (max-width: 1024px) 100vw, 1024px\" \/><\/figure>\n\n\n\n<figure class=\"wp-block-image size-large\"><img loading=\"lazy\" decoding=\"async\" width=\"1024\" height=\"768\" data-id=\"7499\" src=\"https:\/\/etab.ac-reunion.fr\/lyc-amiral-lacaze\/wp-content\/uploads\/sites\/52\/2024\/08\/6-1024x768.jpg\" alt=\"\" class=\"wp-image-7499\" srcset=\"https:\/\/etab.ac-reunion.fr\/lyc-amiral-lacaze\/wp-content\/uploads\/sites\/52\/2024\/08\/6-1024x768.jpg 1024w, https:\/\/etab.ac-reunion.fr\/lyc-amiral-lacaze\/wp-content\/uploads\/sites\/52\/2024\/08\/6-300x225.jpg 300w, https:\/\/etab.ac-reunion.fr\/lyc-amiral-lacaze\/wp-content\/uploads\/sites\/52\/2024\/08\/6-768x576.jpg 768w, https:\/\/etab.ac-reunion.fr\/lyc-amiral-lacaze\/wp-content\/uploads\/sites\/52\/2024\/08\/6-150x113.jpg 150w, https:\/\/etab.ac-reunion.fr\/lyc-amiral-lacaze\/wp-content\/uploads\/sites\/52\/2024\/08\/6-800x600.jpg 800w, https:\/\/etab.ac-reunion.fr\/lyc-amiral-lacaze\/wp-content\/uploads\/sites\/52\/2024\/08\/6.jpg 1280w\" sizes=\"auto, (max-width: 1024px) 100vw, 1024px\" \/><\/figure>\n\n\n\n<figure class=\"wp-block-image size-large\"><img loading=\"lazy\" decoding=\"async\" width=\"768\" height=\"1024\" data-id=\"7498\" src=\"https:\/\/etab.ac-reunion.fr\/lyc-amiral-lacaze\/wp-content\/uploads\/sites\/52\/2024\/08\/2-768x1024.jpg\" alt=\"\" class=\"wp-image-7498\" srcset=\"https:\/\/etab.ac-reunion.fr\/lyc-amiral-lacaze\/wp-content\/uploads\/sites\/52\/2024\/08\/2-768x1024.jpg 768w, https:\/\/etab.ac-reunion.fr\/lyc-amiral-lacaze\/wp-content\/uploads\/sites\/52\/2024\/08\/2-225x300.jpg 225w, https:\/\/etab.ac-reunion.fr\/lyc-amiral-lacaze\/wp-content\/uploads\/sites\/52\/2024\/08\/2-113x150.jpg 113w, https:\/\/etab.ac-reunion.fr\/lyc-amiral-lacaze\/wp-content\/uploads\/sites\/52\/2024\/08\/2.jpg 960w\" sizes=\"auto, (max-width: 768px) 100vw, 768px\" \/><\/figure>\n\n\n\n<figure class=\"wp-block-image size-large\"><img loading=\"lazy\" decoding=\"async\" width=\"768\" height=\"1024\" data-id=\"7502\" src=\"https:\/\/etab.ac-reunion.fr\/lyc-amiral-lacaze\/wp-content\/uploads\/sites\/52\/2024\/08\/7-768x1024.jpg\" alt=\"\" class=\"wp-image-7502\" srcset=\"https:\/\/etab.ac-reunion.fr\/lyc-amiral-lacaze\/wp-content\/uploads\/sites\/52\/2024\/08\/7-768x1024.jpg 768w, https:\/\/etab.ac-reunion.fr\/lyc-amiral-lacaze\/wp-content\/uploads\/sites\/52\/2024\/08\/7-225x300.jpg 225w, https:\/\/etab.ac-reunion.fr\/lyc-amiral-lacaze\/wp-content\/uploads\/sites\/52\/2024\/08\/7-113x150.jpg 113w, https:\/\/etab.ac-reunion.fr\/lyc-amiral-lacaze\/wp-content\/uploads\/sites\/52\/2024\/08\/7.jpg 960w\" sizes=\"auto, (max-width: 768px) 100vw, 768px\" \/><\/figure>\n\n\n\n<figure class=\"wp-block-image size-large\"><img loading=\"lazy\" decoding=\"async\" width=\"1024\" height=\"768\" data-id=\"7507\" src=\"https:\/\/etab.ac-reunion.fr\/lyc-amiral-lacaze\/wp-content\/uploads\/sites\/52\/2024\/08\/11-1024x768.jpg\" alt=\"\" class=\"wp-image-7507\" srcset=\"https:\/\/etab.ac-reunion.fr\/lyc-amiral-lacaze\/wp-content\/uploads\/sites\/52\/2024\/08\/11-1024x768.jpg 1024w, https:\/\/etab.ac-reunion.fr\/lyc-amiral-lacaze\/wp-content\/uploads\/sites\/52\/2024\/08\/11-300x225.jpg 300w, https:\/\/etab.ac-reunion.fr\/lyc-amiral-lacaze\/wp-content\/uploads\/sites\/52\/2024\/08\/11-768x576.jpg 768w, https:\/\/etab.ac-reunion.fr\/lyc-amiral-lacaze\/wp-content\/uploads\/sites\/52\/2024\/08\/11-150x113.jpg 150w, https:\/\/etab.ac-reunion.fr\/lyc-amiral-lacaze\/wp-content\/uploads\/sites\/52\/2024\/08\/11-800x600.jpg 800w, https:\/\/etab.ac-reunion.fr\/lyc-amiral-lacaze\/wp-content\/uploads\/sites\/52\/2024\/08\/11.jpg 1280w\" sizes=\"auto, (max-width: 1024px) 100vw, 1024px\" \/><\/figure>\n\n\n\n<figure class=\"wp-block-image size-large\"><img loading=\"lazy\" decoding=\"async\" width=\"1024\" height=\"768\" data-id=\"7508\" src=\"https:\/\/etab.ac-reunion.fr\/lyc-amiral-lacaze\/wp-content\/uploads\/sites\/52\/2024\/08\/12-1024x768.jpg\" alt=\"\" class=\"wp-image-7508\" srcset=\"https:\/\/etab.ac-reunion.fr\/lyc-amiral-lacaze\/wp-content\/uploads\/sites\/52\/2024\/08\/12-1024x768.jpg 1024w, https:\/\/etab.ac-reunion.fr\/lyc-amiral-lacaze\/wp-content\/uploads\/sites\/52\/2024\/08\/12-300x225.jpg 300w, https:\/\/etab.ac-reunion.fr\/lyc-amiral-lacaze\/wp-content\/uploads\/sites\/52\/2024\/08\/12-768x576.jpg 768w, https:\/\/etab.ac-reunion.fr\/lyc-amiral-lacaze\/wp-content\/uploads\/sites\/52\/2024\/08\/12-150x113.jpg 150w, https:\/\/etab.ac-reunion.fr\/lyc-amiral-lacaze\/wp-content\/uploads\/sites\/52\/2024\/08\/12-800x600.jpg 800w, https:\/\/etab.ac-reunion.fr\/lyc-amiral-lacaze\/wp-content\/uploads\/sites\/52\/2024\/08\/12.jpg 1280w\" sizes=\"auto, (max-width: 1024px) 100vw, 1024px\" \/><\/figure>\n<\/figure>\n","protected":false},"excerpt":{"rendered":"<p>Introduction &#8211; A Propos &#8211; Photos Introduction Bienvenue au Lyc\u00e9e professionnel Amiral Lacaze, un \u00e9tablissement public situ\u00e9 \u00e0 Saint-Denis, \u00e0<\/p>\n<p> <a class=\"continue-reading-link\" href=\"https:\/\/etab.ac-reunion.fr\/lyc-amiral-lacaze\/presentation-du-lycee\/\"><span>Lire la suite<\/span><i class=\"crycon-right-dir\"><\/i><\/a> <\/p>\n","protected":false},"author":30060,"featured_media":0,"parent":0,"menu_order":0,"comment_status":"closed","ping_status":"closed","template":"","meta":{"footnotes":""},"class_list":["post-8274","page","type-page","status-publish","hentry"],"_links":{"self":[{"href":"https:\/\/etab.ac-reunion.fr\/lyc-amiral-lacaze\/wp-json\/wp\/v2\/pages\/8274","targetHints":{"allow":["GET"]}}],"collection":[{"href":"https:\/\/etab.ac-reunion.fr\/lyc-amiral-lacaze\/wp-json\/wp\/v2\/pages"}],"about":[{"href":"https:\/\/etab.ac-reunion.fr\/lyc-amiral-lacaze\/wp-json\/wp\/v2\/types\/page"}],"author":[{"embeddable":true,"href":"https:\/\/etab.ac-reunion.fr\/lyc-amiral-lacaze\/wp-json\/wp\/v2\/users\/30060"}],"replies":[{"embeddable":true,"href":"https:\/\/etab.ac-reunion.fr\/lyc-amiral-lacaze\/wp-json\/wp\/v2\/comments?post=8274"}],"version-history":[{"count":5,"href":"https:\/\/etab.ac-reunion.fr\/lyc-amiral-lacaze\/wp-json\/wp\/v2\/pages\/8274\/revisions"}],"predecessor-version":[{"id":8401,"href":"https:\/\/etab.ac-reunion.fr\/lyc-amiral-lacaze\/wp-json\/wp\/v2\/pages\/8274\/revisions\/8401"}],"wp:attachment":[{"href":"https:\/\/etab.ac-reunion.fr\/lyc-amiral-lacaze\/wp-json\/wp\/v2\/media?parent=8274"}],"curies":[{"name":"wp","href":"https:\/\/api.w.org\/{rel}","templated":true}]}}