{"id":8283,"date":"2025-09-11T18:16:22","date_gmt":"2025-09-11T14:16:22","guid":{"rendered":"https:\/\/etab.ac-reunion.fr\/lyc-amiral-lacaze\/?page_id=8283"},"modified":"2025-10-10T10:21:50","modified_gmt":"2025-10-10T06:21:50","slug":"equipe-educative-et-administrative","status":"publish","type":"page","link":"https:\/\/etab.ac-reunion.fr\/lyc-amiral-lacaze\/equipe-educative-et-administrative\/","title":{"rendered":"\ud83d\udcc4 \u00c9quipe \u00e9ducative et administrative"},"content":{"rendered":"\n<figure class=\"wp-block-image size-full\"><img loading=\"lazy\" decoding=\"async\" width=\"2560\" height=\"1920\" src=\"https:\/\/etab.ac-reunion.fr\/lyc-amiral-lacaze\/wp-content\/uploads\/sites\/52\/2025\/10\/organigramme-v2-scaled.png\" alt=\"\" class=\"wp-image-8899\" srcset=\"https:\/\/etab.ac-reunion.fr\/lyc-amiral-lacaze\/wp-content\/uploads\/sites\/52\/2025\/10\/organigramme-v2-scaled.png 2560w, https:\/\/etab.ac-reunion.fr\/lyc-amiral-lacaze\/wp-content\/uploads\/sites\/52\/2025\/10\/organigramme-v2-300x225.png 300w, https:\/\/etab.ac-reunion.fr\/lyc-amiral-lacaze\/wp-content\/uploads\/sites\/52\/2025\/10\/organigramme-v2-1024x768.png 1024w, https:\/\/etab.ac-reunion.fr\/lyc-amiral-lacaze\/wp-content\/uploads\/sites\/52\/2025\/10\/organigramme-v2-768x576.png 768w, https:\/\/etab.ac-reunion.fr\/lyc-amiral-lacaze\/wp-content\/uploads\/sites\/52\/2025\/10\/organigramme-v2-1536x1152.png 1536w, https:\/\/etab.ac-reunion.fr\/lyc-amiral-lacaze\/wp-content\/uploads\/sites\/52\/2025\/10\/organigramme-v2-2048x1536.png 2048w, https:\/\/etab.ac-reunion.fr\/lyc-amiral-lacaze\/wp-content\/uploads\/sites\/52\/2025\/10\/organigramme-v2-150x113.png 150w\" sizes=\"auto, (max-width: 2560px) 100vw, 2560px\" \/><\/figure>\n\n\n\n<h2 class=\"wp-block-heading\">Les Enseignants : <\/h2>\n\n\n\n<figure class=\"wp-block-table aligncenter\"><table class=\"has-fixed-layout\"><thead><tr><th class=\"has-text-align-center\" data-align=\"center\">Nom Pr\u00e9nom<\/th><th class=\"has-text-align-center\" data-align=\"center\">Mati\u00e8re<\/th><\/tr><\/thead><tbody><tr><td class=\"has-text-align-center\" data-align=\"center\">ABDOU Fatihati<\/td><td class=\"has-text-align-center\" data-align=\"center\">Math\u00e9matique sciences physiques&nbsp;<\/td><\/tr><tr><td class=\"has-text-align-center\" data-align=\"center\">ARAYE&nbsp; Marine Elsa<\/td><td class=\"has-text-align-center\" data-align=\"center\">Economie Gestion<\/td><\/tr><tr><td class=\"has-text-align-center\" data-align=\"center\">ARGENT St\u00e9phane<\/td><td class=\"has-text-align-center\" data-align=\"center\">Art-appliqu\u00e9s&nbsp;<\/td><\/tr><tr><td class=\"has-text-align-center\" data-align=\"center\">BALASSE Rodrigue<\/td><td class=\"has-text-align-center\" data-align=\"center\">Math sciences physiques&nbsp;<\/td><\/tr><tr><td class=\"has-text-align-center\" data-align=\"center\">BEGUE Jean max<\/td><td class=\"has-text-align-center\" data-align=\"center\">G\u00e9nie \u00e9lectrique : \u00e9lectrotechnique<\/td><\/tr><tr><td class=\"has-text-align-center\" data-align=\"center\">BEGUE&nbsp; Edmond joel<\/td><td class=\"has-text-align-center\" data-align=\"center\">G\u00e9nie \u00e9lectrique : \u00e9lectrotechnique<\/td><\/tr><tr><td class=\"has-text-align-center\" data-align=\"center\">BOUDJEMAA Dominique<\/td><td class=\"has-text-align-center\" data-align=\"center\">Pr\u00e9vention s\u00e9curit\u00e9&nbsp;<\/td><\/tr><tr><td class=\"has-text-align-center\" data-align=\"center\">BOYER Sandrine<\/td><td class=\"has-text-align-center\" data-align=\"center\">Lettres Anglais&nbsp;<\/td><\/tr><tr><td class=\"has-text-align-center\" data-align=\"center\">BULIN Davilson<\/td><td class=\"has-text-align-center\" data-align=\"center\">G\u00e9nie \u00e9lectrique : \u00e9lectrotechnique<\/td><\/tr><tr><td class=\"has-text-align-center\" data-align=\"center\">CADET Nadia<\/td><td class=\"has-text-align-center\" data-align=\"center\">Lettres-Hist G\u00e9o<\/td><\/tr><tr><td class=\"has-text-align-center\" data-align=\"center\">CASCADE Pierre Guy<\/td><td class=\"has-text-align-center\" data-align=\"center\">G\u00e9nie m\u00e9canique construction<\/td><\/tr><tr><td class=\"has-text-align-center\" data-align=\"center\">CERVEAU S\u00e9bastien<\/td><td class=\"has-text-align-center\" data-align=\"center\">G\u00e9nie m\u00e9canique construction &#8211; RBDE<\/td><\/tr><tr><td class=\"has-text-align-center\" data-align=\"center\">CHANE-TO Marc<\/td><td class=\"has-text-align-center\" data-align=\"center\">G\u00e9nie \u00e9lectrique : \u00e9lectrotechnique<\/td><\/tr><tr><td class=\"has-text-align-center\" data-align=\"center\">DAUTAIS Marie-V\u00e9ronique<\/td><td class=\"has-text-align-center\" data-align=\"center\">Lettres-Hist G\u00e9o<\/td><\/tr><tr><td class=\"has-text-align-center\" data-align=\"center\">DAYA Naaemah<\/td><td class=\"has-text-align-center\" data-align=\"center\">Economie Gestion<\/td><\/tr><tr><td class=\"has-text-align-center\" data-align=\"center\">DEDIEU Ariane&nbsp;<\/td><td class=\"has-text-align-center\" data-align=\"center\">Lettres-Hist G\u00e9o<\/td><\/tr><tr><td class=\"has-text-align-center\" data-align=\"center\">DERAND Jean-Jacques&nbsp;<\/td><td class=\"has-text-align-center\" data-align=\"center\">G\u00e9nie m\u00e9canique construction<\/td><\/tr><tr><td class=\"has-text-align-center\" data-align=\"center\">DIJOUX Erick<\/td><td class=\"has-text-align-center\" data-align=\"center\">G\u00e9nie m\u00e9canique construction<\/td><\/tr><tr><td class=\"has-text-align-center\" data-align=\"center\">DIJOUX S\u00e9bastien<\/td><td class=\"has-text-align-center\" data-align=\"center\">G\u00e9nie m\u00e9canique maintenance<\/td><\/tr><tr><td class=\"has-text-align-center\" data-align=\"center\">DONZ&nbsp; Chantal<\/td><td class=\"has-text-align-center\" data-align=\"center\">Lettres-Hist G\u00e9o<\/td><\/tr><tr><td class=\"has-text-align-center\" data-align=\"center\">DROUADAINE Bruno<\/td><td class=\"has-text-align-center\" data-align=\"center\">G\u00e9nie \u00e9lectronique&nbsp;<\/td><\/tr><tr><td class=\"has-text-align-center\" data-align=\"center\">DUMAY Mathilde L\u00e9a<\/td><td class=\"has-text-align-center\" data-align=\"center\">Lettres Anglais&nbsp;<\/td><\/tr><tr><td class=\"has-text-align-center\" data-align=\"center\">EL&rsquo;ANZIZ Lakoussat<\/td><td class=\"has-text-align-center\" data-align=\"center\">Lettres Anglais&nbsp;<\/td><\/tr><tr><td class=\"has-text-align-center\" data-align=\"center\">ELLAYA Marie-mireille<\/td><td class=\"has-text-align-center\" data-align=\"center\">Math sciences physiques&nbsp;<\/td><\/tr><tr><td class=\"has-text-align-center\" data-align=\"center\">ELLAYA Marie-mireille<\/td><td class=\"has-text-align-center\" data-align=\"center\">Math sciences physiques&nbsp;<\/td><\/tr><tr><td class=\"has-text-align-center\" data-align=\"center\">FUNG-KWOK-CHINE Mickael<\/td><td class=\"has-text-align-center\" data-align=\"center\">G\u00e9nie \u00e9lectrique : \u00e9lectrotechnique<\/td><\/tr><tr><td class=\"has-text-align-center\" data-align=\"center\">GALAIS Marie Anaelle<\/td><td class=\"has-text-align-center\" data-align=\"center\">Lettres-Hist G\u00e9o<\/td><\/tr><tr><td class=\"has-text-align-center\" data-align=\"center\">GIGAN MAILLOT Geraldine <\/td><td class=\"has-text-align-center\" data-align=\"center\">Lettres-Hist G\u00e9o<\/td><\/tr><tr><td class=\"has-text-align-center\" data-align=\"center\">GILBAUT Ludovic <\/td><td class=\"has-text-align-center\" data-align=\"center\">G\u00e9nie m\u00e9canique maintenance<\/td><\/tr><tr><td class=\"has-text-align-center\" data-align=\"center\">GOARIN Gr\u00e9gory<\/td><td class=\"has-text-align-center\" data-align=\"center\">G\u00e9nie m\u00e9canique productique<\/td><\/tr><tr><td class=\"has-text-align-center\" data-align=\"center\">GRAVINA R\u00e9mi<\/td><td class=\"has-text-align-center\" data-align=\"center\">G\u00e9nie m\u00e9canique construction<\/td><\/tr><tr><td class=\"has-text-align-center\" data-align=\"center\">HOAREAU Jimmy<\/td><td class=\"has-text-align-center\" data-align=\"center\">E.P.S<\/td><\/tr><tr><td class=\"has-text-align-center\" data-align=\"center\">HUBERT Soazig<\/td><td class=\"has-text-align-center\" data-align=\"center\">Lettres-Hist G\u00e9o<\/td><\/tr><tr><td class=\"has-text-align-center\" data-align=\"center\">IFANGOUSINE&nbsp; Alfred<\/td><td class=\"has-text-align-center\" data-align=\"center\">G\u00e9nie \u00e9lectrique : \u00e9lectrotechnique<\/td><\/tr><tr><td class=\"has-text-align-center\" data-align=\"center\">JAGANARDINPOULLE Kishand<\/td><td class=\"has-text-align-center\" data-align=\"center\">Math sciences physiques&nbsp;<\/td><\/tr><tr><td class=\"has-text-align-center\" data-align=\"center\">LAPOINTE Philippe<\/td><td class=\"has-text-align-center\" data-align=\"center\">G\u00e9nie Electrique : Electrotechnique<\/td><\/tr><tr><td class=\"has-text-align-center\" data-align=\"center\">K&rsquo;BIDI Samuel<\/td><td class=\"has-text-align-center\" data-align=\"center\">E.P.S<\/td><\/tr><tr><td class=\"has-text-align-center\" data-align=\"center\">LAUDE Damien<\/td><td class=\"has-text-align-center\" data-align=\"center\">E.P.S<\/td><\/tr><tr><td class=\"has-text-align-center\" data-align=\"center\">LAUNE Tom<\/td><td class=\"has-text-align-center\" data-align=\"center\">G\u00e9nie \u00e9lectronique<\/td><\/tr><tr><td class=\"has-text-align-center\" data-align=\"center\">LEBON Joseph j\u00e9rome&nbsp;<\/td><td class=\"has-text-align-center\" data-align=\"center\">Lettres-Hist G\u00e9o<\/td><\/tr><tr><td class=\"has-text-align-center\" data-align=\"center\">LEEUWERCK Damien<\/td><td class=\"has-text-align-center\" data-align=\"center\">G\u00e9nie m\u00e9canique productique<\/td><\/tr><tr><td class=\"has-text-align-center\" data-align=\"center\">LEONIE H\u00e9l\u00e8ne Paola<\/td><td class=\"has-text-align-center\" data-align=\"center\">Biotechnologies sant\u00e9 environnement<\/td><\/tr><tr><td class=\"has-text-align-center\" data-align=\"center\">LLAMAS Anne-Marie<\/td><td class=\"has-text-align-center\" data-align=\"center\">Documentaliste<\/td><\/tr><tr><td class=\"has-text-align-center\" data-align=\"center\">LOUSSERT&nbsp;&nbsp;&nbsp; J.Baptiste&nbsp;<\/td><td class=\"has-text-align-center\" data-align=\"center\">G\u00e9nie Industriel plastiques et composite<\/td><\/tr><tr><td class=\"has-text-align-center\" data-align=\"center\">MAILLOT Guillaume&nbsp;<\/td><td class=\"has-text-align-center\" data-align=\"center\">G\u00e9nie \u00e9lectrique : \u00e9lectrotechnique<\/td><\/tr><tr><td class=\"has-text-align-center\" data-align=\"center\">MARCEL Celian&nbsp;<\/td><td class=\"has-text-align-center\" data-align=\"center\">G\u00e9nie m\u00e9canique maintenance<\/td><\/tr><tr><td class=\"has-text-align-center\" data-align=\"center\">MARCHAND David&nbsp;<\/td><td class=\"has-text-align-center\" data-align=\"center\">Biotechnologies sant\u00e9 environnement<\/td><\/tr><tr><td class=\"has-text-align-center\" data-align=\"center\">MATEYA&nbsp; Laurent<\/td><td class=\"has-text-align-center\" data-align=\"center\">G\u00e9nie \u00e9lectrique : \u00e9lectrotechnique<\/td><\/tr><tr><td class=\"has-text-align-center\" data-align=\"center\">MEUNIER Mickael Christopher<\/td><td class=\"has-text-align-center\" data-align=\"center\">Arts Appliqu\u00e9s<\/td><\/tr><tr><td class=\"has-text-align-center\" data-align=\"center\">MONCEAU&nbsp; Philippe&nbsp;<\/td><td class=\"has-text-align-center\" data-align=\"center\">Math sciences physiques&nbsp;<\/td><\/tr><tr><td class=\"has-text-align-center\" data-align=\"center\">MONCEAU&nbsp; Celine&nbsp;<\/td><td class=\"has-text-align-center\" data-align=\"center\">Math sciences physiques&nbsp;<\/td><\/tr><tr><td class=\"has-text-align-center\" data-align=\"center\">MOREAU Gauthier<\/td><td class=\"has-text-align-center\" data-align=\"center\">Lettres Histoire-G\u00e9ographie<\/td><\/tr><tr><td class=\"has-text-align-center\" data-align=\"center\">MOUTOUSSAMY Fabrice&nbsp;<\/td><td class=\"has-text-align-center\" data-align=\"center\">Pr\u00e9vention s\u00e9curit\u00e9&nbsp;<\/td><\/tr><tr><td class=\"has-text-align-center\" data-align=\"center\">PASTOR Michel<\/td><td class=\"has-text-align-center\" data-align=\"center\">PREPA FOQUALE<\/td><\/tr><tr><td class=\"has-text-align-center\" data-align=\"center\">PAYET Elisabeth<\/td><td class=\"has-text-align-center\" data-align=\"center\">Math sciences physiques&nbsp;<\/td><\/tr><tr><td class=\"has-text-align-center\" data-align=\"center\">PITOU Fabrice&nbsp;<\/td><td class=\"has-text-align-center\" data-align=\"center\">G\u00e9nie \u00e9lectrique : \u00e9lectrotechnique<\/td><\/tr><tr><td class=\"has-text-align-center\" data-align=\"center\">RAHARIVONY Ando<\/td><td class=\"has-text-align-center\" data-align=\"center\">Math sciences physiques&nbsp;<\/td><\/tr><tr><td class=\"has-text-align-center\" data-align=\"center\">RAWAT Nadirah&nbsp;<\/td><td class=\"has-text-align-center\" data-align=\"center\">Math sciences physiques&nbsp;<\/td><\/tr><tr><td class=\"has-text-align-center\" data-align=\"center\">REMY Lucas<\/td><td class=\"has-text-align-center\" data-align=\"center\">G\u00e9nie Industriel Plastiques et composites<\/td><\/tr><tr><td class=\"has-text-align-center\" data-align=\"center\">RIVIERE&nbsp; Anthony alex<\/td><td class=\"has-text-align-center\" data-align=\"center\">G\u00e9nie m\u00e9canique maintenance<\/td><\/tr><tr><td class=\"has-text-align-center\" data-align=\"center\">ROBERT Yvan<\/td><td class=\"has-text-align-center\" data-align=\"center\">G\u00e9nie m\u00e9canique maintenance<\/td><\/tr><tr><td class=\"has-text-align-center\" data-align=\"center\">ROBERT Nicolas<\/td><td class=\"has-text-align-center\" data-align=\"center\">Pr\u00e9vention s\u00e9curit\u00e9&nbsp;<\/td><\/tr><tr><td class=\"has-text-align-center\" data-align=\"center\">ROCHEFEUILLE Bernard&nbsp;<\/td><td class=\"has-text-align-center\" data-align=\"center\">Math sciences physiques&nbsp;<\/td><\/tr><tr><td class=\"has-text-align-center\" data-align=\"center\">ROUAULT Patrice&nbsp;&nbsp;<\/td><td class=\"has-text-align-center\" data-align=\"center\">E.P.S<\/td><\/tr><tr><td class=\"has-text-align-center\" data-align=\"center\">SALVAN Eric dider<\/td><td class=\"has-text-align-center\" data-align=\"center\">G\u00e9nie m\u00e9canique construction&nbsp;<\/td><\/tr><tr><td class=\"has-text-align-center\" data-align=\"center\">SULIS&nbsp;&nbsp;&nbsp; Jordy<\/td><td class=\"has-text-align-center\" data-align=\"center\">G\u00e9nie m\u00e9canique maintenance<\/td><\/tr><tr><td class=\"has-text-align-center\" data-align=\"center\">THEMEZE Henri claude&nbsp;<\/td><td class=\"has-text-align-center\" data-align=\"center\">G\u00e9nie m\u00e9canique maintenance<\/td><\/tr><tr><td class=\"has-text-align-center\" data-align=\"center\">VIDOT Victoria&nbsp;<\/td><td class=\"has-text-align-center\" data-align=\"center\">Lettres Anglais&nbsp;<\/td><\/tr><\/tbody><\/table><\/figure>\n\n\n\n<p><\/p>\n","protected":false},"excerpt":{"rendered":"<p>Les Enseignants : Nom Pr\u00e9nom Mati\u00e8re ABDOU Fatihati Math\u00e9matique sciences physiques&nbsp; ARAYE&nbsp; Marine Elsa Economie Gestion ARGENT St\u00e9phane Art-appliqu\u00e9s&nbsp; BALASSE<\/p>\n<p> <a class=\"continue-reading-link\" href=\"https:\/\/etab.ac-reunion.fr\/lyc-amiral-lacaze\/equipe-educative-et-administrative\/\"><span>Lire la suite<\/span><i class=\"crycon-right-dir\"><\/i><\/a> <\/p>\n","protected":false},"author":30060,"featured_media":0,"parent":0,"menu_order":0,"comment_status":"closed","ping_status":"closed","template":"","meta":{"footnotes":""},"class_list":["post-8283","page","type-page","status-publish","hentry"],"_links":{"self":[{"href":"https:\/\/etab.ac-reunion.fr\/lyc-amiral-lacaze\/wp-json\/wp\/v2\/pages\/8283","targetHints":{"allow":["GET"]}}],"collection":[{"href":"https:\/\/etab.ac-reunion.fr\/lyc-amiral-lacaze\/wp-json\/wp\/v2\/pages"}],"about":[{"href":"https:\/\/etab.ac-reunion.fr\/lyc-amiral-lacaze\/wp-json\/wp\/v2\/types\/page"}],"author":[{"embeddable":true,"href":"https:\/\/etab.ac-reunion.fr\/lyc-amiral-lacaze\/wp-json\/wp\/v2\/users\/30060"}],"replies":[{"embeddable":true,"href":"https:\/\/etab.ac-reunion.fr\/lyc-amiral-lacaze\/wp-json\/wp\/v2\/comments?post=8283"}],"version-history":[{"count":11,"href":"https:\/\/etab.ac-reunion.fr\/lyc-amiral-lacaze\/wp-json\/wp\/v2\/pages\/8283\/revisions"}],"predecessor-version":[{"id":8903,"href":"https:\/\/etab.ac-reunion.fr\/lyc-amiral-lacaze\/wp-json\/wp\/v2\/pages\/8283\/revisions\/8903"}],"wp:attachment":[{"href":"https:\/\/etab.ac-reunion.fr\/lyc-amiral-lacaze\/wp-json\/wp\/v2\/media?parent=8283"}],"curies":[{"name":"wp","href":"https:\/\/api.w.org\/{rel}","templated":true}]}}