{"id":8286,"date":"2025-09-11T18:33:09","date_gmt":"2025-09-11T14:33:09","guid":{"rendered":"https:\/\/etab.ac-reunion.fr\/lyc-amiral-lacaze\/?page_id=8286"},"modified":"2025-09-26T11:13:50","modified_gmt":"2025-09-26T07:13:50","slug":"vie-scolaire","status":"publish","type":"page","link":"https:\/\/etab.ac-reunion.fr\/lyc-amiral-lacaze\/vie-scolaire\/","title":{"rendered":"\ud83c\udfeb VIE SCOLAIRE"},"content":{"rendered":"\n<p>Bienvenue dans l\u2019espace d\u00e9di\u00e9 \u00e0 la vie scolaire du lyc\u00e9e Amiral Lacaze. Retrouvez ici toutes les informations essentielles pour bien vivre au quotidien au sein de notre \u00e9tablissement.<\/p>\n\n\n\n<p class=\"has-text-align-center\"><a href=\"#regl\">R\u00e8glement int\u00e9rieur<\/a> &#8211; <a href=\"#horaire\">Horaire du lyc\u00e9e<\/a> &#8211; <a href=\"#service\">Services aux \u00e9l\u00e8ves<\/a> &#8211; <a href=\"#cdi\">C.D.I.<\/a> &#8211; <a href=\"#cantine\">Restauration<\/a> &#8211; <a href=\"#infirmerie\">Infirmerie<\/a> &#8211; <a href=\"#vie\">Vie Scolaire<\/a><\/p>\n\n\n\n<hr class=\"wp-block-separator has-alpha-channel-opacity is-style-wide\" \/>\n\n\n\n<h2 class=\"wp-block-heading\" id=\"regl\">\ud83d\udcc4 R\u00e8glement int\u00e9rieur<\/h2>\n\n\n\n<ul class=\"wp-block-list\">\n<li><strong>Acc\u00e8s direct au document PDF :<\/strong> <a href=\"https:\/\/etab.ac-reunion.fr\/lyc-amiral-lacaze\/wp-content\/uploads\/sites\/52\/2021\/08\/Reglement-interieur.pdf\">R\u00e8glement int\u00e9rieur<\/a><\/li>\n<\/ul>\n\n\n\n<ul class=\"wp-block-list\">\n<li><strong>R\u00e9sum\u00e9 des points principaux:<\/strong>\n<ul class=\"wp-block-list\">\n<li>Respect des horaires et des r\u00e8gles de vie collective<\/li>\n\n\n\n<li>Comportement attendu envers les personnels et les camarades<\/li>\n\n\n\n<li>Utilisation des \u00e9quipements et des espaces communs <\/li>\n\n\n\n<li>Proc\u00e9dures en cas d\u2019absence ou de retard<\/li>\n\n\n\n<li>Sanctions en cas de manquement aux r\u00e8gles<\/li>\n<\/ul>\n<\/li>\n<\/ul>\n\n\n\n<hr class=\"wp-block-separator has-alpha-channel-opacity is-style-wide\" \/>\n\n\n\n<h2 class=\"wp-block-heading\" id=\"horaire\">\ud83d\udd52 Horaire du lyc\u00e9e et calendrier scolaire<\/h2>\n\n\n\n<ul class=\"wp-block-list\">\n<li><strong>Horaires de cours :<\/strong> Du lundi au vendredi, de 7h15 \u00e0 17h10.<\/li>\n<\/ul>\n\n\n\n<ul class=\"wp-block-list\">\n<li><strong>Mercredi apr\u00e8s-midi:<\/strong> Cours assur\u00e9s.<\/li>\n<\/ul>\n\n\n\n<ul class=\"wp-block-list\">\n<li><strong>Calendrier scolaire :<\/strong> <\/li>\n<\/ul>\n\n\n\n<h2 class=\"wp-block-heading\" id=\"summary-item-0\">Ann\u00e9e scolaire 2025-2026<\/h2>\n\n\n\n<figure class=\"wp-block-table is-style-stripes\"><table class=\"has-fixed-layout\"><tbody><tr><td>Rentr\u00e9e des enseignants &gt;&gt;<\/td><td><strong>lundi 18 ao\u00fbt 2025<\/strong><\/td><\/tr><tr><td>Rentr\u00e9e des \u00e9l\u00e8ves &gt;&gt;<\/td><td><strong>Mardi 19 ao\u00fbt 2025<\/strong><\/td><\/tr><tr><td>Vacances apr\u00e8s 1<sup>\u00e8re<\/sup> p\u00e9riode &gt;&gt;<\/td><td><strong>samedi 11 octobre 2025 au lundi 27 octobre 2025<\/strong><\/td><\/tr><tr><td>Vacances \u00e9t\u00e9 austral &gt;&gt;<\/td><td><strong>vendredi 19 d\u00e9cembre 2025 au mercredi 21 janvier 2026<\/strong><\/td><\/tr><tr><td>Vacances apr\u00e8s 3<sup>e<\/sup> p\u00e9riode &gt;&gt;<\/td><td><strong>samedi 28 f\u00e9vrier 2026 au lundi 16 mars 2026<\/strong><\/td><\/tr><tr><td>Vacances apr\u00e8s 4<sup>e<\/sup> p\u00e9riode &gt;&gt;<\/td><td><strong>samedi 02 mai 2026 au lundi 18 mai 2026<\/strong><\/td><\/tr><tr><td>Vacances d&rsquo;hiver austral * &gt;&gt;<\/td><td><strong>samedi 04 juillet 2026 au&nbsp; 17 ao\u00fbt 2026<\/strong><\/td><\/tr><\/tbody><\/table><\/figure>\n\n\n\n<hr class=\"wp-block-separator has-alpha-channel-opacity is-style-wide\" \/>\n\n\n\n<h2 class=\"wp-block-heading\" id=\"service\">\ud83e\uddd1\u200d\ud83c\udf93 Services aux \u00e9l\u00e8ves.<\/h2>\n\n\n\n<ul class=\"wp-block-list\">\n<li><strong>Assistante sociale:<\/strong> Disponible pour accompagner l\u00e9s \u00e9l\u00e8ves en difficult\u00e9 sociale ou personnelle.<\/li>\n<\/ul>\n\n\n\n<ul class=\"wp-block-list\">\n<li><strong>Bourses scolaires:<\/strong> informations et d\u00e9marches sur la Campagne de Bourse 2025.<\/li>\n<\/ul>\n\n\n\n<ul class=\"wp-block-list\">\n<li><strong>Orientation et projets professionnels:<\/strong> Accompagnement personnalis\u00e9 pour les choix d\u2019orientation.<\/li>\n<\/ul>\n\n\n\n<hr class=\"wp-block-separator has-alpha-channel-opacity is-style-wide\" \/>\n\n\n\n<h2 class=\"wp-block-heading\" id=\"cantine\">\ud83c\udf7d\ufe0f Restauration scolaire<\/h2>\n\n\n\n<ul class=\"wp-block-list\">\n<li><strong>Menu<\/strong> : Affich\u00e9 chaque semaine dans le hall et sur l\u2019ENT.<\/li>\n<\/ul>\n\n\n\n<ul class=\"wp-block-list\">\n<li><strong>Horaires<\/strong> :<\/li>\n<\/ul>\n\n\n\n<figure class=\"wp-block-table is-style-stripes\"><table class=\"has-fixed-layout\"><tbody><tr><td class=\"has-text-align-right\" data-align=\"right\">Service du matin (Petit D\u00e9jeuner): <\/td><td>07h00 \u2013 07h30<\/td><\/tr><tr><td class=\"has-text-align-right\" data-align=\"right\">1er Service du midi : <\/td><td>11h20 \u2013 11h40<\/td><\/tr><tr><td class=\"has-text-align-right\" data-align=\"right\">2eme Service du midi: <\/td><td>12h15 &#8211; 12h45<\/td><\/tr><\/tbody><\/table><\/figure>\n\n\n\n<p><strong>Tarifs<\/strong> : Selon le quotient familial, avec possibilit\u00e9 de bourse pour les familles \u00e9ligibles.<\/p>\n\n\n\n<hr class=\"wp-block-separator has-alpha-channel-opacity is-style-wide\" \/>\n\n\n\n<h2 class=\"wp-block-heading\" id=\"infirmerie\">\ud83c\udfe5 Infirmerie<\/h2>\n\n\n\n<ul class=\"wp-block-list\">\n<li><strong>Pr\u00e9sence<\/strong> : Une infirmi\u00e8re est pr\u00e9sente du lundi au vendredi.<\/li>\n<\/ul>\n\n\n\n<figure class=\"wp-block-table is-style-stripes\"><table><tbody><tr><td class=\"has-text-align-right\" data-align=\"right\">Lundi : <\/td><td>07h &#8211; 17h15<\/td><\/tr><tr><td class=\"has-text-align-right\" data-align=\"right\">Mardi : <\/td><td>07h &#8211; 17h.<\/td><\/tr><tr><td class=\"has-text-align-right\" data-align=\"right\">Mercredi : <\/td><td>Ferm\u00e9e<\/td><\/tr><tr><td class=\"has-text-align-right\" data-align=\"right\">Jeudi : <\/td><td>07h &#8211; 17h15<\/td><\/tr><tr><td class=\"has-text-align-right\" data-align=\"right\">Vendredi: <\/td><td>07h &#8211; 16h<\/td><\/tr><\/tbody><\/table><\/figure>\n\n\n\n<ul class=\"wp-block-list\">\n<li><strong>Protocole d\u2019intervention<\/strong> :\n<ul class=\"wp-block-list\">\n<li>En cas de blessure ou de malaise, se rendre \u00e0 l\u2019infirmerie ou pr\u00e9venir un adulte.<\/li>\n\n\n\n<li>Les m\u00e9dicaments sont administr\u00e9s uniquement sur pr\u00e9sentation d\u2019une ordonnance.<\/li>\n\n\n\n<li>Les absences pour raison m\u00e9dicale doivent \u00eatre justifi\u00e9es par un certificat m\u00e9dical.<\/li>\n<\/ul>\n<\/li>\n<\/ul>\n\n\n\n<hr class=\"wp-block-separator has-alpha-channel-opacity\" \/>\n\n\n\n<h2 class=\"wp-block-heading\" id=\"vie\">\ud83d\udc65 Vie scolaire (CPE, surveillants, fonctionnement)<\/h2>\n\n\n\n<ul class=\"wp-block-list\">\n<li><strong>CPE (Conseiller Principal d\u2019\u00c9ducation)<\/strong> : Responsable de la vie scolaire, de la discipline et de l\u2019organisation des \u00e9tudes.<\/li>\n<\/ul>\n\n\n\n<ul class=\"wp-block-list\">\n<li><strong>Surveillants<\/strong> : Assurent la surveillance des \u00e9l\u00e8ves pendant les intercours, les r\u00e9cr\u00e9ations et \u00e0 la cantine.<\/li>\n<\/ul>\n\n\n\n<ul class=\"wp-block-list\">\n<li><strong>Fonctionnement<\/strong> :\n<ul class=\"wp-block-list\">\n<li>Les \u00e9l\u00e8ves doivent respecter les horaires et les lieux de rendez-vous.<\/li>\n\n\n\n<li>Les retards et absences doivent \u00eatre signal\u00e9s dans les plus brefs d\u00e9lais.<\/li>\n\n\n\n<li>Les comportements inappropri\u00e9s peuvent entra\u00eener des sanctions, selon le r\u00e8glement int\u00e9rieur.<\/li>\n<\/ul>\n<\/li>\n<\/ul>\n","protected":false},"excerpt":{"rendered":"<p>Bienvenue dans l\u2019espace d\u00e9di\u00e9 \u00e0 la vie scolaire du lyc\u00e9e Amiral Lacaze. Retrouvez ici toutes les informations essentielles pour bien<\/p>\n<p> <a class=\"continue-reading-link\" href=\"https:\/\/etab.ac-reunion.fr\/lyc-amiral-lacaze\/vie-scolaire\/\"><span>Lire la suite<\/span><i class=\"crycon-right-dir\"><\/i><\/a> <\/p>\n","protected":false},"author":30060,"featured_media":8135,"parent":0,"menu_order":0,"comment_status":"closed","ping_status":"closed","template":"","meta":{"footnotes":""},"class_list":["post-8286","page","type-page","status-publish","has-post-thumbnail","hentry"],"_links":{"self":[{"href":"https:\/\/etab.ac-reunion.fr\/lyc-amiral-lacaze\/wp-json\/wp\/v2\/pages\/8286","targetHints":{"allow":["GET"]}}],"collection":[{"href":"https:\/\/etab.ac-reunion.fr\/lyc-amiral-lacaze\/wp-json\/wp\/v2\/pages"}],"about":[{"href":"https:\/\/etab.ac-reunion.fr\/lyc-amiral-lacaze\/wp-json\/wp\/v2\/types\/page"}],"author":[{"embeddable":true,"href":"https:\/\/etab.ac-reunion.fr\/lyc-amiral-lacaze\/wp-json\/wp\/v2\/users\/30060"}],"replies":[{"embeddable":true,"href":"https:\/\/etab.ac-reunion.fr\/lyc-amiral-lacaze\/wp-json\/wp\/v2\/comments?post=8286"}],"version-history":[{"count":19,"href":"https:\/\/etab.ac-reunion.fr\/lyc-amiral-lacaze\/wp-json\/wp\/v2\/pages\/8286\/revisions"}],"predecessor-version":[{"id":8838,"href":"https:\/\/etab.ac-reunion.fr\/lyc-amiral-lacaze\/wp-json\/wp\/v2\/pages\/8286\/revisions\/8838"}],"wp:featuredmedia":[{"embeddable":true,"href":"https:\/\/etab.ac-reunion.fr\/lyc-amiral-lacaze\/wp-json\/wp\/v2\/media\/8135"}],"wp:attachment":[{"href":"https:\/\/etab.ac-reunion.fr\/lyc-amiral-lacaze\/wp-json\/wp\/v2\/media?parent=8286"}],"curies":[{"name":"wp","href":"https:\/\/api.w.org\/{rel}","templated":true}]}}