{"id":8306,"date":"2025-09-11T21:05:59","date_gmt":"2025-09-11T17:05:59","guid":{"rendered":"https:\/\/etab.ac-reunion.fr\/lyc-amiral-lacaze\/?page_id=8306"},"modified":"2025-09-23T09:51:51","modified_gmt":"2025-09-23T05:51:51","slug":"%f0%9f%93%84-page-4-orientation-accompagnement","status":"publish","type":"page","link":"https:\/\/etab.ac-reunion.fr\/lyc-amiral-lacaze\/%f0%9f%93%84-page-4-orientation-accompagnement\/","title":{"rendered":"\ud83d\udcc4  Orientation &amp; accompagnement"},"content":{"rendered":"\n<h2 class=\"wp-block-heading\" id=\"presentation\">\ud83d\udd0d Pr\u00e9sentation g\u00e9n\u00e9rale<\/h2>\n\n\n\n<p>Le Lyc\u00e9e Amiral Lacaze accompagne ses \u00e9l\u00e8ves de la 2<sup>nde<\/sup> jusqu\u2019\u00e0 l\u2019enseignement sup\u00e9rieur dans la construction de leur projet professionnel. Via le dispositif <em>Parcours Avenir<\/em>, des ressources Onisep, et un encadrement personnalis\u00e9, chaque \u00e9l\u00e8ve est aid\u00e9 \u00e0 s\u2019orienter selon ses comp\u00e9tences, ses envies et ses possibilit\u00e9s.<\/p>\n\n\n\n<hr class=\"wp-block-separator has-alpha-channel-opacity\" \/>\n\n\n\n<p class=\"has-text-align-center\"><a href=\"#parcours\">Parcours Avenir &amp; accompagnement \u00e0 l\u2019orientation<\/a> &#8211; <a href=\"#psy\">Psy-EN<\/a> &#8211; <a href=\"#sp\u00e9\">Dispositifs sp\u00e9cifiques <\/a><\/p>\n\n\n\n<hr class=\"wp-block-separator has-alpha-channel-opacity is-style-wide\" \/>\n\n\n\n<h2 class=\"wp-block-heading\" id=\"parcours\">\ud83d\udee4\ufe0f Parcours Avenir &amp; accompagnement \u00e0 l\u2019orientation<\/h2>\n\n\n\n<ul class=\"wp-block-list\">\n<li>Dispositif <em>Parcours Avenir<\/em> : d\u00e9couverte des m\u00e9tiers, r\u00e9flexions sur les projets professionnels, interventions et informations pour aider \u00e0 faire les bons choix.<\/li>\n\n\n\n<li>Formations propos\u00e9es : CAP, Bac Professionnel, classes de seconde professionnelle, BTS.<\/li>\n\n\n\n<li>Documents utiles : brochures Onisep m\u00e9tiers\/formations, fiches descriptives, journ\u00e9e portes ouvertes, salons de l\u2019orientation, calendrier Parcoursup.<\/li>\n<\/ul>\n\n\n\n<hr class=\"wp-block-separator has-alpha-channel-opacity is-style-wide\" \/>\n\n\n\n<h2 class=\"wp-block-heading\" id=\"psy\">\ud83d\uddc2 Psy-EN : contacts &amp; permanences<\/h2>\n\n\n\n<ul class=\"wp-block-list\">\n<li><strong>Informations disponibles<\/strong> : le lyc\u00e9e est r\u00e9pertori\u00e9 avec ses coordonn\u00e9es (adresse, t\u00e9l\u00e9phone, email).<\/li>\n\n\n\n<li><strong>\u00c0 confirmer\/interrogations<\/strong> :\n<ul class=\"wp-block-list\">\n<li>Qui est le ou les Psy-EN attach\u00e9(s) au lyc\u00e9e<\/li>\n\n\n\n<li>Les jours et heures exactes de permanence<\/li>\n\n\n\n<li>Le mode de prise de rendez-vous (Via la Vie scolaire ou directement)<\/li>\n<\/ul>\n<\/li>\n<\/ul>\n\n\n\n<hr class=\"wp-block-separator has-alpha-channel-opacity is-style-wide\" \/>\n\n\n\n<h2 class=\"wp-block-heading\" id=\"sp\u00e9\">\ud83d\udd27 Dispositifs sp\u00e9cifiques<\/h2>\n\n\n\n<ul class=\"wp-block-list\">\n<li>Le <strong>PAS (P\u00f4le d&rsquo;Appui \u00e0 la Scolarit\u00e9)<\/strong> est un dispositif port\u00e9 par l&rsquo;\u00c9ducation Nationale et \u00e0 la R\u00e9union, par l&rsquo;Alefpa (Association La\u00efque pour l\u2019\u00c9ducation, la Formation, la Pr\u00e9vention et l&rsquo;Autonomie).<\/li>\n\n\n\n<li>Il a pour objectif d&rsquo;am\u00e9liorer l\u2019accueil et le suivi des \u00e9l\u00e8ves ayant des besoins particuliers, de la maternelle au lyc\u00e9e, dans les \u00e9tablissements publics et priv\u00e9s sous contrat. Le PAS vise \u00e0 offrir des r\u00e9ponses rapides et adapt\u00e9es sur le plan p\u00e9dagogique, \u00e9ducatif et social pour mieux accompagner ces \u00e9l\u00e8ves. Les parents et les personnels de l\u2019\u00c9ducation Nationale peuvent solliciter le PAS.<\/li>\n<\/ul>\n\n\n\n<ul class=\"wp-block-list\">\n<li>Dispositif national d\u2019<strong>accompagnement personnalis\u00e9<\/strong> dans les lyc\u00e9es professionnels : soutien scolaire, consolidation, aide m\u00e9thodologique, pour les \u00e9l\u00e8ves selon leurs besoins.<\/li>\n<\/ul>\n\n\n\n<ul class=\"wp-block-list\">\n<li>Possibilit\u00e9 d\u2019am\u00e9nagements ou adaptations pour les \u00e9l\u00e8ves en situation de handicap, en lien avec le r\u00e9f\u00e9rent handicap (\u00e0 confirmer localement).<\/li>\n<\/ul>\n","protected":false},"excerpt":{"rendered":"<p>\ud83d\udd0d Pr\u00e9sentation g\u00e9n\u00e9rale Le Lyc\u00e9e Amiral Lacaze accompagne ses \u00e9l\u00e8ves de la 2nde jusqu\u2019\u00e0 l\u2019enseignement sup\u00e9rieur dans la construction de<\/p>\n<p> <a class=\"continue-reading-link\" href=\"https:\/\/etab.ac-reunion.fr\/lyc-amiral-lacaze\/%f0%9f%93%84-page-4-orientation-accompagnement\/\"><span>Lire la suite<\/span><i class=\"crycon-right-dir\"><\/i><\/a> <\/p>\n","protected":false},"author":30060,"featured_media":0,"parent":0,"menu_order":0,"comment_status":"closed","ping_status":"closed","template":"","meta":{"footnotes":""},"class_list":["post-8306","page","type-page","status-publish","hentry"],"_links":{"self":[{"href":"https:\/\/etab.ac-reunion.fr\/lyc-amiral-lacaze\/wp-json\/wp\/v2\/pages\/8306","targetHints":{"allow":["GET"]}}],"collection":[{"href":"https:\/\/etab.ac-reunion.fr\/lyc-amiral-lacaze\/wp-json\/wp\/v2\/pages"}],"about":[{"href":"https:\/\/etab.ac-reunion.fr\/lyc-amiral-lacaze\/wp-json\/wp\/v2\/types\/page"}],"author":[{"embeddable":true,"href":"https:\/\/etab.ac-reunion.fr\/lyc-amiral-lacaze\/wp-json\/wp\/v2\/users\/30060"}],"replies":[{"embeddable":true,"href":"https:\/\/etab.ac-reunion.fr\/lyc-amiral-lacaze\/wp-json\/wp\/v2\/comments?post=8306"}],"version-history":[{"count":5,"href":"https:\/\/etab.ac-reunion.fr\/lyc-amiral-lacaze\/wp-json\/wp\/v2\/pages\/8306\/revisions"}],"predecessor-version":[{"id":8645,"href":"https:\/\/etab.ac-reunion.fr\/lyc-amiral-lacaze\/wp-json\/wp\/v2\/pages\/8306\/revisions\/8645"}],"wp:attachment":[{"href":"https:\/\/etab.ac-reunion.fr\/lyc-amiral-lacaze\/wp-json\/wp\/v2\/media?parent=8306"}],"curies":[{"name":"wp","href":"https:\/\/api.w.org\/{rel}","templated":true}]}}