{"id":8312,"date":"2025-09-11T21:33:00","date_gmt":"2025-09-11T17:33:00","guid":{"rendered":"https:\/\/etab.ac-reunion.fr\/lyc-amiral-lacaze\/?page_id=8312"},"modified":"2025-11-17T06:25:19","modified_gmt":"2025-11-17T02:25:19","slug":"espace-lyceen","status":"publish","type":"page","link":"https:\/\/etab.ac-reunion.fr\/lyc-amiral-lacaze\/espace-lyceen\/","title":{"rendered":"Espace lyc\u00e9en"},"content":{"rendered":"\n<div class=\"wp-block-cover alignfull\" style=\"min-height:250px;aspect-ratio:unset;\"><img loading=\"lazy\" decoding=\"async\" width=\"1024\" height=\"768\" class=\"wp-block-cover__image-background wp-image-7461 size-large\" alt=\"\" src=\"https:\/\/etab.ac-reunion.fr\/lyc-amiral-lacaze\/wp-content\/uploads\/sites\/52\/2024\/08\/IMG_3832-1024x768.jpg\" style=\"object-position:50% 88%\" data-object-fit=\"cover\" data-object-position=\"50% 88%\" srcset=\"https:\/\/etab.ac-reunion.fr\/lyc-amiral-lacaze\/wp-content\/uploads\/sites\/52\/2024\/08\/IMG_3832-1024x768.jpg 1024w, https:\/\/etab.ac-reunion.fr\/lyc-amiral-lacaze\/wp-content\/uploads\/sites\/52\/2024\/08\/IMG_3832-300x225.jpg 300w, https:\/\/etab.ac-reunion.fr\/lyc-amiral-lacaze\/wp-content\/uploads\/sites\/52\/2024\/08\/IMG_3832-768x576.jpg 768w, https:\/\/etab.ac-reunion.fr\/lyc-amiral-lacaze\/wp-content\/uploads\/sites\/52\/2024\/08\/IMG_3832-150x113.jpg 150w, https:\/\/etab.ac-reunion.fr\/lyc-amiral-lacaze\/wp-content\/uploads\/sites\/52\/2024\/08\/IMG_3832-800x600.jpg 800w, https:\/\/etab.ac-reunion.fr\/lyc-amiral-lacaze\/wp-content\/uploads\/sites\/52\/2024\/08\/IMG_3832.jpg 1236w\" sizes=\"auto, (max-width: 1024px) 100vw, 1024px\" \/><span aria-hidden=\"true\" class=\"wp-block-cover__background has-background-dim-40 has-background-dim\" style=\"background-color:#1a4c9a\"><\/span><div class=\"wp-block-cover__inner-container is-layout-flow wp-block-cover-is-layout-flow\">\n<h1 class=\"wp-block-heading has-text-align-center has-white-color has-text-color has-link-color wp-elements-415c399ae8b6d24111b90ac09da5a8ff\" style=\"font-size:70px\"><strong>Espace lyc\u00e9en<\/strong><\/h1>\n<\/div><\/div>\n\n\n\n<div style=\"height:30px\" aria-hidden=\"true\" class=\"wp-block-spacer\"><\/div>\n\n\n\n<h2 class=\"wp-block-heading has-text-align-center\">Acc\u00e8s directs<\/h2>\n\n\n\n<div class=\"wp-block-columns is-layout-flex wp-container-core-columns-is-layout-9d6595d7 wp-block-columns-is-layout-flex\">\n<div class=\"wp-block-column is-layout-flow wp-block-column-is-layout-flow\">\n<div class=\"wp-block-buttons is-content-justification-right is-layout-flex wp-container-core-buttons-is-layout-765c4724 wp-block-buttons-is-layout-flex\">\n<div class=\"wp-block-button has-custom-width wp-block-button__width-50\"><a class=\"wp-block-button__link has-background wp-element-button\" href=\"https:\/\/metice.ac-reunion.fr\" style=\"background-color:#1a4c9a\">\ud83d\udd17 ENT METICE<\/a><\/div>\n<\/div>\n\n\n\n<div style=\"height:26px\" aria-hidden=\"true\" class=\"wp-block-spacer\"><\/div>\n\n\n\n<div class=\"wp-block-buttons is-content-justification-right is-layout-flex wp-container-core-buttons-is-layout-765c4724 wp-block-buttons-is-layout-flex\">\n<div class=\"wp-block-button has-custom-width wp-block-button__width-50 is-style-fill\"><a class=\"wp-block-button__link has-background wp-element-button\" href=\"https:\/\/etab.ac-reunion.fr\/lyc-amiral-lacaze\/vie-scolaire\/\" style=\"background-color:#1a4c9a\" target=\"_blank\" rel=\"noreferrer noopener\">\ud83c\udfeb Vie scolaire<\/a><\/div>\n<\/div>\n<\/div>\n\n\n\n<div class=\"wp-block-column is-layout-flow wp-block-column-is-layout-flow\">\n<div class=\"wp-block-buttons is-content-justification-left is-layout-flex wp-container-core-buttons-is-layout-fdcfc74e wp-block-buttons-is-layout-flex\">\n<div class=\"wp-block-button has-custom-width wp-block-button__width-50\"><a class=\"wp-block-button__link has-background wp-element-button\" href=\"https:\/\/etab.ac-reunion.fr\/lyc-amiral-lacaze\/vie-scolaire\/cdi-2-0\/\" style=\"background-color:#1a4c9a\">\ud83d\udcda CDI<\/a><\/div>\n<\/div>\n\n\n\n<div style=\"height:26px\" aria-hidden=\"true\" class=\"wp-block-spacer\"><\/div>\n\n\n\n<div class=\"wp-block-buttons is-content-justification-left is-layout-flex wp-container-core-buttons-is-layout-fdcfc74e wp-block-buttons-is-layout-flex\">\n<div class=\"wp-block-button has-custom-width wp-block-button__width-50\"><a class=\"wp-block-button__link has-background wp-element-button\" href=\"https:\/\/etab.ac-reunion.fr\/lyc-amiral-lacaze\/vie-scolaire\/cdi-2-0\/webradio-2-0\/\" style=\"background-color:#1a4c9a\">\ud83d\udcfb Webradio<\/a><\/div>\n<\/div>\n<\/div>\n<\/div>\n\n\n\n<div style=\"height:30px\" aria-hidden=\"true\" class=\"wp-block-spacer\"><\/div>\n\n\n\n<h2 class=\"wp-block-heading has-text-align-center\">Actualit\u00e9s des \u00e9l\u00e8ves<\/h2>\n\n\n<ul class=\"wp-block-latest-posts__list is-grid columns-5 wp-block-latest-posts\"><li><div class=\"wp-block-latest-posts__featured-image aligncenter\"><a href=\"https:\/\/etab.ac-reunion.fr\/lyc-amiral-lacaze\/2025\/09\/23\/8674\/\" aria-label=\"Sortie APPN\"><a href=\"https:\/\/etab.ac-reunion.fr\/lyc-amiral-lacaze\/2025\/09\/23\/8674\/\" title=\"Sortie APPN\"><img loading=\"lazy\" decoding=\"async\" width=\"150\" height=\"150\" src=\"https:\/\/etab.ac-reunion.fr\/lyc-amiral-lacaze\/wp-content\/uploads\/sites\/52\/2025\/09\/Capture-decran_23-9-2025_145140_www.canva_.com_-150x150.jpeg\" class=\"attachment-thumbnail size-thumbnail wp-post-image\" alt=\"\" style=\"\" \/><\/a><\/a><\/div><a class=\"wp-block-latest-posts__post-title\" href=\"https:\/\/etab.ac-reunion.fr\/lyc-amiral-lacaze\/2025\/09\/23\/8674\/\">Sortie APPN<\/a><\/li>\n<li><div class=\"wp-block-latest-posts__featured-image aligncenter\"><a href=\"https:\/\/etab.ac-reunion.fr\/lyc-amiral-lacaze\/2025\/09\/23\/8667\/\" aria-label=\"Inauguration Ecole des R\u00e9seaux\"><a href=\"https:\/\/etab.ac-reunion.fr\/lyc-amiral-lacaze\/2025\/09\/23\/8667\/\" title=\"Inauguration Ecole des R\u00e9seaux\"><img loading=\"lazy\" decoding=\"async\" width=\"150\" height=\"150\" src=\"https:\/\/etab.ac-reunion.fr\/lyc-amiral-lacaze\/wp-content\/uploads\/sites\/52\/2025\/09\/IMG_32261-150x150.jpg\" class=\"attachment-thumbnail size-thumbnail wp-post-image\" alt=\"\" style=\"\" \/><\/a><\/a><\/div><a class=\"wp-block-latest-posts__post-title\" href=\"https:\/\/etab.ac-reunion.fr\/lyc-amiral-lacaze\/2025\/09\/23\/8667\/\">Inauguration Ecole des R\u00e9seaux<\/a><\/li>\n<li><div class=\"wp-block-latest-posts__featured-image aligncenter\"><a href=\"https:\/\/etab.ac-reunion.fr\/lyc-amiral-lacaze\/2025\/09\/23\/salon-nous-le-local\/\" aria-label=\"SALON NOUS LE LOCAL\"><a href=\"https:\/\/etab.ac-reunion.fr\/lyc-amiral-lacaze\/2025\/09\/23\/salon-nous-le-local\/\" title=\"SALON NOUS LE LOCAL\"><img loading=\"lazy\" decoding=\"async\" width=\"150\" height=\"150\" src=\"https:\/\/etab.ac-reunion.fr\/lyc-amiral-lacaze\/wp-content\/uploads\/sites\/52\/2025\/09\/IMG_3203-150x150.jpg\" class=\"attachment-thumbnail size-thumbnail wp-post-image\" alt=\"\" style=\"\" \/><\/a><\/a><\/div><a class=\"wp-block-latest-posts__post-title\" href=\"https:\/\/etab.ac-reunion.fr\/lyc-amiral-lacaze\/2025\/09\/23\/salon-nous-le-local\/\">SALON NOUS LE LOCAL<\/a><\/li>\n<\/ul>\n\n\n<h2 class=\"wp-block-heading has-text-align-center\">Documents utiles<\/h2>\n\n\n\n<div class=\"wp-block-columns is-layout-flex wp-container-core-columns-is-layout-9d6595d7 wp-block-columns-is-layout-flex\">\n<div class=\"wp-block-column is-layout-flow wp-block-column-is-layout-flow\">\n<div class=\"wp-block-buttons is-content-justification-right is-layout-flex wp-container-core-buttons-is-layout-765c4724 wp-block-buttons-is-layout-flex\">\n<div class=\"wp-block-button is-style-outline is-style-outline--1\"><a class=\"wp-block-button__link has-white-background-color has-text-color has-background has-link-color wp-element-button\" href=\"https:\/\/etab.ac-reunion.fr\/lyc-amiral-lacaze\/wp-content\/uploads\/sites\/52\/2021\/08\/Reglement-interieur.pdf\" style=\"color:#1a4c9a\">\ud83d\udcc4 R\u00e8glement int\u00e9rieur<\/a><\/div>\n<\/div>\n\n\n\n<div style=\"height:29px\" aria-hidden=\"true\" class=\"wp-block-spacer\"><\/div>\n\n\n\n<div class=\"wp-block-buttons is-content-justification-right is-layout-flex wp-container-core-buttons-is-layout-765c4724 wp-block-buttons-is-layout-flex\">\n<div class=\"wp-block-button is-style-outline is-style-outline--2\"><a class=\"wp-block-button__link has-white-background-color has-text-color has-background has-link-color wp-element-button\" href=\"https:\/\/etab.ac-reunion.fr\/lyc-amiral-lacaze\/wp-content\/uploads\/sites\/52\/2025\/09\/rechercher-un-stage.pdf\" style=\"color:#1a4c9a\">\ud83d\udcd8 Guide des stages<\/a><\/div>\n<\/div>\n<\/div>\n\n\n\n<div class=\"wp-block-column is-layout-flow wp-block-column-is-layout-flow\">\n<div class=\"wp-block-buttons is-content-justification-center is-layout-flex wp-container-core-buttons-is-layout-16018d1d wp-block-buttons-is-layout-flex\">\n<div class=\"wp-block-button is-style-outline is-style-outline--3\"><a class=\"wp-block-button__link has-white-background-color has-text-color has-background has-link-color wp-element-button\" href=\"https:\/\/etab.ac-reunion.fr\/lyc-amiral-lacaze\/wp-content\/uploads\/sites\/52\/2024\/01\/ACCORD-PREALABLE-PFMP.pdf\" style=\"color:#1a4c9a\">\ud83d\udcc4 Accord pr\u00e9alable<\/a><\/div>\n<\/div>\n\n\n\n<div style=\"height:29px\" aria-hidden=\"true\" class=\"wp-block-spacer\"><\/div>\n\n\n\n<div class=\"wp-block-buttons is-content-justification-center is-layout-flex wp-container-core-buttons-is-layout-16018d1d wp-block-buttons-is-layout-flex\">\n<div class=\"wp-block-button is-style-outline is-style-outline--4\"><a class=\"wp-block-button__link has-white-background-color has-text-color has-background has-link-color wp-element-button\" href=\"https:\/\/etab.ac-reunion.fr\/lyc-amiral-lacaze\/wp-content\/uploads\/sites\/52\/2025\/08\/Planning_PFMP-Apprentissage_2025-2026.pdf\" style=\"color:#1a4c9a\">\ud83d\udcc4 Planning pfmp<\/a><\/div>\n<\/div>\n<\/div>\n\n\n\n<div class=\"wp-block-column is-layout-flow wp-block-column-is-layout-flow\">\n<div class=\"wp-block-buttons is-content-justification-left is-layout-flex wp-container-core-buttons-is-layout-fdcfc74e wp-block-buttons-is-layout-flex\">\n<div class=\"wp-block-button is-style-outline is-style-outline--5\"><a class=\"wp-block-button__link has-white-background-color has-text-color has-background has-link-color wp-element-button\" href=\"https:\/\/etab.ac-reunion.fr\/lyc-amiral-lacaze\/wp-content\/uploads\/sites\/52\/2025\/11\/Memo_Parcoursup_eleve_2026-1.pdf\" style=\"color:#1a4c9a\">M\u00e9mo Parcousup 2026<\/a><\/div>\n<\/div>\n<\/div>\n<\/div>\n\n\n\n<h2 class=\"wp-block-heading has-text-align-center\">Contacts<\/h2>\n\n\n\n<div class=\"wp-block-columns alignwide is-layout-flex wp-container-core-columns-is-layout-9d6595d7 wp-block-columns-is-layout-flex\">\n<div class=\"wp-block-column is-layout-flow wp-block-column-is-layout-flow\">\n<p class=\"has-text-align-left\">\ud83d\udc69\u200d\ud83c\udfeb <strong>CPE : <\/strong>Mme CAINI <br><\/p>\n\n\n\n<p class=\"has-text-align-left\">\ud83c\udfe5I<strong>nfirmi\u00e8re scolaire : <\/strong> Mme SCHIFFER <br><\/p>\n\n\n\n<p class=\"has-text-align-left\">\ud83e\uddd1\u200d\ud83d\udcbc <strong>Psy-EN :<\/strong> Mme<\/p>\n<\/div>\n\n\n\n<div class=\"wp-block-column is-layout-flow wp-block-column-is-layout-flow\">\n<p><strong>DDFPT: <\/strong>M.DUFNERR<\/p>\n\n\n\n<p><strong>Bureau des entreprises :<\/strong> <br>M.CERVEAU &#8211; Mme REBECCA<br> <a href=\"mailto:bde-lp-amiral-lacaze@ac-reunion.fr\">bde-lp-amiral-lacaze@ac-reunion.fr<\/a><\/p>\n\n\n\n<p> \ud83d\udcde <strong>Standard :<\/strong> 0262 28 37 75 <\/p>\n<\/div>\n<\/div>\n\n\n\n<p><\/p>\n","protected":false},"excerpt":{"rendered":"<p>Acc\u00e8s directs Actualit\u00e9s des \u00e9l\u00e8ves Documents utiles Contacts \ud83d\udc69\u200d\ud83c\udfeb CPE : Mme CAINI \ud83c\udfe5Infirmi\u00e8re scolaire : Mme SCHIFFER \ud83e\uddd1\u200d\ud83d\udcbc Psy-EN<\/p>\n<p> <a class=\"continue-reading-link\" href=\"https:\/\/etab.ac-reunion.fr\/lyc-amiral-lacaze\/espace-lyceen\/\"><span>Lire la suite<\/span><i class=\"crycon-right-dir\"><\/i><\/a> <\/p>\n","protected":false},"author":30060,"featured_media":0,"parent":0,"menu_order":0,"comment_status":"closed","ping_status":"closed","template":"","meta":{"footnotes":""},"class_list":["post-8312","page","type-page","status-publish","hentry"],"_links":{"self":[{"href":"https:\/\/etab.ac-reunion.fr\/lyc-amiral-lacaze\/wp-json\/wp\/v2\/pages\/8312","targetHints":{"allow":["GET"]}}],"collection":[{"href":"https:\/\/etab.ac-reunion.fr\/lyc-amiral-lacaze\/wp-json\/wp\/v2\/pages"}],"about":[{"href":"https:\/\/etab.ac-reunion.fr\/lyc-amiral-lacaze\/wp-json\/wp\/v2\/types\/page"}],"author":[{"embeddable":true,"href":"https:\/\/etab.ac-reunion.fr\/lyc-amiral-lacaze\/wp-json\/wp\/v2\/users\/30060"}],"replies":[{"embeddable":true,"href":"https:\/\/etab.ac-reunion.fr\/lyc-amiral-lacaze\/wp-json\/wp\/v2\/comments?post=8312"}],"version-history":[{"count":51,"href":"https:\/\/etab.ac-reunion.fr\/lyc-amiral-lacaze\/wp-json\/wp\/v2\/pages\/8312\/revisions"}],"predecessor-version":[{"id":9105,"href":"https:\/\/etab.ac-reunion.fr\/lyc-amiral-lacaze\/wp-json\/wp\/v2\/pages\/8312\/revisions\/9105"}],"wp:attachment":[{"href":"https:\/\/etab.ac-reunion.fr\/lyc-amiral-lacaze\/wp-json\/wp\/v2\/media?parent=8312"}],"curies":[{"name":"wp","href":"https:\/\/api.w.org\/{rel}","templated":true}]}}