{"id":8364,"date":"2025-09-16T10:04:16","date_gmt":"2025-09-16T06:04:16","guid":{"rendered":"https:\/\/etab.ac-reunion.fr\/lyc-amiral-lacaze\/?page_id=8364"},"modified":"2026-03-30T16:04:07","modified_gmt":"2026-03-30T12:04:07","slug":"entreprises-alternance","status":"publish","type":"page","link":"https:\/\/etab.ac-reunion.fr\/lyc-amiral-lacaze\/entreprises-alternance\/","title":{"rendered":"Entreprises &amp; alternance"},"content":{"rendered":"\n<div class=\"wp-block-cover alignfull has-white-color has-text-color has-link-color wp-elements-16ca22940b79f907caac531947cd89d4\" style=\"min-height:250px;aspect-ratio:unset;\"><img loading=\"lazy\" decoding=\"async\" width=\"1536\" height=\"1024\" class=\"wp-block-cover__image-background wp-image-8818 size-full\" alt=\"\" src=\"https:\/\/etab.ac-reunion.fr\/lyc-amiral-lacaze\/wp-content\/uploads\/sites\/52\/2025\/09\/4480a87c-a556-48f7-a524-ae71fcef2b64.png\" style=\"object-position:49% 100%\" data-object-fit=\"cover\" data-object-position=\"49% 100%\" srcset=\"https:\/\/etab.ac-reunion.fr\/lyc-amiral-lacaze\/wp-content\/uploads\/sites\/52\/2025\/09\/4480a87c-a556-48f7-a524-ae71fcef2b64.png 1536w, https:\/\/etab.ac-reunion.fr\/lyc-amiral-lacaze\/wp-content\/uploads\/sites\/52\/2025\/09\/4480a87c-a556-48f7-a524-ae71fcef2b64-300x200.png 300w, https:\/\/etab.ac-reunion.fr\/lyc-amiral-lacaze\/wp-content\/uploads\/sites\/52\/2025\/09\/4480a87c-a556-48f7-a524-ae71fcef2b64-1024x683.png 1024w, https:\/\/etab.ac-reunion.fr\/lyc-amiral-lacaze\/wp-content\/uploads\/sites\/52\/2025\/09\/4480a87c-a556-48f7-a524-ae71fcef2b64-768x512.png 768w, https:\/\/etab.ac-reunion.fr\/lyc-amiral-lacaze\/wp-content\/uploads\/sites\/52\/2025\/09\/4480a87c-a556-48f7-a524-ae71fcef2b64-150x100.png 150w\" sizes=\"auto, (max-width: 1536px) 100vw, 1536px\" \/><span aria-hidden=\"true\" class=\"wp-block-cover__background has-background-dim-60 has-background-dim\" style=\"background-color:#1a4c9a\"><\/span><div class=\"wp-block-cover__inner-container is-layout-flow wp-block-cover-is-layout-flow\">\n<h1 class=\"wp-block-heading has-text-align-center has-white-color has-text-color has-link-color has-x-large-font-size wp-elements-3a975facd665aaae8209bd2e7f421fe1\"><strong>Entreprises &amp; alternance<\/strong><\/h1>\n<\/div><\/div>\n\n\n\n<div style=\"height:30px\" aria-hidden=\"true\" class=\"wp-block-spacer\"><\/div>\n\n\n\n<h2 class=\"wp-block-heading has-text-align-center\">Pourquoi collaborer avec nous ?<\/h2>\n\n\n\n<p>Le lyc\u00e9e Amiral Lacaze forme chaque ann\u00e9e des jeunes motiv\u00e9s et op\u00e9rationnels, pr\u00eats \u00e0 s\u2019investir dans le monde professionnel. Nos partenariats avec les entreprises locales permettent de :<br>\u2705 Former des futurs collaborateurs selon vos besoins<br>\u2705 B\u00e9n\u00e9ficier d\u2019un accompagnement par notre \u00e9quipe p\u00e9dagogique<br>\u2705 Contribuer \u00e0 l\u2019insertion professionnelle des jeunes r\u00e9unionnais<\/p>\n\n\n\n<div style=\"height:20px\" aria-hidden=\"true\" class=\"wp-block-spacer\"><\/div>\n\n\n\n<h2 class=\"wp-block-heading has-text-align-center\">Nos fili\u00e8res en alternance<\/h2>\n\n\n\n<div class=\"wp-block-columns is-layout-flex wp-container-core-columns-is-layout-9d6595d7 wp-block-columns-is-layout-flex\">\n<div class=\"wp-block-column is-layout-flow wp-block-column-is-layout-flow\">\n<ul class=\"wp-block-list\">\n<li>\n<ul class=\"wp-block-list\">\n<li>Bac Pro MELEC &#8211; <a href=\"https:\/\/etab.ac-reunion.fr\/lyc-amiral-lacaze\/wp-content\/uploads\/sites\/52\/2024\/11\/BAC-PRO-MELEC.pdf\" data-type=\"attachment\" data-id=\"7606\">\ud83d\udce5fiche PDF<\/a><\/li>\n\n\n\n<li>Bac Pro MSPC &#8211; <a href=\"https:\/\/etab.ac-reunion.fr\/lyc-amiral-lacaze\/wp-content\/uploads\/sites\/52\/2022\/01\/BAC-MSPC.pdf\" data-type=\"attachment\" data-id=\"3488\">\ud83d\udce5fiche PDF<\/a><\/li>\n\n\n\n<li>Bac Pro MP3D &#8211; <a href=\"https:\/\/etab.ac-reunion.fr\/lyc-amiral-lacaze\/wp-content\/uploads\/sites\/52\/2024\/11\/BAC-PRO-MP3D.pdf\" data-type=\"attachment\" data-id=\"7607\">\ud83d\udce5fiche PDF<\/a><\/li>\n\n\n\n<li>Bac Pro CIEL &#8211; <a href=\"https:\/\/etab.ac-reunion.fr\/lyc-amiral-lacaze\/wp-content\/uploads\/sites\/52\/2024\/11\/BAC-PRO-SN.pdf\" data-type=\"attachment\" data-id=\"7611\">\ud83d\udce5fiche PDF<\/a><\/li>\n<\/ul>\n<\/li>\n<\/ul>\n<\/div>\n\n\n\n<div class=\"wp-block-column is-layout-flow wp-block-column-is-layout-flow\">\n<ul class=\"wp-block-list\">\n<li>Bac pro TRPM &#8211; <a href=\"https:\/\/etab.ac-reunion.fr\/lyc-amiral-lacaze\/wp-content\/uploads\/sites\/52\/2021\/12\/BAC-TRPM.pdf\" data-type=\"attachment\" data-id=\"3474\">\ud83d\udce5fiche PDF<\/a><\/li>\n\n\n\n<li>Bac pro PC &#8211; <a href=\"https:\/\/etab.ac-reunion.fr\/lyc-amiral-lacaze\/wp-content\/uploads\/sites\/52\/2021\/12\/BAC-PC.pdf\" data-type=\"attachment\" data-id=\"3472\">\ud83d\udce5fiche PDF<\/a><\/li>\n\n\n\n<li>Bac pro PLP &#8211; <a href=\"https:\/\/etab.ac-reunion.fr\/lyc-amiral-lacaze\/wp-content\/uploads\/sites\/52\/2024\/11\/BAC-PRO-PLP.pdf\" data-type=\"attachment\" data-id=\"7610\">\ud83d\udce5fiche PDF<\/a><\/li>\n\n\n\n<li>BTS ATI &#8211; <a href=\"https:\/\/etab.ac-reunion.fr\/lyc-amiral-lacaze\/wp-content\/uploads\/sites\/52\/2024\/11\/BTS-ATI-15_04_2022.pdf\" data-type=\"attachment\" data-id=\"7661\">\ud83d\udce5fiche PDF<\/a><\/li>\n<\/ul>\n<\/div>\n<\/div>\n\n\n\n<div style=\"height:20px\" aria-hidden=\"true\" class=\"wp-block-spacer\"><\/div>\n\n\n\n<h2 class=\"wp-block-heading has-text-align-center\">Informations pour les entreprises<\/h2>\n\n\n\n<div class=\"wp-block-columns is-layout-flex wp-container-core-columns-is-layout-9d6595d7 wp-block-columns-is-layout-flex\">\n<div class=\"wp-block-column is-layout-flow wp-block-column-is-layout-flow\">\n<h3 class=\"wp-block-heading\">\ud83d\udccc Modalit\u00e9s<\/h3>\n\n\n\n<p>Les entreprises peuvent accueillir des \u00e9l\u00e8ves :<br>&#8211; En <strong>stage<\/strong> (p\u00e9riode de formation en milieu professionnel)<br>&#8211; En <strong>alternance<\/strong> (contrat d\u2019apprentissage ou de professionnalisation).<br><br>Les conventions sont \u00e9tablies en lien avec l\u2019\u00e9tablissement.<\/p>\n\n\n\n<p><a href=\"https:\/\/etab.ac-reunion.fr\/lyc-amiral-lacaze\/wp-content\/uploads\/sites\/52\/2025\/08\/Planning_PFMP-Apprentissage_2025-2026.pdf\" data-type=\"attachment\" data-id=\"8119\">\ud83d\udcc5 Planning PFMP &amp; Alternance<\/a><\/p>\n<\/div>\n\n\n\n<div class=\"wp-block-column is-layout-flow wp-block-column-is-layout-flow\">\n<h3 class=\"wp-block-heading\">\ud83d\udc69\u200d\ud83c\udfeb Contacts d\u00e9di\u00e9s<\/h3>\n\n\n\n<p><strong>DDFPT : <\/strong> M.DUFNERR<br>ddfpt@ac-reunion.Fr<\/p>\n\n\n\n<p><strong>Bureau des entreprises : <\/strong>M.CERVEAU <br><a href=\"bde-lp-amiral-lacaze@ac-reunion.fr\">bde-lp-amiral-lacaze@ac-reunion.fr <\/a><br>T\u00e9l. : 0262 28 37 75<\/p>\n<\/div>\n<\/div>\n\n\n\n<div style=\"height:20px\" aria-hidden=\"true\" class=\"wp-block-spacer\"><\/div>\n\n\n\n<h2 class=\"wp-block-heading has-text-align-center\">Espace alternance &amp; stages<\/h2>\n\n\n<ul class=\"wp-block-latest-posts__list is-grid columns-5 wp-block-latest-posts\"><li><div class=\"wp-block-latest-posts__featured-image\"><a href=\"https:\/\/etab.ac-reunion.fr\/lyc-amiral-lacaze\/2025\/04\/07\/technicien-en-climatisation-h-f-offres-24-0001\/\" aria-label=\"Technicien en Climatisation (H\/F) (Offres 24-0001)\"><a href=\"https:\/\/etab.ac-reunion.fr\/lyc-amiral-lacaze\/2025\/04\/07\/technicien-en-climatisation-h-f-offres-24-0001\/\" title=\"Technicien en Climatisation (H\/F) (Offres 24-0001)\"><img loading=\"lazy\" decoding=\"async\" width=\"225\" height=\"225\" src=\"https:\/\/etab.ac-reunion.fr\/lyc-amiral-lacaze\/wp-content\/uploads\/sites\/52\/2025\/04\/images.png\" class=\"attachment-large size-large wp-post-image\" alt=\"\" style=\"\" srcset=\"https:\/\/etab.ac-reunion.fr\/lyc-amiral-lacaze\/wp-content\/uploads\/sites\/52\/2025\/04\/images.png 225w, https:\/\/etab.ac-reunion.fr\/lyc-amiral-lacaze\/wp-content\/uploads\/sites\/52\/2025\/04\/images-150x150.png 150w\" sizes=\"auto, (max-width: 225px) 100vw, 225px\" \/><\/a><\/a><\/div><a class=\"wp-block-latest-posts__post-title\" href=\"https:\/\/etab.ac-reunion.fr\/lyc-amiral-lacaze\/2025\/04\/07\/technicien-en-climatisation-h-f-offres-24-0001\/\">Technicien en Climatisation (H\/F) (Offres 24-0001)<\/a><\/li>\n<li><div class=\"wp-block-latest-posts__featured-image\"><a href=\"https:\/\/etab.ac-reunion.fr\/lyc-amiral-lacaze\/2022\/08\/22\/offre-demploi-nxx\/\" aria-label=\"Dessinateur\/ projeteur (offre n\u00b022-0003)\"><a href=\"https:\/\/etab.ac-reunion.fr\/lyc-amiral-lacaze\/2022\/08\/22\/offre-demploi-nxx\/\" title=\"Dessinateur\/ projeteur (offre n\u00b022-0003)\"><img loading=\"lazy\" decoding=\"async\" width=\"670\" height=\"453\" src=\"https:\/\/etab.ac-reunion.fr\/lyc-amiral-lacaze\/wp-content\/uploads\/sites\/52\/2022\/07\/PROTEM.png\" class=\"attachment-large size-large wp-post-image\" alt=\"\" style=\"\" srcset=\"https:\/\/etab.ac-reunion.fr\/lyc-amiral-lacaze\/wp-content\/uploads\/sites\/52\/2022\/07\/PROTEM.png 670w, https:\/\/etab.ac-reunion.fr\/lyc-amiral-lacaze\/wp-content\/uploads\/sites\/52\/2022\/07\/PROTEM-300x203.png 300w, https:\/\/etab.ac-reunion.fr\/lyc-amiral-lacaze\/wp-content\/uploads\/sites\/52\/2022\/07\/PROTEM-150x101.png 150w\" sizes=\"auto, (max-width: 670px) 100vw, 670px\" \/><\/a><\/a><\/div><a class=\"wp-block-latest-posts__post-title\" href=\"https:\/\/etab.ac-reunion.fr\/lyc-amiral-lacaze\/2022\/08\/22\/offre-demploi-nxx\/\">Dessinateur\/ projeteur (offre n\u00b022-0003)<\/a><\/li>\n<li><div class=\"wp-block-latest-posts__featured-image\"><a href=\"https:\/\/etab.ac-reunion.fr\/lyc-amiral-lacaze\/2022\/06\/22\/concepteur-soudeur-tig-operateur-n-22-0004\/\" aria-label=\"Concepteur  \/ Soudeur TIG \/ Op\u00e9rateur (n\u00b0 22-0004)\"><a href=\"https:\/\/etab.ac-reunion.fr\/lyc-amiral-lacaze\/2022\/06\/22\/concepteur-soudeur-tig-operateur-n-22-0004\/\" title=\"Concepteur  \/ Soudeur TIG \/ Op\u00e9rateur (n\u00b0 22-0004)\"><img loading=\"lazy\" decoding=\"async\" width=\"157\" height=\"52\" src=\"https:\/\/etab.ac-reunion.fr\/lyc-amiral-lacaze\/wp-content\/uploads\/sites\/52\/2022\/07\/FAB.png\" class=\"attachment-large size-large wp-post-image\" alt=\"\" style=\"\" srcset=\"https:\/\/etab.ac-reunion.fr\/lyc-amiral-lacaze\/wp-content\/uploads\/sites\/52\/2022\/07\/FAB.png 157w, https:\/\/etab.ac-reunion.fr\/lyc-amiral-lacaze\/wp-content\/uploads\/sites\/52\/2022\/07\/FAB-150x50.png 150w\" sizes=\"auto, (max-width: 157px) 100vw, 157px\" \/><\/a><\/a><\/div><a class=\"wp-block-latest-posts__post-title\" href=\"https:\/\/etab.ac-reunion.fr\/lyc-amiral-lacaze\/2022\/06\/22\/concepteur-soudeur-tig-operateur-n-22-0004\/\">Concepteur  \/ Soudeur TIG \/ Op\u00e9rateur (n\u00b0 22-0004)<\/a><\/li>\n<li><div class=\"wp-block-latest-posts__featured-image\"><a href=\"https:\/\/etab.ac-reunion.fr\/lyc-amiral-lacaze\/2022\/06\/22\/offre-demploi-22-0002\/\" aria-label=\"Tourneur &#8211; fraiseur (Offre n\u00b0 22-0002)\"><a href=\"https:\/\/etab.ac-reunion.fr\/lyc-amiral-lacaze\/2022\/06\/22\/offre-demploi-22-0002\/\" title=\"Tourneur - fraiseur (Offre n\u00b0 22-0002)\"><img loading=\"lazy\" decoding=\"async\" width=\"829\" height=\"254\" src=\"https:\/\/etab.ac-reunion.fr\/lyc-amiral-lacaze\/wp-content\/uploads\/sites\/52\/2022\/07\/tourneur-fraiseur-e1657645052442.png\" class=\"attachment-large size-large wp-post-image\" alt=\"\" style=\"\" srcset=\"https:\/\/etab.ac-reunion.fr\/lyc-amiral-lacaze\/wp-content\/uploads\/sites\/52\/2022\/07\/tourneur-fraiseur-e1657645052442.png 829w, https:\/\/etab.ac-reunion.fr\/lyc-amiral-lacaze\/wp-content\/uploads\/sites\/52\/2022\/07\/tourneur-fraiseur-e1657645052442-300x92.png 300w, https:\/\/etab.ac-reunion.fr\/lyc-amiral-lacaze\/wp-content\/uploads\/sites\/52\/2022\/07\/tourneur-fraiseur-e1657645052442-768x235.png 768w, https:\/\/etab.ac-reunion.fr\/lyc-amiral-lacaze\/wp-content\/uploads\/sites\/52\/2022\/07\/tourneur-fraiseur-e1657645052442-150x46.png 150w\" sizes=\"auto, (max-width: 829px) 100vw, 829px\" \/><\/a><\/a><\/div><a class=\"wp-block-latest-posts__post-title\" href=\"https:\/\/etab.ac-reunion.fr\/lyc-amiral-lacaze\/2022\/06\/22\/offre-demploi-22-0002\/\">Tourneur &#8211; fraiseur (Offre n\u00b0 22-0002)<\/a><\/li>\n<li><div class=\"wp-block-latest-posts__featured-image\"><a href=\"https:\/\/etab.ac-reunion.fr\/lyc-amiral-lacaze\/2022\/06\/22\/offre-demploi-22-0001\/\" aria-label=\"Technicien d&rsquo;affaires \/ Coordonnateur de travaux en \u00e9lectricit\u00e9 (offre n\u00b022-0001)\"><a href=\"https:\/\/etab.ac-reunion.fr\/lyc-amiral-lacaze\/2022\/06\/22\/offre-demploi-22-0001\/\" title=\"Technicien d&#039;affaires \/ Coordonnateur de travaux en \u00e9lectricit\u00e9 (offre n\u00b022-0001)\"><img loading=\"lazy\" decoding=\"async\" width=\"640\" height=\"425\" src=\"https:\/\/etab.ac-reunion.fr\/lyc-amiral-lacaze\/wp-content\/uploads\/sites\/52\/2022\/03\/electrician-g1ae34d174_640.jpg\" class=\"attachment-large size-large wp-post-image\" alt=\"\" style=\"\" srcset=\"https:\/\/etab.ac-reunion.fr\/lyc-amiral-lacaze\/wp-content\/uploads\/sites\/52\/2022\/03\/electrician-g1ae34d174_640.jpg 640w, https:\/\/etab.ac-reunion.fr\/lyc-amiral-lacaze\/wp-content\/uploads\/sites\/52\/2022\/03\/electrician-g1ae34d174_640-300x199.jpg 300w, https:\/\/etab.ac-reunion.fr\/lyc-amiral-lacaze\/wp-content\/uploads\/sites\/52\/2022\/03\/electrician-g1ae34d174_640-301x200.jpg 301w\" sizes=\"auto, (max-width: 640px) 100vw, 640px\" \/><\/a><\/a><\/div><a class=\"wp-block-latest-posts__post-title\" href=\"https:\/\/etab.ac-reunion.fr\/lyc-amiral-lacaze\/2022\/06\/22\/offre-demploi-22-0001\/\">Technicien d&rsquo;affaires \/ Coordonnateur de travaux en \u00e9lectricit\u00e9 (offre n\u00b022-0001)<\/a><\/li>\n<\/ul>\n\n\n<div style=\"height:20px\" aria-hidden=\"true\" class=\"wp-block-spacer\"><\/div>\n\n\n\n<h2 class=\"wp-block-heading has-text-align-center\">Nos partenaires<\/h2>\n\n\n\n<p class=\"has-text-align-center\">D\u00e9j\u00e0 plus de <strong>XX entreprises partenaires<\/strong> nous font confiance. Rejoignez-les !<\/p>\n\n\n\n<div style=\"height:20px\" aria-hidden=\"true\" class=\"wp-block-spacer\"><\/div>\n\n\n\n<h2 class=\"wp-block-heading has-text-align-center\">Contacts<\/h2>\n\n\n\n<div class=\"wp-block-columns is-layout-flex wp-container-core-columns-is-layout-9d6595d7 wp-block-columns-is-layout-flex\">\n<div class=\"wp-block-column is-layout-flow wp-block-column-is-layout-flow\">\n<p>\ud83d\udce7 <strong>Directeur D\u00e9l\u00e9gu\u00e9 aux Formation Professionnel Technologique <\/strong>: <br>M.DUFNERR S.<br>ddfpt-lp-lacaze@ac-reunion.fr<\/p>\n\n\n\n<p>\ud83d\udcde T\u00e9l. : 0262 28 37 75<\/p>\n<\/div>\n\n\n\n<div class=\"wp-block-column is-layout-flow wp-block-column-is-layout-flow\">\n<p>\ud83d\udc69\u200d\ud83c\udfeb <strong>Bureau des Entreprises: <\/strong><br> bde-lp-amiral-lacaze@ac-reunion.fr<\/p>\n\n\n\n<p>\ud83d\udd51 Lundi \u2013 Vendredi, 8h \u2013 16h<\/p>\n<\/div>\n<\/div>\n\n\n\n<p><\/p>\n","protected":false},"excerpt":{"rendered":"<p>Pourquoi collaborer avec nous ? Le lyc\u00e9e Amiral Lacaze forme chaque ann\u00e9e des jeunes motiv\u00e9s et op\u00e9rationnels, pr\u00eats \u00e0 s\u2019investir<\/p>\n<p> <a class=\"continue-reading-link\" href=\"https:\/\/etab.ac-reunion.fr\/lyc-amiral-lacaze\/entreprises-alternance\/\"><span>Lire la suite<\/span><i class=\"crycon-right-dir\"><\/i><\/a> <\/p>\n","protected":false},"author":30060,"featured_media":0,"parent":0,"menu_order":0,"comment_status":"closed","ping_status":"closed","template":"","meta":{"footnotes":""},"class_list":["post-8364","page","type-page","status-publish","hentry"],"_links":{"self":[{"href":"https:\/\/etab.ac-reunion.fr\/lyc-amiral-lacaze\/wp-json\/wp\/v2\/pages\/8364","targetHints":{"allow":["GET"]}}],"collection":[{"href":"https:\/\/etab.ac-reunion.fr\/lyc-amiral-lacaze\/wp-json\/wp\/v2\/pages"}],"about":[{"href":"https:\/\/etab.ac-reunion.fr\/lyc-amiral-lacaze\/wp-json\/wp\/v2\/types\/page"}],"author":[{"embeddable":true,"href":"https:\/\/etab.ac-reunion.fr\/lyc-amiral-lacaze\/wp-json\/wp\/v2\/users\/30060"}],"replies":[{"embeddable":true,"href":"https:\/\/etab.ac-reunion.fr\/lyc-amiral-lacaze\/wp-json\/wp\/v2\/comments?post=8364"}],"version-history":[{"count":23,"href":"https:\/\/etab.ac-reunion.fr\/lyc-amiral-lacaze\/wp-json\/wp\/v2\/pages\/8364\/revisions"}],"predecessor-version":[{"id":9591,"href":"https:\/\/etab.ac-reunion.fr\/lyc-amiral-lacaze\/wp-json\/wp\/v2\/pages\/8364\/revisions\/9591"}],"wp:attachment":[{"href":"https:\/\/etab.ac-reunion.fr\/lyc-amiral-lacaze\/wp-json\/wp\/v2\/media?parent=8364"}],"curies":[{"name":"wp","href":"https:\/\/api.w.org\/{rel}","templated":true}]}}