{"id":8383,"date":"2025-09-16T10:41:34","date_gmt":"2025-09-16T06:41:34","guid":{"rendered":"https:\/\/etab.ac-reunion.fr\/lyc-amiral-lacaze\/?page_id=8383"},"modified":"2025-11-15T12:38:09","modified_gmt":"2025-11-15T08:38:09","slug":"parents-orientation","status":"publish","type":"page","link":"https:\/\/etab.ac-reunion.fr\/lyc-amiral-lacaze\/parents-orientation\/","title":{"rendered":"Parents &amp; Orientation"},"content":{"rendered":"\n<div class=\"wp-block-cover alignfull\" style=\"min-height:250px;aspect-ratio:unset;\"><img loading=\"lazy\" decoding=\"async\" width=\"1024\" height=\"683\" class=\"wp-block-cover__image-background wp-image-8386 size-large\" alt=\"\" src=\"https:\/\/etab.ac-reunion.fr\/lyc-amiral-lacaze\/wp-content\/uploads\/sites\/52\/2025\/09\/Parents-orientation-1024x683.png\" style=\"object-position:50% 82%\" data-object-fit=\"cover\" data-object-position=\"50% 82%\" srcset=\"https:\/\/etab.ac-reunion.fr\/lyc-amiral-lacaze\/wp-content\/uploads\/sites\/52\/2025\/09\/Parents-orientation-1024x683.png 1024w, https:\/\/etab.ac-reunion.fr\/lyc-amiral-lacaze\/wp-content\/uploads\/sites\/52\/2025\/09\/Parents-orientation-300x200.png 300w, https:\/\/etab.ac-reunion.fr\/lyc-amiral-lacaze\/wp-content\/uploads\/sites\/52\/2025\/09\/Parents-orientation-768x512.png 768w, https:\/\/etab.ac-reunion.fr\/lyc-amiral-lacaze\/wp-content\/uploads\/sites\/52\/2025\/09\/Parents-orientation-150x100.png 150w, https:\/\/etab.ac-reunion.fr\/lyc-amiral-lacaze\/wp-content\/uploads\/sites\/52\/2025\/09\/Parents-orientation.png 1536w\" sizes=\"auto, (max-width: 1024px) 100vw, 1024px\" \/><span aria-hidden=\"true\" class=\"wp-block-cover__background has-background-dim-40 has-background-dim\" style=\"background-color:#756859\"><\/span><div class=\"wp-block-cover__inner-container is-layout-flow wp-block-cover-is-layout-flow\">\n<h1 class=\"wp-block-heading has-text-align-center has-white-color has-text-color\"><\/h1>\n<\/div><\/div>\n\n\n\n<div style=\"height:30px\" aria-hidden=\"true\" class=\"wp-block-spacer\"><\/div>\n\n\n\n<h2 class=\"wp-block-heading has-text-align-center\">Espace parents<\/h2>\n\n\n\n<div class=\"wp-block-columns is-layout-flex wp-container-core-columns-is-layout-9d6595d7 wp-block-columns-is-layout-flex\">\n<div class=\"wp-block-column is-layout-flow wp-block-column-is-layout-flow\">\n<p>\ud83c\udf10 <a href=\"https:\/\/metice.ac-reunion.fr\/\">ENT m\u00e9tice<\/a><\/p>\n\n\n\n<p><a href=\"https:\/\/www.ac-reunion.fr\/le-calendrier-scolaire\">\ud83d\udcc5 Calendrier scolaire<\/a><\/p>\n\n\n\n<p><a href=\"https:\/\/etab.ac-reunion.fr\/lyc-amiral-lacaze\/wp-content\/uploads\/sites\/52\/2025\/08\/Planning_PFMP-Apprentissage_2025-2026.pdf\" data-type=\"attachment\" data-id=\"8119\">\ud83d\udcc5 Planning PFMP<\/a><\/p>\n<\/div>\n\n\n\n<div class=\"wp-block-column is-layout-flow wp-block-column-is-layout-flow\">\n<p>\ud83d\udcc4 Guide des parents<\/p>\n\n\n\n<p><a href=\"https:\/\/etab.ac-reunion.fr\/lyc-amiral-lacaze\/le-reglement-interieur\/\" data-type=\"page\" data-id=\"2153\">\ud83d\udccc R\u00e8glement int\u00e9rieur<\/a><\/p>\n\n\n\n<p><a href=\"https:\/\/etab.ac-reunion.fr\/lyc-amiral-lacaze\/contact\/\" data-type=\"page\" data-id=\"2138\">\u260e\ufe0f Contacts utiles<\/a><\/p>\n<\/div>\n<\/div>\n\n\n\n<div style=\"height:20px\" aria-hidden=\"true\" class=\"wp-block-spacer\"><\/div>\n\n\n\n<h2 class=\"wp-block-heading has-text-align-center\">Orientation scolaire<\/h2>\n\n\n\n<p>Le lyc\u00e9e Amiral Lacaze accompagne les \u00e9l\u00e8ves et leurs familles dans la construction du projet d\u2019orientation. Nos psychologues de l\u2019\u00c9ducation nationale (Psy-EN) et nos professeurs principaux sont \u00e0 votre disposition pour :<br>\u2705 Conseiller sur les choix de fili\u00e8res et formations<br>\u2705 Pr\u00e9parer l\u2019orientation post-bac<br>\u2705 Informer sur les m\u00e9tiers et d\u00e9bouch\u00e9s<\/p>\n\n\n\n<ul class=\"wp-block-list\">\n<li><a href=\"https:\/\/www.onisep.fr\/\">\ud83d\udd17 ONISEP<\/a><\/li>\n\n\n\n<li><a href=\"https:\/\/www.parcoursup.gouv.fr\/\" target=\"_blank\" rel=\"noreferrer noopener\">\ud83d\udd17 Parcoursup<\/a><\/li>\n\n\n\n<li><a href=\"\/wp-content\/uploads\/2025\/09\/guide-orientation.pdf\">\ud83d\udcd8 Guide orientation<\/a><\/li>\n<\/ul>\n\n\n\n<div style=\"height:20px\" aria-hidden=\"true\" class=\"wp-block-spacer\"><\/div>\n\n\n\n<h2 class=\"wp-block-heading has-text-align-center\">R\u00e9unions et rencontres<\/h2>\n\n\n\n<p>\ud83d\udcc5 R\u00e9union parents-professeurs : <strong> <\/strong><br>\ud83d\udcc5 Conseils de classe : A venir !<\/p>\n\n\n\n<div style=\"height:20px\" aria-hidden=\"true\" class=\"wp-block-spacer\"><\/div>\n\n\n\n<h2 class=\"wp-block-heading has-text-align-center\">Contacts<\/h2>\n\n\n<div class=\"wp-block-columns alignwide\">\n<div class=\"wp-block-column\">\n<p>\ud83d\udc69\u200d\ud83c\udfeb Professeur principal (via Pronote)<\/p>\n<\/div>\n<div class=\"wp-block-column\">\n<p>\ud83d\udcde Standard : 0262 28 37 75<\/p>\n<\/div>\n<\/div>","protected":false},"excerpt":{"rendered":"<p>Espace parents \ud83c\udf10 ENT m\u00e9tice \ud83d\udcc5 Calendrier scolaire \ud83d\udcc5 Planning PFMP \ud83d\udcc4 Guide des parents \ud83d\udccc R\u00e8glement int\u00e9rieur \u260e\ufe0f Contacts<\/p>\n<p> <a class=\"continue-reading-link\" href=\"https:\/\/etab.ac-reunion.fr\/lyc-amiral-lacaze\/parents-orientation\/\"><span>Lire la suite<\/span><i class=\"crycon-right-dir\"><\/i><\/a> <\/p>\n","protected":false},"author":30060,"featured_media":0,"parent":0,"menu_order":0,"comment_status":"closed","ping_status":"closed","template":"","meta":{"footnotes":""},"class_list":["post-8383","page","type-page","status-publish","hentry"],"_links":{"self":[{"href":"https:\/\/etab.ac-reunion.fr\/lyc-amiral-lacaze\/wp-json\/wp\/v2\/pages\/8383","targetHints":{"allow":["GET"]}}],"collection":[{"href":"https:\/\/etab.ac-reunion.fr\/lyc-amiral-lacaze\/wp-json\/wp\/v2\/pages"}],"about":[{"href":"https:\/\/etab.ac-reunion.fr\/lyc-amiral-lacaze\/wp-json\/wp\/v2\/types\/page"}],"author":[{"embeddable":true,"href":"https:\/\/etab.ac-reunion.fr\/lyc-amiral-lacaze\/wp-json\/wp\/v2\/users\/30060"}],"replies":[{"embeddable":true,"href":"https:\/\/etab.ac-reunion.fr\/lyc-amiral-lacaze\/wp-json\/wp\/v2\/comments?post=8383"}],"version-history":[{"count":23,"href":"https:\/\/etab.ac-reunion.fr\/lyc-amiral-lacaze\/wp-json\/wp\/v2\/pages\/8383\/revisions"}],"predecessor-version":[{"id":9098,"href":"https:\/\/etab.ac-reunion.fr\/lyc-amiral-lacaze\/wp-json\/wp\/v2\/pages\/8383\/revisions\/9098"}],"wp:attachment":[{"href":"https:\/\/etab.ac-reunion.fr\/lyc-amiral-lacaze\/wp-json\/wp\/v2\/media?parent=8383"}],"curies":[{"name":"wp","href":"https:\/\/api.w.org\/{rel}","templated":true}]}}