{"id":8451,"date":"2025-09-19T15:28:44","date_gmt":"2025-09-19T11:28:44","guid":{"rendered":"https:\/\/etab.ac-reunion.fr\/lyc-amiral-lacaze\/?p=8451"},"modified":"2025-09-19T23:35:59","modified_gmt":"2025-09-19T19:35:59","slug":"bacpro-trpm","status":"publish","type":"page","link":"https:\/\/etab.ac-reunion.fr\/lyc-amiral-lacaze\/nos-formations\/bacpro-trpm\/","title":{"rendered":"Bac Pro TRPM"},"content":{"rendered":"\n<h2 class=\"wp-block-heading\">\ud83c\udf93 Bac Pro TRPM (Technicien en R\u00e9alisation de Produits M\u00e9caniques)<\/h2>\n\n\n\n<div class=\"wp-block-cover is-light\"><img loading=\"lazy\" decoding=\"async\" width=\"1024\" height=\"768\" class=\"wp-block-cover__image-background wp-image-2788 size-large\" alt=\"\" src=\"https:\/\/etab.ac-reunion.fr\/lyc-amiral-lacaze\/wp-content\/uploads\/sites\/52\/2021\/09\/IMG_3737-1024x768.jpg\" data-object-fit=\"cover\" srcset=\"https:\/\/etab.ac-reunion.fr\/lyc-amiral-lacaze\/wp-content\/uploads\/sites\/52\/2021\/09\/IMG_3737-1024x768.jpg 1024w, https:\/\/etab.ac-reunion.fr\/lyc-amiral-lacaze\/wp-content\/uploads\/sites\/52\/2021\/09\/IMG_3737-300x225.jpg 300w, https:\/\/etab.ac-reunion.fr\/lyc-amiral-lacaze\/wp-content\/uploads\/sites\/52\/2021\/09\/IMG_3737-768x576.jpg 768w, https:\/\/etab.ac-reunion.fr\/lyc-amiral-lacaze\/wp-content\/uploads\/sites\/52\/2021\/09\/IMG_3737-1536x1152.jpg 1536w, https:\/\/etab.ac-reunion.fr\/lyc-amiral-lacaze\/wp-content\/uploads\/sites\/52\/2021\/09\/IMG_3737-2048x1536.jpg 2048w, https:\/\/etab.ac-reunion.fr\/lyc-amiral-lacaze\/wp-content\/uploads\/sites\/52\/2021\/09\/IMG_3737-267x200.jpg 267w\" sizes=\"auto, (max-width: 1024px) 100vw, 1024px\" \/><span aria-hidden=\"true\" class=\"wp-block-cover__background has-background-dim-0 has-background-dim\" style=\"background-color:#979a9b\"><\/span><div class=\"wp-block-cover__inner-container is-layout-constrained wp-block-cover-is-layout-constrained\">\n<p class=\"has-text-align-center has-large-font-size\"><\/p>\n<\/div><\/div>\n\n\n\n<h3 class=\"wp-block-heading\">\ud83d\udd27 Le m\u00e9tier<\/h3>\n\n\n\n<p>Le technicien en r\u00e9alisation de produits m\u00e9caniques intervient dans la fabrication de pi\u00e8ces et d\u2019ensembles m\u00e9caniques. Il ma\u00eetrise les techniques de production, de montage, de r\u00e9glage et de contr\u00f4le qualit\u00e9. Il utilise des machines-outils traditionnelles et \u00e0 commande num\u00e9rique pour r\u00e9aliser des pi\u00e8ces conformes aux sp\u00e9cifications techniques.<\/p>\n\n\n\n<div class=\"wp-block-media-text is-stacked-on-mobile is-image-fill-element\"><figure class=\"wp-block-media-text__media\"><img loading=\"lazy\" decoding=\"async\" width=\"1024\" height=\"768\" src=\"https:\/\/etab.ac-reunion.fr\/lyc-amiral-lacaze\/wp-content\/uploads\/sites\/52\/2025\/09\/bed5d541-c997-4ba9-b9c6-7949d853163c.jpg\" alt=\"\" class=\"wp-image-8403 size-full\" style=\"object-position:50% 50%\" srcset=\"https:\/\/etab.ac-reunion.fr\/lyc-amiral-lacaze\/wp-content\/uploads\/sites\/52\/2025\/09\/bed5d541-c997-4ba9-b9c6-7949d853163c.jpg 1024w, https:\/\/etab.ac-reunion.fr\/lyc-amiral-lacaze\/wp-content\/uploads\/sites\/52\/2025\/09\/bed5d541-c997-4ba9-b9c6-7949d853163c-300x225.jpg 300w, https:\/\/etab.ac-reunion.fr\/lyc-amiral-lacaze\/wp-content\/uploads\/sites\/52\/2025\/09\/bed5d541-c997-4ba9-b9c6-7949d853163c-768x576.jpg 768w, https:\/\/etab.ac-reunion.fr\/lyc-amiral-lacaze\/wp-content\/uploads\/sites\/52\/2025\/09\/bed5d541-c997-4ba9-b9c6-7949d853163c-150x113.jpg 150w\" sizes=\"auto, (max-width: 1024px) 100vw, 1024px\" \/><\/figure><div class=\"wp-block-media-text__content\">\n<h3 class=\"wp-block-heading\">\ud83c\udfeb La formation au lyc\u00e9e professionnel<\/h3>\n\n\n\n<ul class=\"wp-block-list\">\n<li><strong>Validation<\/strong> : Contr\u00f4le en Cours de Formation (CCF) et \u00e9valuation en entreprise<\/li>\n\n\n\n<li><strong>Dur\u00e9e<\/strong> : 3 ans (2nde professionnelle, 1\u00e8re et Terminale)<\/li>\n\n\n\n<li><strong>Statut<\/strong> : Scolaire<\/li>\n\n\n\n<li><strong>Capacit\u00e9 d\u2019accueil<\/strong> : 15 \u00e9l\u00e8ves<\/li>\n\n\n\n<li><strong>P\u00e9riodes de Formation en Milieu Professionnel (PFMP)<\/strong> : 22 semaines<\/li>\n<\/ul>\n\n\n\n<h3 class=\"wp-block-heading\">\ud83d\udccc Pr\u00e9requis<\/h3>\n\n\n\n<ul class=\"wp-block-list\">\n<li>\u00catre issu(e) de la classe de 3e.<\/li>\n<\/ul>\n<\/div><\/div>\n\n\n\n<h3 class=\"wp-block-heading\"><\/h3>\n\n\n\n<h3 class=\"wp-block-heading\">\ud83d\udcc8 D\u00e9bouch\u00e9s et \u00e9volution<\/h3>\n\n\n\n<p>Le Bac Pro TRPM pr\u00e9pare aux m\u00e9tiers de technicien en fabrication, op\u00e9rateur sur machines \u00e0 commande num\u00e9rique, r\u00e9gleur, ou encore responsable de production. Avec de l\u2019exp\u00e9rience, il est possible d\u2019\u00e9voluer vers des postes de chef d\u2019\u00e9quipe ou de responsable d\u2019atelier.<\/p>\n\n\n\n<h3 class=\"wp-block-heading\">\ud83c\udf93 Poursuites d\u2019\u00e9tudes<\/h3>\n\n\n\n<ul class=\"wp-block-list\">\n<li>BTS Conception de Produits Industriels (CPI)<\/li>\n\n\n\n<li>BTS M\u00e9tiers de l\u2019Eau (ME)<\/li>\n\n\n\n<li>BTS Maintenance des Syst\u00e8mes de Production Connect\u00e9s (MSPC)<\/li>\n<\/ul>\n","protected":false},"excerpt":{"rendered":"<p>\ud83c\udf93 Bac Pro TRPM (Technicien en R\u00e9alisation de Produits M\u00e9caniques) \ud83d\udd27 Le m\u00e9tier Le technicien en r\u00e9alisation de produits m\u00e9caniques<\/p>\n<p> <a class=\"continue-reading-link\" href=\"https:\/\/etab.ac-reunion.fr\/lyc-amiral-lacaze\/nos-formations\/bacpro-trpm\/\"><span>Lire la suite<\/span><i class=\"crycon-right-dir\"><\/i><\/a> <\/p>\n","protected":false},"author":30060,"featured_media":0,"parent":8209,"menu_order":0,"comment_status":"closed","ping_status":"closed","template":"","meta":{"footnotes":""},"class_list":["post-8451","page","type-page","status-publish","hentry"],"_links":{"self":[{"href":"https:\/\/etab.ac-reunion.fr\/lyc-amiral-lacaze\/wp-json\/wp\/v2\/pages\/8451","targetHints":{"allow":["GET"]}}],"collection":[{"href":"https:\/\/etab.ac-reunion.fr\/lyc-amiral-lacaze\/wp-json\/wp\/v2\/pages"}],"about":[{"href":"https:\/\/etab.ac-reunion.fr\/lyc-amiral-lacaze\/wp-json\/wp\/v2\/types\/page"}],"author":[{"embeddable":true,"href":"https:\/\/etab.ac-reunion.fr\/lyc-amiral-lacaze\/wp-json\/wp\/v2\/users\/30060"}],"replies":[{"embeddable":true,"href":"https:\/\/etab.ac-reunion.fr\/lyc-amiral-lacaze\/wp-json\/wp\/v2\/comments?post=8451"}],"version-history":[{"count":18,"href":"https:\/\/etab.ac-reunion.fr\/lyc-amiral-lacaze\/wp-json\/wp\/v2\/pages\/8451\/revisions"}],"predecessor-version":[{"id":8497,"href":"https:\/\/etab.ac-reunion.fr\/lyc-amiral-lacaze\/wp-json\/wp\/v2\/pages\/8451\/revisions\/8497"}],"up":[{"embeddable":true,"href":"https:\/\/etab.ac-reunion.fr\/lyc-amiral-lacaze\/wp-json\/wp\/v2\/pages\/8209"}],"wp:attachment":[{"href":"https:\/\/etab.ac-reunion.fr\/lyc-amiral-lacaze\/wp-json\/wp\/v2\/media?parent=8451"}],"curies":[{"name":"wp","href":"https:\/\/api.w.org\/{rel}","templated":true}]}}