{"id":8488,"date":"2025-09-19T23:08:26","date_gmt":"2025-09-19T19:08:26","guid":{"rendered":"https:\/\/etab.ac-reunion.fr\/lyc-amiral-lacaze\/?page_id=8488"},"modified":"2026-04-15T09:07:11","modified_gmt":"2026-04-15T05:07:11","slug":"cap-cip","status":"publish","type":"page","link":"https:\/\/etab.ac-reunion.fr\/lyc-amiral-lacaze\/nos-formations\/cap-cip\/","title":{"rendered":"CAP CIP"},"content":{"rendered":"\n<h1 class=\"wp-block-heading\">\ud83c\udf93 CAP Conducteur d\u2019Installations de Production (CIP)<\/h1>\n\n\n\n<div class=\"wp-block-cover is-repeated\"><div class=\"wp-block-cover__image-background wp-image-8444 size-large is-repeated\" style=\"background-position:50% 30%;background-image:url(https:\/\/etab.ac-reunion.fr\/lyc-amiral-lacaze\/wp-content\/uploads\/sites\/52\/2025\/09\/ChatGPT-Image-19-sept.-2025-14_35_51-1024x683.png)\"><\/div><span aria-hidden=\"true\" class=\"wp-block-cover__background has-background-dim-0 has-background-dim\" style=\"background-color:#62574a\"><\/span><div class=\"wp-block-cover__inner-container is-layout-constrained wp-block-cover-is-layout-constrained\">\n<p class=\"has-text-align-center has-large-font-size\"><\/p>\n<\/div><\/div>\n\n\n\n<h3 class=\"wp-block-heading\">\ud83d\udd27 Le m\u00e9tier<\/h3>\n\n\n\n<p>Le titulaire du CAP CIP assure la conduite en toute s\u00e9curit\u00e9 d\u2019installations automatis\u00e9es de production industrielle. Il intervient sur des lignes de fabrication dans des secteurs tels que l\u2019agroalimentaire, la chimie, la pharmacie ou la plasturgie. Ses missions incluent la pr\u00e9paration des \u00e9quipements, le d\u00e9marrage des installations, le suivi des param\u00e8tres de production, la maintenance de premier niveau et le contr\u00f4le qualit\u00e9.<\/p>\n\n\n\n<div class=\"wp-block-media-text is-stacked-on-mobile is-image-fill-element\"><figure class=\"wp-block-media-text__media\"><img loading=\"lazy\" decoding=\"async\" width=\"1024\" height=\"683\" src=\"https:\/\/etab.ac-reunion.fr\/lyc-amiral-lacaze\/wp-content\/uploads\/sites\/52\/2025\/09\/ChatGPT-Image-19-sept.-2025-14_35_51-1024x683.png\" alt=\"\" class=\"wp-image-8444 size-full\" style=\"object-position:50% 50%\" srcset=\"https:\/\/etab.ac-reunion.fr\/lyc-amiral-lacaze\/wp-content\/uploads\/sites\/52\/2025\/09\/ChatGPT-Image-19-sept.-2025-14_35_51-1024x683.png 1024w, https:\/\/etab.ac-reunion.fr\/lyc-amiral-lacaze\/wp-content\/uploads\/sites\/52\/2025\/09\/ChatGPT-Image-19-sept.-2025-14_35_51-300x200.png 300w, https:\/\/etab.ac-reunion.fr\/lyc-amiral-lacaze\/wp-content\/uploads\/sites\/52\/2025\/09\/ChatGPT-Image-19-sept.-2025-14_35_51-768x512.png 768w, https:\/\/etab.ac-reunion.fr\/lyc-amiral-lacaze\/wp-content\/uploads\/sites\/52\/2025\/09\/ChatGPT-Image-19-sept.-2025-14_35_51-150x100.png 150w, https:\/\/etab.ac-reunion.fr\/lyc-amiral-lacaze\/wp-content\/uploads\/sites\/52\/2025\/09\/ChatGPT-Image-19-sept.-2025-14_35_51.png 1536w\" sizes=\"auto, (max-width: 1024px) 100vw, 1024px\" \/><\/figure><div class=\"wp-block-media-text__content\">\n<h3 class=\"wp-block-heading\">\ud83c\udfeb La formation au lyc\u00e9e professionnel<\/h3>\n\n\n\n<ul class=\"wp-block-list\">\n<li><strong>Validation<\/strong> : Contr\u00f4le en Cours de Formation (CCF) et \u00e9valuation en entreprise<\/li>\n\n\n\n<li><strong>Dur\u00e9e<\/strong> : 2 ans<\/li>\n\n\n\n<li><strong>Statut<\/strong> : scolaire<\/li>\n\n\n\n<li><strong>Capacit\u00e9 d\u2019accueil<\/strong> : 15 \u00e9l\u00e8ves<\/li>\n\n\n\n<li><strong>P\u00e9riodes de Formation en Milieu Professionnel (PFMP)<\/strong> : 14 semaines<\/li>\n<\/ul>\n\n\n\n<h3 class=\"wp-block-heading\">\ud83d\udccc Pr\u00e9requis<\/h3>\n\n\n\n<ul class=\"wp-block-list\">\n<li>\u00catre issu(e) de la classe de 3e.<\/li>\n<\/ul>\n<\/div><\/div>\n\n\n\n<h3 class=\"wp-block-heading\">\ud83d\udcc8 D\u00e9bouch\u00e9s et \u00e9volution<\/h3>\n\n\n\n<p>Le CAP CIP ouvre des perspectives dans divers secteurs industriels. Avec de l\u2019exp\u00e9rience, un op\u00e9rateur peut \u00e9voluer vers des postes de conducteur de ligne, chef d\u2019\u00e9quipe ou responsable d\u2019unit\u00e9.<\/p>\n\n\n\n<div class=\"wp-block-columns is-layout-flex wp-container-core-columns-is-layout-9d6595d7 wp-block-columns-is-layout-flex\">\n<div class=\"wp-block-column is-layout-flow wp-block-column-is-layout-flow\">\n<h3 class=\"wp-block-heading\">\ud83c\udf93 Poursuites d\u2019\u00e9tudes<\/h3>\n\n\n\n<ul class=\"wp-block-list\">\n<li>Bac Pro Pilote de Ligne de Production (PLP)<\/li>\n\n\n\n<li>Bac Pro Maintenance des Syst\u00e8mes de Production Connect\u00e9s (MSPC)<\/li>\n<\/ul>\n<\/div>\n\n\n\n<div class=\"wp-block-column is-layout-flow wp-block-column-is-layout-flow\"><a href=\"https:\/\/etab.ac-reunion.fr\/lyc-amiral-lacaze\/wp-content\/uploads\/sites\/52\/2026\/04\/FLYERS-CIP.pdf\" class=\"pdfemb-viewer\" style=\"\" data-width=\"max\" data-height=\"max\" data-toolbar=\"top\" data-toolbar-fixed=\"on\">FLYERS-CIP<\/a>\n\n\n<p class=\"has-text-align-center\"><a href=\"https:\/\/etab.ac-reunion.fr\/lyc-amiral-lacaze\/wp-content\/uploads\/sites\/52\/2026\/04\/FLYERS-CIP.pdf\" data-type=\"attachment\" data-id=\"7599\" target=\"_blank\" rel=\"noreferrer noopener\">\ud83d\udce5 T\u00e9l\u00e9charger la brochure<\/a><\/p>\n<\/div>\n<\/div>\n","protected":false},"excerpt":{"rendered":"<p>\ud83c\udf93 CAP Conducteur d\u2019Installations de Production (CIP) \ud83d\udd27 Le m\u00e9tier Le titulaire du CAP CIP assure la conduite en toute<\/p>\n<p> <a class=\"continue-reading-link\" href=\"https:\/\/etab.ac-reunion.fr\/lyc-amiral-lacaze\/nos-formations\/cap-cip\/\"><span>Lire la suite<\/span><i class=\"crycon-right-dir\"><\/i><\/a> <\/p>\n","protected":false},"author":30060,"featured_media":0,"parent":8209,"menu_order":0,"comment_status":"closed","ping_status":"closed","template":"","meta":{"footnotes":""},"class_list":["post-8488","page","type-page","status-publish","hentry"],"_links":{"self":[{"href":"https:\/\/etab.ac-reunion.fr\/lyc-amiral-lacaze\/wp-json\/wp\/v2\/pages\/8488","targetHints":{"allow":["GET"]}}],"collection":[{"href":"https:\/\/etab.ac-reunion.fr\/lyc-amiral-lacaze\/wp-json\/wp\/v2\/pages"}],"about":[{"href":"https:\/\/etab.ac-reunion.fr\/lyc-amiral-lacaze\/wp-json\/wp\/v2\/types\/page"}],"author":[{"embeddable":true,"href":"https:\/\/etab.ac-reunion.fr\/lyc-amiral-lacaze\/wp-json\/wp\/v2\/users\/30060"}],"replies":[{"embeddable":true,"href":"https:\/\/etab.ac-reunion.fr\/lyc-amiral-lacaze\/wp-json\/wp\/v2\/comments?post=8488"}],"version-history":[{"count":14,"href":"https:\/\/etab.ac-reunion.fr\/lyc-amiral-lacaze\/wp-json\/wp\/v2\/pages\/8488\/revisions"}],"predecessor-version":[{"id":9651,"href":"https:\/\/etab.ac-reunion.fr\/lyc-amiral-lacaze\/wp-json\/wp\/v2\/pages\/8488\/revisions\/9651"}],"up":[{"embeddable":true,"href":"https:\/\/etab.ac-reunion.fr\/lyc-amiral-lacaze\/wp-json\/wp\/v2\/pages\/8209"}],"wp:attachment":[{"href":"https:\/\/etab.ac-reunion.fr\/lyc-amiral-lacaze\/wp-json\/wp\/v2\/media?parent=8488"}],"curies":[{"name":"wp","href":"https:\/\/api.w.org\/{rel}","templated":true}]}}