{"id":8509,"date":"2025-09-19T23:31:01","date_gmt":"2025-09-19T19:31:01","guid":{"rendered":"https:\/\/etab.ac-reunion.fr\/lyc-amiral-lacaze\/?page_id=8509"},"modified":"2026-03-20T10:07:10","modified_gmt":"2026-03-20T06:07:10","slug":"cap-as","status":"publish","type":"page","link":"https:\/\/etab.ac-reunion.fr\/lyc-amiral-lacaze\/nos-formations\/cap-as\/","title":{"rendered":"CAP AS"},"content":{"rendered":"\n<h2 class=\"wp-block-heading\">\ud83c\udf93 CAP Agent de S\u00e9curit\u00e9 (AS)<\/h2>\n\n\n\n<div class=\"wp-block-cover is-light\"><img loading=\"lazy\" decoding=\"async\" width=\"1024\" height=\"768\" class=\"wp-block-cover__image-background wp-image-7934 size-large\" alt=\"\" src=\"https:\/\/etab.ac-reunion.fr\/lyc-amiral-lacaze\/wp-content\/uploads\/sites\/52\/2025\/02\/IMG_3722-1024x768.jpg\" style=\"object-position:49% 68%\" data-object-fit=\"cover\" data-object-position=\"49% 68%\" srcset=\"https:\/\/etab.ac-reunion.fr\/lyc-amiral-lacaze\/wp-content\/uploads\/sites\/52\/2025\/02\/IMG_3722-1024x768.jpg 1024w, https:\/\/etab.ac-reunion.fr\/lyc-amiral-lacaze\/wp-content\/uploads\/sites\/52\/2025\/02\/IMG_3722-300x225.jpg 300w, https:\/\/etab.ac-reunion.fr\/lyc-amiral-lacaze\/wp-content\/uploads\/sites\/52\/2025\/02\/IMG_3722-768x576.jpg 768w, https:\/\/etab.ac-reunion.fr\/lyc-amiral-lacaze\/wp-content\/uploads\/sites\/52\/2025\/02\/IMG_3722-1536x1152.jpg 1536w, https:\/\/etab.ac-reunion.fr\/lyc-amiral-lacaze\/wp-content\/uploads\/sites\/52\/2025\/02\/IMG_3722-2048x1536.jpg 2048w, https:\/\/etab.ac-reunion.fr\/lyc-amiral-lacaze\/wp-content\/uploads\/sites\/52\/2025\/02\/IMG_3722-150x113.jpg 150w, https:\/\/etab.ac-reunion.fr\/lyc-amiral-lacaze\/wp-content\/uploads\/sites\/52\/2025\/02\/IMG_3722-800x600.jpg 800w\" sizes=\"auto, (max-width: 1024px) 100vw, 1024px\" \/><span aria-hidden=\"true\" class=\"wp-block-cover__background has-background-dim-0 has-background-dim\" style=\"background-color:#8c8a7d\"><\/span><div class=\"wp-block-cover__inner-container is-layout-constrained wp-block-cover-is-layout-constrained\">\n<p class=\"has-text-align-center has-large-font-size\"><\/p>\n<\/div><\/div>\n\n\n\n<h3 class=\"wp-block-heading\">\ud83d\udd10 Le m\u00e9tier<\/h3>\n\n\n\n<p>Le titulaire du CAP Agent de S\u00e9curit\u00e9 assure la protection des personnes, des biens et des environnements. Il intervient dans divers secteurs tels que les \u00e9tablissements recevant du public (ERP), les sites industriels, les commerces ou les \u00e9v\u00e9nements. Ses missions incluent la surveillance, le contr\u00f4le d\u2019acc\u00e8s, la pr\u00e9vention des risques, la gestion des alarmes, l\u2019intervention en cas d\u2019incident, l\u2019assistance aux personnes et la lutte contre les incendies.<\/p>\n\n\n\n<div class=\"wp-block-media-text is-stacked-on-mobile is-image-fill-element\"><figure class=\"wp-block-media-text__media\"><img loading=\"lazy\" decoding=\"async\" width=\"1024\" height=\"683\" src=\"https:\/\/etab.ac-reunion.fr\/lyc-amiral-lacaze\/wp-content\/uploads\/sites\/52\/2025\/09\/agent-de-securtie-1024x683.png\" alt=\"\" class=\"wp-image-8237 size-full\" style=\"object-position:50% 50%\" srcset=\"https:\/\/etab.ac-reunion.fr\/lyc-amiral-lacaze\/wp-content\/uploads\/sites\/52\/2025\/09\/agent-de-securtie-1024x683.png 1024w, https:\/\/etab.ac-reunion.fr\/lyc-amiral-lacaze\/wp-content\/uploads\/sites\/52\/2025\/09\/agent-de-securtie-300x200.png 300w, https:\/\/etab.ac-reunion.fr\/lyc-amiral-lacaze\/wp-content\/uploads\/sites\/52\/2025\/09\/agent-de-securtie-768x512.png 768w, https:\/\/etab.ac-reunion.fr\/lyc-amiral-lacaze\/wp-content\/uploads\/sites\/52\/2025\/09\/agent-de-securtie-150x100.png 150w, https:\/\/etab.ac-reunion.fr\/lyc-amiral-lacaze\/wp-content\/uploads\/sites\/52\/2025\/09\/agent-de-securtie.png 1536w\" sizes=\"auto, (max-width: 1024px) 100vw, 1024px\" \/><\/figure><div class=\"wp-block-media-text__content\">\n<h3 class=\"wp-block-heading\">\ud83c\udfeb La formation au lyc\u00e9e professionnel<\/h3>\n\n\n\n<ul class=\"wp-block-list\">\n<li><strong>Dur\u00e9e<\/strong> : 2 ans<\/li>\n\n\n\n<li><strong>Statut<\/strong> : Scolaire<\/li>\n\n\n\n<li><strong>Capacit\u00e9 d\u2019accueil<\/strong> : Variable selon les \u00e9tablissements<\/li>\n\n\n\n<li><strong>P\u00e9riodes de Formation en Milieu Professionnel (PFMP)<\/strong> : 12 \u00e0 14 semaines<\/li>\n\n\n\n<li><strong>Validation<\/strong> : Contr\u00f4le en Cours de Formation (CCF) et \u00e9valuation en entreprise<\/li>\n<\/ul>\n\n\n\n<h3 class=\"wp-block-heading\">\ud83d\udccc Pr\u00e9requis<\/h3>\n\n\n\n<ul class=\"wp-block-list\">\n<li>\u00catre issu(e) de la classe de 3e.<\/li>\n<\/ul>\n<\/div><\/div>\n\n\n\n<h3 class=\"wp-block-heading\">\ud83d\udcc8 D\u00e9bouch\u00e9s et \u00e9volution<\/h3>\n\n\n\n<p>Le CAP Agent de S\u00e9curit\u00e9 permet d\u2019acc\u00e9der \u00e0 des postes tels qu\u2019agent de s\u00e9curit\u00e9 en entreprise, agent de s\u00e9curit\u00e9 incendie. Avec de l\u2019exp\u00e9rience, il est possible d\u2019\u00e9voluer vers des fonctions de chef d\u2019\u00e9quipe ou de responsable de site.<\/p>\n\n\n\n<div class=\"wp-block-columns is-layout-flex wp-container-core-columns-is-layout-9d6595d7 wp-block-columns-is-layout-flex\">\n<div class=\"wp-block-column is-layout-flow wp-block-column-is-layout-flow\">\n<h3 class=\"wp-block-heading\">\ud83c\udf93 Poursuites d\u2019\u00e9tudes<\/h3>\n\n\n\n<ul class=\"wp-block-list\">\n<li>Bac Pro M\u00e9tiers de la S\u00e9curit\u00e9<\/li>\n\n\n\n<li>BP agent technique de pr\u00e9vention et de s\u00e9curit\u00e9<\/li>\n\n\n\n<li>Formations compl\u00e9mentaires (Agent cynophile, transport de fond, &#8230;)<br><\/li>\n<\/ul>\n<\/div>\n\n\n\n<div class=\"wp-block-column is-layout-flow wp-block-column-is-layout-flow\"><a href=\"https:\/\/etab.ac-reunion.fr\/lyc-amiral-lacaze\/wp-content\/uploads\/sites\/52\/2026\/01\/Flyers-finaux-CAP-AS.pdf\" class=\"pdfemb-viewer\" style=\"\" data-width=\"max\" data-height=\"max\" data-toolbar=\"top\" data-toolbar-fixed=\"on\">Flyers-finaux-CAP-AS<\/a>\n\n\n<p class=\"has-text-align-center\"><a href=\"https:\/\/etab.ac-reunion.fr\/lyc-amiral-lacaze\/wp-content\/uploads\/sites\/52\/2026\/01\/Flyers-finaux-CAP-AS.pdf\" data-type=\"attachment\" data-id=\"7602\" target=\"_blank\" rel=\"noreferrer noopener\">\ud83d\udce5 T\u00e9l\u00e9charger la brochure<\/a><\/p>\n<\/div>\n<\/div>\n","protected":false},"excerpt":{"rendered":"<p>\ud83c\udf93 CAP Agent de S\u00e9curit\u00e9 (AS) \ud83d\udd10 Le m\u00e9tier Le titulaire du CAP Agent de S\u00e9curit\u00e9 assure la protection des<\/p>\n<p> <a class=\"continue-reading-link\" href=\"https:\/\/etab.ac-reunion.fr\/lyc-amiral-lacaze\/nos-formations\/cap-as\/\"><span>Lire la suite<\/span><i class=\"crycon-right-dir\"><\/i><\/a> <\/p>\n","protected":false},"author":30060,"featured_media":0,"parent":8209,"menu_order":0,"comment_status":"closed","ping_status":"closed","template":"","meta":{"footnotes":""},"class_list":["post-8509","page","type-page","status-publish","hentry"],"_links":{"self":[{"href":"https:\/\/etab.ac-reunion.fr\/lyc-amiral-lacaze\/wp-json\/wp\/v2\/pages\/8509","targetHints":{"allow":["GET"]}}],"collection":[{"href":"https:\/\/etab.ac-reunion.fr\/lyc-amiral-lacaze\/wp-json\/wp\/v2\/pages"}],"about":[{"href":"https:\/\/etab.ac-reunion.fr\/lyc-amiral-lacaze\/wp-json\/wp\/v2\/types\/page"}],"author":[{"embeddable":true,"href":"https:\/\/etab.ac-reunion.fr\/lyc-amiral-lacaze\/wp-json\/wp\/v2\/users\/30060"}],"replies":[{"embeddable":true,"href":"https:\/\/etab.ac-reunion.fr\/lyc-amiral-lacaze\/wp-json\/wp\/v2\/comments?post=8509"}],"version-history":[{"count":6,"href":"https:\/\/etab.ac-reunion.fr\/lyc-amiral-lacaze\/wp-json\/wp\/v2\/pages\/8509\/revisions"}],"predecessor-version":[{"id":9584,"href":"https:\/\/etab.ac-reunion.fr\/lyc-amiral-lacaze\/wp-json\/wp\/v2\/pages\/8509\/revisions\/9584"}],"up":[{"embeddable":true,"href":"https:\/\/etab.ac-reunion.fr\/lyc-amiral-lacaze\/wp-json\/wp\/v2\/pages\/8209"}],"wp:attachment":[{"href":"https:\/\/etab.ac-reunion.fr\/lyc-amiral-lacaze\/wp-json\/wp\/v2\/media?parent=8509"}],"curies":[{"name":"wp","href":"https:\/\/api.w.org\/{rel}","templated":true}]}}