{"id":8516,"date":"2025-09-19T23:47:51","date_gmt":"2025-09-19T19:47:51","guid":{"rendered":"https:\/\/etab.ac-reunion.fr\/lyc-amiral-lacaze\/?page_id=8516"},"modified":"2026-02-26T08:38:16","modified_gmt":"2026-02-26T04:38:16","slug":"bac-pro-mp3d","status":"publish","type":"page","link":"https:\/\/etab.ac-reunion.fr\/lyc-amiral-lacaze\/nos-formations\/bac-pro-mp3d\/","title":{"rendered":"Bac pro mp3d"},"content":{"rendered":"\n<h2 class=\"wp-block-heading\">\ud83c\udf93 Bac Pro MP3D (Mod\u00e9lisation et Prototypage 3D)<\/h2>\n\n\n\n<div class=\"wp-block-cover\"><img loading=\"lazy\" decoding=\"async\" width=\"1024\" height=\"683\" class=\"wp-block-cover__image-background wp-image-8438 size-large\" alt=\"\" src=\"https:\/\/etab.ac-reunion.fr\/lyc-amiral-lacaze\/wp-content\/uploads\/sites\/52\/2025\/09\/ChatGPT-Image-19-sept.-2025-14_23_27-1024x683.png\" data-object-fit=\"cover\" srcset=\"https:\/\/etab.ac-reunion.fr\/lyc-amiral-lacaze\/wp-content\/uploads\/sites\/52\/2025\/09\/ChatGPT-Image-19-sept.-2025-14_23_27-1024x683.png 1024w, https:\/\/etab.ac-reunion.fr\/lyc-amiral-lacaze\/wp-content\/uploads\/sites\/52\/2025\/09\/ChatGPT-Image-19-sept.-2025-14_23_27-300x200.png 300w, https:\/\/etab.ac-reunion.fr\/lyc-amiral-lacaze\/wp-content\/uploads\/sites\/52\/2025\/09\/ChatGPT-Image-19-sept.-2025-14_23_27-768x512.png 768w, https:\/\/etab.ac-reunion.fr\/lyc-amiral-lacaze\/wp-content\/uploads\/sites\/52\/2025\/09\/ChatGPT-Image-19-sept.-2025-14_23_27-150x100.png 150w, https:\/\/etab.ac-reunion.fr\/lyc-amiral-lacaze\/wp-content\/uploads\/sites\/52\/2025\/09\/ChatGPT-Image-19-sept.-2025-14_23_27.png 1536w\" sizes=\"auto, (max-width: 1024px) 100vw, 1024px\" \/><span aria-hidden=\"true\" class=\"wp-block-cover__background has-background-dim\" style=\"background-color:#685c54\"><\/span><div class=\"wp-block-cover__inner-container is-layout-constrained wp-block-cover-is-layout-constrained\">\n<p class=\"has-text-align-center has-large-font-size\"><\/p>\n<\/div><\/div>\n\n\n\n<hr class=\"wp-block-separator has-alpha-channel-opacity is-style-default\" \/>\n\n\n\n<div class=\"wp-block-columns is-layout-flex wp-container-core-columns-is-layout-9d6595d7 wp-block-columns-is-layout-flex\">\n<div class=\"wp-block-column is-layout-flow wp-block-column-is-layout-flow\">\n<h2 class=\"wp-block-heading\">\ud83d\udee0 Le m\u00e9tier<\/h2>\n\n\n\n<p>Le titulaire du Bac Pro MP3D est un technicien qualifi\u00e9 qui intervient dans la conception de produits industriels. Il utilise des logiciels de Conception Assist\u00e9e par Ordinateur (CAO) pour \u00e9laborer des maquettes num\u00e9riques en 3D, r\u00e9aliser des plans en 2D, et produire des prototypes. Il participe \u00e9galement \u00e0 la d\u00e9finition des solutions techniques, \u00e0 l&rsquo;analyse des donn\u00e9es, et \u00e0 la communication des r\u00e9sultats au sein d&rsquo;un bureau d&rsquo;\u00e9tudes.<\/p>\n<\/div>\n\n\n\n<div class=\"wp-block-column is-layout-flow wp-block-column-is-layout-flow\"><style>\n       .errordiv { padding:10px; margin:10px; border: 1px solid #555555;color: #000000;background-color: #f8f8f8; width:500px; }#advanced_iframe {visibility:visible;opacity:1;vertical-align:top;}.ai-info-bottom-iframe { position: fixed; z-index: 10000; bottom:0; left: 0; margin: 0px; text-align: center; width: 100%; background-color: #ff9999; padding-left: 5px;padding-bottom: 5px; border-top: 1px solid #aaa } a.ai-bold {font-weight: bold;}#ai-layer-div-advanced_iframe p {height:100%;margin:0;padding:0}<\/style><script type=\"text\/javascript\">var ai_iframe_width_advanced_iframe = 0;var ai_iframe_height_advanced_iframe = 0;var aiOnloadScrollTop=\"true\";var aiShowDebug=false;\n\t\tif (typeof aiReadyCallbacks === 'undefined') {\n\t\t\tvar aiReadyCallbacks = [];\n\t\t} else if (!(aiReadyCallbacks instanceof Array)) {\n\t\t\tvar aiReadyCallbacks = [];\n\t\t}    function aiShowIframeId(id_iframe) { jQuery(\"#\"+id_iframe).css(\"visibility\", \"visible\");    }    function aiResizeIframeHeight(height) { aiResizeIframeHeight(height,advanced_iframe); }    function aiResizeIframeHeightId(height,width,id) {aiResizeIframeHeightById(id,height);}<\/script><iframe id=\"advanced_iframe\"  name=\"advanced_iframe\"  src=\"https:\/\/podeduc.apps.education.fr\/video\/37853-bac-pro-modelisation-et-prototypage-3d-concepteur-de-produits-innovants-motion-design\/?is_iframe=true\"  width=\"640\"  height=\"360\"  frameborder=\"0\"  border=\"0\"  allowtransparency=\"true\"  loading=\"lazy\"  style=\";border-width: 0px;;border: none;;width:640px;;height:360px;\" ><\/iframe><script type=\"text\/javascript\">var ifrm_advanced_iframe = document.getElementById(\"advanced_iframe\");var hiddenTabsDoneadvanced_iframe = false;\nfunction resizeCallbackadvanced_iframe() {}<\/script><script type=\"text\/javascript\"><\/script>\n<\/div>\n<\/div>\n\n\n\n<div class=\"wp-block-media-text is-stacked-on-mobile is-image-fill-element\"><figure class=\"wp-block-media-text__media\"><img loading=\"lazy\" decoding=\"async\" width=\"1024\" height=\"683\" src=\"https:\/\/etab.ac-reunion.fr\/lyc-amiral-lacaze\/wp-content\/uploads\/sites\/52\/2025\/09\/ChatGPT-Image-19-sept.-2025-14_23_27-1024x683.png\" alt=\"\" class=\"wp-image-8438 size-full\" style=\"object-position:50% 50%\" srcset=\"https:\/\/etab.ac-reunion.fr\/lyc-amiral-lacaze\/wp-content\/uploads\/sites\/52\/2025\/09\/ChatGPT-Image-19-sept.-2025-14_23_27-1024x683.png 1024w, https:\/\/etab.ac-reunion.fr\/lyc-amiral-lacaze\/wp-content\/uploads\/sites\/52\/2025\/09\/ChatGPT-Image-19-sept.-2025-14_23_27-300x200.png 300w, https:\/\/etab.ac-reunion.fr\/lyc-amiral-lacaze\/wp-content\/uploads\/sites\/52\/2025\/09\/ChatGPT-Image-19-sept.-2025-14_23_27-768x512.png 768w, https:\/\/etab.ac-reunion.fr\/lyc-amiral-lacaze\/wp-content\/uploads\/sites\/52\/2025\/09\/ChatGPT-Image-19-sept.-2025-14_23_27-150x100.png 150w, https:\/\/etab.ac-reunion.fr\/lyc-amiral-lacaze\/wp-content\/uploads\/sites\/52\/2025\/09\/ChatGPT-Image-19-sept.-2025-14_23_27.png 1536w\" sizes=\"auto, (max-width: 1024px) 100vw, 1024px\" \/><\/figure><div class=\"wp-block-media-text__content\">\n<hr class=\"wp-block-separator has-alpha-channel-opacity\" \/>\n\n\n\n<h2 class=\"wp-block-heading has-text-align-left\">\ud83c\udfeb La formation au lyc\u00e9e professionnel<\/h2>\n\n\n\n<ul class=\"wp-block-list\">\n<li><strong>Dur\u00e9e<\/strong> : 3 ans<\/li>\n\n\n\n<li><strong>Statut<\/strong> : Scolaire<\/li>\n\n\n\n<li><strong>Capacit\u00e9 d\u2019accueil<\/strong> : Variable selon les \u00e9tablissements<\/li>\n\n\n\n<li><strong>P\u00e9riodes de Formation en Milieu Professionnel (PFMP)<\/strong> : 22 semaines<\/li>\n\n\n\n<li><strong>Dipl\u00f4me interm\u00e9diaire<\/strong> : BEP Repr\u00e9sentation Informatis\u00e9e de Produits Industriels (RIPI) en fin de 2e ann\u00e9e<\/li>\n\n\n\n<li><strong>Validation<\/strong> : Contr\u00f4le en Cours de Formation (CCF) et \u00e9valuation en entreprise<\/li>\n<\/ul>\n<\/div><\/div>\n\n\n\n<div class=\"wp-block-columns is-layout-flex wp-container-core-columns-is-layout-9d6595d7 wp-block-columns-is-layout-flex\">\n<div class=\"wp-block-column is-layout-flow wp-block-column-is-layout-flow\" style=\"flex-basis:66.66%\">\n<h3 class=\"wp-block-heading\">\ud83d\udccc Pr\u00e9requis<\/h3>\n\n\n\n<ul class=\"wp-block-list\">\n<li>\u00catre issu(e) de la classe de 3e.<\/li>\n<\/ul>\n\n\n\n<h3 class=\"wp-block-heading\">\ud83d\udcc8 D\u00e9bouch\u00e9s et \u00e9volution<\/h3>\n\n\n\n<p>Le Bac Pro MP3D pr\u00e9pare aux m\u00e9tiers de technicien en bureau d&rsquo;\u00e9tudes, dessinateur industriel, ou technicien en conception m\u00e9canique. Avec de l\u2019exp\u00e9rience, il est possible d\u2019\u00e9voluer vers des postes de chef de projet ou de responsable de bureau d\u2019\u00e9tudes.<\/p>\n\n\n\n<h3 class=\"wp-block-heading\">\ud83c\udf93 Poursuites d\u2019\u00e9tudes<\/h3>\n\n\n\n<ul class=\"wp-block-list\">\n<li>BTS Conception de Produits Industriels (CPI)<\/li>\n\n\n\n<li>BTS M\u00e9tiers de l\u2019Eau (ME)<\/li>\n\n\n\n<li>BTS Maintenance des Syst\u00e8mes de Production Connect\u00e9s (MSPC)<\/li>\n<\/ul>\n<\/div>\n\n\n\n<div class=\"wp-block-column is-layout-flow wp-block-column-is-layout-flow\" style=\"flex-basis:33.33%\"><a href=\"https:\/\/etab.ac-reunion.fr\/lyc-amiral-lacaze\/wp-content\/uploads\/sites\/52\/2026\/01\/Flyers-finaux-BAC-MP3D.pdf\" class=\"pdfemb-viewer\" style=\"\" data-width=\"max\" data-height=\"max\" data-toolbar=\"top\" data-toolbar-fixed=\"on\">Flyers-finaux-BAC-MP3D<\/a>\n\n\n<p class=\"has-text-align-center\">\ud83d\udce5 <a href=\"https:\/\/etab.ac-reunion.fr\/lyc-amiral-lacaze\/wp-content\/uploads\/sites\/52\/2026\/01\/Flyers-finaux-BAC-MP3D.pdf\" target=\"_blank\" rel=\"noreferrer noopener\">T\u00e9l\u00e9charger la brochure<\/a><\/p>\n<\/div>\n<\/div>\n","protected":false},"excerpt":{"rendered":"<p>\ud83c\udf93 Bac Pro MP3D (Mod\u00e9lisation et Prototypage 3D) \ud83d\udee0 Le m\u00e9tier Le titulaire du Bac Pro MP3D est un technicien<\/p>\n<p> <a class=\"continue-reading-link\" href=\"https:\/\/etab.ac-reunion.fr\/lyc-amiral-lacaze\/nos-formations\/bac-pro-mp3d\/\"><span>Lire la suite<\/span><i class=\"crycon-right-dir\"><\/i><\/a> <\/p>\n","protected":false},"author":30060,"featured_media":0,"parent":8209,"menu_order":0,"comment_status":"closed","ping_status":"closed","template":"","meta":{"footnotes":""},"class_list":["post-8516","page","type-page","status-publish","hentry"],"_links":{"self":[{"href":"https:\/\/etab.ac-reunion.fr\/lyc-amiral-lacaze\/wp-json\/wp\/v2\/pages\/8516","targetHints":{"allow":["GET"]}}],"collection":[{"href":"https:\/\/etab.ac-reunion.fr\/lyc-amiral-lacaze\/wp-json\/wp\/v2\/pages"}],"about":[{"href":"https:\/\/etab.ac-reunion.fr\/lyc-amiral-lacaze\/wp-json\/wp\/v2\/types\/page"}],"author":[{"embeddable":true,"href":"https:\/\/etab.ac-reunion.fr\/lyc-amiral-lacaze\/wp-json\/wp\/v2\/users\/30060"}],"replies":[{"embeddable":true,"href":"https:\/\/etab.ac-reunion.fr\/lyc-amiral-lacaze\/wp-json\/wp\/v2\/comments?post=8516"}],"version-history":[{"count":18,"href":"https:\/\/etab.ac-reunion.fr\/lyc-amiral-lacaze\/wp-json\/wp\/v2\/pages\/8516\/revisions"}],"predecessor-version":[{"id":9582,"href":"https:\/\/etab.ac-reunion.fr\/lyc-amiral-lacaze\/wp-json\/wp\/v2\/pages\/8516\/revisions\/9582"}],"up":[{"embeddable":true,"href":"https:\/\/etab.ac-reunion.fr\/lyc-amiral-lacaze\/wp-json\/wp\/v2\/pages\/8209"}],"wp:attachment":[{"href":"https:\/\/etab.ac-reunion.fr\/lyc-amiral-lacaze\/wp-json\/wp\/v2\/media?parent=8516"}],"curies":[{"name":"wp","href":"https:\/\/api.w.org\/{rel}","templated":true}]}}