{"id":8533,"date":"2025-09-20T00:07:55","date_gmt":"2025-09-19T20:07:55","guid":{"rendered":"https:\/\/etab.ac-reunion.fr\/lyc-amiral-lacaze\/?page_id=8533"},"modified":"2026-01-28T09:17:07","modified_gmt":"2026-01-28T05:17:07","slug":"bac-pro-pc-2","status":"publish","type":"page","link":"https:\/\/etab.ac-reunion.fr\/lyc-amiral-lacaze\/nos-formations\/bac-pro-pc-2\/","title":{"rendered":"bac pro pc"},"content":{"rendered":"\n<h2 class=\"wp-block-heading\">\ud83c\udf93 Bac Pro Plastique et Composite (PC)<\/h2>\n\n\n\n<div class=\"wp-block-cover\"><img loading=\"lazy\" decoding=\"async\" width=\"1024\" height=\"576\" class=\"wp-block-cover__image-background wp-image-2013 size-large\" alt=\"\" src=\"https:\/\/etab.ac-reunion.fr\/lyc-amiral-lacaze\/wp-content\/uploads\/sites\/52\/2021\/08\/PC-1024x576.png\" data-object-fit=\"cover\" srcset=\"https:\/\/etab.ac-reunion.fr\/lyc-amiral-lacaze\/wp-content\/uploads\/sites\/52\/2021\/08\/PC-1024x576.png 1024w, https:\/\/etab.ac-reunion.fr\/lyc-amiral-lacaze\/wp-content\/uploads\/sites\/52\/2021\/08\/PC-300x169.png 300w, https:\/\/etab.ac-reunion.fr\/lyc-amiral-lacaze\/wp-content\/uploads\/sites\/52\/2021\/08\/PC-768x432.png 768w, https:\/\/etab.ac-reunion.fr\/lyc-amiral-lacaze\/wp-content\/uploads\/sites\/52\/2021\/08\/PC-356x200.png 356w, https:\/\/etab.ac-reunion.fr\/lyc-amiral-lacaze\/wp-content\/uploads\/sites\/52\/2021\/08\/PC.png 1366w\" sizes=\"auto, (max-width: 1024px) 100vw, 1024px\" \/><span aria-hidden=\"true\" class=\"wp-block-cover__background has-background-dim\" style=\"background-color:#70746e\"><\/span><div class=\"wp-block-cover__inner-container is-layout-constrained wp-block-cover-is-layout-constrained\">\n<p class=\"has-text-align-center has-large-font-size\"><\/p>\n<\/div><\/div>\n\n\n\n<h3 class=\"wp-block-heading\">\ud83d\udd27 Le m\u00e9tier<\/h3>\n\n\n\n<p>Le titulaire du Bac Pro Plastique et Composite intervient dans la fabrication et la transformation de mat\u00e9riaux plastiques et composites.<br>Il r\u00e9alise la conception, le moulage, l\u2019usinage, l\u2019assemblage et le contr\u00f4le qualit\u00e9 des pi\u00e8ces.<br>Il ma\u00eetrise les techniques de production, les machines sp\u00e9cifiques et les proc\u00e9d\u00e9s de transformation des mat\u00e9riaux composites, tout en respectant les normes de s\u00e9curit\u00e9 et environnementales.<\/p>\n\n\n\n<div class=\"wp-block-media-text is-stacked-on-mobile\"><figure class=\"wp-block-media-text__media\"><img loading=\"lazy\" decoding=\"async\" width=\"1024\" height=\"683\" src=\"https:\/\/etab.ac-reunion.fr\/lyc-amiral-lacaze\/wp-content\/uploads\/sites\/52\/2025\/09\/7bcb7334-fb0d-4165-a030-9538136ca0a9-1024x683.png\" alt=\"\" class=\"wp-image-8624 size-full\" srcset=\"https:\/\/etab.ac-reunion.fr\/lyc-amiral-lacaze\/wp-content\/uploads\/sites\/52\/2025\/09\/7bcb7334-fb0d-4165-a030-9538136ca0a9-1024x683.png 1024w, https:\/\/etab.ac-reunion.fr\/lyc-amiral-lacaze\/wp-content\/uploads\/sites\/52\/2025\/09\/7bcb7334-fb0d-4165-a030-9538136ca0a9-300x200.png 300w, https:\/\/etab.ac-reunion.fr\/lyc-amiral-lacaze\/wp-content\/uploads\/sites\/52\/2025\/09\/7bcb7334-fb0d-4165-a030-9538136ca0a9-768x512.png 768w, https:\/\/etab.ac-reunion.fr\/lyc-amiral-lacaze\/wp-content\/uploads\/sites\/52\/2025\/09\/7bcb7334-fb0d-4165-a030-9538136ca0a9-150x100.png 150w, https:\/\/etab.ac-reunion.fr\/lyc-amiral-lacaze\/wp-content\/uploads\/sites\/52\/2025\/09\/7bcb7334-fb0d-4165-a030-9538136ca0a9.png 1536w\" sizes=\"auto, (max-width: 1024px) 100vw, 1024px\" \/><\/figure><div class=\"wp-block-media-text__content\">\n<h3 class=\"wp-block-heading\">\ud83c\udfeb La formation au lyc\u00e9e professionnel<\/h3>\n\n\n\n<ul class=\"wp-block-list\">\n<li><strong>Dur\u00e9e<\/strong> : 3 ans (2nde professionnelle, 1\u00e8re et Terminale)<\/li>\n\n\n\n<li><strong>Statut<\/strong> : Scolaire<\/li>\n\n\n\n<li><strong>Capacit\u00e9 d\u2019accueil<\/strong> : Variable selon les \u00e9tablissements<\/li>\n\n\n\n<li><strong>P\u00e9riodes de Formation en Milieu Professionnel (PFMP)<\/strong> : 22 semaines<\/li>\n\n\n\n<li><strong>Validation<\/strong> : Contr\u00f4le en Cours de Formation (CCF) et \u00e9valuation en entreprise<\/li>\n<\/ul>\n\n\n\n<h3 class=\"wp-block-heading\">\ud83d\udccc Pr\u00e9requis<\/h3>\n\n\n\n<ul class=\"wp-block-list\">\n<li>\u00catre issu(e) de la classe de 3e ou titulaire d\u2019un CAP du secteur industriel.<\/li>\n<\/ul>\n<\/div><\/div>\n\n\n\n<h3 class=\"wp-block-heading\">\ud83d\udcc8 D\u00e9bouch\u00e9s et \u00e9volution<\/h3>\n\n\n\n<p>Le Bac Pro PC pr\u00e9pare aux m\u00e9tiers de :<\/p>\n\n\n\n<ul class=\"wp-block-list\">\n<li>Op\u00e9rateur ou technicien sur ligne de production de pi\u00e8ces plastiques ou composites<\/li>\n\n\n\n<li>Conducteur de machines de transformation plastique<\/li>\n\n\n\n<li>Technicien en qualit\u00e9 ou contr\u00f4le des mat\u00e9riaux<\/li>\n\n\n\n<li>Chef d\u2019atelier ou responsable de production<\/li>\n<\/ul>\n\n\n\n<p>Avec de l\u2019exp\u00e9rience, il est possible d\u2019\u00e9voluer vers des postes de responsable de production, de bureau d\u2019\u00e9tudes ou de chef de projet industriel.<\/p>\n\n\n\n<div class=\"wp-block-columns is-layout-flex wp-container-core-columns-is-layout-9d6595d7 wp-block-columns-is-layout-flex\">\n<div class=\"wp-block-column is-layout-flow wp-block-column-is-layout-flow\" style=\"flex-basis:66.66%\">\n<h3 class=\"wp-block-heading\">\ud83c\udf93 Poursuites d\u2019\u00e9tudes<\/h3>\n\n\n\n<ul class=\"wp-block-list\">\n<li>BTS Plasturgie et Composites<\/li>\n\n\n\n<li>BTS Conception de Produits Industriels<\/li>\n\n\n\n<li>BTS Maintenance des Syst\u00e8mes de Production Connect\u00e9s (MSPC)<\/li>\n<\/ul>\n<\/div>\n\n\n\n<div class=\"wp-block-column is-layout-flow wp-block-column-is-layout-flow\" style=\"flex-basis:33.33%\"><a href=\"https:\/\/etab.ac-reunion.fr\/lyc-amiral-lacaze\/wp-content\/uploads\/sites\/52\/2026\/01\/Flyers-finaux-BAC-PC.pdf\" class=\"pdfemb-viewer\" style=\"\" data-width=\"max\" data-height=\"max\" data-toolbar=\"top\" data-toolbar-fixed=\"on\">Flyers-finaux-BAC-PC<\/a>\n\n\n<p class=\"has-text-align-center\"><a href=\"https:\/\/etab.ac-reunion.fr\/lyc-amiral-lacaze\/wp-content\/uploads\/sites\/52\/2026\/01\/Flyers-finaux-BAC-PC.pdf\" data-type=\"attachment\" data-id=\"7609\" target=\"_blank\" rel=\"noreferrer noopener\">\ud83d\udce5 T\u00e9l\u00e9charger la brochure<\/a><\/p>\n<\/div>\n<\/div>\n","protected":false},"excerpt":{"rendered":"<p>\ud83c\udf93 Bac Pro Plastique et Composite (PC) \ud83d\udd27 Le m\u00e9tier Le titulaire du Bac Pro Plastique et Composite intervient dans<\/p>\n<p> <a class=\"continue-reading-link\" href=\"https:\/\/etab.ac-reunion.fr\/lyc-amiral-lacaze\/nos-formations\/bac-pro-pc-2\/\"><span>Lire la suite<\/span><i class=\"crycon-right-dir\"><\/i><\/a> <\/p>\n","protected":false},"author":30060,"featured_media":0,"parent":8209,"menu_order":0,"comment_status":"closed","ping_status":"closed","template":"","meta":{"footnotes":""},"class_list":["post-8533","page","type-page","status-publish","hentry"],"_links":{"self":[{"href":"https:\/\/etab.ac-reunion.fr\/lyc-amiral-lacaze\/wp-json\/wp\/v2\/pages\/8533","targetHints":{"allow":["GET"]}}],"collection":[{"href":"https:\/\/etab.ac-reunion.fr\/lyc-amiral-lacaze\/wp-json\/wp\/v2\/pages"}],"about":[{"href":"https:\/\/etab.ac-reunion.fr\/lyc-amiral-lacaze\/wp-json\/wp\/v2\/types\/page"}],"author":[{"embeddable":true,"href":"https:\/\/etab.ac-reunion.fr\/lyc-amiral-lacaze\/wp-json\/wp\/v2\/users\/30060"}],"replies":[{"embeddable":true,"href":"https:\/\/etab.ac-reunion.fr\/lyc-amiral-lacaze\/wp-json\/wp\/v2\/comments?post=8533"}],"version-history":[{"count":3,"href":"https:\/\/etab.ac-reunion.fr\/lyc-amiral-lacaze\/wp-json\/wp\/v2\/pages\/8533\/revisions"}],"predecessor-version":[{"id":9403,"href":"https:\/\/etab.ac-reunion.fr\/lyc-amiral-lacaze\/wp-json\/wp\/v2\/pages\/8533\/revisions\/9403"}],"up":[{"embeddable":true,"href":"https:\/\/etab.ac-reunion.fr\/lyc-amiral-lacaze\/wp-json\/wp\/v2\/pages\/8209"}],"wp:attachment":[{"href":"https:\/\/etab.ac-reunion.fr\/lyc-amiral-lacaze\/wp-json\/wp\/v2\/media?parent=8533"}],"curies":[{"name":"wp","href":"https:\/\/api.w.org\/{rel}","templated":true}]}}