{"id":8538,"date":"2025-09-20T00:16:41","date_gmt":"2025-09-19T20:16:41","guid":{"rendered":"https:\/\/etab.ac-reunion.fr\/lyc-amiral-lacaze\/?page_id=8538"},"modified":"2026-04-15T09:21:41","modified_gmt":"2026-04-15T05:21:41","slug":"bac-pro-mspc","status":"publish","type":"page","link":"https:\/\/etab.ac-reunion.fr\/lyc-amiral-lacaze\/nos-formations\/bac-pro-mspc\/","title":{"rendered":"bac pro mspc"},"content":{"rendered":"\n<h2 class=\"wp-block-heading\">\ud83c\udf93 Bac Pro Maintenance des Syst\u00e8mes de Production Connect\u00e9s (MSPC)<\/h2>\n\n\n\n<div class=\"wp-block-cover is-light\"><img loading=\"lazy\" decoding=\"async\" width=\"1024\" height=\"768\" class=\"wp-block-cover__image-background wp-image-4098 size-large\" alt=\"\" src=\"https:\/\/etab.ac-reunion.fr\/lyc-amiral-lacaze\/wp-content\/uploads\/sites\/52\/2022\/04\/MSPC-1024x768.png\" style=\"object-position:48% 88%\" data-object-fit=\"cover\" data-object-position=\"48% 88%\" srcset=\"https:\/\/etab.ac-reunion.fr\/lyc-amiral-lacaze\/wp-content\/uploads\/sites\/52\/2022\/04\/MSPC-1024x768.png 1024w, https:\/\/etab.ac-reunion.fr\/lyc-amiral-lacaze\/wp-content\/uploads\/sites\/52\/2022\/04\/MSPC-200x150.png 200w, https:\/\/etab.ac-reunion.fr\/lyc-amiral-lacaze\/wp-content\/uploads\/sites\/52\/2022\/04\/MSPC-400x300.png 400w, https:\/\/etab.ac-reunion.fr\/lyc-amiral-lacaze\/wp-content\/uploads\/sites\/52\/2022\/04\/MSPC-150x113.png 150w, https:\/\/etab.ac-reunion.fr\/lyc-amiral-lacaze\/wp-content\/uploads\/sites\/52\/2022\/04\/MSPC-300x225.png 300w, https:\/\/etab.ac-reunion.fr\/lyc-amiral-lacaze\/wp-content\/uploads\/sites\/52\/2022\/04\/MSPC-768x576.png 768w, https:\/\/etab.ac-reunion.fr\/lyc-amiral-lacaze\/wp-content\/uploads\/sites\/52\/2022\/04\/MSPC-1536x1152.png 1536w, https:\/\/etab.ac-reunion.fr\/lyc-amiral-lacaze\/wp-content\/uploads\/sites\/52\/2022\/04\/MSPC-267x200.png 267w, https:\/\/etab.ac-reunion.fr\/lyc-amiral-lacaze\/wp-content\/uploads\/sites\/52\/2022\/04\/MSPC.png 1760w\" sizes=\"auto, (max-width: 1024px) 100vw, 1024px\" \/><span aria-hidden=\"true\" class=\"wp-block-cover__background has-background-dim-0 has-background-dim\" style=\"background-color:#8d8c8b\"><\/span><div class=\"wp-block-cover__inner-container is-layout-constrained wp-block-cover-is-layout-constrained\">\n<p class=\"has-text-align-center has-large-font-size\"><\/p>\n<\/div><\/div>\n\n\n\n<h3 class=\"wp-block-heading\">\ud83d\udd27 Le m\u00e9tier<\/h3>\n\n\n\n<p>Le titulaire du Bac Pro MSPC est un technicien sp\u00e9cialis\u00e9 dans la maintenance et l\u2019optimisation des syst\u00e8mes de production automatis\u00e9s et connect\u00e9s.<br>Il intervient sur des \u00e9quipements industriels vari\u00e9s : machines-outils, lignes de production automatis\u00e9es, robots, syst\u00e8mes m\u00e9catroniques et r\u00e9seaux industriels.<br>Il diagnostique les pannes, r\u00e9alise la maintenance corrective et pr\u00e9ventive, installe et configure les \u00e9quipements, tout en respectant les normes de s\u00e9curit\u00e9 et les proc\u00e9dures qualit\u00e9.<\/p>\n\n\n\n<div class=\"wp-block-media-text is-stacked-on-mobile is-image-fill-element\"><figure class=\"wp-block-media-text__media\"><img loading=\"lazy\" decoding=\"async\" width=\"1024\" height=\"768\" src=\"https:\/\/etab.ac-reunion.fr\/lyc-amiral-lacaze\/wp-content\/uploads\/sites\/52\/2022\/04\/MSPC-1024x768.png\" alt=\"\" class=\"wp-image-4098 size-full\" style=\"object-position:74% 63%\" srcset=\"https:\/\/etab.ac-reunion.fr\/lyc-amiral-lacaze\/wp-content\/uploads\/sites\/52\/2022\/04\/MSPC-1024x768.png 1024w, https:\/\/etab.ac-reunion.fr\/lyc-amiral-lacaze\/wp-content\/uploads\/sites\/52\/2022\/04\/MSPC-200x150.png 200w, https:\/\/etab.ac-reunion.fr\/lyc-amiral-lacaze\/wp-content\/uploads\/sites\/52\/2022\/04\/MSPC-400x300.png 400w, https:\/\/etab.ac-reunion.fr\/lyc-amiral-lacaze\/wp-content\/uploads\/sites\/52\/2022\/04\/MSPC-150x113.png 150w, https:\/\/etab.ac-reunion.fr\/lyc-amiral-lacaze\/wp-content\/uploads\/sites\/52\/2022\/04\/MSPC-300x225.png 300w, https:\/\/etab.ac-reunion.fr\/lyc-amiral-lacaze\/wp-content\/uploads\/sites\/52\/2022\/04\/MSPC-768x576.png 768w, https:\/\/etab.ac-reunion.fr\/lyc-amiral-lacaze\/wp-content\/uploads\/sites\/52\/2022\/04\/MSPC-1536x1152.png 1536w, https:\/\/etab.ac-reunion.fr\/lyc-amiral-lacaze\/wp-content\/uploads\/sites\/52\/2022\/04\/MSPC-267x200.png 267w, https:\/\/etab.ac-reunion.fr\/lyc-amiral-lacaze\/wp-content\/uploads\/sites\/52\/2022\/04\/MSPC.png 1760w\" sizes=\"auto, (max-width: 1024px) 100vw, 1024px\" \/><\/figure><div class=\"wp-block-media-text__content\">\n<h3 class=\"wp-block-heading\">\ud83c\udfeb La formation au lyc\u00e9e professionnel<\/h3>\n\n\n\n<ul class=\"wp-block-list\">\n<li><strong>Dur\u00e9e<\/strong> : 3 ans (2nde professionnelle, 1\u00e8re et Terminale)<\/li>\n\n\n\n<li><strong>Statut<\/strong> : Scolaire ou alternance<\/li>\n\n\n\n<li><strong>Capacit\u00e9 d\u2019accueil<\/strong> : Variable selon les \u00e9tablissements<\/li>\n\n\n\n<li><strong>P\u00e9riodes de Formation en Milieu Professionnel (PFMP)<\/strong> : 22 semaines<\/li>\n\n\n\n<li><strong>Validation<\/strong> : Contr\u00f4le en Cours de Formation (CCF) et \u00e9valuation en entreprise<\/li>\n<\/ul>\n\n\n\n<h3 class=\"wp-block-heading\">\ud83d\udccc Pr\u00e9requis<\/h3>\n\n\n\n<ul class=\"wp-block-list\">\n<li>\u00catre issu(e) de la classe de 3e ou titulaire d\u2019un CAP du secteur industriel.<\/li>\n<\/ul>\n<\/div><\/div>\n\n\n\n<div class=\"wp-block-columns is-layout-flex wp-container-core-columns-is-layout-9d6595d7 wp-block-columns-is-layout-flex\">\n<div class=\"wp-block-column is-layout-flow wp-block-column-is-layout-flow\">\n<h3 class=\"wp-block-heading\">\ud83d\udcc8 D\u00e9bouch\u00e9s et \u00e9volution<\/h3>\n\n\n\n<p>Le Bac Pro MSPC pr\u00e9pare aux m\u00e9tiers de :<\/p>\n\n\n\n<ul class=\"wp-block-list\">\n<li>Technicien de maintenance industrielle<\/li>\n\n\n\n<li>R\u00e9gleur ou op\u00e9rateur sur syst\u00e8mes automatis\u00e9s<\/li>\n\n\n\n<li>Technicien de contr\u00f4le et diagnostic d\u2019\u00e9quipements<\/li>\n\n\n\n<li>Responsable maintenance ou chef d\u2019\u00e9quipe<\/li>\n<\/ul>\n\n\n\n<p>Avec de l\u2019exp\u00e9rience, il est possible d\u2019\u00e9voluer vers des postes de responsable d\u2019atelier, ing\u00e9nieur maintenance ou consultant en automatisation industrielle.<\/p>\n\n\n\n<h3 class=\"wp-block-heading\">\ud83c\udf93 Poursuites d\u2019\u00e9tudes<\/h3>\n\n\n\n<ul class=\"wp-block-list\">\n<li>BTS Maintenance des Syst\u00e8mes (MS)<\/li>\n\n\n\n<li>BTS Conception et R\u00e9alisation de Syst\u00e8mes Automatis\u00e9s (CRSA)<\/li>\n\n\n\n<li>BTS Contr\u00f4le Industriel et R\u00e9gulation Automatique (CIRA)<\/li>\n\n\n\n<li>BTS Conception de Produits Industriels (CPI)<\/li>\n<\/ul>\n<\/div>\n\n\n\n<div class=\"wp-block-column is-layout-flow wp-block-column-is-layout-flow\"><a href=\"https:\/\/etab.ac-reunion.fr\/lyc-amiral-lacaze\/wp-content\/uploads\/sites\/52\/2026\/04\/FLYERS-JPO-MSPC.pdf\" class=\"pdfemb-viewer\" style=\"\" data-width=\"max\" data-height=\"max\" data-toolbar=\"top\" data-toolbar-fixed=\"on\">FLYERS-JPO-MSPC<\/a>\n\n\n<p class=\"has-text-align-center\"><a href=\"https:\/\/etab.ac-reunion.fr\/lyc-amiral-lacaze\/wp-content\/uploads\/sites\/52\/2026\/04\/FLYERS-JPO-MSPC.pdf\" data-type=\"attachment\" data-id=\"7608\" target=\"_blank\" rel=\"noreferrer noopener\">\ud83d\udce5 T\u00e9l\u00e9charger la brochure<\/a><\/p>\n<\/div>\n<\/div>\n","protected":false},"excerpt":{"rendered":"<p>\ud83c\udf93 Bac Pro Maintenance des Syst\u00e8mes de Production Connect\u00e9s (MSPC) \ud83d\udd27 Le m\u00e9tier Le titulaire du Bac Pro MSPC est<\/p>\n<p> <a class=\"continue-reading-link\" href=\"https:\/\/etab.ac-reunion.fr\/lyc-amiral-lacaze\/nos-formations\/bac-pro-mspc\/\"><span>Lire la suite<\/span><i class=\"crycon-right-dir\"><\/i><\/a> <\/p>\n","protected":false},"author":30060,"featured_media":0,"parent":8209,"menu_order":0,"comment_status":"closed","ping_status":"closed","template":"","meta":{"footnotes":""},"class_list":["post-8538","page","type-page","status-publish","hentry"],"_links":{"self":[{"href":"https:\/\/etab.ac-reunion.fr\/lyc-amiral-lacaze\/wp-json\/wp\/v2\/pages\/8538","targetHints":{"allow":["GET"]}}],"collection":[{"href":"https:\/\/etab.ac-reunion.fr\/lyc-amiral-lacaze\/wp-json\/wp\/v2\/pages"}],"about":[{"href":"https:\/\/etab.ac-reunion.fr\/lyc-amiral-lacaze\/wp-json\/wp\/v2\/types\/page"}],"author":[{"embeddable":true,"href":"https:\/\/etab.ac-reunion.fr\/lyc-amiral-lacaze\/wp-json\/wp\/v2\/users\/30060"}],"replies":[{"embeddable":true,"href":"https:\/\/etab.ac-reunion.fr\/lyc-amiral-lacaze\/wp-json\/wp\/v2\/comments?post=8538"}],"version-history":[{"count":5,"href":"https:\/\/etab.ac-reunion.fr\/lyc-amiral-lacaze\/wp-json\/wp\/v2\/pages\/8538\/revisions"}],"predecessor-version":[{"id":9665,"href":"https:\/\/etab.ac-reunion.fr\/lyc-amiral-lacaze\/wp-json\/wp\/v2\/pages\/8538\/revisions\/9665"}],"up":[{"embeddable":true,"href":"https:\/\/etab.ac-reunion.fr\/lyc-amiral-lacaze\/wp-json\/wp\/v2\/pages\/8209"}],"wp:attachment":[{"href":"https:\/\/etab.ac-reunion.fr\/lyc-amiral-lacaze\/wp-json\/wp\/v2\/media?parent=8538"}],"curies":[{"name":"wp","href":"https:\/\/api.w.org\/{rel}","templated":true}]}}