{"id":8783,"date":"2025-09-24T12:17:15","date_gmt":"2025-09-24T08:17:15","guid":{"rendered":"https:\/\/etab.ac-reunion.fr\/lyc-amiral-lacaze\/?page_id=8783"},"modified":"2025-10-01T11:05:52","modified_gmt":"2025-10-01T07:05:52","slug":"cdi-2-0","status":"publish","type":"page","link":"https:\/\/etab.ac-reunion.fr\/lyc-amiral-lacaze\/cdi-2-0\/","title":{"rendered":"\ud83d\udcda LE CDI"},"content":{"rendered":"\n<div class=\"wp-block-cover\" style=\"min-height:313px;aspect-ratio:unset;\"><img loading=\"lazy\" decoding=\"async\" width=\"1024\" height=\"630\" class=\"wp-block-cover__image-background wp-image-7029 size-large\" alt=\"\" src=\"https:\/\/etab.ac-reunion.fr\/lyc-amiral-lacaze\/wp-content\/uploads\/sites\/52\/2023\/12\/cdi-1024x630.jpg\" data-object-fit=\"cover\" srcset=\"https:\/\/etab.ac-reunion.fr\/lyc-amiral-lacaze\/wp-content\/uploads\/sites\/52\/2023\/12\/cdi-1024x630.jpg 1024w, https:\/\/etab.ac-reunion.fr\/lyc-amiral-lacaze\/wp-content\/uploads\/sites\/52\/2023\/12\/cdi-300x185.jpg 300w, https:\/\/etab.ac-reunion.fr\/lyc-amiral-lacaze\/wp-content\/uploads\/sites\/52\/2023\/12\/cdi-768x473.jpg 768w, https:\/\/etab.ac-reunion.fr\/lyc-amiral-lacaze\/wp-content\/uploads\/sites\/52\/2023\/12\/cdi-1536x945.jpg 1536w, https:\/\/etab.ac-reunion.fr\/lyc-amiral-lacaze\/wp-content\/uploads\/sites\/52\/2023\/12\/cdi-2048x1260.jpg 2048w, https:\/\/etab.ac-reunion.fr\/lyc-amiral-lacaze\/wp-content\/uploads\/sites\/52\/2023\/12\/cdi-150x92.jpg 150w\" sizes=\"auto, (max-width: 1024px) 100vw, 1024px\" \/><span aria-hidden=\"true\" class=\"wp-block-cover__background has-background-dim-60 has-background-dim\" style=\"background-color:#1a4c9a\"><\/span><div class=\"wp-block-cover__inner-container is-layout-constrained wp-block-cover-is-layout-constrained\">\n<h1 class=\"wp-block-heading has-text-align-center has-white-color has-text-color has-link-color has-x-large-font-size wp-elements-9f8e8c8c5b9c5eed8026855382f98c93\" style=\"font-style:normal;font-weight:800\"><strong>\ud83d\udcda Centre de Documentation et d&rsquo;Information (CDI)<\/strong><\/h1>\n<\/div><\/div>\n\n\n\n<div class=\"wp-block-media-text has-media-on-the-right is-stacked-on-mobile\" style=\"grid-template-columns:auto 27%\"><div class=\"wp-block-media-text__content\">\n<p>Le CDI est un espace culturel et d\u2019apprentissage ouvert aux \u00e9l\u00e8ves et \u00e0 toute la communaut\u00e9 \u00e9ducative. Il accueille les \u00e9l\u00e8ves dans le cadre de leur travail en leur apportant une aide m\u00e9thodologique et leur offrant un support \u00e0 diverses activit\u00e9s p\u00e9dagogiques :<\/p>\n\n\n\n<p>\u2013 La recherche documentaire<br>\u2013 La qu\u00eate d\u2019informations diverses<br>\u2013 Le travail en groupe<\/p>\n\n\n\n<p>Il permet \u00e9galement la d\u00e9tente studieuse par la lecture d\u2019\u0153uvres de fiction, p\u00e9riodiques\u2026<\/p>\n<\/div><figure class=\"wp-block-media-text__media\"><img loading=\"lazy\" decoding=\"async\" width=\"220\" height=\"229\" src=\"https:\/\/etab.ac-reunion.fr\/lyc-amiral-lacaze\/wp-content\/uploads\/sites\/52\/2025\/09\/image-1.png\" alt=\"\" class=\"wp-image-8588 size-full\" srcset=\"https:\/\/etab.ac-reunion.fr\/lyc-amiral-lacaze\/wp-content\/uploads\/sites\/52\/2025\/09\/image-1.png 220w, https:\/\/etab.ac-reunion.fr\/lyc-amiral-lacaze\/wp-content\/uploads\/sites\/52\/2025\/09\/image-1-144x150.png 144w\" sizes=\"auto, (max-width: 220px) 100vw, 220px\" \/><\/figure><\/div>\n\n\n\n<div class=\"wp-block-columns is-layout-flex wp-container-core-columns-is-layout-9d6595d7 wp-block-columns-is-layout-flex\">\n<div class=\"wp-block-column is-layout-flow wp-block-column-is-layout-flow\">\n<h2 class=\"wp-block-heading\">\u23f0 Horaires<\/h2>\n\n\n\n<ul class=\"wp-block-list\">\n<li><strong>Lundi, Mardi, jeudi :<\/strong> 7h30 &#8211; 16h30 <\/li>\n\n\n\n<li><strong>Mercredi :<\/strong> 7h30 &#8211; 11H30<\/li>\n\n\n\n<li><strong>Vendredi : <\/strong>7h30 &#8211; 12h00<\/li>\n<\/ul>\n<\/div>\n\n\n\n<div class=\"wp-block-column is-layout-flow wp-block-column-is-layout-flow\">\n<h2 class=\"wp-block-heading\"><strong>\ud83d\udcda<\/strong> En ce moment au CDI<\/h2>\n\n\n<div class=\"su-image-carousel  su-image-carousel-columns-3 su-image-carousel-has-spacing su-image-carousel-crop su-image-carousel-crop-4-3 su-image-carousel-adaptive su-image-carousel-slides-style-default su-image-carousel-controls-style-light su-image-carousel-align-center\" style=\"\" data-flickity-options='{\"groupCells\":true,\"cellSelector\":\".su-image-carousel-item\",\"adaptiveHeight\":false,\"cellAlign\":\"left\",\"prevNextButtons\":true,\"pageDots\":false,\"autoPlay\":3000,\"imagesLoaded\":true,\"contain\":true,\"selectedAttraction\":0.025,\"friction\":0.28}' id=\"su_image_carousel_69dc7ee9bbf9d\"><div class=\"su-image-carousel-item\"><div class=\"su-image-carousel-item-content\"><a href=\"https:\/\/etab.ac-reunion.fr\/lyc-amiral-lacaze\/2024\/11\/26\/dispositif-ambition-emploi-temoignage-de-sayane\/\" target=\"_blank\" rel=\"noopener noreferrer\" data-caption=\"Dispositif Ambition-Emploi :                 T\u00e9moignage de Sayane\"><img loading=\"lazy\" decoding=\"async\" width=\"299\" height=\"168\" src=\"https:\/\/etab.ac-reunion.fr\/lyc-amiral-lacaze\/wp-content\/uploads\/sites\/52\/2024\/11\/Sans-titre.jpg\" class=\"\" alt=\"\" srcset=\"https:\/\/etab.ac-reunion.fr\/lyc-amiral-lacaze\/wp-content\/uploads\/sites\/52\/2024\/11\/Sans-titre.jpg 299w, https:\/\/etab.ac-reunion.fr\/lyc-amiral-lacaze\/wp-content\/uploads\/sites\/52\/2024\/11\/Sans-titre-150x84.jpg 150w\" sizes=\"auto, (max-width: 299px) 100vw, 299px\" \/><span>Dispositif Ambition-Emploi :                 T\u00e9moignage de Sayane<\/span><\/a><\/div><\/div><div class=\"su-image-carousel-item\"><div class=\"su-image-carousel-item-content\"><a href=\"https:\/\/etab.ac-reunion.fr\/lyc-amiral-lacaze\/2023\/06\/01\/le-cdi-fait-peau-neuve\/\" target=\"_blank\" rel=\"noopener noreferrer\" data-caption=\"Le CDI fait peau neuve\"><img loading=\"lazy\" decoding=\"async\" width=\"768\" height=\"346\" src=\"https:\/\/etab.ac-reunion.fr\/lyc-amiral-lacaze\/wp-content\/uploads\/sites\/52\/2023\/05\/20230530_0908341-768x346.jpg\" class=\"\" alt=\"\" srcset=\"https:\/\/etab.ac-reunion.fr\/lyc-amiral-lacaze\/wp-content\/uploads\/sites\/52\/2023\/05\/20230530_0908341-768x346.jpg 768w, https:\/\/etab.ac-reunion.fr\/lyc-amiral-lacaze\/wp-content\/uploads\/sites\/52\/2023\/05\/20230530_0908341-300x135.jpg 300w, https:\/\/etab.ac-reunion.fr\/lyc-amiral-lacaze\/wp-content\/uploads\/sites\/52\/2023\/05\/20230530_0908341-1024x461.jpg 1024w, https:\/\/etab.ac-reunion.fr\/lyc-amiral-lacaze\/wp-content\/uploads\/sites\/52\/2023\/05\/20230530_0908341-1536x691.jpg 1536w, https:\/\/etab.ac-reunion.fr\/lyc-amiral-lacaze\/wp-content\/uploads\/sites\/52\/2023\/05\/20230530_0908341-2048x922.jpg 2048w, https:\/\/etab.ac-reunion.fr\/lyc-amiral-lacaze\/wp-content\/uploads\/sites\/52\/2023\/05\/20230530_0908341-150x68.jpg 150w\" sizes=\"auto, (max-width: 768px) 100vw, 768px\" \/><span>Le CDI fait peau neuve<\/span><\/a><\/div><\/div><div class=\"su-image-carousel-item\"><div class=\"su-image-carousel-item-content\"><a href=\"https:\/\/etab.ac-reunion.fr\/lyc-amiral-lacaze\/2023\/05\/11\/une-web-radio-au-lycee\/\" target=\"_blank\" rel=\"noopener noreferrer\" data-caption=\"Une web radio au Lyc\u00e9e !\"><img loading=\"lazy\" decoding=\"async\" width=\"768\" height=\"576\" src=\"https:\/\/etab.ac-reunion.fr\/lyc-amiral-lacaze\/wp-content\/uploads\/sites\/52\/2023\/05\/web-768x576.jpg\" class=\"\" alt=\"\" srcset=\"https:\/\/etab.ac-reunion.fr\/lyc-amiral-lacaze\/wp-content\/uploads\/sites\/52\/2023\/05\/web-768x576.jpg 768w, https:\/\/etab.ac-reunion.fr\/lyc-amiral-lacaze\/wp-content\/uploads\/sites\/52\/2023\/05\/web-300x225.jpg 300w, https:\/\/etab.ac-reunion.fr\/lyc-amiral-lacaze\/wp-content\/uploads\/sites\/52\/2023\/05\/web-1024x768.jpg 1024w, https:\/\/etab.ac-reunion.fr\/lyc-amiral-lacaze\/wp-content\/uploads\/sites\/52\/2023\/05\/web-1536x1152.jpg 1536w, https:\/\/etab.ac-reunion.fr\/lyc-amiral-lacaze\/wp-content\/uploads\/sites\/52\/2023\/05\/web-2048x1536.jpg 2048w, https:\/\/etab.ac-reunion.fr\/lyc-amiral-lacaze\/wp-content\/uploads\/sites\/52\/2023\/05\/web-150x113.jpg 150w\" sizes=\"auto, (max-width: 768px) 100vw, 768px\" \/><span>Une web radio au Lyc\u00e9e !<\/span><\/a><\/div><\/div><\/div><script id=\"su_image_carousel_69dc7ee9bbf9d_script\">if(window.SUImageCarousel){setTimeout(function() {window.SUImageCarousel.initGallery(document.getElementById(\"su_image_carousel_69dc7ee9bbf9d\"))}, 0);}var su_image_carousel_69dc7ee9bbf9d_script=document.getElementById(\"su_image_carousel_69dc7ee9bbf9d_script\");if(su_image_carousel_69dc7ee9bbf9d_script){su_image_carousel_69dc7ee9bbf9d_script.parentNode.removeChild(su_image_carousel_69dc7ee9bbf9d_script);}<\/script>\n<\/div>\n<\/div>\n\n\n\n<h2 class=\"wp-block-heading\">Acc\u00e8s rapide<\/h2>\n\n\n\n<div class=\"wp-block-columns is-layout-flex wp-container-core-columns-is-layout-9d6595d7 wp-block-columns-is-layout-flex\">\n<div class=\"wp-block-column is-layout-flow wp-block-column-is-layout-flow\">\n<div class=\"wp-block-buttons is-content-justification-center is-layout-flex wp-container-core-buttons-is-layout-16018d1d wp-block-buttons-is-layout-flex\"><\/div>\n<\/div>\n\n\n\n<div class=\"wp-block-column is-layout-flow wp-block-column-is-layout-flow\">\n<div class=\"wp-block-buttons is-content-justification-center is-layout-flex wp-container-core-buttons-is-layout-16018d1d wp-block-buttons-is-layout-flex\">\n<div class=\"wp-block-button\"><a class=\"wp-block-button__link wp-element-button\" href=\"https:\/\/etab.ac-reunion.fr\/lyc-amiral-lacaze\/vie-scolaire\/cdi-2-0\/webradio-2-0\/\">Webradio Radio Lacaze <\/a><\/div>\n<\/div>\n<\/div>\n\n\n\n<div class=\"wp-block-column is-layout-flow wp-block-column-is-layout-flow\">\n<div class=\"wp-block-buttons is-content-justification-center is-layout-flex wp-container-core-buttons-is-layout-16018d1d wp-block-buttons-is-layout-flex\"><\/div>\n<\/div>\n<\/div>\n\n\n\n<p><\/p>\n","protected":false},"excerpt":{"rendered":"<p>Le CDI est un espace culturel et d\u2019apprentissage ouvert aux \u00e9l\u00e8ves et \u00e0 toute la communaut\u00e9 \u00e9ducative. Il accueille les<\/p>\n<p> <a class=\"continue-reading-link\" href=\"https:\/\/etab.ac-reunion.fr\/lyc-amiral-lacaze\/cdi-2-0\/\"><span>Lire la suite<\/span><i class=\"crycon-right-dir\"><\/i><\/a> <\/p>\n","protected":false},"author":30060,"featured_media":0,"parent":0,"menu_order":0,"comment_status":"closed","ping_status":"closed","template":"","meta":{"footnotes":""},"class_list":["post-8783","page","type-page","status-publish","hentry"],"_links":{"self":[{"href":"https:\/\/etab.ac-reunion.fr\/lyc-amiral-lacaze\/wp-json\/wp\/v2\/pages\/8783","targetHints":{"allow":["GET"]}}],"collection":[{"href":"https:\/\/etab.ac-reunion.fr\/lyc-amiral-lacaze\/wp-json\/wp\/v2\/pages"}],"about":[{"href":"https:\/\/etab.ac-reunion.fr\/lyc-amiral-lacaze\/wp-json\/wp\/v2\/types\/page"}],"author":[{"embeddable":true,"href":"https:\/\/etab.ac-reunion.fr\/lyc-amiral-lacaze\/wp-json\/wp\/v2\/users\/30060"}],"replies":[{"embeddable":true,"href":"https:\/\/etab.ac-reunion.fr\/lyc-amiral-lacaze\/wp-json\/wp\/v2\/comments?post=8783"}],"version-history":[{"count":26,"href":"https:\/\/etab.ac-reunion.fr\/lyc-amiral-lacaze\/wp-json\/wp\/v2\/pages\/8783\/revisions"}],"predecessor-version":[{"id":8836,"href":"https:\/\/etab.ac-reunion.fr\/lyc-amiral-lacaze\/wp-json\/wp\/v2\/pages\/8783\/revisions\/8836"}],"wp:attachment":[{"href":"https:\/\/etab.ac-reunion.fr\/lyc-amiral-lacaze\/wp-json\/wp\/v2\/media?parent=8783"}],"curies":[{"name":"wp","href":"https:\/\/api.w.org\/{rel}","templated":true}]}}