{"id":8946,"date":"2025-11-05T07:23:36","date_gmt":"2025-11-05T03:23:36","guid":{"rendered":"https:\/\/etab.ac-reunion.fr\/lyc-amiral-lacaze\/?page_id=8946"},"modified":"2025-11-05T07:58:27","modified_gmt":"2025-11-05T03:58:27","slug":"mentions-legales-donnees-personnelles-page-de-politique-de-confidentialite","status":"publish","type":"page","link":"https:\/\/etab.ac-reunion.fr\/lyc-amiral-lacaze\/mentions-legales-donnees-personnelles-page-de-politique-de-confidentialite\/","title":{"rendered":"Mentions l\u00e9gales"},"content":{"rendered":"\n<h2 class=\"wp-block-heading\">Les mentions relatives \u00e0 l&rsquo;\u00e9tablissement<\/h2>\n\n\n\n<p>Lyc\u00e9e Professionnel Amiral Lacaze<\/p>\n\n\n\n<p>1, Avenue Stanislas Gimart<br>97493 Sainte Clotilde Cedex<\/p>\n\n\n\n<p><a href=\"https:\/\/etab.ac-reunion.fr\/lyc-amiral-lacaze\/contact\/\" data-type=\"page\" data-id=\"2138\">Nous contacter<\/a><\/p>\n\n\n\n<p>T\u00e9l: 02 62 28 37 75<\/p>\n\n\n\n<p>Directrice de la publication : Mme PEREGO Anne (Proviseure)<\/p>\n\n\n\n<hr class=\"wp-block-separator has-alpha-channel-opacity is-style-wide\" \/>\n\n\n\n<h2 class=\"wp-block-heading\">L&rsquo;h\u00e9bergeur du site<\/h2>\n\n\n\n<p>Rectorat de l&rsquo;acad\u00e9mie de la R\u00e9union<\/p>\n\n\n\n<p>24, avenue Georges Brassens<br>CS 71003<br>97743 Saint Denis Cedex 9<\/p>\n\n\n\n<p>T\u00e9l. +262 (0)2 62 48 10 10<\/p>\n\n\n\n<hr class=\"wp-block-separator has-alpha-channel-opacity is-style-wide\" \/>\n\n\n\n<h2 class=\"wp-block-heading\">Conditions d&rsquo;utilisation<\/h2>\n\n\n\n<p>Sur ce site, les photos ne sont pas libres de droit. Elles sont prot\u00e9g\u00e9es par le code la Propri\u00e9t\u00e9 Intellectuelle (CPI).<\/p>\n\n\n\n<p>Sauf mention contraire, les textes sont r\u00e9utilisables dans le respect de la licence Creatyive Commons Attribution &#8211; Pas d&rsquo;Utilisation Commerciale &#8211; Partage dans les M\u00eames Conditions (CC BY-NC-SA).<\/p>\n\n\n<div class=\"wp-block-image\">\n<figure class=\"aligncenter size-full\"><img loading=\"lazy\" decoding=\"async\" width=\"403\" height=\"141\" src=\"https:\/\/etab.ac-reunion.fr\/lyc-amiral-lacaze\/wp-content\/uploads\/sites\/52\/2025\/11\/cc_byncsa.png\" alt=\"\" class=\"wp-image-8962\" srcset=\"https:\/\/etab.ac-reunion.fr\/lyc-amiral-lacaze\/wp-content\/uploads\/sites\/52\/2025\/11\/cc_byncsa.png 403w, https:\/\/etab.ac-reunion.fr\/lyc-amiral-lacaze\/wp-content\/uploads\/sites\/52\/2025\/11\/cc_byncsa-300x105.png 300w, https:\/\/etab.ac-reunion.fr\/lyc-amiral-lacaze\/wp-content\/uploads\/sites\/52\/2025\/11\/cc_byncsa-150x52.png 150w, https:\/\/etab.ac-reunion.fr\/lyc-amiral-lacaze\/wp-content\/uploads\/sites\/52\/2025\/11\/cc_byncsa-400x141.png 400w\" sizes=\"auto, (max-width: 403px) 100vw, 403px\" \/><\/figure>\n<\/div>\n\n\n<p><br><\/p>\n","protected":false},"excerpt":{"rendered":"<p>Les mentions relatives \u00e0 l&rsquo;\u00e9tablissement Lyc\u00e9e Professionnel Amiral Lacaze 1, Avenue Stanislas Gimart97493 Sainte Clotilde Cedex Nous contacter T\u00e9l: 02<\/p>\n<p> <a class=\"continue-reading-link\" href=\"https:\/\/etab.ac-reunion.fr\/lyc-amiral-lacaze\/mentions-legales-donnees-personnelles-page-de-politique-de-confidentialite\/\"><span>Lire la suite<\/span><i class=\"crycon-right-dir\"><\/i><\/a> <\/p>\n","protected":false},"author":30060,"featured_media":0,"parent":0,"menu_order":0,"comment_status":"closed","ping_status":"closed","template":"templates\/template-twocolumns-right.php","meta":{"footnotes":""},"class_list":["post-8946","page","type-page","status-publish","hentry"],"_links":{"self":[{"href":"https:\/\/etab.ac-reunion.fr\/lyc-amiral-lacaze\/wp-json\/wp\/v2\/pages\/8946","targetHints":{"allow":["GET"]}}],"collection":[{"href":"https:\/\/etab.ac-reunion.fr\/lyc-amiral-lacaze\/wp-json\/wp\/v2\/pages"}],"about":[{"href":"https:\/\/etab.ac-reunion.fr\/lyc-amiral-lacaze\/wp-json\/wp\/v2\/types\/page"}],"author":[{"embeddable":true,"href":"https:\/\/etab.ac-reunion.fr\/lyc-amiral-lacaze\/wp-json\/wp\/v2\/users\/30060"}],"replies":[{"embeddable":true,"href":"https:\/\/etab.ac-reunion.fr\/lyc-amiral-lacaze\/wp-json\/wp\/v2\/comments?post=8946"}],"version-history":[{"count":9,"href":"https:\/\/etab.ac-reunion.fr\/lyc-amiral-lacaze\/wp-json\/wp\/v2\/pages\/8946\/revisions"}],"predecessor-version":[{"id":8963,"href":"https:\/\/etab.ac-reunion.fr\/lyc-amiral-lacaze\/wp-json\/wp\/v2\/pages\/8946\/revisions\/8963"}],"wp:attachment":[{"href":"https:\/\/etab.ac-reunion.fr\/lyc-amiral-lacaze\/wp-json\/wp\/v2\/media?parent=8946"}],"curies":[{"name":"wp","href":"https:\/\/api.w.org\/{rel}","templated":true}]}}