{"id":9038,"date":"2025-11-10T09:22:57","date_gmt":"2025-11-10T05:22:57","guid":{"rendered":"https:\/\/etab.ac-reunion.fr\/lyc-amiral-lacaze\/?page_id=9038"},"modified":"2025-11-10T09:22:57","modified_gmt":"2025-11-10T05:22:57","slug":"donnees-personnelles","status":"publish","type":"page","link":"https:\/\/etab.ac-reunion.fr\/lyc-amiral-lacaze\/donnees-personnelles\/","title":{"rendered":"Donn\u00e9es Personnelles"},"content":{"rendered":"\n<p>L\u2019\u00e9tablissement traite des donn\u00e9es personnelles conform\u00e9ment au R\u00e8glement G\u00e9n\u00e9ral sur la Protection des Donn\u00e9es (RGPD) et \u00e0 la loi Informatiques et Libert\u00e9s.<\/p>\n\n\n\n<h2 class=\"wp-block-heading\">Politique de protection des donn\u00e9es<\/h2>\n\n\n\n<p>Les informations fournies via le formulaire de contact sont transmises par protocole s\u00e9curis\u00e9 au destinataire pour traitement.<\/p>\n\n\n\n<h2 class=\"wp-block-heading\">Exercez vos droits<\/h2>\n\n\n\n<p>Pour toute information ou exercice de vos droits Informatique et Libert\u00e9s sur les traitements de donn\u00e9es personnelles g\u00e9r\u00e9s par l\u2019\u00e9tablissement, vous pouvez contacter l\u2019\u00e9tablissement :<\/p>\n\n\n\n<p>par courrier (avec copie de votre pi\u00e8ce d\u2019identit\u00e9 en cas d\u2019exercice de vos droits) \u00e0 l\u2019adresse suivante :<\/p>\n\n\n\n<p>1, Avenue Stanislas Gimart<br>BP 192<br>97493 Saint-Denis Cedex<\/p>\n\n\n\n<h2 class=\"wp-block-heading\">A propos des \u00ab&nbsp;cookies&nbsp;\u00bb<\/h2>\n\n\n\n<p>Les \u00ab&nbsp;cookies&nbsp;\u00bb sont des petits fichiers qui collectent des donn\u00e9es lors de l\u2019usage de sites internet.<\/p>\n\n\n\n<p>Trois types de cookies sont cr\u00e9\u00e9s lors de la consultation du site :<\/p>\n\n\n\n<h3 class=\"wp-block-heading\">             1- Cookies internes n\u00e9cessaires au site pour fonctionner<\/h3>\n\n\n\n<p>Exemples :<\/p>\n\n\n\n<ul class=\"wp-block-list\">\n<li>PHPSESSID<\/li>\n\n\n\n<li>tarteaucitron<\/li>\n<\/ul>\n\n\n\n<h3 class=\"wp-block-heading\">            2- Cookie de mesure d\u2019audience<\/h3>\n\n\n\n<p>La mesure d\u2019audience se fait avec Matomo (ex-Piwik) o\u00f9 l\u2019adresse IP est anonymis\u00e9e sur 2 octets, conform\u00e9ment aux pr\u00e9conisations de la CNIL.<\/p>\n\n\n\n<h3 class=\"wp-block-heading\">            3- Cookies tiers li\u00e9s \u00e0 des contenus tiers en ligne<\/h3>\n\n\n\n<p>Des services tiers n\u00e9cessitent l\u2019acceptation des cookies pour fonctionner :<\/p>\n\n\n\n<ul class=\"wp-block-list\">\n<li>Vid\u00e9os en ligne (Dailymotion, YouTube)<\/li>\n\n\n\n<li>Tweets (Twitter)<\/li>\n\n\n\n<li>Boutons de partages sur les r\u00e9seaux sociaux (Twitter, Facebook)<\/li>\n<\/ul>\n","protected":false},"excerpt":{"rendered":"<p>L\u2019\u00e9tablissement traite des donn\u00e9es personnelles conform\u00e9ment au R\u00e8glement G\u00e9n\u00e9ral sur la Protection des Donn\u00e9es (RGPD) et \u00e0 la loi Informatiques<\/p>\n<p> <a class=\"continue-reading-link\" href=\"https:\/\/etab.ac-reunion.fr\/lyc-amiral-lacaze\/donnees-personnelles\/\"><span>Lire la suite<\/span><i class=\"crycon-right-dir\"><\/i><\/a> <\/p>\n","protected":false},"author":30060,"featured_media":0,"parent":0,"menu_order":0,"comment_status":"closed","ping_status":"closed","template":"","meta":{"footnotes":""},"class_list":["post-9038","page","type-page","status-publish","hentry"],"_links":{"self":[{"href":"https:\/\/etab.ac-reunion.fr\/lyc-amiral-lacaze\/wp-json\/wp\/v2\/pages\/9038","targetHints":{"allow":["GET"]}}],"collection":[{"href":"https:\/\/etab.ac-reunion.fr\/lyc-amiral-lacaze\/wp-json\/wp\/v2\/pages"}],"about":[{"href":"https:\/\/etab.ac-reunion.fr\/lyc-amiral-lacaze\/wp-json\/wp\/v2\/types\/page"}],"author":[{"embeddable":true,"href":"https:\/\/etab.ac-reunion.fr\/lyc-amiral-lacaze\/wp-json\/wp\/v2\/users\/30060"}],"replies":[{"embeddable":true,"href":"https:\/\/etab.ac-reunion.fr\/lyc-amiral-lacaze\/wp-json\/wp\/v2\/comments?post=9038"}],"version-history":[{"count":1,"href":"https:\/\/etab.ac-reunion.fr\/lyc-amiral-lacaze\/wp-json\/wp\/v2\/pages\/9038\/revisions"}],"predecessor-version":[{"id":9039,"href":"https:\/\/etab.ac-reunion.fr\/lyc-amiral-lacaze\/wp-json\/wp\/v2\/pages\/9038\/revisions\/9039"}],"wp:attachment":[{"href":"https:\/\/etab.ac-reunion.fr\/lyc-amiral-lacaze\/wp-json\/wp\/v2\/media?parent=9038"}],"curies":[{"name":"wp","href":"https:\/\/api.w.org\/{rel}","templated":true}]}}