{"id":191,"date":"2014-03-25T16:47:14","date_gmt":"2014-03-25T12:47:14","guid":{"rendered":"http:\/\/lycee-avirons-tmp.ac-reunion.fr\/?page_id=191"},"modified":"2025-09-03T07:54:09","modified_gmt":"2025-09-03T03:54:09","slug":"manuels-scolaires","status":"publish","type":"page","link":"https:\/\/etab.ac-reunion.fr\/lyc-antoine-de-saint-exupery\/letablissement\/manuels-scolaires\/","title":{"rendered":"Manuels scolaires"},"content":{"rendered":"\n<p style=\"font-style:normal;font-weight:700;text-decoration:underline;text-transform:none\">1 &#8211; Le manuel scolaire \u00e0 l&rsquo;heure du num\u00e9rique pour nos \u00e9l\u00e8ves du second degr\u00e9 (concerne les niveaux seconde, premi\u00e8re et terminale)<\/p>\n\n\n\n<figure class=\"wp-block-image size-full is-resized\"><img loading=\"lazy\" decoding=\"async\" width=\"961\" height=\"544\" src=\"https:\/\/etab.ac-reunion.fr\/lyc-antoine-de-saint-exupery\/wp-content\/uploads\/sites\/59\/2024\/06\/livre-scolaire-numerique-nathan.jpg\" alt=\"\" class=\"wp-image-9722\" style=\"width:261px;height:auto\" srcset=\"https:\/\/etab.ac-reunion.fr\/lyc-antoine-de-saint-exupery\/wp-content\/uploads\/sites\/59\/2024\/06\/livre-scolaire-numerique-nathan.jpg 961w, https:\/\/etab.ac-reunion.fr\/lyc-antoine-de-saint-exupery\/wp-content\/uploads\/sites\/59\/2024\/06\/livre-scolaire-numerique-nathan-300x170.jpg 300w, https:\/\/etab.ac-reunion.fr\/lyc-antoine-de-saint-exupery\/wp-content\/uploads\/sites\/59\/2024\/06\/livre-scolaire-numerique-nathan-768x435.jpg 768w, https:\/\/etab.ac-reunion.fr\/lyc-antoine-de-saint-exupery\/wp-content\/uploads\/sites\/59\/2024\/06\/livre-scolaire-numerique-nathan-95x54.jpg 95w\" sizes=\"auto, (max-width: 961px) 100vw, 961px\" \/><\/figure>\n\n\n\n<p>Les manuels scolaires seront mis \u00e0 la disposition des \u00e9l\u00e8ves au <strong>format num\u00e9rique<\/strong> pour <strong>nos \u00e9l\u00e8ves du second degr\u00e9<\/strong>.<br \/><br \/>Les familles n\u2019ont aucune d\u00e9marche \u00e0 effectuer. Les manuels seront accessibles sur M\u00e9tice, onglet \u00ab&nbsp;ressources documentaires&nbsp;\u00bb \u00e0 partir de la rentr\u00e9e scolaire.<\/p>\n\n\n\n<p><strong>Il ne peut \u00eatre demand\u00e9 aux familles un achat de manuel puisque les livres sont au format num\u00e9rique.<\/strong><br \/><br \/><a href=\"https:\/\/etab.ac-reunion.fr\/lyc-antoine-de-saint-exupery\/wp-content\/uploads\/sites\/59\/2024\/06\/DISPOSITIF-NUMERISAK-2023-24.pdf\">Mon manuel scolaire num\u00e9rique 2023-2024<\/a><\/p>\n\n\n\n<p><\/p>\n\n\n\n<p><\/p>\n\n\n\n<p style=\"font-style:normal;font-weight:700;text-decoration:underline;text-transform:none\">2 &#8211; Les manuels scolaires pour l&rsquo;enseignement sup\u00e9rieur (concerne le niveau BTS)<\/p>\n\n\n\n<figure class=\"wp-block-image size-full is-resized\"><img loading=\"lazy\" decoding=\"async\" width=\"900\" height=\"600\" src=\"https:\/\/etab.ac-reunion.fr\/lyc-antoine-de-saint-exupery\/wp-content\/uploads\/sites\/59\/2024\/06\/1_AQ2Sm9PbZ31L5y7hGr_sFA.jpg\" alt=\"\" class=\"wp-image-9738\" style=\"width:249px;height:auto\" srcset=\"https:\/\/etab.ac-reunion.fr\/lyc-antoine-de-saint-exupery\/wp-content\/uploads\/sites\/59\/2024\/06\/1_AQ2Sm9PbZ31L5y7hGr_sFA.jpg 900w, https:\/\/etab.ac-reunion.fr\/lyc-antoine-de-saint-exupery\/wp-content\/uploads\/sites\/59\/2024\/06\/1_AQ2Sm9PbZ31L5y7hGr_sFA-300x200.jpg 300w, https:\/\/etab.ac-reunion.fr\/lyc-antoine-de-saint-exupery\/wp-content\/uploads\/sites\/59\/2024\/06\/1_AQ2Sm9PbZ31L5y7hGr_sFA-768x512.jpg 768w, https:\/\/etab.ac-reunion.fr\/lyc-antoine-de-saint-exupery\/wp-content\/uploads\/sites\/59\/2024\/06\/1_AQ2Sm9PbZ31L5y7hGr_sFA-140x94.jpg 140w\" sizes=\"auto, (max-width: 900px) 100vw, 900px\" \/><\/figure>\n\n\n\n<p>Concernant, <strong>l&rsquo;enseignement sup\u00e9rieur<\/strong>, <strong>les manuels scolaires<\/strong> seront toujours <strong>au format papier<\/strong>.<br \/><br \/>Ci-dessous, la liste des ouvrages pour la rentr\u00e9e 2024.<br \/><br \/><strong>BTS PIM :<\/strong><\/p>\n\n\n\n<ul class=\"wp-block-list\">\n<li><a href=\"https:\/\/etab.ac-reunion.fr\/lyc-antoine-de-saint-exupery\/wp-content\/uploads\/sites\/59\/2025\/06\/2025-ouvrage-BTS-PIM-.pdf\">BTS PIM &#8211; 1re ann\u00e9e : liste des ouvrages \u00e0 commander pour la rentr\u00e9e 2025<\/a><br \/><\/li>\n<\/ul>\n\n\n\n<p><strong>BTS NDRC :<\/strong><\/p>\n\n\n\n<ul class=\"wp-block-list\">\n<li><a href=\"https:\/\/etab.ac-reunion.fr\/lyc-antoine-de-saint-exupery\/wp-content\/uploads\/sites\/59\/2025\/07\/LISTE-DU-MATERIEL-NDRC-Rentree-2025-1.pdf\">BTS NDRC &#8211; 1re ann\u00e9e : liste du mat\u00e9riel pour les \u00e9tudiants pour la rentr\u00e9e 2025<\/a><\/li>\n<\/ul>\n\n\n\n<p><\/p>\n\n\n\n<p><strong>Certificat de Sp\u00e9cialisation SNO<\/strong> :<\/p>\n\n\n\n<ul class=\"wp-block-list\">\n<li><a href=\"https:\/\/etab.ac-reunion.fr\/lyc-antoine-de-saint-exupery\/wp-content\/uploads\/sites\/59\/2025\/06\/Liste-fournitures-CS-services-numeriques-aux-organisations.pdf\">Certificat de Sp\u00e9cialisation SNO (Services Num\u00e9riques aux Organisations) :\u00a0 Liste du mat\u00e9riel \u00e0 pr\u00e9voir pour la rentr\u00e9e 2025<\/a><\/li>\n<\/ul>\n\n\n\n<p class=\"has-small-font-size\"><\/p>\n\n\n\n<p><br \/><br \/><\/p>\n","protected":false},"excerpt":{"rendered":"<p>Les manuels scolaires en usage dans l\u2019\u00e9tablissement sont choisis par les enseignants en fonction des programmes et des changements de programmes lors des conseils  d&rsquo;enseignements<\/p>\n","protected":false},"author":944,"featured_media":0,"parent":24,"menu_order":0,"comment_status":"closed","ping_status":"closed","template":"page-full.php","meta":{"footnotes":"[]"},"class_list":["post-191","page","type-page","status-publish","hentry"],"_links":{"self":[{"href":"https:\/\/etab.ac-reunion.fr\/lyc-antoine-de-saint-exupery\/wp-json\/wp\/v2\/pages\/191","targetHints":{"allow":["GET"]}}],"collection":[{"href":"https:\/\/etab.ac-reunion.fr\/lyc-antoine-de-saint-exupery\/wp-json\/wp\/v2\/pages"}],"about":[{"href":"https:\/\/etab.ac-reunion.fr\/lyc-antoine-de-saint-exupery\/wp-json\/wp\/v2\/types\/page"}],"author":[{"embeddable":true,"href":"https:\/\/etab.ac-reunion.fr\/lyc-antoine-de-saint-exupery\/wp-json\/wp\/v2\/users\/944"}],"replies":[{"embeddable":true,"href":"https:\/\/etab.ac-reunion.fr\/lyc-antoine-de-saint-exupery\/wp-json\/wp\/v2\/comments?post=191"}],"version-history":[{"count":134,"href":"https:\/\/etab.ac-reunion.fr\/lyc-antoine-de-saint-exupery\/wp-json\/wp\/v2\/pages\/191\/revisions"}],"predecessor-version":[{"id":11066,"href":"https:\/\/etab.ac-reunion.fr\/lyc-antoine-de-saint-exupery\/wp-json\/wp\/v2\/pages\/191\/revisions\/11066"}],"up":[{"embeddable":true,"href":"https:\/\/etab.ac-reunion.fr\/lyc-antoine-de-saint-exupery\/wp-json\/wp\/v2\/pages\/24"}],"wp:attachment":[{"href":"https:\/\/etab.ac-reunion.fr\/lyc-antoine-de-saint-exupery\/wp-json\/wp\/v2\/media?parent=191"}],"curies":[{"name":"wp","href":"https:\/\/api.w.org\/{rel}","templated":true}]}}