{"id":249,"date":"2014-04-24T15:24:45","date_gmt":"2014-04-24T11:24:45","guid":{"rendered":"http:\/\/lycee-avirons-tmp.ac-reunion.fr\/?page_id=249"},"modified":"2024-09-10T08:16:24","modified_gmt":"2024-09-10T04:16:24","slug":"c-d-i","status":"publish","type":"page","link":"https:\/\/etab.ac-reunion.fr\/lyc-antoine-de-saint-exupery\/c-d-i\/","title":{"rendered":"C.D.I."},"content":{"rendered":"\n<p>Le Centre de Documentation et d\u2019Information est un lieu de<strong>&nbsp;ressources documentaires p\u00e9dagogiques et culturelles<\/strong>.&nbsp;<\/p>\n\n\n\n<p>Il est aussi un lieu d\u2019enseignement ax\u00e9 sur l\u2019<strong>EMI (\u00c9ducation aux M\u00e9dias et \u00e0 l\u2019Information)<\/strong>.<\/p>\n\n\n\n<p>G\u00e9r\u00e9 par M. Dupuis, professeur documentaliste, et Mme Attard, AED, il est ouvert aux horaires suivantes\u00a0:<\/p>\n\n\n\n<figure class=\"wp-block-image size-full is-resized\"><img loading=\"lazy\" decoding=\"async\" width=\"473\" height=\"638\" src=\"https:\/\/etab.ac-reunion.fr\/lyc-antoine-de-saint-exupery\/wp-content\/uploads\/sites\/59\/2024\/09\/image-7.png\" alt=\"\" class=\"wp-image-10051\" style=\"width:208px;height:auto\" srcset=\"https:\/\/etab.ac-reunion.fr\/lyc-antoine-de-saint-exupery\/wp-content\/uploads\/sites\/59\/2024\/09\/image-7.png 473w, https:\/\/etab.ac-reunion.fr\/lyc-antoine-de-saint-exupery\/wp-content\/uploads\/sites\/59\/2024\/09\/image-7-222x300.png 222w\" sizes=\"auto, (max-width: 473px) 100vw, 473px\" \/><\/figure>\n\n\n\n<p>Le catalogue du CDI est accessible via&nbsp;<strong>e-sidoc<\/strong>, dans l\u2019onglet \u201c<strong>Ressources Documentaires<\/strong>\u201d de l\u2019ENT&nbsp;<strong>M\u00e9tice<\/strong>. Ce catalogue est \u00e9galement un moteur de recherche tr\u00e8s utile pour les \u00e9l\u00e8ves.<\/p>\n\n\n\n<p>Au CDI, les \u00e9l\u00e8ves r\u00e9alisent les \u00e9missions de la <strong>radio du lyc\u00e9e<\/strong>, la <strong>RPP<\/strong>, un lien<a href=\"https:\/\/open.spotify.com\/show\/3Nkg4xxkP9i7TXNwyZhIiC?si=dcafb5ca124d425c\"> ici<\/a>.&nbsp;<\/p>\n\n\n\n<p>Le CDI est un lieu d\u2019<strong>accueil et d\u2019\u00e9changes&nbsp;<\/strong>et, en ce sens, il est&nbsp;<strong>ouvert \u00e0 toutes et \u00e0 tous<\/strong>&nbsp;!<\/p>\n\n\n<p align=\"justify\">\u00a0<\/p>\n<p align=\"justify\">\u00a0<\/p>\n<p>\u00a0<\/p>","protected":false},"excerpt":{"rendered":"<p>Le Centre de Documentation et d\u2019Information est un lieu de&nbsp;ressources documentaires p\u00e9dagogiques et culturelles.&nbsp; Il est aussi un lieu d\u2019enseignement ax\u00e9 sur l\u2019EMI (\u00c9ducation aux M\u00e9dias et \u00e0 l\u2019Information). G\u00e9r\u00e9 par M. Dupuis, professeur documentaliste, et Mme Attard, AED, il est ouvert aux horaires suivantes\u00a0: Le catalogue du CDI est accessible via&nbsp;e-sidoc, dans l\u2019onglet \u201cRessources [&hellip;]<\/p>\n","protected":false},"author":944,"featured_media":0,"parent":0,"menu_order":0,"comment_status":"closed","ping_status":"closed","template":"page-full.php","meta":{"footnotes":""},"class_list":["post-249","page","type-page","status-publish","hentry"],"_links":{"self":[{"href":"https:\/\/etab.ac-reunion.fr\/lyc-antoine-de-saint-exupery\/wp-json\/wp\/v2\/pages\/249","targetHints":{"allow":["GET"]}}],"collection":[{"href":"https:\/\/etab.ac-reunion.fr\/lyc-antoine-de-saint-exupery\/wp-json\/wp\/v2\/pages"}],"about":[{"href":"https:\/\/etab.ac-reunion.fr\/lyc-antoine-de-saint-exupery\/wp-json\/wp\/v2\/types\/page"}],"author":[{"embeddable":true,"href":"https:\/\/etab.ac-reunion.fr\/lyc-antoine-de-saint-exupery\/wp-json\/wp\/v2\/users\/944"}],"replies":[{"embeddable":true,"href":"https:\/\/etab.ac-reunion.fr\/lyc-antoine-de-saint-exupery\/wp-json\/wp\/v2\/comments?post=249"}],"version-history":[{"count":49,"href":"https:\/\/etab.ac-reunion.fr\/lyc-antoine-de-saint-exupery\/wp-json\/wp\/v2\/pages\/249\/revisions"}],"predecessor-version":[{"id":10053,"href":"https:\/\/etab.ac-reunion.fr\/lyc-antoine-de-saint-exupery\/wp-json\/wp\/v2\/pages\/249\/revisions\/10053"}],"wp:attachment":[{"href":"https:\/\/etab.ac-reunion.fr\/lyc-antoine-de-saint-exupery\/wp-json\/wp\/v2\/media?parent=249"}],"curies":[{"name":"wp","href":"https:\/\/api.w.org\/{rel}","templated":true}]}}