{"id":26,"date":"2014-03-04T14:13:55","date_gmt":"2014-03-04T10:13:55","guid":{"rendered":"http:\/\/lycee-avirons-tmp.ac-reunion.fr\/?page_id=26"},"modified":"2025-08-12T11:50:29","modified_gmt":"2025-08-12T07:50:29","slug":"les-personnels","status":"publish","type":"page","link":"https:\/\/etab.ac-reunion.fr\/lyc-antoine-de-saint-exupery\/letablissement\/les-personnels\/","title":{"rendered":"Les personnels"},"content":{"rendered":"\n<p>L&rsquo;\u00e9tablissement est dirig\u00e9 par Monsieur MUSSARD Laurent, proviseur et de son adjointe Mme BODZEN Fr\u00e9d\u00e9rique.<br \/><br \/>Ils sont second\u00e9s par M. TISON Herv\u00e9, Agent comptable et Madame PROSPER Muriel, DDFPT .<\/p>\n\n\n\n<p>Pr\u00e8s d&rsquo;une centaine d&rsquo;enseignants, de personnels administratifs et de service travaillent au bon fonctionnement du lyc\u00e9e.<\/p>\n\n\n\n<p><\/p>\n","protected":false},"excerpt":{"rendered":"<p>L&rsquo;\u00e9tablissement est dirig\u00e9 par Monsieur MUSSARD Laurent, proviseur et de son adjointe Mme BODZEN Fr\u00e9d\u00e9rique. Ils sont second\u00e9s par M. TISON Herv\u00e9, Agent comptable et Madame PROSPER Muriel, DDFPT . Pr\u00e8s d&rsquo;une centaine d&rsquo;enseignants, de personnels administratifs et de service travaillent au bon fonctionnement du lyc\u00e9e.<\/p>\n","protected":false},"author":944,"featured_media":0,"parent":24,"menu_order":0,"comment_status":"closed","ping_status":"closed","template":"page-full.php","meta":{"footnotes":""},"class_list":["post-26","page","type-page","status-publish","hentry"],"_links":{"self":[{"href":"https:\/\/etab.ac-reunion.fr\/lyc-antoine-de-saint-exupery\/wp-json\/wp\/v2\/pages\/26","targetHints":{"allow":["GET"]}}],"collection":[{"href":"https:\/\/etab.ac-reunion.fr\/lyc-antoine-de-saint-exupery\/wp-json\/wp\/v2\/pages"}],"about":[{"href":"https:\/\/etab.ac-reunion.fr\/lyc-antoine-de-saint-exupery\/wp-json\/wp\/v2\/types\/page"}],"author":[{"embeddable":true,"href":"https:\/\/etab.ac-reunion.fr\/lyc-antoine-de-saint-exupery\/wp-json\/wp\/v2\/users\/944"}],"replies":[{"embeddable":true,"href":"https:\/\/etab.ac-reunion.fr\/lyc-antoine-de-saint-exupery\/wp-json\/wp\/v2\/comments?post=26"}],"version-history":[{"count":38,"href":"https:\/\/etab.ac-reunion.fr\/lyc-antoine-de-saint-exupery\/wp-json\/wp\/v2\/pages\/26\/revisions"}],"predecessor-version":[{"id":10999,"href":"https:\/\/etab.ac-reunion.fr\/lyc-antoine-de-saint-exupery\/wp-json\/wp\/v2\/pages\/26\/revisions\/10999"}],"up":[{"embeddable":true,"href":"https:\/\/etab.ac-reunion.fr\/lyc-antoine-de-saint-exupery\/wp-json\/wp\/v2\/pages\/24"}],"wp:attachment":[{"href":"https:\/\/etab.ac-reunion.fr\/lyc-antoine-de-saint-exupery\/wp-json\/wp\/v2\/media?parent=26"}],"curies":[{"name":"wp","href":"https:\/\/api.w.org\/{rel}","templated":true}]}}