{"id":2778,"date":"2017-02-17T10:00:46","date_gmt":"2017-02-17T06:00:46","guid":{"rendered":"http:\/\/lycee-avirons.ac-reunion.fr\/?page_id=2778"},"modified":"2017-02-17T10:13:17","modified_gmt":"2017-02-17T06:13:17","slug":"le-lycee-a-linternational","status":"publish","type":"page","link":"https:\/\/etab.ac-reunion.fr\/lyc-antoine-de-saint-exupery\/le-lycee-a-linternational\/","title":{"rendered":"Le Lyc\u00e9e \u00e0 l&rsquo;international"},"content":{"rendered":"<p>Favoriser l\u2019ouverture de l\u2019\u00e9tablissement \u00e0 l\u2019international est l\u2019axe N\u00b03 du deuxi\u00e8me volet du projet d\u2019\u00e9tablissement : Pr\u00e9parer l\u2019\u00e9l\u00e8ve \u00e0 ses responsabilit\u00e9s de futur citoyen<\/p>\n<p>En voici les principaux axes :<\/p>\n<p>P\u00e9renniser l&rsquo;enseignement des trois Disciplines Non Linguistiques : S.E.S. en anglais, Histoire en espagnol, et \u00c9conomie en allemand.<br \/>\nS\u2019inscrire dans une d\u00e9marche d\u2019\u00e9conomie sociale et solidaire \u00e0 l\u2019\u00e9chelle de l\u2019Oc\u00e9an Indien.<br \/>\nMieux faire conna\u00eetre l\u2019histoire indo-oc\u00e9anique.<br \/>\nPromouvoir ou reconduire les voyages linguistiques, faire aboutir les nouveaux projets :<br \/>\n\u2022 projet d\u2019\u00e9change avec un lyc\u00e9e professionnel de m\u00e9tropole et P.F.M.P. (P\u00e9riode de Formation en Milieu Professionnel)<br \/>\n\u2022 \u00e9changes avec les pays germanophones<br \/>\n\u2022 projet de voyage \u00e0 Berlin ax\u00e9 sur l\u2019\u00e9conomie (prolongement de la D.N.L. allemand)<br \/>\n\u2022 projet de voyage linguistique R\u00e9union-Australie, puis Australie-R\u00e9union pr\u00e9vu \u00e0 l&rsquo;horizon 2015<br \/>\n\u2022 Poursuivre les \u00e9changes \u00e9lectroniques avec l&rsquo;Australie m\u00e9ridionale (Ad\u00e9la\u00efde) sous forme de blogs<\/p>\n<p>Pour tous ces projets, vous trouverez dans les pages qui suivent des informations plus compl\u00e8tes et des liens vers le blog des voyages du lyc\u00e9e.<\/p>\n<p>Ce blog plus conviviale vous permettra de suivre les \u00e9l\u00e8ves tout au long de leurs voyages.<\/p>\n","protected":false},"excerpt":{"rendered":"<p>Favoriser l\u2019ouverture de l\u2019\u00e9tablissement \u00e0 l\u2019international est l\u2019axe N\u00b03 du deuxi\u00e8me volet du projet d\u2019\u00e9tablissement : Pr\u00e9parer l\u2019\u00e9l\u00e8ve \u00e0 ses responsabilit\u00e9s de futur citoyen En voici les principaux axes : P\u00e9renniser l&rsquo;enseignement des trois Disciplines Non Linguistiques : S.E.S. en anglais, Histoire en espagnol, et \u00c9conomie en allemand. S\u2019inscrire dans une d\u00e9marche d\u2019\u00e9conomie sociale et [&hellip;]<\/p>\n","protected":false},"author":11873,"featured_media":0,"parent":0,"menu_order":0,"comment_status":"closed","ping_status":"closed","template":"","meta":{"footnotes":""},"class_list":["post-2778","page","type-page","status-publish","hentry"],"_links":{"self":[{"href":"https:\/\/etab.ac-reunion.fr\/lyc-antoine-de-saint-exupery\/wp-json\/wp\/v2\/pages\/2778","targetHints":{"allow":["GET"]}}],"collection":[{"href":"https:\/\/etab.ac-reunion.fr\/lyc-antoine-de-saint-exupery\/wp-json\/wp\/v2\/pages"}],"about":[{"href":"https:\/\/etab.ac-reunion.fr\/lyc-antoine-de-saint-exupery\/wp-json\/wp\/v2\/types\/page"}],"author":[{"embeddable":true,"href":"https:\/\/etab.ac-reunion.fr\/lyc-antoine-de-saint-exupery\/wp-json\/wp\/v2\/users\/11873"}],"replies":[{"embeddable":true,"href":"https:\/\/etab.ac-reunion.fr\/lyc-antoine-de-saint-exupery\/wp-json\/wp\/v2\/comments?post=2778"}],"version-history":[{"count":2,"href":"https:\/\/etab.ac-reunion.fr\/lyc-antoine-de-saint-exupery\/wp-json\/wp\/v2\/pages\/2778\/revisions"}],"predecessor-version":[{"id":2782,"href":"https:\/\/etab.ac-reunion.fr\/lyc-antoine-de-saint-exupery\/wp-json\/wp\/v2\/pages\/2778\/revisions\/2782"}],"wp:attachment":[{"href":"https:\/\/etab.ac-reunion.fr\/lyc-antoine-de-saint-exupery\/wp-json\/wp\/v2\/media?parent=2778"}],"curies":[{"name":"wp","href":"https:\/\/api.w.org\/{rel}","templated":true}]}}