{"id":3005,"date":"2017-06-15T22:31:42","date_gmt":"2017-06-15T18:31:42","guid":{"rendered":"http:\/\/lycee-avirons.ac-reunion.fr\/?page_id=3005"},"modified":"2017-09-25T13:43:00","modified_gmt":"2017-09-25T09:43:00","slug":"section-euro-dnl-espagnol","status":"publish","type":"page","link":"https:\/\/etab.ac-reunion.fr\/lyc-antoine-de-saint-exupery\/le-lycee-a-linternational\/section-euro-dnl-espagnol\/","title":{"rendered":"Section Euro Histoire G\u00e9ographie\/Espagnol"},"content":{"rendered":"<p><span style=\"font-size: 12pt\">Vous trouverez ci-apr\u00e8s une pr\u00e9sentation de la section Europ\u00e9enne au Lyc\u00e9e:<\/span><\/p>\n<p><span style=\"font-size: 12pt\"><a href=\"https:\/\/etab.ac-reunion.fr\/lyc-antoine-de-saint-exupery\/wp-content\/uploads\/sites\/59\/2017\/06\/pr\u00e9sentation-section-euro-StExup\u00e9ry.pdf\">Pr\u00e9sentation section euro StExup\u00e9ry<\/a><\/span><\/p>\n<p><span style=\"text-decoration: underline;font-size: 12pt\"><strong>Information suppl\u00e9mentaire:<\/strong><\/span><br \/>\n<span style=\"font-size: 12pt\"> Projet en cours : voyage en Espagne du 10 au 20 Octobre 2017 pour les \u00e9l\u00e8ves du groupe DNL de Terminale.<\/span><\/p>\n","protected":false},"excerpt":{"rendered":"<p>Vous trouverez ci-apr\u00e8s une pr\u00e9sentation de la section Europ\u00e9enne au Lyc\u00e9e: Pr\u00e9sentation section euro StExup\u00e9ry Information suppl\u00e9mentaire: Projet en cours : voyage en Espagne du 10 au 20 Octobre 2017 pour les \u00e9l\u00e8ves du groupe DNL de Terminale.<\/p>\n","protected":false},"author":11873,"featured_media":0,"parent":2778,"menu_order":0,"comment_status":"closed","ping_status":"closed","template":"page-blog.php","meta":{"footnotes":""},"class_list":["post-3005","page","type-page","status-publish","hentry"],"_links":{"self":[{"href":"https:\/\/etab.ac-reunion.fr\/lyc-antoine-de-saint-exupery\/wp-json\/wp\/v2\/pages\/3005","targetHints":{"allow":["GET"]}}],"collection":[{"href":"https:\/\/etab.ac-reunion.fr\/lyc-antoine-de-saint-exupery\/wp-json\/wp\/v2\/pages"}],"about":[{"href":"https:\/\/etab.ac-reunion.fr\/lyc-antoine-de-saint-exupery\/wp-json\/wp\/v2\/types\/page"}],"author":[{"embeddable":true,"href":"https:\/\/etab.ac-reunion.fr\/lyc-antoine-de-saint-exupery\/wp-json\/wp\/v2\/users\/11873"}],"replies":[{"embeddable":true,"href":"https:\/\/etab.ac-reunion.fr\/lyc-antoine-de-saint-exupery\/wp-json\/wp\/v2\/comments?post=3005"}],"version-history":[{"count":4,"href":"https:\/\/etab.ac-reunion.fr\/lyc-antoine-de-saint-exupery\/wp-json\/wp\/v2\/pages\/3005\/revisions"}],"predecessor-version":[{"id":3066,"href":"https:\/\/etab.ac-reunion.fr\/lyc-antoine-de-saint-exupery\/wp-json\/wp\/v2\/pages\/3005\/revisions\/3066"}],"up":[{"embeddable":true,"href":"https:\/\/etab.ac-reunion.fr\/lyc-antoine-de-saint-exupery\/wp-json\/wp\/v2\/pages\/2778"}],"wp:attachment":[{"href":"https:\/\/etab.ac-reunion.fr\/lyc-antoine-de-saint-exupery\/wp-json\/wp\/v2\/media?parent=3005"}],"curies":[{"name":"wp","href":"https:\/\/api.w.org\/{rel}","templated":true}]}}