{"id":3024,"date":"2017-06-21T10:32:30","date_gmt":"2017-06-21T06:32:30","guid":{"rendered":"http:\/\/lycee-avirons.ac-reunion.fr\/?page_id=3024"},"modified":"2017-06-29T14:58:52","modified_gmt":"2017-06-29T10:58:52","slug":"section-euro-sesanglais","status":"publish","type":"page","link":"https:\/\/etab.ac-reunion.fr\/lyc-antoine-de-saint-exupery\/le-lycee-a-linternational\/section-euro-sesanglais\/","title":{"rendered":"Section Euro SES\/Anglais"},"content":{"rendered":"<p><img loading=\"lazy\" decoding=\"async\" class=\" wp-image-3025 aligncenter\" src=\"https:\/\/etab.ac-reunion.fr\/lyc-antoine-de-saint-exupery\/wp-content\/uploads\/sites\/59\/2017\/06\/Photo-1-pr\u00e9sentation.jpg\" alt=\"\" width=\"261\" height=\"196\" \/><\/p>\n<p><strong>Section europ\u00e9enne anglais &#8211; sciences \u00e9conomiques et sociales<\/strong><\/p>\n<p>Les sections europ\u00e9ennes sont ouvertes \u00e0 des \u00e9l\u00e8ves d\u00e9sireux d\u2019approfondir leur ma\u00eetrise d\u2019une langue vivante \u00e9trang\u00e8re en travaillant sur des supports en lien avec la Discipline Non Linguistique. Au lyc\u00e9e St-Exup\u00e9ry, les sciences \u00e9conomiques et sociales sont enseign\u00e9es en partie dans la langue de la section (l\u2019anglais).<\/p>\n<p>&nbsp;<\/p>\n<p><strong>Pr\u00e9sentation de la section euro anglais-SES<\/strong><\/p>\n<p>Dans cette section europ\u00e9enne, les \u00e9l\u00e8ves suivent un enseignement renforc\u00e9 d\u2019anglais et un enseignement suppl\u00e9mentaire de sciences \u00e9conomiques et sociales (SES) enti\u00e8rement en anglais (2\u00a0h hebdomadaires en plus de l\u2019horaire obligatoire). L\u2019apprentissage de la section europ\u00e9enne anglais-SES d\u00e9bute en classe de seconde et se poursuit en premi\u00e8re et en terminale.<\/p>\n<p>L\u2019objectif \u00e9tant de favoriser la ma\u00eetrise avanc\u00e9e de l\u2019anglais par les \u00e9l\u00e8ves et d\u2019ouvrir l\u2019\u00e9tablissement sur l\u2019Europe et l\u2019international, l\u2019horaire normal de chaque discipline est donc augment\u00e9 de :<\/p>\n<ul>\n<li>1\u00a0h de sciences \u00e9conomiques et sociales en anglais et<\/li>\n<li>1\u00a0h d\u2019anglais.<\/li>\n<\/ul>\n<p><strong>Proc\u00e9dure d\u2019inscription<\/strong><\/p>\n<p>Les \u00e9l\u00e8ves souhaitant int\u00e9grer une section europ\u00e9enne au lyc\u00e9e St-Exup\u00e9ry sont pr\u00e9-s\u00e9lectionn\u00e9s par leurs enseignants d\u2019anglais respectifs de 3<sup>\u00e8me<\/sup> du secteur. Une commission compos\u00e9e de ces m\u00eames enseignants et des enseignants de 2nde DNL anglais et SES se r\u00e9unit pour la s\u00e9lection de 30 \u00e9l\u00e8ves maximum sur des crit\u00e8res d\u2019excellence, de motivation et de r\u00e9gularit\u00e9 dans le travail.<\/p>\n<p>Il est important de noter que l\u2019\u00e9l\u00e8ve se r\u00e9engage chaque ann\u00e9e \u00e0 suivre cette option\u00a0: de l\u2019assiduit\u00e9 est requise, et on ne peut pas quitter l\u2019option en cours d\u2019ann\u00e9e. Un \u00e9l\u00e8ve qui souhaite quitter la section europ\u00e9enne \u00e0 la fin d\u2019une ann\u00e9e scolaire doit s\u2019entretenir avec ses professeurs et obtenir l\u2019accord de l\u2019administration.<\/p>\n<p>Si des places se lib\u00e8rent, il est possible de rejoindre la section europ\u00e9enne anglais en Premi\u00e8re si les r\u00e9sultats sont suffisants et apr\u00e8s validation des professeurs d\u2019anglais et de SES.<\/p>\n<p><strong>Les conditions n\u00e9cessaires pour int\u00e9grer l\u2019option sont\u00a0:<\/strong><\/p>\n<p><strong>**Suivre l\u2019enseignement d\u2019exploration SES<br \/>\n**Etre motiv\u00e9(e) et enthousiaste<\/strong><strong><br \/>\n**Etre pr\u00eat(e) \u00e0 participer \u00e0 l\u2019oral<br \/>\n**Avoir des habitudes de travail\u00a0: la section europ\u00e9enne suppose des heures de cours, du travail et des devoirs suppl\u00e9mentaires.<br \/>\n**Avoir un bon niveau de langue\u00a0: il ne s\u2019agit pas de cours de soutien en anglais. <\/strong><\/p>\n<p><strong>\u00a0<\/strong><\/p>\n<p><strong>Contenu des enseignements<\/strong><\/p>\n<p><strong>En anglais\u00a0\u00a0\u00a0\u00a0\u00a0\u00a0 <img loading=\"lazy\" decoding=\"async\" class=\"wp-image-3026 alignnone\" src=\"https:\/\/etab.ac-reunion.fr\/lyc-antoine-de-saint-exupery\/wp-content\/uploads\/sites\/59\/2017\/06\/Photo-2-pr\u00e9sentation.png\" alt=\"\" width=\"159\" height=\"90\" srcset=\"https:\/\/etab.ac-reunion.fr\/lyc-antoine-de-saint-exupery\/wp-content\/uploads\/sites\/59\/2017\/06\/Photo-2-pr\u00e9sentation.png 283w, https:\/\/etab.ac-reunion.fr\/lyc-antoine-de-saint-exupery\/wp-content\/uploads\/sites\/59\/2017\/06\/Photo-2-pr\u00e9sentation-95x54.png 95w\" sizes=\"auto, (max-width: 159px) 100vw, 159px\" \/><\/strong><\/p>\n<p><strong>\u00a0<\/strong><\/p>\n<ul>\n<li>Pr\u00e9paration \u00e0 l\u2019\u00e9preuve sp\u00e9cifique du CEC (Cambridge English Certificate) en classe de seconde qui valide le niveau B1 dans toutes les comp\u00e9tences\u00a0: compr\u00e9hension et expression, \u00e0 l\u2019oral et \u00e0 l\u2019\u00e9crit (voir articles\u00a0: Le CEC de A \u00e0 Z et communiqu\u00e9 de presse pour plus d\u2019informations),<\/li>\n<li>Usage de l\u2019anglais comme langue de communication dans le domaine de l\u2019\u00e9conomie et de la sociologie,<\/li>\n<li>D\u00e9veloppement des aspects culturels et soci\u00e9taux des th\u00e8mes abord\u00e9s en \u00e9conomie et en sociologie, en particulier dans le monde anglo-saxon.<\/li>\n<li>Pr\u00e9paration de l\u2019\u00e9preuve sp\u00e9cifique du baccalaur\u00e9at \u00ab\u00a0mention europ\u00e9enne\u00a0\u00bb.<\/li>\n<\/ul>\n<p>&nbsp;<\/p>\n<p><strong>En Sciences \u00e9conomiques et sociales\u00a0\u00a0\u00a0\u00a0\u00a0\u00a0\u00a0\u00a0\u00a0\u00a0 <img loading=\"lazy\" decoding=\"async\" class=\"wp-image-3027 alignright\" src=\"https:\/\/etab.ac-reunion.fr\/lyc-antoine-de-saint-exupery\/wp-content\/uploads\/sites\/59\/2017\/06\/Photo-3-pr\u00e9sentation.jpg\" alt=\"\" width=\"238\" height=\"176\" srcset=\"https:\/\/etab.ac-reunion.fr\/lyc-antoine-de-saint-exupery\/wp-content\/uploads\/sites\/59\/2017\/06\/Photo-3-pr\u00e9sentation.jpg 400w, https:\/\/etab.ac-reunion.fr\/lyc-antoine-de-saint-exupery\/wp-content\/uploads\/sites\/59\/2017\/06\/Photo-3-pr\u00e9sentation-300x221.jpg 300w\" sizes=\"auto, (max-width: 238px) 100vw, 238px\" \/><\/strong><\/p>\n<ul>\n<li>Recherche et analyse documentaire en anglais,<\/li>\n<li>Consolidation et approfondissement des programmes de sciences \u00e9conomiques et sociales du lyc\u00e9e,<\/li>\n<li>Sensibilisation aux approches sociopolitiques anglo-saxonnes et aux notions fondamentales de l\u2019\u00e9conomie et de la sociologie par le biais d\u2019\u00e9tudes de cas vari\u00e9es (ch\u00f4mage, production de la richesse, consommation, in\u00e9galit\u00e9s, mobilit\u00e9 sociale\u2026),<\/li>\n<li>Pr\u00e9paration de l\u2019\u00e9preuve sp\u00e9cifique du baccalaur\u00e9at \u00ab\u00a0mention europ\u00e9enne\u00a0\u00bb.<\/li>\n<\/ul>\n<p>L\u2019assistant(e) de langue anglaise participe aux s\u00e9ances et\/ou travaille avec de petits groupes d\u2019\u00e9l\u00e8ves pour renforcer l\u2019apprentissage de la communication en anglais.<\/p>\n<p><strong>\u00a0<\/strong><\/p>\n<p><strong>\u00a0<\/strong><\/p>\n<p><strong>\u00c9preuves du baccalaur\u00e9at<\/strong><\/p>\n<p>Pour obtenir le baccalaur\u00e9at g\u00e9n\u00e9ral avec \u201cmention europ\u00e9enne\u201d, il faut acqu\u00e9rir :<\/p>\n<ul>\n<li>le baccalaur\u00e9at avec une moyenne minimum de 10\/20 comme tout autre \u00e9l\u00e8ve,<\/li>\n<li>une note minimale de 12\/20 \u00e0 l&rsquo;\u00e9preuve commune de LV1 Anglais du baccalaur\u00e9at,<\/li>\n<li>une note minimale de 10\/20 \u00e0 une \u00e9preuve orale sp\u00e9cifique de Sciences \u00e9conomiques et sociales en langue anglaise.<\/li>\n<\/ul>\n<p>&nbsp;<\/p>\n<p><strong>Poursuite d\u2019\u00e9tudes<\/strong><\/p>\n<p>Un \u00e9l\u00e8ve qui se sera s\u00e9rieusement investi pendant plusieurs ann\u00e9es dans le cursus de la section europ\u00e9enne d\u00e9veloppera un tr\u00e8s bon niveau en anglais, ainsi qu\u2019une aisance dans le domaine de la culture \u00e9conomique et sociale.<\/p>\n<p>La mention europ\u00e9enne au baccalaur\u00e9at facilitera :<\/p>\n<ul>\n<li>la poursuite d\u2019\u00e9tudes en sciences \u00e9conomiques et sociales de fa\u00e7on g\u00e9n\u00e9rale, puisque l\u2019anglais est la langue de communication de nombreux secteurs de l\u2019\u00e9conomie (presse, m\u00e9dias, litt\u00e9rature, etc.),<\/li>\n<li>l\u2019admission dans des sections europ\u00e9ennes ou internationales de l\u2019enseignement sup\u00e9rieur,<\/li>\n<li>l\u2019admission dans des universit\u00e9s \u00e9trang\u00e8res.<\/li>\n<\/ul>\n<p>&nbsp;<\/p>\n<p>&nbsp;<\/p>\n<p>&nbsp;<\/p>\n<p>&nbsp;<\/p>\n","protected":false},"excerpt":{"rendered":"<p>Section europ\u00e9enne anglais &#8211; sciences \u00e9conomiques et sociales Les sections europ\u00e9ennes sont ouvertes \u00e0 des \u00e9l\u00e8ves d\u00e9sireux d\u2019approfondir leur ma\u00eetrise d\u2019une langue vivante \u00e9trang\u00e8re en travaillant sur des supports en lien avec la Discipline Non Linguistique. Au lyc\u00e9e St-Exup\u00e9ry, les sciences \u00e9conomiques et sociales sont enseign\u00e9es en partie dans la langue de la section (l\u2019anglais). [&hellip;]<\/p>\n","protected":false},"author":11873,"featured_media":0,"parent":2778,"menu_order":0,"comment_status":"closed","ping_status":"closed","template":"page-blog.php","meta":{"footnotes":""},"class_list":["post-3024","page","type-page","status-publish","hentry"],"_links":{"self":[{"href":"https:\/\/etab.ac-reunion.fr\/lyc-antoine-de-saint-exupery\/wp-json\/wp\/v2\/pages\/3024","targetHints":{"allow":["GET"]}}],"collection":[{"href":"https:\/\/etab.ac-reunion.fr\/lyc-antoine-de-saint-exupery\/wp-json\/wp\/v2\/pages"}],"about":[{"href":"https:\/\/etab.ac-reunion.fr\/lyc-antoine-de-saint-exupery\/wp-json\/wp\/v2\/types\/page"}],"author":[{"embeddable":true,"href":"https:\/\/etab.ac-reunion.fr\/lyc-antoine-de-saint-exupery\/wp-json\/wp\/v2\/users\/11873"}],"replies":[{"embeddable":true,"href":"https:\/\/etab.ac-reunion.fr\/lyc-antoine-de-saint-exupery\/wp-json\/wp\/v2\/comments?post=3024"}],"version-history":[{"count":1,"href":"https:\/\/etab.ac-reunion.fr\/lyc-antoine-de-saint-exupery\/wp-json\/wp\/v2\/pages\/3024\/revisions"}],"predecessor-version":[{"id":3028,"href":"https:\/\/etab.ac-reunion.fr\/lyc-antoine-de-saint-exupery\/wp-json\/wp\/v2\/pages\/3024\/revisions\/3028"}],"up":[{"embeddable":true,"href":"https:\/\/etab.ac-reunion.fr\/lyc-antoine-de-saint-exupery\/wp-json\/wp\/v2\/pages\/2778"}],"wp:attachment":[{"href":"https:\/\/etab.ac-reunion.fr\/lyc-antoine-de-saint-exupery\/wp-json\/wp\/v2\/media?parent=3024"}],"curies":[{"name":"wp","href":"https:\/\/api.w.org\/{rel}","templated":true}]}}