{"id":3111,"date":"2017-09-08T08:22:19","date_gmt":"2017-09-08T04:22:19","guid":{"rendered":"http:\/\/lycee-avirons.ac-reunion.fr\/?page_id=3111"},"modified":"2017-09-11T08:28:37","modified_gmt":"2017-09-11T04:28:37","slug":"anciens-eleves-contactez-nous","status":"publish","type":"page","link":"https:\/\/etab.ac-reunion.fr\/lyc-antoine-de-saint-exupery\/anciens-eleves-contactez-nous\/","title":{"rendered":"Anciens \u00e9l\u00e8ves contactez nous !"},"content":{"rendered":"<p>Faites nous parvenir vos coordonn\u00e9es pour la mise \u00e0 jour de l\u2019annuaire des anciens \u00e9l\u00e8ves. Nous pourrons vous joindre \u00e9galement dans le cadre des rencontres avec les anciens \u00e9l\u00e8ves et les professionnels.<\/p>\n<p>Veuillez remplir le formulaire ci-dessous en prenant soin d&rsquo;indiquer dans le corps du mail, vos coordonn\u00e9es (Nom, Pr\u00e9nom, T\u00e9l\u00e9phone), le cursus suivis et l&rsquo;ann\u00e9e d&rsquo;obtention du dipl\u00f4me ainsi que le poste\/projet actuel.<\/p>\n[si-contact-form form=&rsquo;1&prime;]\n","protected":false},"excerpt":{"rendered":"<p>Faites nous parvenir vos coordonn\u00e9es pour la mise \u00e0 jour de l\u2019annuaire des anciens \u00e9l\u00e8ves. Nous pourrons vous joindre \u00e9galement dans le cadre des rencontres avec les anciens \u00e9l\u00e8ves et les professionnels. Veuillez remplir le formulaire ci-dessous en prenant soin d&rsquo;indiquer dans le corps du mail, vos coordonn\u00e9es (Nom, Pr\u00e9nom, T\u00e9l\u00e9phone), le cursus suivis et [&hellip;]<\/p>\n","protected":false},"author":11873,"featured_media":0,"parent":0,"menu_order":0,"comment_status":"closed","ping_status":"closed","template":"","meta":{"footnotes":""},"class_list":["post-3111","page","type-page","status-publish","hentry"],"_links":{"self":[{"href":"https:\/\/etab.ac-reunion.fr\/lyc-antoine-de-saint-exupery\/wp-json\/wp\/v2\/pages\/3111","targetHints":{"allow":["GET"]}}],"collection":[{"href":"https:\/\/etab.ac-reunion.fr\/lyc-antoine-de-saint-exupery\/wp-json\/wp\/v2\/pages"}],"about":[{"href":"https:\/\/etab.ac-reunion.fr\/lyc-antoine-de-saint-exupery\/wp-json\/wp\/v2\/types\/page"}],"author":[{"embeddable":true,"href":"https:\/\/etab.ac-reunion.fr\/lyc-antoine-de-saint-exupery\/wp-json\/wp\/v2\/users\/11873"}],"replies":[{"embeddable":true,"href":"https:\/\/etab.ac-reunion.fr\/lyc-antoine-de-saint-exupery\/wp-json\/wp\/v2\/comments?post=3111"}],"version-history":[{"count":6,"href":"https:\/\/etab.ac-reunion.fr\/lyc-antoine-de-saint-exupery\/wp-json\/wp\/v2\/pages\/3111\/revisions"}],"predecessor-version":[{"id":3127,"href":"https:\/\/etab.ac-reunion.fr\/lyc-antoine-de-saint-exupery\/wp-json\/wp\/v2\/pages\/3111\/revisions\/3127"}],"wp:attachment":[{"href":"https:\/\/etab.ac-reunion.fr\/lyc-antoine-de-saint-exupery\/wp-json\/wp\/v2\/media?parent=3111"}],"curies":[{"name":"wp","href":"https:\/\/api.w.org\/{rel}","templated":true}]}}