{"id":3885,"date":"2018-05-25T11:13:38","date_gmt":"2018-05-25T07:13:38","guid":{"rendered":"http:\/\/lycee-avirons.ac-reunion.fr\/?page_id=3885"},"modified":"2019-05-28T08:00:49","modified_gmt":"2019-05-28T04:00:49","slug":"inscriptions-2018-2019","status":"publish","type":"page","link":"https:\/\/etab.ac-reunion.fr\/lyc-antoine-de-saint-exupery\/inscriptions-2018-2019\/","title":{"rendered":"<strong>Inscriptions 2018-2019<\/strong>"},"content":{"rendered":"<p>Les inscriptions 2018-2019 vont bient\u00f4t commencer vous trouverez ci-apr\u00e8s les diff\u00e9rents documents concernant celles-ci.<br \/>\nLe calendrier, les pi\u00e8ces \u00e0 fournir, et autres documents d&rsquo;information<\/p>\n<p>Document \u00e0 fournir:<br \/>\n<a href=\"https:\/\/etab.ac-reunion.fr\/lyc-antoine-de-saint-exupery\/wp-content\/uploads\/sites\/59\/2018\/06\/inscriptions-2018-1.pdf\">Liste des pi\u00e8ces \u00e0 fournir et calendrier des inscriptions<\/a><br \/>\n<a href=\"https:\/\/etab.ac-reunion.fr\/lyc-antoine-de-saint-exupery\/wp-content\/uploads\/sites\/59\/2018\/06\/Service-de-restauration-1.pdf\">Fiche d&rsquo;inscription au service de restauration<\/a><br \/>\n<a href=\"https:\/\/etab.ac-reunion.fr\/lyc-antoine-de-saint-exupery\/wp-content\/uploads\/sites\/59\/2018\/05\/\u00e9vacuation-cyclonique.pdf\">Fiche d&rsquo;\u00e9vacuation cyclonique<\/a><br \/>\n<a href=\"https:\/\/etab.ac-reunion.fr\/lyc-antoine-de-saint-exupery\/wp-content\/uploads\/sites\/59\/2018\/05\/fiche-de-scolarite.pdf\">Fiche de scolarit\u00e9<\/a><br \/>\n<a href=\"https:\/\/etab.ac-reunion.fr\/lyc-antoine-de-saint-exupery\/wp-content\/uploads\/sites\/59\/2018\/06\/formulaire-droit-image.pdf\">Formulaire de droit \u00e0 l&rsquo;image<\/a><br \/>\n<a href=\"https:\/\/etab.ac-reunion.fr\/lyc-antoine-de-saint-exupery\/wp-content\/uploads\/sites\/59\/2018\/05\/demande-dinscription-\u00e0-linternat.pdf\">Demande d&rsquo;inscription \u00e0 l&rsquo;internat<\/a><\/p>\n<p>Documents \u00e0 fournir lors de r\u00e9inscription:<br \/>\n<a href=\"https:\/\/etab.ac-reunion.fr\/lyc-antoine-de-saint-exupery\/wp-content\/uploads\/sites\/59\/2018\/05\/reinscriptions-PAJ-calendrier-1.pdf\">Liste des pi\u00e8ces \u00e0 fournir et calendrier des r\u00e9inscriptions<\/a><br \/>\n<a href=\"https:\/\/etab.ac-reunion.fr\/lyc-antoine-de-saint-exupery\/wp-content\/uploads\/sites\/59\/2018\/05\/SEP-Calendrier-et-pi\u00e8ces-pour-r\u00e9-inscriptions-1.pdf\">Liste des pi\u00e8ces \u00e0 fournir et calendrier des r\u00e9inscriptions pour la section d&rsquo;enseignement professionnelle<\/a><\/p>\n<p>En fonction de la classe:<br \/>\n<a href=\"https:\/\/etab.ac-reunion.fr\/lyc-antoine-de-saint-exupery\/wp-content\/uploads\/sites\/59\/2018\/06\/imprime-classes-de-2nde-2018-2019.pdf\">&#8211; Imprim\u00e9 classes de 2nde 2018-2019<\/a><br \/>\n<a href=\"https:\/\/etab.ac-reunion.fr\/lyc-antoine-de-saint-exupery\/wp-content\/uploads\/sites\/59\/2018\/06\/dossier-edex-EPS-2018-2019.pdf\">&#8212;- Dossier pour l&rsquo;Edex EPS 2018-2019<\/a><br \/>\n<a href=\"https:\/\/etab.ac-reunion.fr\/lyc-antoine-de-saint-exupery\/wp-content\/uploads\/sites\/59\/2018\/05\/imprime-classes-de-TERMINALES-2018-2019.pdf\">&#8211; Imprim\u00e9 classes de TERMINALES 2018-2019<\/a><br \/>\n<a href=\"https:\/\/etab.ac-reunion.fr\/lyc-antoine-de-saint-exupery\/wp-content\/uploads\/sites\/59\/2018\/05\/imprime-page-de-garde-classes-de-1\u00e8res-2018-2019.pdf\">&#8211; Imprim\u00e9 page de garde classes de 1\u00e8res 2018-2019<\/a><br \/>\n<a href=\"https:\/\/etab.ac-reunion.fr\/lyc-antoine-de-saint-exupery\/wp-content\/uploads\/sites\/59\/2018\/05\/imprim\u00e9s-pages-de-garde-dossiers-\u00e9l\u00e8ves-CAP-Bac-Pro-et-BTS.pdf\">&#8211; Imprim\u00e9s pages de garde dossiers \u00e9l\u00e8ves CAP Bac Pro et BTS<\/a><\/p>\n<p>Documents d&rsquo;information suppl\u00e9mentaire et documents annexes:<br \/>\n<a href=\"https:\/\/etab.ac-reunion.fr\/lyc-antoine-de-saint-exupery\/wp-content\/uploads\/sites\/59\/2018\/05\/information-Bac-pro-CAP.pdf\">Information Bac pro &#8211; CAP<\/a><br \/>\n<a href=\"https:\/\/etab.ac-reunion.fr\/lyc-antoine-de-saint-exupery\/wp-content\/uploads\/sites\/59\/2018\/05\/Depliant-Information-r\u00e9forme-s\u00e9curit\u00e9-sociale.pdf\">D\u00e9pliant d&rsquo;informations sur la r\u00e9forme de s\u00e9curit\u00e9 sociale<\/a><br \/>\n<a href=\"https:\/\/etab.ac-reunion.fr\/lyc-antoine-de-saint-exupery\/wp-content\/uploads\/sites\/59\/2018\/05\/dispositif-tutorat.pdf\">Dispositif de tutorat<\/a><\/p>\n","protected":false},"excerpt":{"rendered":"<p>Les inscriptions 2018-2019 vont bient\u00f4t commencer vous trouverez ci-apr\u00e8s les diff\u00e9rents documents concernant celles-ci. Le calendrier, les pi\u00e8ces \u00e0 fournir, et autres documents d&rsquo;information Document \u00e0 fournir: Liste des pi\u00e8ces \u00e0 fournir et calendrier des inscriptions Fiche d&rsquo;inscription au service de restauration Fiche d&rsquo;\u00e9vacuation cyclonique Fiche de scolarit\u00e9 Formulaire de droit \u00e0 l&rsquo;image Demande d&rsquo;inscription [&hellip;]<\/p>\n","protected":false},"author":11873,"featured_media":2953,"parent":0,"menu_order":0,"comment_status":"closed","ping_status":"closed","template":"","meta":{"footnotes":""},"class_list":["post-3885","page","type-page","status-publish","has-post-thumbnail","hentry"],"_links":{"self":[{"href":"https:\/\/etab.ac-reunion.fr\/lyc-antoine-de-saint-exupery\/wp-json\/wp\/v2\/pages\/3885","targetHints":{"allow":["GET"]}}],"collection":[{"href":"https:\/\/etab.ac-reunion.fr\/lyc-antoine-de-saint-exupery\/wp-json\/wp\/v2\/pages"}],"about":[{"href":"https:\/\/etab.ac-reunion.fr\/lyc-antoine-de-saint-exupery\/wp-json\/wp\/v2\/types\/page"}],"author":[{"embeddable":true,"href":"https:\/\/etab.ac-reunion.fr\/lyc-antoine-de-saint-exupery\/wp-json\/wp\/v2\/users\/11873"}],"replies":[{"embeddable":true,"href":"https:\/\/etab.ac-reunion.fr\/lyc-antoine-de-saint-exupery\/wp-json\/wp\/v2\/comments?post=3885"}],"version-history":[{"count":15,"href":"https:\/\/etab.ac-reunion.fr\/lyc-antoine-de-saint-exupery\/wp-json\/wp\/v2\/pages\/3885\/revisions"}],"predecessor-version":[{"id":4324,"href":"https:\/\/etab.ac-reunion.fr\/lyc-antoine-de-saint-exupery\/wp-json\/wp\/v2\/pages\/3885\/revisions\/4324"}],"wp:featuredmedia":[{"embeddable":true,"href":"https:\/\/etab.ac-reunion.fr\/lyc-antoine-de-saint-exupery\/wp-json\/wp\/v2\/media\/2953"}],"wp:attachment":[{"href":"https:\/\/etab.ac-reunion.fr\/lyc-antoine-de-saint-exupery\/wp-json\/wp\/v2\/media?parent=3885"}],"curies":[{"name":"wp","href":"https:\/\/api.w.org\/{rel}","templated":true}]}}