{"id":5061,"date":"2020-03-23T21:13:40","date_gmt":"2020-03-23T17:13:40","guid":{"rendered":"http:\/\/lycee-avirons.ac-reunion.fr\/?page_id=5061"},"modified":"2020-03-23T21:36:44","modified_gmt":"2020-03-23T17:36:44","slug":"la-classe-virtuelle","status":"publish","type":"page","link":"https:\/\/etab.ac-reunion.fr\/lyc-antoine-de-saint-exupery\/covid-19-continuite-pedagogique\/la-classe-virtuelle\/","title":{"rendered":"La classe virtuelle"},"content":{"rendered":"\n<figure class=\"wp-block-image size-large\"><img loading=\"lazy\" decoding=\"async\" width=\"480\" height=\"89\" src=\"https:\/\/etab.ac-reunion.fr\/lyc-antoine-de-saint-exupery\/wp-content\/uploads\/sites\/59\/2020\/03\/ma-classe-a-la-maison.png\" alt=\"\" class=\"wp-image-5066\" srcset=\"https:\/\/etab.ac-reunion.fr\/lyc-antoine-de-saint-exupery\/wp-content\/uploads\/sites\/59\/2020\/03\/ma-classe-a-la-maison.png 480w, https:\/\/etab.ac-reunion.fr\/lyc-antoine-de-saint-exupery\/wp-content\/uploads\/sites\/59\/2020\/03\/ma-classe-a-la-maison-300x56.png 300w\" sizes=\"auto, (max-width: 480px) 100vw, 480px\" \/><\/figure>\n\n\n\n<p> Si un enseignant d\u00e9sire r\u00e9aliser un cours virtuel, il informera pr\u00e9alablement (par Pronote par exemple) les \u00e9l\u00e8ves du jour et de l\u2019heure. Il transmettra aussi un lien qui sera \u00e0 copier\/coller dans la barre d\u2019adresse d\u2019un navigateur (Chrome de pr\u00e9f\u00e9rence). L\u2019\u00e9l\u00e8ve pourra demander la parole, poser des questions \u00e9crites ou orales, voir des cours vid\u00e9o ou audio selon le choix de l\u2019enseignant. <\/p>\n\n\n\n<p> Voici le lien d\u2019un tutoriel vid\u00e9o expliquant comment proc\u00e9der pour les \u00e9l\u00e8ves :  <a href=\"https:\/\/www.youtube.com\/watch?v=LiA22YgaLcY\">https:\/\/www.youtube.com\/watch?v=LiA22YgaLcY<\/a><\/p>\n\n\n\n<p> Explicative : <\/p>\n\n\n\n<figure class=\"wp-block-image size-large\"><img loading=\"lazy\" decoding=\"async\" width=\"850\" height=\"677\" src=\"https:\/\/etab.ac-reunion.fr\/lyc-antoine-de-saint-exupery\/wp-content\/uploads\/sites\/59\/2020\/03\/ma-classe-a-la-maison1.png\" alt=\"\" class=\"wp-image-5062\" srcset=\"https:\/\/etab.ac-reunion.fr\/lyc-antoine-de-saint-exupery\/wp-content\/uploads\/sites\/59\/2020\/03\/ma-classe-a-la-maison1.png 850w, https:\/\/etab.ac-reunion.fr\/lyc-antoine-de-saint-exupery\/wp-content\/uploads\/sites\/59\/2020\/03\/ma-classe-a-la-maison1-300x239.png 300w, https:\/\/etab.ac-reunion.fr\/lyc-antoine-de-saint-exupery\/wp-content\/uploads\/sites\/59\/2020\/03\/ma-classe-a-la-maison1-768x612.png 768w\" sizes=\"auto, (max-width: 850px) 100vw, 850px\" \/><\/figure>\n\n\n\n<figure class=\"wp-block-gallery columns-1 is-cropped wp-block-gallery-1 is-layout-flex wp-block-gallery-is-layout-flex\"><ul class=\"blocks-gallery-grid\"><li class=\"blocks-gallery-item\"><figure><img loading=\"lazy\" decoding=\"async\" width=\"817\" height=\"632\" src=\"https:\/\/etab.ac-reunion.fr\/lyc-antoine-de-saint-exupery\/wp-content\/uploads\/sites\/59\/2020\/03\/ma-classe-a-la-maison2.png\" alt=\"\" data-id=\"5063\" data-full-url=\"https:\/\/etab.ac-reunion.fr\/lyc-antoine-de-saint-exupery\/wp-content\/uploads\/sites\/59\/2020\/03\/ma-classe-a-la-maison2.png\" data-link=\"https:\/\/etab.ac-reunion.fr\/lyc-antoine-de-saint-exupery\/?attachment_id=5063\" class=\"wp-image-5063\" srcset=\"https:\/\/etab.ac-reunion.fr\/lyc-antoine-de-saint-exupery\/wp-content\/uploads\/sites\/59\/2020\/03\/ma-classe-a-la-maison2.png 817w, https:\/\/etab.ac-reunion.fr\/lyc-antoine-de-saint-exupery\/wp-content\/uploads\/sites\/59\/2020\/03\/ma-classe-a-la-maison2-300x232.png 300w, https:\/\/etab.ac-reunion.fr\/lyc-antoine-de-saint-exupery\/wp-content\/uploads\/sites\/59\/2020\/03\/ma-classe-a-la-maison2-768x594.png 768w\" sizes=\"auto, (max-width: 817px) 100vw, 817px\" \/><\/figure><\/li><\/ul><\/figure>\n\n\n\n<figure class=\"wp-block-image size-large\"><img loading=\"lazy\" decoding=\"async\" width=\"813\" height=\"691\" src=\"https:\/\/etab.ac-reunion.fr\/lyc-antoine-de-saint-exupery\/wp-content\/uploads\/sites\/59\/2020\/03\/ma-classe-a-la-maison3.png\" alt=\"\" class=\"wp-image-5064\" srcset=\"https:\/\/etab.ac-reunion.fr\/lyc-antoine-de-saint-exupery\/wp-content\/uploads\/sites\/59\/2020\/03\/ma-classe-a-la-maison3.png 813w, https:\/\/etab.ac-reunion.fr\/lyc-antoine-de-saint-exupery\/wp-content\/uploads\/sites\/59\/2020\/03\/ma-classe-a-la-maison3-300x255.png 300w, https:\/\/etab.ac-reunion.fr\/lyc-antoine-de-saint-exupery\/wp-content\/uploads\/sites\/59\/2020\/03\/ma-classe-a-la-maison3-768x653.png 768w\" sizes=\"auto, (max-width: 813px) 100vw, 813px\" \/><\/figure>\n\n\n\n<figure class=\"wp-block-gallery columns-1 is-cropped wp-block-gallery-2 is-layout-flex wp-block-gallery-is-layout-flex\"><ul class=\"blocks-gallery-grid\"><li class=\"blocks-gallery-item\"><figure><img loading=\"lazy\" decoding=\"async\" width=\"793\" height=\"485\" src=\"https:\/\/etab.ac-reunion.fr\/lyc-antoine-de-saint-exupery\/wp-content\/uploads\/sites\/59\/2020\/03\/ma-classe-a-la-maison4.png\" alt=\"\" data-id=\"5065\" data-full-url=\"https:\/\/etab.ac-reunion.fr\/lyc-antoine-de-saint-exupery\/wp-content\/uploads\/sites\/59\/2020\/03\/ma-classe-a-la-maison4.png\" data-link=\"https:\/\/etab.ac-reunion.fr\/lyc-antoine-de-saint-exupery\/?attachment_id=5065\" class=\"wp-image-5065\" srcset=\"https:\/\/etab.ac-reunion.fr\/lyc-antoine-de-saint-exupery\/wp-content\/uploads\/sites\/59\/2020\/03\/ma-classe-a-la-maison4.png 793w, https:\/\/etab.ac-reunion.fr\/lyc-antoine-de-saint-exupery\/wp-content\/uploads\/sites\/59\/2020\/03\/ma-classe-a-la-maison4-300x183.png 300w, https:\/\/etab.ac-reunion.fr\/lyc-antoine-de-saint-exupery\/wp-content\/uploads\/sites\/59\/2020\/03\/ma-classe-a-la-maison4-768x470.png 768w\" sizes=\"auto, (max-width: 793px) 100vw, 793px\" \/><\/figure><\/li><\/ul><\/figure>\n","protected":false},"excerpt":{"rendered":"<p>Si un enseignant d\u00e9sire r\u00e9aliser un cours virtuel, il informera pr\u00e9alablement (par Pronote par exemple) les \u00e9l\u00e8ves du jour et de l\u2019heure. Il transmettra aussi un lien qui sera \u00e0 copier\/coller dans la barre d\u2019adresse d\u2019un navigateur (Chrome de pr\u00e9f\u00e9rence). L\u2019\u00e9l\u00e8ve pourra demander la parole, poser des questions \u00e9crites ou orales, voir des cours vid\u00e9o [&hellip;]<\/p>\n","protected":false},"author":23092,"featured_media":0,"parent":5072,"menu_order":0,"comment_status":"closed","ping_status":"closed","template":"","meta":{"footnotes":""},"class_list":["post-5061","page","type-page","status-publish","hentry"],"_links":{"self":[{"href":"https:\/\/etab.ac-reunion.fr\/lyc-antoine-de-saint-exupery\/wp-json\/wp\/v2\/pages\/5061","targetHints":{"allow":["GET"]}}],"collection":[{"href":"https:\/\/etab.ac-reunion.fr\/lyc-antoine-de-saint-exupery\/wp-json\/wp\/v2\/pages"}],"about":[{"href":"https:\/\/etab.ac-reunion.fr\/lyc-antoine-de-saint-exupery\/wp-json\/wp\/v2\/types\/page"}],"author":[{"embeddable":true,"href":"https:\/\/etab.ac-reunion.fr\/lyc-antoine-de-saint-exupery\/wp-json\/wp\/v2\/users\/23092"}],"replies":[{"embeddable":true,"href":"https:\/\/etab.ac-reunion.fr\/lyc-antoine-de-saint-exupery\/wp-json\/wp\/v2\/comments?post=5061"}],"version-history":[{"count":1,"href":"https:\/\/etab.ac-reunion.fr\/lyc-antoine-de-saint-exupery\/wp-json\/wp\/v2\/pages\/5061\/revisions"}],"predecessor-version":[{"id":5067,"href":"https:\/\/etab.ac-reunion.fr\/lyc-antoine-de-saint-exupery\/wp-json\/wp\/v2\/pages\/5061\/revisions\/5067"}],"up":[{"embeddable":true,"href":"https:\/\/etab.ac-reunion.fr\/lyc-antoine-de-saint-exupery\/wp-json\/wp\/v2\/pages\/5072"}],"wp:attachment":[{"href":"https:\/\/etab.ac-reunion.fr\/lyc-antoine-de-saint-exupery\/wp-json\/wp\/v2\/media?parent=5061"}],"curies":[{"name":"wp","href":"https:\/\/api.w.org\/{rel}","templated":true}]}}