{"id":5076,"date":"2020-03-24T09:53:50","date_gmt":"2020-03-24T05:53:50","guid":{"rendered":"http:\/\/lycee-avirons.ac-reunion.fr\/?page_id=5076"},"modified":"2023-11-17T10:57:51","modified_gmt":"2023-11-17T06:57:51","slug":"acces-direct-pronote-hors-metice","status":"publish","type":"page","link":"https:\/\/etab.ac-reunion.fr\/lyc-antoine-de-saint-exupery\/acces-direct-pronote-hors-metice\/","title":{"rendered":"Acc\u00e8s direct Pronote"},"content":{"rendered":"\n<p>Nous vous proposons donc un autre moyen d\u2019acc\u00e8s \u00e0 PRONOTE, directement sans passer par METICE&nbsp;:<\/p>\n\n\n\n<p><strong>Pour les enseignants :<\/strong><br \/>L\u2019adresse du site web PRONOTE d\u00e9di\u00e9 aux enseignants est la suivante&nbsp;:<a href=\"https:\/\/9740045f.index-education.net\/pronote\/professeur.html?login=true\">https:\/\/9740045f.index-education.net\/pronote\/professeur.html?login=true<\/a><br \/><strong>Pour la vie scolaire:<\/strong><br \/>L\u2019adresse du site web PRONOTE d\u00e9di\u00e9 \u00e0 la vie scolaire est la suivante&nbsp;:<a href=\"https:\/\/9740045f.index-education.net\/pronote\/viescolaire.html?login=true\">https:\/\/9740045f.index-education.net\/pronote\/viescolaire.html?login=true<\/a><\/p>\n\n\n\n<p><strong>Pour les accompagnants:<\/strong><br \/>L\u2019adresse du site web PRONOTE d\u00e9di\u00e9 \u00e0 l&rsquo;espace accompagnant est la suivante\u00a0:<a href=\"https:\/\/9740045f.index-education.net\/pronote\/accompagnant.html?login=true\">https:\/\/9740045f.index-education.net\/pronote\/accompagnant.html?login=true<\/a><\/p>\n\n\n\n<p><strong>Pour les \u00e9l\u00e8ves:<\/strong><br \/>L\u2019adresse du site web PRONOTE d\u00e9di\u00e9 aux \u00e9l\u00e8ves est la suivante&nbsp;:<a href=\"https:\/\/9740045f.index-education.net\/pronote\/eleve.html?login=true\">https:\/\/9740045f.index-education.net\/pronote\/eleve.html?login=true<\/a><\/p>\n\n\n\n<p><strong>Attention&nbsp;:<\/strong> <strong>L\u2019authentification directe requiert les identifiants PRONOTE, et non pas les identifiants METICE.<\/strong> <\/p>\n\n\n\n<p><\/p>\n","protected":false},"excerpt":{"rendered":"<p>Nous vous proposons donc un autre moyen d\u2019acc\u00e8s \u00e0 PRONOTE, directement sans passer par METICE&nbsp;: Pour les enseignants :L\u2019adresse du site web PRONOTE d\u00e9di\u00e9 aux enseignants est la suivante&nbsp;:https:\/\/9740045f.index-education.net\/pronote\/professeur.html?login=truePour la vie scolaire:L\u2019adresse du site web PRONOTE d\u00e9di\u00e9 \u00e0 la vie scolaire est la suivante&nbsp;:https:\/\/9740045f.index-education.net\/pronote\/viescolaire.html?login=true Pour les accompagnants:L\u2019adresse du site web PRONOTE d\u00e9di\u00e9 \u00e0 l&rsquo;espace accompagnant [&hellip;]<\/p>\n","protected":false},"author":23092,"featured_media":0,"parent":0,"menu_order":0,"comment_status":"closed","ping_status":"closed","template":"","meta":{"footnotes":""},"class_list":["post-5076","page","type-page","status-publish","hentry"],"_links":{"self":[{"href":"https:\/\/etab.ac-reunion.fr\/lyc-antoine-de-saint-exupery\/wp-json\/wp\/v2\/pages\/5076","targetHints":{"allow":["GET"]}}],"collection":[{"href":"https:\/\/etab.ac-reunion.fr\/lyc-antoine-de-saint-exupery\/wp-json\/wp\/v2\/pages"}],"about":[{"href":"https:\/\/etab.ac-reunion.fr\/lyc-antoine-de-saint-exupery\/wp-json\/wp\/v2\/types\/page"}],"author":[{"embeddable":true,"href":"https:\/\/etab.ac-reunion.fr\/lyc-antoine-de-saint-exupery\/wp-json\/wp\/v2\/users\/23092"}],"replies":[{"embeddable":true,"href":"https:\/\/etab.ac-reunion.fr\/lyc-antoine-de-saint-exupery\/wp-json\/wp\/v2\/comments?post=5076"}],"version-history":[{"count":13,"href":"https:\/\/etab.ac-reunion.fr\/lyc-antoine-de-saint-exupery\/wp-json\/wp\/v2\/pages\/5076\/revisions"}],"predecessor-version":[{"id":8703,"href":"https:\/\/etab.ac-reunion.fr\/lyc-antoine-de-saint-exupery\/wp-json\/wp\/v2\/pages\/5076\/revisions\/8703"}],"wp:attachment":[{"href":"https:\/\/etab.ac-reunion.fr\/lyc-antoine-de-saint-exupery\/wp-json\/wp\/v2\/media?parent=5076"}],"curies":[{"name":"wp","href":"https:\/\/api.w.org\/{rel}","templated":true}]}}