{"id":5112,"date":"2020-04-14T13:31:08","date_gmt":"2020-04-14T09:31:08","guid":{"rendered":"http:\/\/lycee-avirons.ac-reunion.fr\/?page_id=5112"},"modified":"2020-04-14T13:31:08","modified_gmt":"2020-04-14T09:31:08","slug":"lire-un-pdf-installer-adobe-acrobat-reader","status":"publish","type":"page","link":"https:\/\/etab.ac-reunion.fr\/lyc-antoine-de-saint-exupery\/covid-19-continuite-pedagogique\/lire-un-pdf-installer-adobe-acrobat-reader\/","title":{"rendered":"Lire un PDF: Installer Adobe Acrobat Reader"},"content":{"rendered":"\n<p>Bien\nque Windows 8, 8.1 et 10 savent ouvrir en natif les fichiers PDF (c\u2019est-\u00e0-dire\nsans avoir besoin d\u2019un logiciel compl\u00e9mentaire), toutes les options ne sont pas\ndisponibles et on peut pr\u00e9f\u00e9rer le logiciel phare des PDF :&nbsp;<strong>Adobe Acrobat Reader<\/strong>&nbsp;(anciennement\nAdobe Reader tout court mais d\u00e9j\u00e0 Acrobat avant).<\/p>\n\n\n\n<p>Le logiciel Adobe Reader est gratuit et permet de lire des fichiers PDF. Pour cr\u00e9er des fichiers PDF et les modifier, il existe le logiciel Adobe Acrobat (qui lui est payant) ou simplement PDFCreator (<a rel=\"noreferrer noopener\" href=\"https:\/\/www.windows8facile.fr\/telecharger-pdfcreator-creer-fichier-pdf\/\" target=\"_blank\">tutoriel ici<\/a>).<\/p>\n\n\n\n<p><\/p>\n\n\n\n<p><strong>T\u00e9l\u00e9charger et installer Adobe Acrobat Reader<\/strong><br \/><\/p>\n\n\n\n<p>1. Aller sur le site officiel\u00a0<a rel=\"noreferrer noopener\" href=\"https:\/\/get.adobe.com\/fr\/reader\/\" target=\"_blank\">Adobe Reader<\/a>. <br \/>Lien\u00a0: <a href=\"https:\/\/get.adobe.com\/fr\/reader\/\">https:\/\/get.adobe.com\/fr\/reader\/<\/a><\/p>\n\n\n\n<p>2.\u00a0<strong>D\u00e9cocher l\u2019Offre facultative<\/strong>\u00a0\u00ab\u00a0Installer Google Chrome\u00a0\u00bb ou \u00ab\u00a0McAfee Security Scan Plus\u00a0\u00bb :<\/p>\n\n\n\n<figure class=\"wp-block-gallery columns-1 is-cropped wp-block-gallery-1 is-layout-flex wp-block-gallery-is-layout-flex\"><ul class=\"blocks-gallery-grid\"><li class=\"blocks-gallery-item\"><figure><img loading=\"lazy\" decoding=\"async\" width=\"471\" height=\"209\" src=\"https:\/\/etab.ac-reunion.fr\/lyc-antoine-de-saint-exupery\/wp-content\/uploads\/sites\/59\/2020\/04\/pdf1.jpg\" alt=\"\" data-id=\"5113\" data-full-url=\"https:\/\/etab.ac-reunion.fr\/lyc-antoine-de-saint-exupery\/wp-content\/uploads\/sites\/59\/2020\/04\/pdf1.jpg\" data-link=\"https:\/\/etab.ac-reunion.fr\/lyc-antoine-de-saint-exupery\/?attachment_id=5113\" class=\"wp-image-5113\" srcset=\"https:\/\/etab.ac-reunion.fr\/lyc-antoine-de-saint-exupery\/wp-content\/uploads\/sites\/59\/2020\/04\/pdf1.jpg 471w, https:\/\/etab.ac-reunion.fr\/lyc-antoine-de-saint-exupery\/wp-content\/uploads\/sites\/59\/2020\/04\/pdf1-300x133.jpg 300w\" sizes=\"auto, (max-width: 471px) 100vw, 471px\" \/><\/figure><\/li><\/ul><\/figure>\n\n\n\n<p>3. Cliquer sur le bouton jaune \u00ab\u00a0<strong>Installer maintenant<\/strong>\u00a0\u00bb .<\/p>\n\n\n\n<figure class=\"wp-block-image size-large\"><img loading=\"lazy\" decoding=\"async\" width=\"205\" height=\"45\" src=\"https:\/\/etab.ac-reunion.fr\/lyc-antoine-de-saint-exupery\/wp-content\/uploads\/sites\/59\/2020\/04\/pdf2.jpg\" alt=\"\" class=\"wp-image-5114\" srcset=\"https:\/\/etab.ac-reunion.fr\/lyc-antoine-de-saint-exupery\/wp-content\/uploads\/sites\/59\/2020\/04\/pdf2.jpg 205w, https:\/\/etab.ac-reunion.fr\/lyc-antoine-de-saint-exupery\/wp-content\/uploads\/sites\/59\/2020\/04\/pdf2-200x45.jpg 200w\" sizes=\"auto, (max-width: 205px) 100vw, 205px\" \/><\/figure>\n\n\n\n<p>4. Cliquer sur le fichier t\u00e9l\u00e9charg\u00e9 (<strong>Ex\u00e9cuter<\/strong>).<\/p>\n\n\n\n<figure class=\"wp-block-image size-large\"><img loading=\"lazy\" decoding=\"async\" width=\"274\" height=\"186\" src=\"https:\/\/etab.ac-reunion.fr\/lyc-antoine-de-saint-exupery\/wp-content\/uploads\/sites\/59\/2020\/04\/pdf3-1.jpg\" alt=\"\" class=\"wp-image-5119\" srcset=\"https:\/\/etab.ac-reunion.fr\/lyc-antoine-de-saint-exupery\/wp-content\/uploads\/sites\/59\/2020\/04\/pdf3-1.jpg 274w, https:\/\/etab.ac-reunion.fr\/lyc-antoine-de-saint-exupery\/wp-content\/uploads\/sites\/59\/2020\/04\/pdf3-1-140x94.jpg 140w\" sizes=\"auto, (max-width: 274px) 100vw, 274px\" \/><\/figure>\n\n\n\n<figure class=\"wp-block-image size-large\"><img loading=\"lazy\" decoding=\"async\" width=\"243\" height=\"54\" src=\"https:\/\/etab.ac-reunion.fr\/lyc-antoine-de-saint-exupery\/wp-content\/uploads\/sites\/59\/2020\/04\/pdf4-3.jpg\" alt=\"\" class=\"wp-image-5120\" \/><\/figure>\n\n\n\n<p>5. Le t\u00e9l\u00e9chargement et l\u2019installation du programme se font automatiquement.<\/p>\n\n\n\n<figure class=\"wp-block-image size-large\"><img loading=\"lazy\" decoding=\"async\" width=\"531\" height=\"130\" src=\"https:\/\/etab.ac-reunion.fr\/lyc-antoine-de-saint-exupery\/wp-content\/uploads\/sites\/59\/2020\/04\/pdf5.jpg\" alt=\"\" class=\"wp-image-5121\" srcset=\"https:\/\/etab.ac-reunion.fr\/lyc-antoine-de-saint-exupery\/wp-content\/uploads\/sites\/59\/2020\/04\/pdf5.jpg 531w, https:\/\/etab.ac-reunion.fr\/lyc-antoine-de-saint-exupery\/wp-content\/uploads\/sites\/59\/2020\/04\/pdf5-300x73.jpg 300w\" sizes=\"auto, (max-width: 531px) 100vw, 531px\" \/><\/figure>\n\n\n\n<p>6. L\u2019installation est termin\u00e9e sans rien demander.<\/p>\n\n\n\n<figure class=\"wp-block-image size-large\"><img loading=\"lazy\" decoding=\"async\" width=\"538\" height=\"168\" src=\"https:\/\/etab.ac-reunion.fr\/lyc-antoine-de-saint-exupery\/wp-content\/uploads\/sites\/59\/2020\/04\/pdf8.jpg\" alt=\"\" class=\"wp-image-5122\" srcset=\"https:\/\/etab.ac-reunion.fr\/lyc-antoine-de-saint-exupery\/wp-content\/uploads\/sites\/59\/2020\/04\/pdf8.jpg 538w, https:\/\/etab.ac-reunion.fr\/lyc-antoine-de-saint-exupery\/wp-content\/uploads\/sites\/59\/2020\/04\/pdf8-300x94.jpg 300w\" sizes=\"auto, (max-width: 538px) 100vw, 538px\" \/><\/figure>\n\n\n\n<p>7. Le logiciel est pr\u00eat \u00e0 utiliser, les fichiers PDF s\u2019ouvrent dor\u00e9navant avec Adobe Reader derni\u00e8re version. Inutile de s\u2019inscrire si un \u00e9cran le demande.<\/p>\n\n\n\n<figure class=\"wp-block-image size-large\"><img loading=\"lazy\" decoding=\"async\" width=\"402\" height=\"215\" src=\"https:\/\/etab.ac-reunion.fr\/lyc-antoine-de-saint-exupery\/wp-content\/uploads\/sites\/59\/2020\/04\/pdf9.jpg\" alt=\"\" class=\"wp-image-5123\" srcset=\"https:\/\/etab.ac-reunion.fr\/lyc-antoine-de-saint-exupery\/wp-content\/uploads\/sites\/59\/2020\/04\/pdf9.jpg 402w, https:\/\/etab.ac-reunion.fr\/lyc-antoine-de-saint-exupery\/wp-content\/uploads\/sites\/59\/2020\/04\/pdf9-300x160.jpg 300w\" sizes=\"auto, (max-width: 402px) 100vw, 402px\" \/><\/figure>\n","protected":false},"excerpt":{"rendered":"<p>Bien que Windows 8, 8.1 et 10 savent ouvrir en natif les fichiers PDF (c\u2019est-\u00e0-dire sans avoir besoin d\u2019un logiciel compl\u00e9mentaire), toutes les options ne sont pas disponibles et on peut pr\u00e9f\u00e9rer le logiciel phare des PDF :&nbsp;Adobe Acrobat Reader&nbsp;(anciennement Adobe Reader tout court mais d\u00e9j\u00e0 Acrobat avant). Le logiciel Adobe Reader est gratuit et [&hellip;]<\/p>\n","protected":false},"author":23092,"featured_media":0,"parent":5072,"menu_order":0,"comment_status":"closed","ping_status":"closed","template":"","meta":{"footnotes":""},"class_list":["post-5112","page","type-page","status-publish","hentry"],"_links":{"self":[{"href":"https:\/\/etab.ac-reunion.fr\/lyc-antoine-de-saint-exupery\/wp-json\/wp\/v2\/pages\/5112","targetHints":{"allow":["GET"]}}],"collection":[{"href":"https:\/\/etab.ac-reunion.fr\/lyc-antoine-de-saint-exupery\/wp-json\/wp\/v2\/pages"}],"about":[{"href":"https:\/\/etab.ac-reunion.fr\/lyc-antoine-de-saint-exupery\/wp-json\/wp\/v2\/types\/page"}],"author":[{"embeddable":true,"href":"https:\/\/etab.ac-reunion.fr\/lyc-antoine-de-saint-exupery\/wp-json\/wp\/v2\/users\/23092"}],"replies":[{"embeddable":true,"href":"https:\/\/etab.ac-reunion.fr\/lyc-antoine-de-saint-exupery\/wp-json\/wp\/v2\/comments?post=5112"}],"version-history":[{"count":1,"href":"https:\/\/etab.ac-reunion.fr\/lyc-antoine-de-saint-exupery\/wp-json\/wp\/v2\/pages\/5112\/revisions"}],"predecessor-version":[{"id":5124,"href":"https:\/\/etab.ac-reunion.fr\/lyc-antoine-de-saint-exupery\/wp-json\/wp\/v2\/pages\/5112\/revisions\/5124"}],"up":[{"embeddable":true,"href":"https:\/\/etab.ac-reunion.fr\/lyc-antoine-de-saint-exupery\/wp-json\/wp\/v2\/pages\/5072"}],"wp:attachment":[{"href":"https:\/\/etab.ac-reunion.fr\/lyc-antoine-de-saint-exupery\/wp-json\/wp\/v2\/media?parent=5112"}],"curies":[{"name":"wp","href":"https:\/\/api.w.org\/{rel}","templated":true}]}}