{"id":52,"date":"2014-03-24T13:36:47","date_gmt":"2014-03-24T09:36:47","guid":{"rendered":"http:\/\/lycee-avirons-tmp.ac-reunion.fr\/?page_id=52"},"modified":"2017-06-26T08:27:57","modified_gmt":"2017-06-26T04:27:57","slug":"mentions-legales","status":"publish","type":"page","link":"https:\/\/etab.ac-reunion.fr\/lyc-antoine-de-saint-exupery\/mentions-legales\/","title":{"rendered":"Mentions l\u00e9gales"},"content":{"rendered":"<h4><em>\u00c9diteur :<\/em><\/h4>\n<h4>Lyc\u00e9e Antoine de Saint-Exup\u00e9ry<\/h4>\n<p>20 rue du lyc\u00e9e B.P 28<br \/>\n97425 Les Avirons<\/p>\n<p>T\u00e9l: 0262.38.09.16<br \/>\nFax: 0262.38.19.87<\/p>\n<p>&nbsp;<\/p>\n<h4><em>Directeur de la publication et responsable de la r\u00e9daction :<\/em><\/h4>\n<p>M. Jean-Marc Tombarello, proviseur<\/p>\n<h4><em>Conception et r\u00e9alisation :<\/em><\/h4>\n<p>R\u00e9alisation interne \u00e0 l&rsquo;\u00e9tablissement :<\/p>\n<p>M. R\u00e9mi Galant, Assistant d&rsquo;\u00e9ducation<\/p>\n<p>M. Jo\u00ebl Leturmy, professeur de lettres<\/p>\n<p><em>Webmestre :<\/em><\/p>\n<p>M.\u00a0 R\u00e9mi Galant, Assistant d&rsquo;\u00e9ducation<\/p>\n<h4><em>Fournisseur de l&rsquo;h\u00e9bergement :<\/em><\/h4>\n<p>Rectorat de l\u2019Acad\u00e9mie de La R\u00e9union<br \/>\nSecr\u00e9tariat g\u00e9n\u00e9ral \u2013 Service Communication<br \/>\n24, Avenue Georges Brassens \u2013 97702 \u2013 St-Denis \u2013 Messag Cedex 9<\/p>\n<h4><em>Propri\u00e9t\u00e9 intellectuelle :<\/em><\/h4>\n<p><em>Les photographies, textes, slogans, dessins, images, s\u00e9quences anim\u00e9es,<\/em><br \/>\n<em> sonores ou non, ainsi que toutes les \u0153uvres int\u00e9gr\u00e9es dans le site sont la propri\u00e9t\u00e9<\/em><br \/>\n<em> de l&rsquo;\u00e9diteur du site ou de tiers ayant autoris\u00e9 l&rsquo;\u00e9diteur du site \u00e0 les utiliser.<\/em><br \/>\n<em> Toute reproduction totale ou partielle de ces \u00e9l\u00e9ments sans l&rsquo;autorisation expresse de<\/em><br \/>\n<em> l&rsquo;exploitant du site Internet ou de ses ayant-droit est prohib\u00e9e, au sens de l&rsquo;article L713-2 du CPI.<\/em><\/p>\n","protected":false},"excerpt":{"rendered":"<p>\u00c9diteur : Lyc\u00e9e Antoine de Saint-Exup\u00e9ry 20 rue du lyc\u00e9e B.P 28 97425 Les Avirons T\u00e9l: 0262.38.09.16 Fax: 0262.38.19.87 &nbsp; Directeur de la publication et responsable de la r\u00e9daction : M. Jean-Marc Tombarello, proviseur Conception et r\u00e9alisation : R\u00e9alisation interne \u00e0 l&rsquo;\u00e9tablissement : M. R\u00e9mi Galant, Assistant d&rsquo;\u00e9ducation M. Jo\u00ebl Leturmy, professeur de lettres Webmestre [&hellip;]<\/p>\n","protected":false},"author":9590,"featured_media":0,"parent":0,"menu_order":0,"comment_status":"closed","ping_status":"closed","template":"","meta":{"footnotes":""},"class_list":["post-52","page","type-page","status-publish","hentry"],"_links":{"self":[{"href":"https:\/\/etab.ac-reunion.fr\/lyc-antoine-de-saint-exupery\/wp-json\/wp\/v2\/pages\/52","targetHints":{"allow":["GET"]}}],"collection":[{"href":"https:\/\/etab.ac-reunion.fr\/lyc-antoine-de-saint-exupery\/wp-json\/wp\/v2\/pages"}],"about":[{"href":"https:\/\/etab.ac-reunion.fr\/lyc-antoine-de-saint-exupery\/wp-json\/wp\/v2\/types\/page"}],"author":[{"embeddable":true,"href":"https:\/\/etab.ac-reunion.fr\/lyc-antoine-de-saint-exupery\/wp-json\/wp\/v2\/users\/9590"}],"replies":[{"embeddable":true,"href":"https:\/\/etab.ac-reunion.fr\/lyc-antoine-de-saint-exupery\/wp-json\/wp\/v2\/comments?post=52"}],"version-history":[{"count":11,"href":"https:\/\/etab.ac-reunion.fr\/lyc-antoine-de-saint-exupery\/wp-json\/wp\/v2\/pages\/52\/revisions"}],"predecessor-version":[{"id":3032,"href":"https:\/\/etab.ac-reunion.fr\/lyc-antoine-de-saint-exupery\/wp-json\/wp\/v2\/pages\/52\/revisions\/3032"}],"wp:attachment":[{"href":"https:\/\/etab.ac-reunion.fr\/lyc-antoine-de-saint-exupery\/wp-json\/wp\/v2\/media?parent=52"}],"curies":[{"name":"wp","href":"https:\/\/api.w.org\/{rel}","templated":true}]}}