{"id":5349,"date":"2020-09-22T11:49:10","date_gmt":"2020-09-22T07:49:10","guid":{"rendered":"http:\/\/lycee-avirons.ac-reunion.fr\/?page_id=5349"},"modified":"2020-09-23T10:23:39","modified_gmt":"2020-09-23T06:23:39","slug":"covid-19-procedure-du-ministere-de-leducation-nationale-de-la-jeunesse-et-des-sports","status":"publish","type":"page","link":"https:\/\/etab.ac-reunion.fr\/lyc-antoine-de-saint-exupery\/covid-19-continuite-pedagogique\/covid-19-procedure-du-ministere-de-leducation-nationale-de-la-jeunesse-et-des-sports\/","title":{"rendered":"Proc\u00e9dure du minist\u00e8re de l\u2019\u00e9ducation nationale"},"content":{"rendered":"\n<p>document \u00e0 t\u00e9l\u00e9charger : <a href=\"https:\/\/etab.ac-reunion.fr\/lyc-antoine-de-saint-exupery\/wp-content\/uploads\/sites\/59\/2020\/09\/2020_covid_affiches_15_SEPT2020_CASCOVID-1.pdf\">COVID 19 proc\u00e9dure mise une place par le minist\u00e8re de l\u2019\u00e9ducation nationale, de la jeunesse et des sports<\/a><\/p>\n\n\n\n<figure class=\"wp-block-gallery columns-1 is-cropped wp-block-gallery-1 is-layout-flex wp-block-gallery-is-layout-flex\"><ul class=\"blocks-gallery-grid\"><li class=\"blocks-gallery-item\"><figure><img loading=\"lazy\" decoding=\"async\" width=\"605\" height=\"855\" src=\"https:\/\/etab.ac-reunion.fr\/lyc-antoine-de-saint-exupery\/wp-content\/uploads\/sites\/59\/2020\/09\/3-1.jpg\" alt=\"\" data-id=\"5325\" data-full-url=\"https:\/\/etab.ac-reunion.fr\/lyc-antoine-de-saint-exupery\/wp-content\/uploads\/sites\/59\/2020\/09\/3-1.jpg\" data-link=\"https:\/\/etab.ac-reunion.fr\/lyc-antoine-de-saint-exupery\/covid-19-procedure-du-ministere-de-leducation-nationale-de-la-jeunesse-et-des-sports\/3-1-2\/\" class=\"wp-image-5325\" srcset=\"https:\/\/etab.ac-reunion.fr\/lyc-antoine-de-saint-exupery\/wp-content\/uploads\/sites\/59\/2020\/09\/3-1.jpg 605w, https:\/\/etab.ac-reunion.fr\/lyc-antoine-de-saint-exupery\/wp-content\/uploads\/sites\/59\/2020\/09\/3-1-212x300.jpg 212w\" sizes=\"auto, (max-width: 605px) 100vw, 605px\" \/><\/figure><\/li><\/ul><\/figure>\n\n\n\n<figure class=\"wp-block-gallery columns-1 is-cropped wp-block-gallery-2 is-layout-flex wp-block-gallery-is-layout-flex\"><ul class=\"blocks-gallery-grid\"><li class=\"blocks-gallery-item\"><figure><img loading=\"lazy\" decoding=\"async\" width=\"603\" height=\"849\" src=\"https:\/\/etab.ac-reunion.fr\/lyc-antoine-de-saint-exupery\/wp-content\/uploads\/sites\/59\/2020\/09\/2-2.jpg\" alt=\"\" data-id=\"5324\" data-full-url=\"https:\/\/etab.ac-reunion.fr\/lyc-antoine-de-saint-exupery\/wp-content\/uploads\/sites\/59\/2020\/09\/2-2.jpg\" data-link=\"https:\/\/etab.ac-reunion.fr\/lyc-antoine-de-saint-exupery\/covid-19-procedure-du-ministere-de-leducation-nationale-de-la-jeunesse-et-des-sports\/2-2-2\/\" class=\"wp-image-5324\" srcset=\"https:\/\/etab.ac-reunion.fr\/lyc-antoine-de-saint-exupery\/wp-content\/uploads\/sites\/59\/2020\/09\/2-2.jpg 603w, https:\/\/etab.ac-reunion.fr\/lyc-antoine-de-saint-exupery\/wp-content\/uploads\/sites\/59\/2020\/09\/2-2-213x300.jpg 213w\" sizes=\"auto, (max-width: 603px) 100vw, 603px\" \/><\/figure><\/li><\/ul><\/figure>\n\n\n\n<figure class=\"wp-block-gallery columns-1 is-cropped wp-block-gallery-3 is-layout-flex wp-block-gallery-is-layout-flex\"><ul class=\"blocks-gallery-grid\"><li class=\"blocks-gallery-item\"><figure><img loading=\"lazy\" decoding=\"async\" width=\"620\" height=\"863\" src=\"https:\/\/etab.ac-reunion.fr\/lyc-antoine-de-saint-exupery\/wp-content\/uploads\/sites\/59\/2020\/09\/1-2.jpg\" alt=\"\" data-id=\"5323\" data-full-url=\"https:\/\/etab.ac-reunion.fr\/lyc-antoine-de-saint-exupery\/wp-content\/uploads\/sites\/59\/2020\/09\/1-2.jpg\" data-link=\"https:\/\/etab.ac-reunion.fr\/lyc-antoine-de-saint-exupery\/covid-19-procedure-du-ministere-de-leducation-nationale-de-la-jeunesse-et-des-sports\/1-2-2\/\" class=\"wp-image-5323\" srcset=\"https:\/\/etab.ac-reunion.fr\/lyc-antoine-de-saint-exupery\/wp-content\/uploads\/sites\/59\/2020\/09\/1-2.jpg 620w, https:\/\/etab.ac-reunion.fr\/lyc-antoine-de-saint-exupery\/wp-content\/uploads\/sites\/59\/2020\/09\/1-2-216x300.jpg 216w\" sizes=\"auto, (max-width: 620px) 100vw, 620px\" \/><\/figure><\/li><\/ul><\/figure>\n\n\n\n<p>Sur le site de l\u2019acad\u00e9mie de la r\u00e9union un bilan quotidien concernant les cas signal\u00e9s COVID positif des \u00e9tablissement de l\u2019ile est publi\u00e9.<\/p>\n\n\n\n<p>site de l\u2019acad\u00e9mie de la r\u00e9union: <a href=\"https:\/\/www.ac-reunion.fr\/\">https:\/\/www.ac-reunion.fr\/<\/a><\/p>\n","protected":false},"excerpt":{"rendered":"<p>document \u00e0 t\u00e9l\u00e9charger : COVID 19 proc\u00e9dure mise une place par le minist\u00e8re de l\u2019\u00e9ducation nationale, de la jeunesse et des sports Sur le site de l\u2019acad\u00e9mie de la r\u00e9union un bilan quotidien concernant les cas signal\u00e9s COVID positif des \u00e9tablissement de l\u2019ile est publi\u00e9. site de l\u2019acad\u00e9mie de la r\u00e9union: https:\/\/www.ac-reunion.fr\/<\/p>\n","protected":false},"author":23092,"featured_media":0,"parent":5072,"menu_order":0,"comment_status":"closed","ping_status":"closed","template":"","meta":{"footnotes":""},"class_list":["post-5349","page","type-page","status-publish","hentry"],"_links":{"self":[{"href":"https:\/\/etab.ac-reunion.fr\/lyc-antoine-de-saint-exupery\/wp-json\/wp\/v2\/pages\/5349","targetHints":{"allow":["GET"]}}],"collection":[{"href":"https:\/\/etab.ac-reunion.fr\/lyc-antoine-de-saint-exupery\/wp-json\/wp\/v2\/pages"}],"about":[{"href":"https:\/\/etab.ac-reunion.fr\/lyc-antoine-de-saint-exupery\/wp-json\/wp\/v2\/types\/page"}],"author":[{"embeddable":true,"href":"https:\/\/etab.ac-reunion.fr\/lyc-antoine-de-saint-exupery\/wp-json\/wp\/v2\/users\/23092"}],"replies":[{"embeddable":true,"href":"https:\/\/etab.ac-reunion.fr\/lyc-antoine-de-saint-exupery\/wp-json\/wp\/v2\/comments?post=5349"}],"version-history":[{"count":3,"href":"https:\/\/etab.ac-reunion.fr\/lyc-antoine-de-saint-exupery\/wp-json\/wp\/v2\/pages\/5349\/revisions"}],"predecessor-version":[{"id":5359,"href":"https:\/\/etab.ac-reunion.fr\/lyc-antoine-de-saint-exupery\/wp-json\/wp\/v2\/pages\/5349\/revisions\/5359"}],"up":[{"embeddable":true,"href":"https:\/\/etab.ac-reunion.fr\/lyc-antoine-de-saint-exupery\/wp-json\/wp\/v2\/pages\/5072"}],"wp:attachment":[{"href":"https:\/\/etab.ac-reunion.fr\/lyc-antoine-de-saint-exupery\/wp-json\/wp\/v2\/media?parent=5349"}],"curies":[{"name":"wp","href":"https:\/\/api.w.org\/{rel}","templated":true}]}}