{"id":5373,"date":"2020-10-01T15:24:56","date_gmt":"2020-10-01T11:24:56","guid":{"rendered":"http:\/\/lycee-avirons.ac-reunion.fr\/?page_id=5373"},"modified":"2024-12-16T14:28:43","modified_gmt":"2024-12-16T10:28:43","slug":"educonnect","status":"publish","type":"page","link":"https:\/\/etab.ac-reunion.fr\/lyc-antoine-de-saint-exupery\/educonnect\/","title":{"rendered":"EDUCONNECT"},"content":{"rendered":"\n<p>Educonnect est un nouvel outil qui a \u00e9t\u00e9 cr\u00e9e pour que les parents puissent plus facilement suivre la scolarit\u00e9 de leurs enfants. A quoi sert-il ? Comment fonctionne-t-il ? les documents ci dessous vous diront tout !<\/p>\n\n\n\n<figure class=\"wp-block-image size-full\"><img loading=\"lazy\" decoding=\"async\" width=\"615\" height=\"848\" src=\"https:\/\/etab.ac-reunion.fr\/lyc-antoine-de-saint-exupery\/wp-content\/uploads\/sites\/59\/2021\/12\/flyer-educconect-1.jpg\" alt=\"\" class=\"wp-image-6435\" srcset=\"https:\/\/etab.ac-reunion.fr\/lyc-antoine-de-saint-exupery\/wp-content\/uploads\/sites\/59\/2021\/12\/flyer-educconect-1.jpg 615w, https:\/\/etab.ac-reunion.fr\/lyc-antoine-de-saint-exupery\/wp-content\/uploads\/sites\/59\/2021\/12\/flyer-educconect-1-218x300.jpg 218w\" sizes=\"auto, (max-width: 615px) 100vw, 615px\" \/><\/figure>\n\n\n\n<p>Le compte unique EduConnect remplace les identifiants et mot de passe utilis\u00e9s jusqu\u2019\u00e0 pr\u00e9sent par les \u00e9l\u00e8ves et leurs parents.&nbsp;Il<strong>&nbsp;simplifie pour les parents l\u2019acc\u00e8s au suivi et \u00e0 l\u2019accompagnement de la scolarit\u00e9 des enfants et donne acc\u00e8s pour les \u00e9l\u00e8ves \u00e0 l\u2019ensemble des services num\u00e9riques de l\u2019\u00e9cole au lyc\u00e9e.<\/strong><\/p>\n\n\n\n<p>Articul\u00e9 avec le syst\u00e8me FranceConnect, le compte EduConnect&nbsp;permet l&rsquo;acc\u00e8s&nbsp;:<\/p>\n\n\n\n<ul class=\"wp-block-list\">\n<li>au<strong> portail Scolarit\u00e9 Services <\/strong>du minist\u00e8re \u00e0 l\u2019adresse <a href=\"https:\/\/teleservices.education.gouv.fr\/\" target=\"_blank\" rel=\"noreferrer noopener\">teleservices.education.gouv.fr<\/a> pour effectuer des d\u00e9marches en ligne (par exemple demandes de bourses, orientation, inscription) ou consulter le livret scolaire ;<\/li>\n\n\n\n<li>\u00e0 l\u2019<strong>espace num\u00e9rique de travail (ENT)<\/strong> de l\u2019\u00e9tablissement ou d\u2019autres services (se renseigner aupr\u00e8s de l\u2019\u00e9tablissement).<\/li>\n<\/ul>\n\n\n\n<p><\/p>\n\n\n\n<h2 class=\"wp-block-heading\" id=\"edugouv-summary-item-1\">Qui b\u00e9n\u00e9ficie d&rsquo;EduConnect&nbsp;?<\/h2>\n\n\n\n<p>Tous les \u00e9l\u00e8ves des \u00e9coles, coll\u00e8ges et des lyc\u00e9es publics et leurs repr\u00e9sentants l\u00e9gaux peuvent b\u00e9n\u00e9ficier d\u2019un compte EduConnect.<\/p>\n\n\n\n<p>Pour utiliser le service, il suffit de se connecter avec ses identifiant et mot de passe EduConnect ou d\u2019utiliser FranceConnect \u00e0 l\u2019adresse <a href=\"https:\/\/teleservices.education.gouv.fr\/\" target=\"_blank\" rel=\"noreferrer noopener\">teleservices.education.gouv.fr<\/a> ou \u00e0 l\u2019adresse communiqu\u00e9e par l\u2019\u00e9tablissement.<\/p>\n\n\n\n<p>S\u2019il s\u2019agit d\u2019une premi\u00e8re connexion, le num\u00e9ro de t\u00e9l\u00e9phone portable donn\u00e9 lors de l&rsquo;inscription des enfants ou dans la fiche de renseignements est indispensable pour activer son compte.<\/p>\n\n\n\n<figure class=\"wp-block-image size-full\"><img loading=\"lazy\" decoding=\"async\" width=\"622\" height=\"501\" src=\"https:\/\/etab.ac-reunion.fr\/lyc-antoine-de-saint-exupery\/wp-content\/uploads\/sites\/59\/2021\/12\/selection-du-profil.jpg\" alt=\"\" class=\"wp-image-6436\" srcset=\"https:\/\/etab.ac-reunion.fr\/lyc-antoine-de-saint-exupery\/wp-content\/uploads\/sites\/59\/2021\/12\/selection-du-profil.jpg 622w, https:\/\/etab.ac-reunion.fr\/lyc-antoine-de-saint-exupery\/wp-content\/uploads\/sites\/59\/2021\/12\/selection-du-profil-300x242.jpg 300w\" sizes=\"auto, (max-width: 622px) 100vw, 622px\" \/><\/figure>\n\n\n\n<figure class=\"wp-block-image size-full\"><img loading=\"lazy\" decoding=\"async\" width=\"967\" height=\"539\" src=\"https:\/\/etab.ac-reunion.fr\/lyc-antoine-de-saint-exupery\/wp-content\/uploads\/sites\/59\/2021\/12\/differents-parcours.jpg\" alt=\"\" class=\"wp-image-6440\" srcset=\"https:\/\/etab.ac-reunion.fr\/lyc-antoine-de-saint-exupery\/wp-content\/uploads\/sites\/59\/2021\/12\/differents-parcours.jpg 967w, https:\/\/etab.ac-reunion.fr\/lyc-antoine-de-saint-exupery\/wp-content\/uploads\/sites\/59\/2021\/12\/differents-parcours-300x167.jpg 300w, https:\/\/etab.ac-reunion.fr\/lyc-antoine-de-saint-exupery\/wp-content\/uploads\/sites\/59\/2021\/12\/differents-parcours-768x428.jpg 768w, https:\/\/etab.ac-reunion.fr\/lyc-antoine-de-saint-exupery\/wp-content\/uploads\/sites\/59\/2021\/12\/differents-parcours-95x54.jpg 95w\" sizes=\"auto, (max-width: 967px) 100vw, 967px\" \/><\/figure>\n\n\n\n<p>Attention : Les responsables peuvent activer leur compte de 3 mani\u00e8res diff\u00e9rentes, les \u00e9l\u00e8ves uniquement via un identifiant et un mot de passe provisoire distribu\u00e9 par l\u2019\u00e9tablissement.<\/p>\n\n\n\n<p>Tutoriel :<\/p>\n\n\n\n<div class=\"wp-block-buttons is-layout-flex wp-block-buttons-is-layout-flex\">\n<div class=\"wp-block-button has-custom-width wp-block-button__width-100 has-custom-font-size is-style-outline has-small-font-size is-style-outline--1\"><a class=\"wp-block-button__link has-black-color has-text-color wp-element-button\" href=\"https:\/\/etab.ac-reunion.fr\/lyc-antoine-de-saint-exupery\/parents-comment-creer-son-compte-educonnect\/\" style=\"border-radius:100px\" target=\"_blank\" rel=\"noreferrer noopener\">Tutoriel \u00e0 destination des parents : comment cr\u00e9er son compte Educonnect <\/a><\/div>\n<\/div>\n\n\n\n<div class=\"wp-block-buttons is-layout-flex wp-block-buttons-is-layout-flex\">\n<div class=\"wp-block-button has-custom-width wp-block-button__width-100 has-custom-font-size is-style-outline has-small-font-size is-style-outline--2\"><a class=\"wp-block-button__link has-black-color has-text-color wp-element-button\" href=\"https:\/\/etab.ac-reunion.fr\/lyc-antoine-de-saint-exupery\/wp-content\/uploads\/sites\/59\/2024\/12\/Compte-educonnect-verifier-et-ou-modifier-ses-coordonees.pdf\" style=\"border-radius:100px\" target=\"_blank\" rel=\"noreferrer noopener\">Tutoriel \u00e0 destination des parents : <strong>v\u00e9rifier et\/ou modifier ses coordonn\u00e9es (adresse courriel et n\u00b0 de t\u00e9l\u00e9phone)<\/strong><\/a><\/div>\n<\/div>\n\n\n\n<p>Documents t\u00e9l\u00e9chargeable:<\/p>\n\n\n\n<p>\u2013<a href=\"https:\/\/etab.ac-reunion.fr\/lyc-antoine-de-saint-exupery\/wp-content\/uploads\/sites\/59\/2020\/09\/4-infographie-parent.pdf\">Infographie parents<\/a><\/p>\n","protected":false},"excerpt":{"rendered":"<p>Educonnect est un nouvel outil qui a \u00e9t\u00e9 cr\u00e9e pour que les parents puissent plus facilement suivre la scolarit\u00e9 de leurs enfants. A quoi sert-il ? Comment fonctionne-t-il ? les documents ci dessous vous diront tout ! Le compte unique EduConnect remplace les identifiants et mot de passe utilis\u00e9s jusqu\u2019\u00e0 pr\u00e9sent par les \u00e9l\u00e8ves et [&hellip;]<\/p>\n","protected":false},"author":23092,"featured_media":0,"parent":0,"menu_order":0,"comment_status":"closed","ping_status":"closed","template":"page-full.php","meta":{"footnotes":""},"class_list":["post-5373","page","type-page","status-publish","hentry"],"_links":{"self":[{"href":"https:\/\/etab.ac-reunion.fr\/lyc-antoine-de-saint-exupery\/wp-json\/wp\/v2\/pages\/5373","targetHints":{"allow":["GET"]}}],"collection":[{"href":"https:\/\/etab.ac-reunion.fr\/lyc-antoine-de-saint-exupery\/wp-json\/wp\/v2\/pages"}],"about":[{"href":"https:\/\/etab.ac-reunion.fr\/lyc-antoine-de-saint-exupery\/wp-json\/wp\/v2\/types\/page"}],"author":[{"embeddable":true,"href":"https:\/\/etab.ac-reunion.fr\/lyc-antoine-de-saint-exupery\/wp-json\/wp\/v2\/users\/23092"}],"replies":[{"embeddable":true,"href":"https:\/\/etab.ac-reunion.fr\/lyc-antoine-de-saint-exupery\/wp-json\/wp\/v2\/comments?post=5373"}],"version-history":[{"count":15,"href":"https:\/\/etab.ac-reunion.fr\/lyc-antoine-de-saint-exupery\/wp-json\/wp\/v2\/pages\/5373\/revisions"}],"predecessor-version":[{"id":10480,"href":"https:\/\/etab.ac-reunion.fr\/lyc-antoine-de-saint-exupery\/wp-json\/wp\/v2\/pages\/5373\/revisions\/10480"}],"wp:attachment":[{"href":"https:\/\/etab.ac-reunion.fr\/lyc-antoine-de-saint-exupery\/wp-json\/wp\/v2\/media?parent=5373"}],"curies":[{"name":"wp","href":"https:\/\/api.w.org\/{rel}","templated":true}]}}