{"id":5421,"date":"2020-10-28T11:24:02","date_gmt":"2020-10-28T07:24:02","guid":{"rendered":"http:\/\/lycee-avirons.ac-reunion.fr\/?page_id=5421"},"modified":"2020-10-28T11:24:03","modified_gmt":"2020-10-28T07:24:03","slug":"pix-pour-les-eleves-du-lycee-antoine-de-saint-exupery","status":"publish","type":"page","link":"https:\/\/etab.ac-reunion.fr\/lyc-antoine-de-saint-exupery\/pix-pour-les-eleves-du-lycee-antoine-de-saint-exupery\/","title":{"rendered":"PIX pour les \u00e9l\u00e8ves du Lyc\u00e9e Antoine de Saint-Exup\u00e9ry"},"content":{"rendered":"\n<p><strong><u>1) Qu\u2019est-ce que PIX\u00a0?<\/u><\/strong><\/p>\n\n\n\n<p>PIX est une plateforme de d\u00e9veloppement et de certification des comp\u00e9tences num\u00e9riques des \u00e9l\u00e8ves.<\/p>\n\n\n\n<p>PIX se base sur le CRCN (Cadre de R\u00e9f\u00e9rence de Comp\u00e9tences Num\u00e9riques) et porte sur 16 <strong>comp\u00e9tences<\/strong> dans 5 <strong>domaines<\/strong> :<\/p>\n\n\n\n<ul class=\"wp-block-list\"><li>Information et donn\u00e9es<\/li><li>Communication et collaboration<\/li><li>Cr\u00e9ation de contenu<\/li><li>Environnement num\u00e9rique<\/li><li>Protection et s\u00e9curit\u00e9<\/li><\/ul>\n\n\n\n<figure class=\"wp-block-image size-large\"><img loading=\"lazy\" decoding=\"async\" width=\"404\" height=\"159\" src=\"https:\/\/etab.ac-reunion.fr\/lyc-antoine-de-saint-exupery\/wp-content\/uploads\/sites\/59\/2020\/10\/certificat-PIX.jpg\" alt=\"\" class=\"wp-image-5422\" srcset=\"https:\/\/etab.ac-reunion.fr\/lyc-antoine-de-saint-exupery\/wp-content\/uploads\/sites\/59\/2020\/10\/certificat-PIX.jpg 404w, https:\/\/etab.ac-reunion.fr\/lyc-antoine-de-saint-exupery\/wp-content\/uploads\/sites\/59\/2020\/10\/certificat-PIX-300x118.jpg 300w\" sizes=\"auto, (max-width: 404px) 100vw, 404px\" \/><\/figure>\n\n\n\n<p>Pour les lyc\u00e9ens, il y a 5 <strong>niveaux<\/strong> de ma\u00eetrise&nbsp;: de novice (niveau 1) \u00e0 avanc\u00e9 (niveau 5).<\/p>\n\n\n\n<p>Pour obtenir la certification PIX, l\u2019\u00e9l\u00e8ve devra atteindre le niveau 1 dans 5 comp\u00e9tences.<\/p>\n\n\n\n<p>La certification PIX est reconnue par l\u2019Etat et le monde professionnel en Europe. L\u2019\u00e9l\u00e8ve obtiendra un score sur 640 (bient\u00f4t 1024). Cette certification apparaitra dans le livret scolaire.<\/p>\n\n\n\n<p>Les \u00e9l\u00e8ves pourront aussi avantageusement la mentionner dans Parcours Sup.<\/p>\n\n\n\n<p><strong><u>2) Comment les \u00e9l\u00e8ves acc\u00e8dent \u00e0 PIX afin de s\u2019entrainer\u00a0?<\/u><\/strong><\/p>\n\n\n\n<p>L\u2019acc\u00e8s \u00e0 PIX pour les \u00e9l\u00e8ves se fait par le connecteur PIX GAR dans METICE, onglet <strong><em>Ressources Documentaires<\/em><\/strong>.<\/p>\n\n\n\n<figure class=\"wp-block-image size-large\"><img loading=\"lazy\" decoding=\"async\" width=\"455\" height=\"237\" src=\"https:\/\/etab.ac-reunion.fr\/lyc-antoine-de-saint-exupery\/wp-content\/uploads\/sites\/59\/2020\/10\/Pix-1.jpg\" alt=\"\" class=\"wp-image-5423\" srcset=\"https:\/\/etab.ac-reunion.fr\/lyc-antoine-de-saint-exupery\/wp-content\/uploads\/sites\/59\/2020\/10\/Pix-1.jpg 455w, https:\/\/etab.ac-reunion.fr\/lyc-antoine-de-saint-exupery\/wp-content\/uploads\/sites\/59\/2020\/10\/Pix-1-300x156.jpg 300w\" sizes=\"auto, (max-width: 455px) 100vw, 455px\" \/><\/figure>\n\n\n\n<p>Il faudra ensuite entrer le code du parcours qui aura \u00e9t\u00e9 donn\u00e9 \u00e0 la classe par un enseignant de l\u2019\u00e9quipe \u00e9ducative\u00a0:<\/p>\n\n\n\n<figure class=\"wp-block-image size-large\"><img loading=\"lazy\" decoding=\"async\" width=\"420\" height=\"271\" src=\"https:\/\/etab.ac-reunion.fr\/lyc-antoine-de-saint-exupery\/wp-content\/uploads\/sites\/59\/2020\/10\/image.png\" alt=\"\" class=\"wp-image-5424\" srcset=\"https:\/\/etab.ac-reunion.fr\/lyc-antoine-de-saint-exupery\/wp-content\/uploads\/sites\/59\/2020\/10\/image.png 420w, https:\/\/etab.ac-reunion.fr\/lyc-antoine-de-saint-exupery\/wp-content\/uploads\/sites\/59\/2020\/10\/image-300x194.png 300w\" sizes=\"auto, (max-width: 420px) 100vw, 420px\" \/><\/figure>\n\n\n\n<p>Il restera ensuite \u00e0 remplir la date de naissance et \u00e0 s\u2019entrainer afin de cr\u00e9er son profil.<\/p>\n\n\n\n<figure class=\"wp-block-gallery columns-1 is-cropped wp-block-gallery-1 is-layout-flex wp-block-gallery-is-layout-flex\"><ul class=\"blocks-gallery-grid\"><li class=\"blocks-gallery-item\"><figure><img loading=\"lazy\" decoding=\"async\" width=\"955\" height=\"618\" src=\"https:\/\/etab.ac-reunion.fr\/lyc-antoine-de-saint-exupery\/wp-content\/uploads\/sites\/59\/2020\/10\/pix-3.jpg\" alt=\"\" data-id=\"5425\" data-full-url=\"https:\/\/etab.ac-reunion.fr\/lyc-antoine-de-saint-exupery\/wp-content\/uploads\/sites\/59\/2020\/10\/pix-3.jpg\" data-link=\"https:\/\/etab.ac-reunion.fr\/lyc-antoine-de-saint-exupery\/?attachment_id=5425\" class=\"wp-image-5425\" srcset=\"https:\/\/etab.ac-reunion.fr\/lyc-antoine-de-saint-exupery\/wp-content\/uploads\/sites\/59\/2020\/10\/pix-3.jpg 955w, https:\/\/etab.ac-reunion.fr\/lyc-antoine-de-saint-exupery\/wp-content\/uploads\/sites\/59\/2020\/10\/pix-3-300x194.jpg 300w, https:\/\/etab.ac-reunion.fr\/lyc-antoine-de-saint-exupery\/wp-content\/uploads\/sites\/59\/2020\/10\/pix-3-768x497.jpg 768w\" sizes=\"auto, (max-width: 955px) 100vw, 955px\" \/><\/figure><\/li><\/ul><\/figure>\n\n\n\n<p><br \/><strong>3) Comment l\u2019\u00e9l\u00e8ve va se pr\u00e9parer \u00e0 l\u2019\u00e9preuve de certification\u00a0?<\/strong><\/p>\n\n\n\n<p><br \/><\/p>\n\n\n\n<p><strong><em>Les \u00e9l\u00e8ves devront obligatoirement aller s\u2019entrainer sur un parcours avant la passation, afin de constituer leur <u>profil<\/u>, sur lequel ils seront interrog\u00e9s<\/em><\/strong>.<\/p>\n\n\n\n<p>Les \u00e9l\u00e8ves ne sont en effet interrog\u00e9s que sur ce qu\u2019ils ont travaill\u00e9.<\/p>\n\n\n\n<p>Ainsi, s\u2019ils ne parviennent pas \u00e0 atteindre au moins le niveau 1 dans 5 comp\u00e9tences lors des entrainements, ils ne pourront pas \u00eatre certifi\u00e9s.<\/p>\n\n\n\n<p>Pour la premi\u00e8re s\u00e9ance, un enseignant de chaque classe accompagnera les \u00e9l\u00e8ves dans une salle informatique pendant une heure afin de leur pr\u00e9senter PIX et ses enjeux et de les lancer sur leur parcours apr\u00e8s leur avoir donn\u00e9 le code.<\/p>\n\n\n\n<p>Les \u00e9l\u00e8ves devront par la suite s\u2019entrainer en autonomie chez eux (et au Lyc\u00e9e si cela est possible).<\/p>\n\n\n\n<p>Ils pourront avancer et progresser en s\u2019entrainant.<\/p>\n\n\n\n<p><strong><em>Il faut bien souligner que PIX est aussi une plateforme d\u2019apprentissage et de formation avant d\u2019\u00eatre une plateforme de certification et que la cl\u00e9 de la r\u00e9ussite tient du travail personnel de l\u2019\u00e9l\u00e8ve.<\/em><\/strong><\/p>\n\n\n\n<p>Les enseignants lancent la campagne et suivent l\u2019\u00e9volution de leurs \u00e9l\u00e8ves.<\/p>\n\n\n\n<p><strong><u>4) Comment et quand se d\u00e9roulent les certifications PIX\u00a0?<\/u><\/strong><\/p>\n\n\n\n<p>Les certifications, qui se d\u00e9rouleront au lyc\u00e9e du 4 janvier 2021 au 5 mars 2021, sont obligatoires pour les \u00e9l\u00e8ves sortant du lyc\u00e9e c\u2019est-\u00e0-dire ceux de terminale, de CAP 2<sup>\u00e8me<\/sup> ann\u00e9e et de BTS 2<sup>\u00e8me<\/sup> ann\u00e9e. Elles ont pour but d\u2019attester le <strong>niveau r\u00e9el<\/strong> de l\u2019\u00e9l\u00e8ve et ne porteront que sur les comp\u00e9tences travaill\u00e9es \u00e0 partir de son profil.<\/p>\n\n\n\n<p>Il y a au plus 3 \u00e9preuves par comp\u00e9tence, ainsi la passation dure environ 1h45.<\/p>\n\n\n\n<p>Voici un lien vid\u00e9o illustrant la certification\u00a0PIX : <a href=\"https:\/\/www.dailymotion.com\/video\/x78gwjv\">https:\/\/www.dailymotion.com\/video\/x78gwjv<\/a><\/p>\n\n\n\n<p><\/p>\n","protected":false},"excerpt":{"rendered":"<p>1) Qu\u2019est-ce que PIX\u00a0? PIX est une plateforme de d\u00e9veloppement et de certification des comp\u00e9tences num\u00e9riques des \u00e9l\u00e8ves. PIX se base sur le CRCN (Cadre de R\u00e9f\u00e9rence de Comp\u00e9tences Num\u00e9riques) et porte sur 16 comp\u00e9tences dans 5 domaines : Information et donn\u00e9es Communication et collaboration Cr\u00e9ation de contenu Environnement num\u00e9rique Protection et s\u00e9curit\u00e9 Pour les [&hellip;]<\/p>\n","protected":false},"author":23092,"featured_media":0,"parent":0,"menu_order":0,"comment_status":"closed","ping_status":"closed","template":"","meta":{"footnotes":""},"class_list":["post-5421","page","type-page","status-publish","hentry"],"_links":{"self":[{"href":"https:\/\/etab.ac-reunion.fr\/lyc-antoine-de-saint-exupery\/wp-json\/wp\/v2\/pages\/5421","targetHints":{"allow":["GET"]}}],"collection":[{"href":"https:\/\/etab.ac-reunion.fr\/lyc-antoine-de-saint-exupery\/wp-json\/wp\/v2\/pages"}],"about":[{"href":"https:\/\/etab.ac-reunion.fr\/lyc-antoine-de-saint-exupery\/wp-json\/wp\/v2\/types\/page"}],"author":[{"embeddable":true,"href":"https:\/\/etab.ac-reunion.fr\/lyc-antoine-de-saint-exupery\/wp-json\/wp\/v2\/users\/23092"}],"replies":[{"embeddable":true,"href":"https:\/\/etab.ac-reunion.fr\/lyc-antoine-de-saint-exupery\/wp-json\/wp\/v2\/comments?post=5421"}],"version-history":[{"count":1,"href":"https:\/\/etab.ac-reunion.fr\/lyc-antoine-de-saint-exupery\/wp-json\/wp\/v2\/pages\/5421\/revisions"}],"predecessor-version":[{"id":5426,"href":"https:\/\/etab.ac-reunion.fr\/lyc-antoine-de-saint-exupery\/wp-json\/wp\/v2\/pages\/5421\/revisions\/5426"}],"wp:attachment":[{"href":"https:\/\/etab.ac-reunion.fr\/lyc-antoine-de-saint-exupery\/wp-json\/wp\/v2\/media?parent=5421"}],"curies":[{"name":"wp","href":"https:\/\/api.w.org\/{rel}","templated":true}]}}