{"id":6160,"date":"2021-09-09T09:40:16","date_gmt":"2021-09-09T05:40:16","guid":{"rendered":"http:\/\/lycee-avirons.ac-reunion.fr\/?page_id=6160"},"modified":"2021-09-09T10:36:26","modified_gmt":"2021-09-09T06:36:26","slug":"test-de-positionnement-2021-2022","status":"publish","type":"page","link":"https:\/\/etab.ac-reunion.fr\/lyc-antoine-de-saint-exupery\/test-de-positionnement-2021-2022\/","title":{"rendered":"Test de positionnement 2021-2022"},"content":{"rendered":"\n<p><\/p>\n\n\n\n<p>Les tests de positionnement en fran\u00e7ais et math\u00e9matiques se d\u00e9rouleront du 13\/09\/21 au 01\/10\/21 pour tous les \u00e9l\u00e8ves de 2de GT, 2de PRO ainsi que pour les \u00e9l\u00e8ves de premi\u00e8re ann\u00e9e de CAP.<\/p>\n\n\n\n<p>2 classes ont \u00e9t\u00e9 s\u00e9lectionn\u00e9es par la (DEPP) direction de l\u2019\u00e9valuation, de la prospective et de la performance pour passer en plus un module exp\u00e9rimental en fran\u00e7ais ou math\u00e9matiques\u00a0: la 2de GT3 et la 2de GT7.<\/p>\n\n\n\n<p><a href=\"https:\/\/etab.ac-reunion.fr\/lyc-antoine-de-saint-exupery\/wp-content\/uploads\/sites\/59\/2021\/09\/Test-de-positionnement-information-des-parents-deleves-de-seconde.pdf\">-Information des parents d&rsquo;\u00e9l\u00e8ves de seconde du minist\u00e8re de l&rsquo;\u00e9ducation<\/a><\/p>\n\n\n\n<p>Cette exp\u00e9rimentation permet d\u2019enrichir et de renouveler la banque d\u2019exercices pour les \u00e9valuations futures. Pour le bon d\u00e9roulement des activit\u00e9s, les \u00e9l\u00e8ves doivent respecter les dates, horaires indiqu\u00e9s par leurs enseignants, se pr\u00e9senter avec un stylo, du brouillon, un casque ou des \u00e9couteurs avec fil et non Bluetooth<strong>. Seule la classe de CAP doit pr\u00e9voir en plus une calculatrice<\/strong>.<\/p>\n\n\n\n[Infographie] Le test de positionnement en d\u00e9but de lyc\u00e9e:<\/p>\n\n\n\n<figure class=\"wp-block-image size-large\"><img loading=\"lazy\" decoding=\"async\" width=\"501\" height=\"1024\" src=\"https:\/\/etab.ac-reunion.fr\/lyc-antoine-de-saint-exupery\/wp-content\/uploads\/sites\/59\/2021\/09\/infographie-test-de-positionnement-de-d-but-de-seconde-70577-501x1024.jpg\" alt=\"\" class=\"wp-image-6165\" srcset=\"https:\/\/etab.ac-reunion.fr\/lyc-antoine-de-saint-exupery\/wp-content\/uploads\/sites\/59\/2021\/09\/infographie-test-de-positionnement-de-d-but-de-seconde-70577-501x1024.jpg 501w, https:\/\/etab.ac-reunion.fr\/lyc-antoine-de-saint-exupery\/wp-content\/uploads\/sites\/59\/2021\/09\/infographie-test-de-positionnement-de-d-but-de-seconde-70577-147x300.jpg 147w, https:\/\/etab.ac-reunion.fr\/lyc-antoine-de-saint-exupery\/wp-content\/uploads\/sites\/59\/2021\/09\/infographie-test-de-positionnement-de-d-but-de-seconde-70577.jpg 740w\" sizes=\"auto, (max-width: 501px) 100vw, 501px\" \/><\/figure>\n\n\n\n<p><a rel=\"noreferrer noopener\" href=\"https:\/\/www.education.gouv.fr\/media\/17252\/download\" target=\"_blank\">T\u00e9l\u00e9charger l&rsquo;infographie \u00ab\u00a0Le test de positionnement de d\u00e9but de seconde\u00a0\u00bb<\/a><\/p>\n\n\n\n<p>Informations compl\u00e9mentaires disponibles sur le site du minist\u00e8re de l&rsquo;\u00c9ducation nationale, de la jeunesse et des sports : <a href=\"https:\/\/www.education.gouv.fr\/le-test-de-positionnement-en-debut-de-lycee-7454\">https:\/\/www.education.gouv.fr\/le-test-de-positionnement-en-debut-de-lycee-7454<br \/><\/a><\/p>\n","protected":false},"excerpt":{"rendered":"<p>Les tests de positionnement en fran\u00e7ais et math\u00e9matiques se d\u00e9rouleront du 13\/09\/21 au 01\/10\/21 pour tous les \u00e9l\u00e8ves de 2de GT, 2de PRO ainsi que pour les \u00e9l\u00e8ves de premi\u00e8re ann\u00e9e de CAP. 2 classes ont \u00e9t\u00e9 s\u00e9lectionn\u00e9es par la (DEPP) direction de l\u2019\u00e9valuation, de la prospective et de la performance pour passer en plus [&hellip;]<\/p>\n","protected":false},"author":23092,"featured_media":0,"parent":0,"menu_order":0,"comment_status":"closed","ping_status":"closed","template":"","meta":{"footnotes":""},"class_list":["post-6160","page","type-page","status-publish","hentry"],"_links":{"self":[{"href":"https:\/\/etab.ac-reunion.fr\/lyc-antoine-de-saint-exupery\/wp-json\/wp\/v2\/pages\/6160","targetHints":{"allow":["GET"]}}],"collection":[{"href":"https:\/\/etab.ac-reunion.fr\/lyc-antoine-de-saint-exupery\/wp-json\/wp\/v2\/pages"}],"about":[{"href":"https:\/\/etab.ac-reunion.fr\/lyc-antoine-de-saint-exupery\/wp-json\/wp\/v2\/types\/page"}],"author":[{"embeddable":true,"href":"https:\/\/etab.ac-reunion.fr\/lyc-antoine-de-saint-exupery\/wp-json\/wp\/v2\/users\/23092"}],"replies":[{"embeddable":true,"href":"https:\/\/etab.ac-reunion.fr\/lyc-antoine-de-saint-exupery\/wp-json\/wp\/v2\/comments?post=6160"}],"version-history":[{"count":6,"href":"https:\/\/etab.ac-reunion.fr\/lyc-antoine-de-saint-exupery\/wp-json\/wp\/v2\/pages\/6160\/revisions"}],"predecessor-version":[{"id":6176,"href":"https:\/\/etab.ac-reunion.fr\/lyc-antoine-de-saint-exupery\/wp-json\/wp\/v2\/pages\/6160\/revisions\/6176"}],"wp:attachment":[{"href":"https:\/\/etab.ac-reunion.fr\/lyc-antoine-de-saint-exupery\/wp-json\/wp\/v2\/media?parent=6160"}],"curies":[{"name":"wp","href":"https:\/\/api.w.org\/{rel}","templated":true}]}}