{"id":6301,"date":"2021-11-08T13:38:57","date_gmt":"2021-11-08T09:38:57","guid":{"rendered":"http:\/\/lycee-avirons.ac-reunion.fr\/?page_id=6301"},"modified":"2022-01-26T11:50:53","modified_gmt":"2022-01-26T07:50:53","slug":"pop-2021-2022","status":"publish","type":"page","link":"https:\/\/etab.ac-reunion.fr\/lyc-antoine-de-saint-exupery\/pop-2021-2022\/","title":{"rendered":"POP 2021-2022"},"content":{"rendered":"\n<p>Le bon pop 2021-2022 est d\u00e9sormais disponible. Pour pouvoir b\u00e9n\u00e9ficier du dispositif \u00ab&nbsp;Plan Ordinateur Portable&nbsp;G\u00e9n\u00e9ration 3&nbsp;\u00bb, chaque lyc\u00e9en doit remplir un formulaire de demande qu\u2019il remettra \u00e0 l\u2019animateur \u00ab&nbsp;POP&nbsp;\u00bb de son lyc\u00e9e accompagn\u00e9 d&rsquo;un certificat de scolarit\u00e9. Le formulaire doit \u00eatre sign\u00e9 par un PARENT et L&rsquo;\u00c9L\u00c8VE.<\/p>\n\n\n\n<p><\/p>\n\n\n\n<p>L\u2019animateur \u00ab&nbsp;POP&nbsp;\u00bb transmettra la demande aupr\u00e8s de la R\u00e9gion R\u00e9union qui, apr\u00e8s avoir v\u00e9rifi\u00e9 les conditions d\u2019\u00e9ligibilit\u00e9, \u00e9mettra un bon POP GENERATION 3. <\/p>\n\n\n\n<p><\/p>\n\n\n\n<p>Le formulaire est disponible en t\u00e9l\u00e9chargement sur le site internet de la R\u00e9gion R\u00e9union et du lyc\u00e9e. <br \/><br \/>Le bureau de l&rsquo;animateur POP se situe en dessous de l&rsquo;escalier du self. <br \/><br \/>Les bons seront remis uniquement aux parents, ou sur d\u00e9rogation de la part de parents \u00e0 une personne majeure munie de sa pi\u00e8ce d&rsquo;identit\u00e9 et de celle du parent. La distribution des bons se d\u00e9roulera en salle C03.<\/p>\n\n\n\n<p><\/p>\n\n\n\n<p><a href=\"https:\/\/etab.ac-reunion.fr\/lyc-antoine-de-saint-exupery\/wp-content\/uploads\/sites\/59\/2021\/11\/formulaire_de_demande_pop_3_2021-2022.pdf\">Cliquer ici pour t\u00e9l\u00e9charger le formulaire depuis le site du lyc\u00e9e<\/a><\/p>\n\n\n\n<figure class=\"wp-block-image size-large\"><img loading=\"lazy\" decoding=\"async\" width=\"1024\" height=\"504\" src=\"https:\/\/etab.ac-reunion.fr\/lyc-antoine-de-saint-exupery\/wp-content\/uploads\/sites\/59\/2021\/11\/pop-2021-2022-region-reunion-1024x504.jpg\" alt=\"\" class=\"wp-image-6302\" srcset=\"https:\/\/etab.ac-reunion.fr\/lyc-antoine-de-saint-exupery\/wp-content\/uploads\/sites\/59\/2021\/11\/pop-2021-2022-region-reunion-1024x504.jpg 1024w, https:\/\/etab.ac-reunion.fr\/lyc-antoine-de-saint-exupery\/wp-content\/uploads\/sites\/59\/2021\/11\/pop-2021-2022-region-reunion-300x148.jpg 300w, https:\/\/etab.ac-reunion.fr\/lyc-antoine-de-saint-exupery\/wp-content\/uploads\/sites\/59\/2021\/11\/pop-2021-2022-region-reunion-768x378.jpg 768w, https:\/\/etab.ac-reunion.fr\/lyc-antoine-de-saint-exupery\/wp-content\/uploads\/sites\/59\/2021\/11\/pop-2021-2022-region-reunion.jpg 1400w\" sizes=\"auto, (max-width: 1024px) 100vw, 1024px\" \/><\/figure>\n\n\n\n<p><br \/><br \/><strong>Information concernant la distribution:<\/strong><\/p>\n\n\n\n<p>Les parents dont les \u00e9l\u00e8ves ont d\u00e9pos\u00e9 les formulaires pour l\u2019obtention des bons \u00ab&nbsp;POP&nbsp;\u00bb avant le 22 novembre peuvent venir les r\u00e9cup\u00e9rer aupr\u00e8s de l\u2019animateur POP du lyc\u00e9e, munis de leur pi\u00e8ce d\u2019identit\u00e9 (parent). <br \/><br \/>La distribution des bons se d\u00e9roulera en salle C03, le mercredi 24 novembre de 7H15 \u00e0 12H et le jeudi 25 novembre de 7H15 \u00e0 12H et de 13H15 \u00e0 15H15. <br \/><br \/>Les horaires pour la distribution des bons seront le mardi 30 novembre 2021 de 13H \u00e0 17H, et le jeudi 02 d\u00e9cembre 2021 de 8H\u00e0 13H.<br \/><br \/> Les horaires pour la distribution des bons seront le mardi 7 d\u00e9cembre 2021 de 13H \u00e0 17H, et le jeudi 09 d\u00e9cembre 2021 de 8H\u00e0 13H. <br \/><br \/> Les horaires pour la distribution des bons seront le mardi 14 d\u00e9cembre 2021 de 13H \u00e0 17H, et le jeudi 16 d\u00e9cembre 2021 de 8H\u00e0 13H.  <\/p>\n\n\n\n<p>Rentr\u00e9e de janvier 2022:<\/p>\n\n\n\n<p><strong><span class=\"has-inline-color has-vivid-red-color\">La distribution des bon POP reprendra ce mardi 25 janvier dont voici les horaires de distribution :<\/span><\/strong><\/p>\n\n\n\n<p><strong><span class=\"has-inline-color has-vivid-red-color\">Mardi 25 de 9h30 \u00e0 12h et de 13h \u00e0 15h30.<br \/>Mercredi 26 de 7H15 \u00e0 12H l&rsquo;apr\u00e8s midi sur rendez-vous uniquement.<br \/>et le jeudi 27 de 7H15 \u00e0 12H et de 13H \u00e0 15H30.<\/span><\/strong><\/p>\n\n\n\n<p><\/p>\n\n\n\n<p><span class=\"has-inline-color has-vivid-red-color\"><strong>La distribution des bons POP pour la semaine du 31 janvier se d\u00e9roulera en salle C03 aux horaires suivants :<\/strong><\/span><\/p>\n\n\n\n<p><strong><span class=\"has-inline-color has-vivid-red-color\">Le lundi, mardi et jeudi de 7H15 \u00e0 12H et de 13H \u00e0 15H30, et le mercredi de 7H15 \u00e0 11H30, et l&rsquo;apr\u00e8s midi uniquement sur rendez-vous.<\/span><\/strong><\/p>\n\n\n\n<p><strong><span class=\"has-inline-color has-vivid-red-color\">Au-del\u00e0 de ces dates, les bons POP seront disponibles uniquement sur rendez-vous.<\/span><\/strong><\/p>\n\n\n\n<p><strong><span class=\"has-inline-color has-vivid-red-color\">Contact : <em>02 62 38 09 16<\/em> &#8211; demandez Pascal PAYET, l&rsquo;animateur POP ou par mail : <a href=\"mailto:pascal.payet@lycee.cr-reunion.fr&quot;\">pascal.payet@lycee.cr-reunion.fr<\/a><\/span><\/strong><\/p>\n\n\n\n<p><br \/>Au-del\u00e0 de ces jours, une nouvelle information sur les jours et horaires vous sera communiqu\u00e9e par le biais de cette page.<br \/><\/p>\n\n\n\n<p>Suite aux probl\u00e8mes d\u2019approvisionnement que conna\u00eet l\u2019\u00eele, il est recommand\u00e9 d\u2019appeler un revendeur dans la liste fournie afin de s\u2019assurer de sa capacit\u00e9 \u00e0 fournir les ordinateurs \u00ab&nbsp;POP&nbsp;\u00bb. Chaque \u00e9l\u00e8ve de seconde aura un ordinateur \u00ab&nbsp;POP&nbsp;\u00bb dans le courant de l\u2019ann\u00e9e, selon les dates de r\u00e9approvisionnement des revendeurs .<\/p>\n\n\n\n<p>Nous attirons votre attention sur le fait que des erreurs se sont produites pour certains parents sur l&rsquo;acheminement des bons. Les parents concern\u00e9s recevront un mail \u00e0 cet effet, afin d&rsquo;en \u00eatre avertis.<\/p>\n\n\n\n<p>Nous vous remercions de votre compr\u00e9hension.<\/p>\n","protected":false},"excerpt":{"rendered":"<p>Le bon pop 2021-2022 est d\u00e9sormais disponible. Pour pouvoir b\u00e9n\u00e9ficier du dispositif \u00ab&nbsp;Plan Ordinateur Portable&nbsp;G\u00e9n\u00e9ration 3&nbsp;\u00bb, chaque lyc\u00e9en doit remplir un formulaire de demande qu\u2019il remettra \u00e0 l\u2019animateur \u00ab&nbsp;POP&nbsp;\u00bb de son lyc\u00e9e accompagn\u00e9 d&rsquo;un certificat de scolarit\u00e9. Le formulaire doit \u00eatre sign\u00e9 par un PARENT et L&rsquo;\u00c9L\u00c8VE. L\u2019animateur \u00ab&nbsp;POP&nbsp;\u00bb transmettra la demande aupr\u00e8s de la [&hellip;]<\/p>\n","protected":false},"author":23092,"featured_media":0,"parent":0,"menu_order":0,"comment_status":"closed","ping_status":"closed","template":"","meta":{"footnotes":""},"class_list":["post-6301","page","type-page","status-publish","hentry"],"_links":{"self":[{"href":"https:\/\/etab.ac-reunion.fr\/lyc-antoine-de-saint-exupery\/wp-json\/wp\/v2\/pages\/6301","targetHints":{"allow":["GET"]}}],"collection":[{"href":"https:\/\/etab.ac-reunion.fr\/lyc-antoine-de-saint-exupery\/wp-json\/wp\/v2\/pages"}],"about":[{"href":"https:\/\/etab.ac-reunion.fr\/lyc-antoine-de-saint-exupery\/wp-json\/wp\/v2\/types\/page"}],"author":[{"embeddable":true,"href":"https:\/\/etab.ac-reunion.fr\/lyc-antoine-de-saint-exupery\/wp-json\/wp\/v2\/users\/23092"}],"replies":[{"embeddable":true,"href":"https:\/\/etab.ac-reunion.fr\/lyc-antoine-de-saint-exupery\/wp-json\/wp\/v2\/comments?post=6301"}],"version-history":[{"count":12,"href":"https:\/\/etab.ac-reunion.fr\/lyc-antoine-de-saint-exupery\/wp-json\/wp\/v2\/pages\/6301\/revisions"}],"predecessor-version":[{"id":6552,"href":"https:\/\/etab.ac-reunion.fr\/lyc-antoine-de-saint-exupery\/wp-json\/wp\/v2\/pages\/6301\/revisions\/6552"}],"wp:attachment":[{"href":"https:\/\/etab.ac-reunion.fr\/lyc-antoine-de-saint-exupery\/wp-json\/wp\/v2\/media?parent=6301"}],"curies":[{"name":"wp","href":"https:\/\/api.w.org\/{rel}","templated":true}]}}