{"id":6372,"date":"2021-12-07T13:31:59","date_gmt":"2021-12-07T09:31:59","guid":{"rendered":"http:\/\/lycee-avirons.ac-reunion.fr\/?page_id=6372"},"modified":"2022-04-14T09:08:00","modified_gmt":"2022-04-14T05:08:00","slug":"lorientation-en-seconde-generale-et-technologique","status":"publish","type":"page","link":"https:\/\/etab.ac-reunion.fr\/lyc-antoine-de-saint-exupery\/lorientation-en-seconde-generale-et-technologique\/","title":{"rendered":"L\u2019orientation en seconde g\u00e9n\u00e9rale et technologique"},"content":{"rendered":"\n<p>En classe de seconde g\u00e9n\u00e9rale et technologique, l\u2019\u00e9l\u00e8ve est amen\u00e9 \u00e0 faire des choix d&rsquo;orientation pour l&rsquo;avenir : voie g\u00e9n\u00e9rale ou technologique, choix de sp\u00e9cialit\u00e9s etc. Pour faire ces choix, il est accompagn\u00e9 tout au long de l&rsquo;ann\u00e9e par les membres de la communaut\u00e9 \u00e9ducative et notamment son professeur principal.<br \/><br \/>Document ressource :<br \/> <br \/> <a href=\"https:\/\/view.genial.ly\/61aec8ebddff6e0dfa6d0c1d\"><mark class=\"has-inline-color has-vivid-red-color\">S&rsquo;orienter apr\u00e8s le baccalaur\u00e9at<\/mark><\/a> <br \/><br \/><a href=\"https:\/\/etab.ac-reunion.fr\/lyc-antoine-de-saint-exupery\/wp-content\/uploads\/sites\/59\/2021\/12\/Apres-la-2nde_site-du-lycee.pdf\">-R\u00e9union d&rsquo;information \u00e0 destination des \u00e9l\u00e8ves des classes de seconde novembre 2021<\/a><br \/><a href=\"https:\/\/etab.ac-reunion.fr\/lyc-antoine-de-saint-exupery\/wp-content\/uploads\/sites\/59\/2022\/04\/OrientAnou-Forum-Special-Voie-Techno-2022.pdf\">-La voie technologique<\/a><\/p>\n\n\n\n<p><br \/><br \/><\/p>\n","protected":false},"excerpt":{"rendered":"<p>En classe de seconde g\u00e9n\u00e9rale et technologique, l\u2019\u00e9l\u00e8ve est amen\u00e9 \u00e0 faire des choix d&rsquo;orientation pour l&rsquo;avenir : voie g\u00e9n\u00e9rale ou technologique, choix de sp\u00e9cialit\u00e9s etc. Pour faire ces choix, il est accompagn\u00e9 tout au long de l&rsquo;ann\u00e9e par les membres de la communaut\u00e9 \u00e9ducative et notamment son professeur principal. Document ressource : S&rsquo;orienter apr\u00e8s [&hellip;]<\/p>\n","protected":false},"author":23092,"featured_media":0,"parent":0,"menu_order":0,"comment_status":"closed","ping_status":"closed","template":"","meta":{"footnotes":""},"class_list":["post-6372","page","type-page","status-publish","hentry"],"_links":{"self":[{"href":"https:\/\/etab.ac-reunion.fr\/lyc-antoine-de-saint-exupery\/wp-json\/wp\/v2\/pages\/6372","targetHints":{"allow":["GET"]}}],"collection":[{"href":"https:\/\/etab.ac-reunion.fr\/lyc-antoine-de-saint-exupery\/wp-json\/wp\/v2\/pages"}],"about":[{"href":"https:\/\/etab.ac-reunion.fr\/lyc-antoine-de-saint-exupery\/wp-json\/wp\/v2\/types\/page"}],"author":[{"embeddable":true,"href":"https:\/\/etab.ac-reunion.fr\/lyc-antoine-de-saint-exupery\/wp-json\/wp\/v2\/users\/23092"}],"replies":[{"embeddable":true,"href":"https:\/\/etab.ac-reunion.fr\/lyc-antoine-de-saint-exupery\/wp-json\/wp\/v2\/comments?post=6372"}],"version-history":[{"count":6,"href":"https:\/\/etab.ac-reunion.fr\/lyc-antoine-de-saint-exupery\/wp-json\/wp\/v2\/pages\/6372\/revisions"}],"predecessor-version":[{"id":6933,"href":"https:\/\/etab.ac-reunion.fr\/lyc-antoine-de-saint-exupery\/wp-json\/wp\/v2\/pages\/6372\/revisions\/6933"}],"wp:attachment":[{"href":"https:\/\/etab.ac-reunion.fr\/lyc-antoine-de-saint-exupery\/wp-json\/wp\/v2\/media?parent=6372"}],"curies":[{"name":"wp","href":"https:\/\/api.w.org\/{rel}","templated":true}]}}