{"id":6383,"date":"2021-12-07T13:54:40","date_gmt":"2021-12-07T09:54:40","guid":{"rendered":"http:\/\/lycee-avirons.ac-reunion.fr\/?page_id=6383"},"modified":"2022-04-14T09:10:45","modified_gmt":"2022-04-14T05:10:45","slug":"lorientation-en-1eres-et-terminales-generale-et-technologique","status":"publish","type":"page","link":"https:\/\/etab.ac-reunion.fr\/lyc-antoine-de-saint-exupery\/lorientation-en-1eres-et-terminales-generale-et-technologique\/","title":{"rendered":"L\u2019orientation en 1\u00e8re et terminale g\u00e9n\u00e9rale et technologique"},"content":{"rendered":"\n<p>Pr\u00e9parer son orientation en premi\u00e8re et en terminale g\u00e9n\u00e9rale ou technologique: <br \/><br \/>Documents ressources: <br \/><br \/><a href=\"https:\/\/view.genial.ly\/61aec8ebddff6e0dfa6d0c1d\"><mark class=\"has-inline-color has-vivid-red-color\">-S&rsquo;orienter apr\u00e8s le baccalaur\u00e9at<\/mark><\/a><br \/><br \/><a href=\"https:\/\/etab.ac-reunion.fr\/lyc-antoine-de-saint-exupery\/wp-content\/uploads\/sites\/59\/2021\/12\/Parcoursup_comment-ca-marche.pdf\">-PARCOURSUP comment \u00e7a marche<\/a><br \/><a href=\"https:\/\/etab.ac-reunion.fr\/lyc-antoine-de-saint-exupery\/wp-content\/uploads\/sites\/59\/2021\/12\/Calendrier-parcoursup-2022.pdf\">-Calendrier PARCOURSUP 2022<\/a><br \/><a href=\"https:\/\/etab.ac-reunion.fr\/lyc-antoine-de-saint-exupery\/wp-content\/uploads\/sites\/59\/2022\/02\/Affiche-special-Parcoursup-dans-les-CIO.pdf\">-Parents et \u00e9l\u00e8ves: Sp\u00e9ciale PARCOURSUP au CIO prendre RDV selon le planning indiqu\u00e9 <\/a> <br \/><a href=\"https:\/\/etab.ac-reunion.fr\/lyc-antoine-de-saint-exupery\/wp-content\/uploads\/sites\/59\/2021\/12\/Mes-poins-forts-mes-attentes.pdf\">-Orientation post-bac : O\u00f9 en suis-je aujourd&rsquo;hui dans la construction de mon projet d&rsquo;orientation ?<\/a><br \/><a href=\"https:\/\/etab.ac-reunion.fr\/lyc-antoine-de-saint-exupery\/wp-content\/uploads\/sites\/59\/2021\/12\/Questionnaire-AUTO-EVALUATION.pdf\">-Orientation post-bac: O\u00f9 en suis-je aujourd&rsquo;hui dans la construction de mon projet d&rsquo;orientation ?<\/a><br \/><a href=\"https:\/\/etab.ac-reunion.fr\/lyc-antoine-de-saint-exupery\/wp-content\/uploads\/sites\/59\/2021\/12\/hypotheseS-de-projet.pdf\">-Orientation post-bac mon projet d&rsquo;orientation<\/a><br \/><a href=\"https:\/\/etab.ac-reunion.fr\/lyc-antoine-de-saint-exupery\/wp-content\/uploads\/sites\/59\/2021\/12\/aides-post-bac.pdf\">-Aides post bac<\/a><br \/><a href=\"https:\/\/etab.ac-reunion.fr\/lyc-antoine-de-saint-exupery\/wp-content\/uploads\/sites\/59\/2022\/04\/OrientAnou-Forum-Special-Voie-Techno-2022.pdf\">-La voie technologique<\/a><\/p>\n\n\n\n<p><br \/><br \/><br \/><br \/><\/p>\n","protected":false},"excerpt":{"rendered":"<p>Pr\u00e9parer son orientation en premi\u00e8re et en terminale g\u00e9n\u00e9rale ou technologique: Documents ressources: -S&rsquo;orienter apr\u00e8s le baccalaur\u00e9at -PARCOURSUP comment \u00e7a marche-Calendrier PARCOURSUP 2022-Parents et \u00e9l\u00e8ves: Sp\u00e9ciale PARCOURSUP au CIO prendre RDV selon le planning indiqu\u00e9 -Orientation post-bac : O\u00f9 en suis-je aujourd&rsquo;hui dans la construction de mon projet d&rsquo;orientation ?-Orientation post-bac: O\u00f9 en suis-je aujourd&rsquo;hui [&hellip;]<\/p>\n","protected":false},"author":23092,"featured_media":0,"parent":0,"menu_order":0,"comment_status":"closed","ping_status":"closed","template":"","meta":{"footnotes":""},"class_list":["post-6383","page","type-page","status-publish","hentry"],"_links":{"self":[{"href":"https:\/\/etab.ac-reunion.fr\/lyc-antoine-de-saint-exupery\/wp-json\/wp\/v2\/pages\/6383","targetHints":{"allow":["GET"]}}],"collection":[{"href":"https:\/\/etab.ac-reunion.fr\/lyc-antoine-de-saint-exupery\/wp-json\/wp\/v2\/pages"}],"about":[{"href":"https:\/\/etab.ac-reunion.fr\/lyc-antoine-de-saint-exupery\/wp-json\/wp\/v2\/types\/page"}],"author":[{"embeddable":true,"href":"https:\/\/etab.ac-reunion.fr\/lyc-antoine-de-saint-exupery\/wp-json\/wp\/v2\/users\/23092"}],"replies":[{"embeddable":true,"href":"https:\/\/etab.ac-reunion.fr\/lyc-antoine-de-saint-exupery\/wp-json\/wp\/v2\/comments?post=6383"}],"version-history":[{"count":10,"href":"https:\/\/etab.ac-reunion.fr\/lyc-antoine-de-saint-exupery\/wp-json\/wp\/v2\/pages\/6383\/revisions"}],"predecessor-version":[{"id":6935,"href":"https:\/\/etab.ac-reunion.fr\/lyc-antoine-de-saint-exupery\/wp-json\/wp\/v2\/pages\/6383\/revisions\/6935"}],"wp:attachment":[{"href":"https:\/\/etab.ac-reunion.fr\/lyc-antoine-de-saint-exupery\/wp-json\/wp\/v2\/media?parent=6383"}],"curies":[{"name":"wp","href":"https:\/\/api.w.org\/{rel}","templated":true}]}}