{"id":6450,"date":"2021-12-17T09:17:21","date_gmt":"2021-12-17T05:17:21","guid":{"rendered":"http:\/\/lycee-avirons.ac-reunion.fr\/?page_id=6450"},"modified":"2022-02-10T14:52:31","modified_gmt":"2022-02-10T10:52:31","slug":"ce-que-je-dois-faire-pour-etre-certifie-pix","status":"publish","type":"page","link":"https:\/\/etab.ac-reunion.fr\/lyc-antoine-de-saint-exupery\/ce-que-je-dois-faire-pour-etre-certifie-pix\/","title":{"rendered":"Ce que je dois faire pour \u00eatre certifi\u00e9 PIX"},"content":{"rendered":"\n<p>Les sessions de certification PIX durent 1h45 et se d\u00e9rouleront dans des conditions d\u2019examen dans des salles informatiques du lyc\u00e9e. Il y a au plus 3 questions par comp\u00e9tence travaill\u00e9e, soit entre 15 et 48 questions.<\/p>\n\n\n\n<p>Elles ont pour but d\u2019attester le <strong>niveau r\u00e9el<\/strong> de l\u2019\u00e9l\u00e8ve et ne porteront que sur les comp\u00e9tences travaill\u00e9es et acquises pendant l\u2019ann\u00e9e \u00e0 partir de son profil.<\/p>\n\n\n\n<p><strong><em>Les \u00e9preuves se d\u00e9rouleront du <u>21 au 25  f\u00e9vrier 2022<\/u>, avec une session de rattrapage pour les absents la semaine suivante. La certification sera int\u00e9gr\u00e9e \u00e0 Parcoursup.<\/em><\/strong><\/p>\n\n\n\n<p><strong><em>Ce que je dois faire pour m\u2019y pr\u00e9parer&nbsp;:<\/em><\/strong><\/p>\n\n\n\n<p><strong><u>1) Je m\u2019entraine sur les parcours et j\u2019envoie mes r\u00e9sultats<\/u><\/strong><\/p>\n\n\n\n<figure class=\"wp-block-image size-full\"><img loading=\"lazy\" decoding=\"async\" width=\"259\" height=\"194\" src=\"https:\/\/etab.ac-reunion.fr\/lyc-antoine-de-saint-exupery\/wp-content\/uploads\/sites\/59\/2021\/12\/1-2.jpg\" alt=\"\" class=\"wp-image-6451\" \/><\/figure>\n\n\n\n<figure class=\"wp-block-image size-large\"><img loading=\"lazy\" decoding=\"async\" width=\"1024\" height=\"384\" src=\"https:\/\/etab.ac-reunion.fr\/lyc-antoine-de-saint-exupery\/wp-content\/uploads\/sites\/59\/2021\/12\/2-1024x384.png\" alt=\"\" class=\"wp-image-6452\" srcset=\"https:\/\/etab.ac-reunion.fr\/lyc-antoine-de-saint-exupery\/wp-content\/uploads\/sites\/59\/2021\/12\/2-1024x384.png 1024w, https:\/\/etab.ac-reunion.fr\/lyc-antoine-de-saint-exupery\/wp-content\/uploads\/sites\/59\/2021\/12\/2-300x112.png 300w, https:\/\/etab.ac-reunion.fr\/lyc-antoine-de-saint-exupery\/wp-content\/uploads\/sites\/59\/2021\/12\/2-768x288.png 768w, https:\/\/etab.ac-reunion.fr\/lyc-antoine-de-saint-exupery\/wp-content\/uploads\/sites\/59\/2021\/12\/2.png 1038w\" sizes=\"auto, (max-width: 1024px) 100vw, 1024px\" \/><\/figure>\n\n\n\n<p>Si je n\u2019envoie pas mes r\u00e9sultats, mes professeurs ne pourront pas suivre mes progr\u00e8s.<\/p>\n\n\n\n<p><strong><u>2) Pour passer la certification, je dois \u00eatre <em>certifiable<\/em><\/u><\/strong><\/p>\n\n\n\n<p>Pour savoir si je suis certifiable, je vais sur PIX et je clique sur l\u2019onglet <strong><em>certification<\/em><\/strong> afin de le v\u00e9rifier&nbsp;:<\/p>\n\n\n\n<p><strong><u>Premier cas&nbsp;:<\/u><\/strong> je suis certifiable&nbsp;:<\/p>\n\n\n\n<p>Je pourrai alors passer l\u2019\u00e9preuve de certification, mais je continue \u00e0 m\u2019entrainer sur les parcours pour me perfectionner.<\/p>\n\n\n\n<figure class=\"wp-block-image size-full\"><img loading=\"lazy\" decoding=\"async\" width=\"854\" height=\"911\" src=\"https:\/\/etab.ac-reunion.fr\/lyc-antoine-de-saint-exupery\/wp-content\/uploads\/sites\/59\/2021\/12\/3.png\" alt=\"\" class=\"wp-image-6453\" srcset=\"https:\/\/etab.ac-reunion.fr\/lyc-antoine-de-saint-exupery\/wp-content\/uploads\/sites\/59\/2021\/12\/3.png 854w, https:\/\/etab.ac-reunion.fr\/lyc-antoine-de-saint-exupery\/wp-content\/uploads\/sites\/59\/2021\/12\/3-281x300.png 281w, https:\/\/etab.ac-reunion.fr\/lyc-antoine-de-saint-exupery\/wp-content\/uploads\/sites\/59\/2021\/12\/3-768x819.png 768w\" sizes=\"auto, (max-width: 854px) 100vw, 854px\" \/><\/figure>\n\n\n\n<p><strong><u>Deuxi\u00e8me cas&nbsp;:<\/u><\/strong> je ne suis pas certifiable&nbsp;:<\/p>\n\n\n\n<p><strong><em>Je ne pourrai pas passer la certification, il faut imp\u00e9rativement que je m\u2019entraine davantage sur les parcours afin d\u2019obtenir au moins le niveau 1 dans 5 comp\u00e9tences&nbsp;:<\/em><\/strong><\/p>\n\n\n\n<figure class=\"wp-block-image size-full\"><img loading=\"lazy\" decoding=\"async\" width=\"953\" height=\"420\" src=\"https:\/\/etab.ac-reunion.fr\/lyc-antoine-de-saint-exupery\/wp-content\/uploads\/sites\/59\/2021\/12\/4.png\" alt=\"\" class=\"wp-image-6454\" srcset=\"https:\/\/etab.ac-reunion.fr\/lyc-antoine-de-saint-exupery\/wp-content\/uploads\/sites\/59\/2021\/12\/4.png 953w, https:\/\/etab.ac-reunion.fr\/lyc-antoine-de-saint-exupery\/wp-content\/uploads\/sites\/59\/2021\/12\/4-300x132.png 300w, https:\/\/etab.ac-reunion.fr\/lyc-antoine-de-saint-exupery\/wp-content\/uploads\/sites\/59\/2021\/12\/4-768x338.png 768w\" sizes=\"auto, (max-width: 953px) 100vw, 953px\" \/><\/figure>\n\n\n\n<p>Je peux v\u00e9rifier l\u2019acquisition des comp\u00e9tences et reprendre l\u2019entrainement.<\/p>\n\n\n\n<figure class=\"wp-block-image size-full\"><img loading=\"lazy\" decoding=\"async\" width=\"943\" height=\"864\" src=\"https:\/\/etab.ac-reunion.fr\/lyc-antoine-de-saint-exupery\/wp-content\/uploads\/sites\/59\/2021\/12\/5.png\" alt=\"\" class=\"wp-image-6455\" srcset=\"https:\/\/etab.ac-reunion.fr\/lyc-antoine-de-saint-exupery\/wp-content\/uploads\/sites\/59\/2021\/12\/5.png 943w, https:\/\/etab.ac-reunion.fr\/lyc-antoine-de-saint-exupery\/wp-content\/uploads\/sites\/59\/2021\/12\/5-300x275.png 300w, https:\/\/etab.ac-reunion.fr\/lyc-antoine-de-saint-exupery\/wp-content\/uploads\/sites\/59\/2021\/12\/5-768x704.png 768w\" sizes=\"auto, (max-width: 943px) 100vw, 943px\" \/><\/figure>\n\n\n\n<p><strong><u>3) Conclusion<\/u><\/strong><\/p>\n\n\n\n<p><strong><em>Il est donc important que je v\u00e9rifie que je suis certifiable et dans le cas contraire, je profite de ces vacances de No\u00ebl pour m\u2019entrainer davantage et le devenir. Je n\u2019oublie pas d\u2019envoyer mes r\u00e9sultats.<\/em><\/strong><\/p>\n\n\n\n<p><strong><u>Remarque&nbsp;:<\/u><\/strong> Les \u00e9l\u00e8ves non certifiables se pr\u00e9senteront \u00e0 la session de certification et pourront travailler alors sur la campagne \u00ab SOS \u00e9l\u00e8ves non certifiables \u00bb mise \u00e0 disposition par PIX. Elle permettra d\u2019enrichir leur profil PIX.<\/p>\n\n\n\n<p>Bon courage \u00e0 tous&nbsp;!<\/p>\n\n\n\n<p>                                                                                                                                                 Fr\u00e9d\u00e9ric GEORGET<\/p>\n\n\n\n<p>                                                                                                                                                <em>R\u00e9f\u00e9rent PIX CRNC<\/em><\/p>\n","protected":false},"excerpt":{"rendered":"<p>Les sessions de certification PIX durent 1h45 et se d\u00e9rouleront dans des conditions d\u2019examen dans des salles informatiques du lyc\u00e9e. Il y a au plus 3 questions par comp\u00e9tence travaill\u00e9e, soit entre 15 et 48 questions. Elles ont pour but d\u2019attester le niveau r\u00e9el de l\u2019\u00e9l\u00e8ve et ne porteront que sur les comp\u00e9tences travaill\u00e9es et [&hellip;]<\/p>\n","protected":false},"author":23092,"featured_media":0,"parent":0,"menu_order":0,"comment_status":"closed","ping_status":"closed","template":"","meta":{"footnotes":""},"class_list":["post-6450","page","type-page","status-publish","hentry"],"_links":{"self":[{"href":"https:\/\/etab.ac-reunion.fr\/lyc-antoine-de-saint-exupery\/wp-json\/wp\/v2\/pages\/6450","targetHints":{"allow":["GET"]}}],"collection":[{"href":"https:\/\/etab.ac-reunion.fr\/lyc-antoine-de-saint-exupery\/wp-json\/wp\/v2\/pages"}],"about":[{"href":"https:\/\/etab.ac-reunion.fr\/lyc-antoine-de-saint-exupery\/wp-json\/wp\/v2\/types\/page"}],"author":[{"embeddable":true,"href":"https:\/\/etab.ac-reunion.fr\/lyc-antoine-de-saint-exupery\/wp-json\/wp\/v2\/users\/23092"}],"replies":[{"embeddable":true,"href":"https:\/\/etab.ac-reunion.fr\/lyc-antoine-de-saint-exupery\/wp-json\/wp\/v2\/comments?post=6450"}],"version-history":[{"count":3,"href":"https:\/\/etab.ac-reunion.fr\/lyc-antoine-de-saint-exupery\/wp-json\/wp\/v2\/pages\/6450\/revisions"}],"predecessor-version":[{"id":6605,"href":"https:\/\/etab.ac-reunion.fr\/lyc-antoine-de-saint-exupery\/wp-json\/wp\/v2\/pages\/6450\/revisions\/6605"}],"wp:attachment":[{"href":"https:\/\/etab.ac-reunion.fr\/lyc-antoine-de-saint-exupery\/wp-json\/wp\/v2\/media?parent=6450"}],"curies":[{"name":"wp","href":"https:\/\/api.w.org\/{rel}","templated":true}]}}